{"id":1032,"date":"2014-07-08T15:01:46","date_gmt":"2014-07-08T15:01:46","guid":{"rendered":"http:\/\/www.uenf.br\/dic\/ginfo\/?page_id=1032"},"modified":"2025-12-08T18:55:31","modified_gmt":"2025-12-08T18:55:31","slug":"servicos-de-informatica","status":"publish","type":"page","link":"https:\/\/uenf.br\/dic\/ginfo\/servicos\/servicos-de-informatica\/","title":{"rendered":"Servi\u00e7os de Inform\u00e1tica"},"content":{"rendered":"\n<p><span style=\"font-family: Arial;\">Atrav\u00e9s do <strong><span style=\"text-decoration: underline;\">Sistema de Atendimento ao Usu\u00e1rio de TI<\/span><\/strong> da Ger\u00eancia de Informa\u00e7\u00e3o (GInfo) toda a comunidade interna da UENF pode solicitar o atendimento para as demandas na \u00e1rea da Tecnologia de Informa\u00e7\u00e3o. O sistema contempla todas as atividades das Assessorias de Suporte, de Desenvolvimento e de Rede da GInfo.<\/span><br><br><span style=\"font-family: Arial;\">O sistema \u00e9 din\u00e2mico e permite ao usu\u00e1rio a vantagem do acompanhamento do andamento da solicita\u00e7\u00e3o em tempo real, via email e on-line.<\/span><br><br><span style=\"font-family: Arial;\">Para utilizar o sistema \u00e9 necess\u00e1rio fazer o cadastro no Sistema, com o email da UENF (<strong>@<\/strong><\/span><strong>uenf.br<\/strong><span style=\"font-family: Arial;\">).&#8221;<\/span><br><br>Acesse: <\/p>\n\n\n\n<p><\/p>\n\n\n\n<ul class=\"wp-block-list\">\n<li><a href=\"http:\/\/suporte.uenf.br\/\" target=\"_blank\" rel=\"noreferrer noopener\"><strong>Solicita\u00e7\u00e3o de Servi\u00e7os de Inform\u00e1tica &#8211; DIC\/GINFO<\/strong><\/a><\/li>\n\n\n\n<li><strong><a title=\"Solicita\u00e7\u00e3o de cadastro de e-mail da UENF\" href=\"http:\/\/www.uenf.br\/dic\/ginfo\/servicos\/formularios-internos\/\">Solicita\u00e7\u00e3o de Cadastro de conta de E-Mail &#8211; GINFO<\/a><\/strong><\/li>\n\n\n\n<li><a title=\"Como acessar os peri\u00f3dicos da CAPES\" href=\"http:\/\/www.uenf.br\/dic\/ginfo\/servicos\/periodicos-capes\/\"><strong>Acessar Peri\u00f3dicos CAPES<\/strong><\/a>;<\/li>\n<\/ul>\n\n\n\n<p>&nbsp;<\/p>\n\n\n\n<p>&nbsp;<\/p>\n\n\n\n<p>&nbsp;<\/p>\n\n\n\n<p><\/p>\n","protected":false},"excerpt":{"rendered":"<p>Atrav\u00e9s do Sistema de Atendimento ao Usu\u00e1rio de TI da Ger\u00eancia de Informa\u00e7\u00e3o (GInfo) toda a comunidade interna da UENF&#8230;<\/p>\n","protected":false},"author":8,"featured_media":0,"parent":633,"menu_order":1,"comment_status":"closed","ping_status":"closed","template":"","meta":{"footnotes":""},"class_list":["post-1032","page","type-page","status-publish","hentry"],"_links":{"self":[{"href":"https:\/\/uenf.br\/dic\/ginfo\/wp-json\/wp\/v2\/pages\/1032","targetHints":{"allow":["GET"]}}],"collection":[{"href":"https:\/\/uenf.br\/dic\/ginfo\/wp-json\/wp\/v2\/pages"}],"about":[{"href":"https:\/\/uenf.br\/dic\/ginfo\/wp-json\/wp\/v2\/types\/page"}],"author":[{"embeddable":true,"href":"https:\/\/uenf.br\/dic\/ginfo\/wp-json\/wp\/v2\/users\/8"}],"replies":[{"embeddable":true,"href":"https:\/\/uenf.br\/dic\/ginfo\/wp-json\/wp\/v2\/comments?post=1032"}],"version-history":[{"count":0,"href":"https:\/\/uenf.br\/dic\/ginfo\/wp-json\/wp\/v2\/pages\/1032\/revisions"}],"up":[{"embeddable":true,"href":"https:\/\/uenf.br\/dic\/ginfo\/wp-json\/wp\/v2\/pages\/633"}],"wp:attachment":[{"href":"https:\/\/uenf.br\/dic\/ginfo\/wp-json\/wp\/v2\/media?parent=1032"}],"curies":[{"name":"wp","href":"https:\/\/api.w.org\/{rel}","templated":true}]}}