{"id":1244,"date":"2020-08-13T14:38:12","date_gmt":"2020-08-13T14:38:12","guid":{"rendered":"https:\/\/uenf.br\/dic\/ginfo\/?page_id=1244"},"modified":"2026-03-03T13:07:57","modified_gmt":"2026-03-03T13:07:57","slug":"e-mail-alunos","status":"publish","type":"page","link":"https:\/\/uenf.br\/dic\/ginfo\/tutoriais\/e-mail-alunos\/","title":{"rendered":"E-mail @pq.uenf.br (alunos)"},"content":{"rendered":"\n<h3 class=\"wp-block-heading\"><strong>Seu e-mail institucional j\u00e1 foi criado, p<\/strong><strong>ara acess\u00e1-lo siga os seguinte passos:<\/strong><\/h3>\n\n\n\n<hr class=\"wp-block-separator has-alpha-channel-opacity\"\/>\n\n\n\n<div class=\"wp-block-media-text is-stacked-on-mobile\" style=\"grid-template-columns:40% auto\"><figure class=\"wp-block-media-text__media\"><img loading=\"lazy\" decoding=\"async\" width=\"452\" height=\"505\" src=\"https:\/\/uenf.br\/dic\/ginfo\/wp-content\/uploads\/sites\/3\/2021\/04\/parte1.jpg\" alt=\"\" class=\"wp-image-1286 size-full\" srcset=\"https:\/\/uenf.br\/dic\/ginfo\/wp-content\/uploads\/sites\/3\/2021\/04\/parte1.jpg 452w, https:\/\/uenf.br\/dic\/ginfo\/wp-content\/uploads\/sites\/3\/2021\/04\/parte1-269x300.jpg 269w\" sizes=\"auto, (max-width: 452px) 100vw, 452px\" \/><\/figure><div class=\"wp-block-media-text__content\">\n<p>1) <strong>Acesse o https:\/\/www.gmail.com<\/strong> , no campo de E-mail Informar: <strong>seulogin@pq.uenf.br<\/strong> e clicar em <strong>Pr\u00f3xima<\/strong>.<\/p>\n<\/div><\/div>\n\n\n\n<div class=\"wp-block-media-text is-stacked-on-mobile\" style=\"grid-template-columns:40% auto\"><figure class=\"wp-block-media-text__media\"><img loading=\"lazy\" decoding=\"async\" width=\"451\" height=\"504\" src=\"https:\/\/uenf.br\/dic\/ginfo\/wp-content\/uploads\/sites\/3\/2021\/04\/parte2-esqueceu-a-senha.jpg\" alt=\"\" class=\"wp-image-1287 size-full\" srcset=\"https:\/\/uenf.br\/dic\/ginfo\/wp-content\/uploads\/sites\/3\/2021\/04\/parte2-esqueceu-a-senha.jpg 451w, https:\/\/uenf.br\/dic\/ginfo\/wp-content\/uploads\/sites\/3\/2021\/04\/parte2-esqueceu-a-senha-268x300.jpg 268w\" sizes=\"auto, (max-width: 451px) 100vw, 451px\" \/><\/figure><div class=\"wp-block-media-text__content\">\n<p><strong>2) Clique no link: Esqueceu a senha ?<\/strong><\/p>\n<\/div><\/div>\n\n\n\n<div class=\"wp-block-media-text is-stacked-on-mobile\" style=\"grid-template-columns:40% auto\"><figure class=\"wp-block-media-text__media\"><img loading=\"lazy\" decoding=\"async\" width=\"449\" height=\"502\" src=\"https:\/\/uenf.br\/dic\/ginfo\/wp-content\/uploads\/sites\/3\/2021\/04\/parte3-tente-de-outro-jeito-1.jpg\" alt=\"\" class=\"wp-image-1289 size-full\" srcset=\"https:\/\/uenf.br\/dic\/ginfo\/wp-content\/uploads\/sites\/3\/2021\/04\/parte3-tente-de-outro-jeito-1.jpg 449w, https:\/\/uenf.br\/dic\/ginfo\/wp-content\/uploads\/sites\/3\/2021\/04\/parte3-tente-de-outro-jeito-1-268x300.jpg 268w\" sizes=\"auto, (max-width: 449px) 100vw, 449px\" \/><\/figure><div class=\"wp-block-media-text__content\">\n<p><strong><strong>3) Clique no link: Tentar de outro jeito<\/strong><\/strong><\/p>\n<\/div><\/div>\n\n\n\n<div class=\"wp-block-media-text is-stacked-on-mobile\" style=\"grid-template-columns:40% auto\"><figure class=\"wp-block-media-text__media\"><img loading=\"lazy\" decoding=\"async\" width=\"452\" height=\"547\" src=\"https:\/\/uenf.br\/dic\/ginfo\/wp-content\/uploads\/sites\/3\/2021\/04\/parte4-email-de-acesso-ao-sistema-academico.jpg\" alt=\"\" class=\"wp-image-1290 size-full\" srcset=\"https:\/\/uenf.br\/dic\/ginfo\/wp-content\/uploads\/sites\/3\/2021\/04\/parte4-email-de-acesso-ao-sistema-academico.jpg 452w, https:\/\/uenf.br\/dic\/ginfo\/wp-content\/uploads\/sites\/3\/2021\/04\/parte4-email-de-acesso-ao-sistema-academico-248x300.jpg 248w\" sizes=\"auto, (max-width: 452px) 100vw, 452px\" \/><\/figure><div class=\"wp-block-media-text__content\">\n<p><strong><strong><strong><strong>4) Clique em Enviar<\/strong><\/strong><\/strong><\/strong><\/p>\n<\/div><\/div>\n\n\n\n<p>&nbsp;<\/p>\n\n\n\n<pre class=\"wp-block-preformatted has-background\" style=\"background-color:#abb7c221;margin-top:var(--wp--preset--spacing--gigante);margin-bottom:var(--wp--preset--spacing--gigante)\"><strong>Aten\u00e7\u00e3o: Matr\u00edculas 20261<\/strong><br><br>Informamos que est\u00e1 sendo realizada uma altera\u00e7\u00e3o na composi\u00e7\u00e3o do login, que passar\u00e1 a ser formado pelo nome e sobrenome do aluno, substituindo o modelo anterior baseado no n\u00famero de matr\u00edcula. Essa mudan\u00e7a est\u00e1 demandando mais tempo do que o inicialmente previsto.<br><br>A <strong>previs\u00e3o para conclus\u00e3o e disponibiliza\u00e7\u00e3o<\/strong> das contas \u00e9 <strong>meados de mar\u00e7o<\/strong>.<\/pre>\n\n\n\n<p>&nbsp;<\/p>\n\n\n\n<p><strong>Obs.:<\/strong> <span style=\"color: #ff0000;\"><strong>Ser\u00e1 enviada uma mensagem<\/strong> com os procedimentos de redefini\u00e7\u00e3o de senha <strong>para o email que voc\u00ea utiliza para acessar o sistema acad\u00eamico<\/strong><\/span>.<\/p>\n\n\n\n<p>&nbsp;<\/p>\n\n\n\n<p><strong>No caso de d\u00favida, entre em contato pelo formul\u00e1rio abaixo:<\/strong><\/p>\n\n\n\n<div class=\"wpcf7 no-js\" id=\"wpcf7-f1255-o1\" lang=\"pt-BR\" dir=\"ltr\" data-wpcf7-id=\"1255\">\n<div class=\"screen-reader-response\"><p role=\"status\" aria-live=\"polite\" aria-atomic=\"true\"><\/p> <ul><\/ul><\/div>\n<form action=\"\/dic\/ginfo\/wp-json\/wp\/v2\/pages\/1244#wpcf7-f1255-o1\" method=\"post\" class=\"wpcf7-form init\" aria-label=\"Formul\u00e1rios de contato\" novalidate=\"novalidate\" data-status=\"init\">\n<fieldset class=\"hidden-fields-container\"><input type=\"hidden\" name=\"_wpcf7\" value=\"1255\" \/><input type=\"hidden\" name=\"_wpcf7_version\" value=\"6.1.5\" \/><input type=\"hidden\" name=\"_wpcf7_locale\" value=\"pt_BR\" \/><input type=\"hidden\" name=\"_wpcf7_unit_tag\" value=\"wpcf7-f1255-o1\" \/><input type=\"hidden\" name=\"_wpcf7_container_post\" value=\"0\" \/><input type=\"hidden\" name=\"_wpcf7_posted_data_hash\" value=\"\" \/>\n<\/fieldset>\n<p><label> Seu nome (obrigat\u00f3rio)<br \/>\n<span class=\"wpcf7-form-control-wrap\" data-name=\"your-name\"><input size=\"40\" maxlength=\"400\" class=\"wpcf7-form-control wpcf7-text wpcf7-validates-as-required\" aria-required=\"true\" aria-invalid=\"false\" value=\"\" type=\"text\" name=\"your-name\" \/><\/span> <\/label>\n<\/p>\n<p><label> Seu e-mail (obrigat\u00f3rio)<br \/>\n<span class=\"wpcf7-form-control-wrap\" data-name=\"your-email\"><input size=\"40\" maxlength=\"400\" class=\"wpcf7-form-control wpcf7-email wpcf7-validates-as-required wpcf7-text wpcf7-validates-as-email\" aria-required=\"true\" aria-invalid=\"false\" value=\"\" type=\"email\" name=\"your-email\" \/><\/span> <\/label>\n<\/p>\n<p><label> Assunto<br \/>\n<span class=\"wpcf7-form-control-wrap\" data-name=\"your-subject\"><input size=\"40\" maxlength=\"400\" class=\"wpcf7-form-control wpcf7-text\" aria-invalid=\"false\" value=\"\" type=\"text\" name=\"your-subject\" \/><\/span> <\/label>\n<\/p>\n<p><label> Sua mensagem<br \/>\n<span class=\"wpcf7-form-control-wrap\" data-name=\"your-message\"><textarea cols=\"40\" rows=\"10\" maxlength=\"2000\" class=\"wpcf7-form-control wpcf7-textarea\" aria-invalid=\"false\" name=\"your-message\"><\/textarea><\/span> <\/label>\n<\/p>\n<p><input class=\"wpcf7-form-control wpcf7-submit has-spinner\" type=\"submit\" value=\"Enviar\" \/>\n<\/p><div class=\"wpcf7-response-output\" aria-hidden=\"true\"><\/div>\n<\/form>\n<\/div>\n\n","protected":false},"excerpt":{"rendered":"<p>Seu e-mail institucional j\u00e1 foi criado, para acess\u00e1-lo siga os seguinte passos: 1) Acesse o https:\/\/www.gmail.com , no campo de&#8230;<\/p>\n","protected":false},"author":13,"featured_media":0,"parent":390,"menu_order":0,"comment_status":"closed","ping_status":"closed","template":"","meta":{"footnotes":""},"class_list":["post-1244","page","type-page","status-publish","hentry"],"_links":{"self":[{"href":"https:\/\/uenf.br\/dic\/ginfo\/wp-json\/wp\/v2\/pages\/1244","targetHints":{"allow":["GET"]}}],"collection":[{"href":"https:\/\/uenf.br\/dic\/ginfo\/wp-json\/wp\/v2\/pages"}],"about":[{"href":"https:\/\/uenf.br\/dic\/ginfo\/wp-json\/wp\/v2\/types\/page"}],"author":[{"embeddable":true,"href":"https:\/\/uenf.br\/dic\/ginfo\/wp-json\/wp\/v2\/users\/13"}],"replies":[{"embeddable":true,"href":"https:\/\/uenf.br\/dic\/ginfo\/wp-json\/wp\/v2\/comments?post=1244"}],"version-history":[{"count":0,"href":"https:\/\/uenf.br\/dic\/ginfo\/wp-json\/wp\/v2\/pages\/1244\/revisions"}],"up":[{"embeddable":true,"href":"https:\/\/uenf.br\/dic\/ginfo\/wp-json\/wp\/v2\/pages\/390"}],"wp:attachment":[{"href":"https:\/\/uenf.br\/dic\/ginfo\/wp-json\/wp\/v2\/media?parent=1244"}],"curies":[{"name":"wp","href":"https:\/\/api.w.org\/{rel}","templated":true}]}}