{"id":1292,"date":"2021-04-06T19:49:38","date_gmt":"2021-04-06T19:49:38","guid":{"rendered":"https:\/\/uenf.br\/dic\/ginfo\/?page_id=1292"},"modified":"2021-04-07T11:42:19","modified_gmt":"2021-04-07T11:42:19","slug":"e-mail-pq-uenf-br-professores","status":"publish","type":"page","link":"https:\/\/uenf.br\/dic\/ginfo\/tutoriais\/e-mail-pq-uenf-br-professores\/","title":{"rendered":"E-mail @pq.uenf.br (professores)"},"content":{"rendered":"<h3><strong>Seu e-mail institucional j\u00e1 foi criado, p<\/strong><strong>ara acess\u00e1-lo siga os seguinte passos:<\/strong><\/h3>\n<hr \/>\n<h3><span style=\"color: #000000;\"><strong>*se o seu email UENF for, por exemplo, professor@uenf.br, seu login ser\u00e1 professor@pq.uenf.br<\/strong><\/span><\/h3>\n<p>1) Acesse o <a href=\"https:\/\/www.gmail.com\">https:\/\/www.gmail.com<\/a><\/p>\n<p>No campo de E-mail Informar: <strong><span style=\"color: #ff0000;\">seuloginuenf<\/span><\/strong>@<strong>pq.uenf.br<\/strong> e clicar em <strong><span style=\"color: #ff0000;\">Pr\u00f3xima<\/span><\/strong>.<\/p>\n<p>2) Clique no link: <strong><span style=\"color: #ff0000;\">Esqueceu a senha ?<\/span><\/strong><\/p>\n<p>3) Clique no link: <span style=\"color: #ff0000;\"><strong>Tentar de outro jeito<\/strong><\/span><\/p>\n<p>4) Clique em <strong><span style=\"color: #ff0000;\">Enviar<\/span><\/strong><\/p>\n<p><strong><br \/>\nObs.:<\/strong> <span style=\"color: #ff0000;\"><strong>Ser\u00e1 enviada uma mensagem com os procedimentos de redefini\u00e7\u00e3o de senha para o seu email @uenf.br<\/strong><\/span><\/p>\n<p>&nbsp;<\/p>\n<p><strong>No caso de d\u00favida, entre em contato pelo formul\u00e1rio abaixo:<\/strong><\/p>\n\n<div class=\"wpcf7 no-js\" id=\"wpcf7-f1255-o1\" lang=\"pt-BR\" dir=\"ltr\" data-wpcf7-id=\"1255\">\n<div class=\"screen-reader-response\"><p role=\"status\" aria-live=\"polite\" aria-atomic=\"true\"><\/p> <ul><\/ul><\/div>\n<form action=\"\/dic\/ginfo\/wp-json\/wp\/v2\/pages\/1292#wpcf7-f1255-o1\" method=\"post\" class=\"wpcf7-form init\" aria-label=\"Formul\u00e1rios de contato\" novalidate=\"novalidate\" data-status=\"init\">\n<fieldset class=\"hidden-fields-container\"><input type=\"hidden\" name=\"_wpcf7\" value=\"1255\" \/><input type=\"hidden\" name=\"_wpcf7_version\" value=\"6.1.5\" \/><input type=\"hidden\" name=\"_wpcf7_locale\" value=\"pt_BR\" \/><input type=\"hidden\" name=\"_wpcf7_unit_tag\" value=\"wpcf7-f1255-o1\" \/><input type=\"hidden\" name=\"_wpcf7_container_post\" value=\"0\" \/><input type=\"hidden\" name=\"_wpcf7_posted_data_hash\" value=\"\" \/>\n<\/fieldset>\n<p><label> Seu nome (obrigat\u00f3rio)<br \/>\n<span class=\"wpcf7-form-control-wrap\" data-name=\"your-name\"><input size=\"40\" maxlength=\"400\" class=\"wpcf7-form-control wpcf7-text wpcf7-validates-as-required\" aria-required=\"true\" aria-invalid=\"false\" value=\"\" type=\"text\" name=\"your-name\" \/><\/span> <\/label>\n<\/p>\n<p><label> Seu e-mail (obrigat\u00f3rio)<br \/>\n<span class=\"wpcf7-form-control-wrap\" data-name=\"your-email\"><input size=\"40\" maxlength=\"400\" class=\"wpcf7-form-control wpcf7-email wpcf7-validates-as-required wpcf7-text wpcf7-validates-as-email\" aria-required=\"true\" aria-invalid=\"false\" value=\"\" type=\"email\" name=\"your-email\" \/><\/span> <\/label>\n<\/p>\n<p><label> Assunto<br \/>\n<span class=\"wpcf7-form-control-wrap\" data-name=\"your-subject\"><input size=\"40\" maxlength=\"400\" class=\"wpcf7-form-control wpcf7-text\" aria-invalid=\"false\" value=\"\" type=\"text\" name=\"your-subject\" \/><\/span> <\/label>\n<\/p>\n<p><label> Sua mensagem<br \/>\n<span class=\"wpcf7-form-control-wrap\" data-name=\"your-message\"><textarea cols=\"40\" rows=\"10\" maxlength=\"2000\" class=\"wpcf7-form-control wpcf7-textarea\" aria-invalid=\"false\" name=\"your-message\"><\/textarea><\/span> <\/label>\n<\/p>\n<p><input class=\"wpcf7-form-control wpcf7-submit has-spinner\" type=\"submit\" value=\"Enviar\" \/>\n<\/p><div class=\"wpcf7-response-output\" aria-hidden=\"true\"><\/div>\n<\/form>\n<\/div>\n\n","protected":false},"excerpt":{"rendered":"<p>Seu e-mail institucional j\u00e1 foi criado, para acess\u00e1-lo siga os seguinte passos: *se o seu email UENF for, por exemplo,&#8230;<\/p>\n","protected":false},"author":13,"featured_media":0,"parent":390,"menu_order":0,"comment_status":"closed","ping_status":"closed","template":"","meta":{"footnotes":""},"class_list":["post-1292","page","type-page","status-publish","hentry"],"_links":{"self":[{"href":"https:\/\/uenf.br\/dic\/ginfo\/wp-json\/wp\/v2\/pages\/1292","targetHints":{"allow":["GET"]}}],"collection":[{"href":"https:\/\/uenf.br\/dic\/ginfo\/wp-json\/wp\/v2\/pages"}],"about":[{"href":"https:\/\/uenf.br\/dic\/ginfo\/wp-json\/wp\/v2\/types\/page"}],"author":[{"embeddable":true,"href":"https:\/\/uenf.br\/dic\/ginfo\/wp-json\/wp\/v2\/users\/13"}],"replies":[{"embeddable":true,"href":"https:\/\/uenf.br\/dic\/ginfo\/wp-json\/wp\/v2\/comments?post=1292"}],"version-history":[{"count":0,"href":"https:\/\/uenf.br\/dic\/ginfo\/wp-json\/wp\/v2\/pages\/1292\/revisions"}],"up":[{"embeddable":true,"href":"https:\/\/uenf.br\/dic\/ginfo\/wp-json\/wp\/v2\/pages\/390"}],"wp:attachment":[{"href":"https:\/\/uenf.br\/dic\/ginfo\/wp-json\/wp\/v2\/media?parent=1292"}],"curies":[{"name":"wp","href":"https:\/\/api.w.org\/{rel}","templated":true}]}}