{"id":1305,"date":"2022-06-22T12:43:20","date_gmt":"2022-06-22T12:43:20","guid":{"rendered":"https:\/\/uenf.br\/dic\/ginfo\/?page_id=1305"},"modified":"2025-04-14T19:55:07","modified_gmt":"2025-04-14T19:55:07","slug":"acesso-ao-cafe-rnp","status":"publish","type":"page","link":"https:\/\/uenf.br\/dic\/ginfo\/tutoriais\/acesso-ao-cafe-rnp\/","title":{"rendered":"Acesso ao CAFe &#8211; RNP"},"content":{"rendered":"<p dir=\"ltr\"><strong>Definir senha para acesso ao CAFe &#8211; RNP<\/strong><\/p>\n<ol>\n<li dir=\"ltr\" aria-level=\"1\">Acessar o Sistema Acad\u00eamico (em <a href=\"https:\/\/academico.uenf.br\">https:\/\/academico.uenf.br<\/a>)<\/li>\n<li dir=\"ltr\" aria-level=\"1\">Menu <strong>Cadastro<\/strong> -&gt; <strong>Meus dados<\/strong><\/li>\n<li dir=\"ltr\" aria-level=\"1\">Menu <strong>Conex\u00f5es<\/strong> -&gt; <strong>Cadastro CAFe<\/strong><\/li>\n<li dir=\"ltr\" aria-level=\"1\"><strong>Ativar cadastro CAFe<\/strong><\/li>\n<li dir=\"ltr\" aria-level=\"1\">O <strong>login ser\u00e1 o seu CPF<\/strong> (somente n\u00fameros)<\/li>\n<li dir=\"ltr\" aria-level=\"1\"><strong>Criar uma senha e confirmar<\/strong>.<\/li>\n<\/ol>\n<p><strong>Obs.:<\/strong> A <strong>senha n\u00e3o poder\u00e1 ser a mesma do Sistema Acad\u00eamico<\/strong> e deve possuir no <strong>m\u00ednimo 8 caracteres<\/strong>.<\/p>\n<p>&nbsp;<\/p>\n<p dir=\"ltr\"><a href=\"https:\/\/uenf.br\/dic\/ginfo\/servicos-uenf\/acesso-aos-periodicos-capes-via-cafe\/\"><strong>Como acessar o Portal de Peri\u00f3dicos da Capes via CAFe<\/strong><\/a><\/p>\n<p>&nbsp;<\/p>\n","protected":false},"excerpt":{"rendered":"<p>Definir senha para acesso ao CAFe &#8211; RNP Acessar o Sistema Acad\u00eamico (em https:\/\/academico.uenf.br) Menu Cadastro -&gt; Meus dados Menu&#8230;<\/p>\n","protected":false},"author":12,"featured_media":0,"parent":390,"menu_order":4,"comment_status":"closed","ping_status":"closed","template":"","meta":{"footnotes":""},"class_list":["post-1305","page","type-page","status-publish","hentry"],"_links":{"self":[{"href":"https:\/\/uenf.br\/dic\/ginfo\/wp-json\/wp\/v2\/pages\/1305","targetHints":{"allow":["GET"]}}],"collection":[{"href":"https:\/\/uenf.br\/dic\/ginfo\/wp-json\/wp\/v2\/pages"}],"about":[{"href":"https:\/\/uenf.br\/dic\/ginfo\/wp-json\/wp\/v2\/types\/page"}],"author":[{"embeddable":true,"href":"https:\/\/uenf.br\/dic\/ginfo\/wp-json\/wp\/v2\/users\/12"}],"replies":[{"embeddable":true,"href":"https:\/\/uenf.br\/dic\/ginfo\/wp-json\/wp\/v2\/comments?post=1305"}],"version-history":[{"count":0,"href":"https:\/\/uenf.br\/dic\/ginfo\/wp-json\/wp\/v2\/pages\/1305\/revisions"}],"up":[{"embeddable":true,"href":"https:\/\/uenf.br\/dic\/ginfo\/wp-json\/wp\/v2\/pages\/390"}],"wp:attachment":[{"href":"https:\/\/uenf.br\/dic\/ginfo\/wp-json\/wp\/v2\/media?parent=1305"}],"curies":[{"name":"wp","href":"https:\/\/api.w.org\/{rel}","templated":true}]}}