{"id":1322,"date":"2022-06-29T13:52:25","date_gmt":"2022-06-29T13:52:25","guid":{"rendered":"https:\/\/uenf.br\/dic\/ginfo\/?page_id=1322"},"modified":"2025-04-14T19:55:20","modified_gmt":"2025-04-14T19:55:20","slug":"emissao-de-certificado-pessoal-icpedu","status":"publish","type":"page","link":"https:\/\/uenf.br\/dic\/ginfo\/tutoriais\/emissao-de-certificado-pessoal-icpedu\/","title":{"rendered":"Emiss\u00e3o de Certificado Pessoal &#8211; ICPEdu"},"content":{"rendered":"<p dir=\"ltr\"><strong>ICPEdu<\/strong> \u00e9 uma plataforma de emiss\u00e3o de certificados digitais pessoais para membros de institui\u00e7\u00f5es que fazem parte da <strong>Comunidade Acad\u00eamica Federada &#8211; CAFe<\/strong>.<\/p>\n<ol>\n<li dir=\"ltr\" aria-level=\"1\">\n<p dir=\"ltr\" role=\"presentation\"><a href=\"https:\/\/pessoal.icpedu.rnp.br\/public\/ajuda#v-pills-certificado\">Como solicitar um certificado<\/a><\/p>\n<\/li>\n<li dir=\"ltr\" aria-level=\"1\">\n<p dir=\"ltr\" role=\"presentation\"><a href=\"https:\/\/pessoal.icpedu.rnp.br\/public\/ajuda#v-pills-instalar\">Como instalar o certificado<\/a><\/p>\n<\/li>\n<li dir=\"ltr\" aria-level=\"1\">\n<p dir=\"ltr\" role=\"presentation\"><a href=\"https:\/\/pessoal.icpedu.rnp.br\/public\/ajuda#v-pills-assinar\">Como assinar documentos<\/a><\/p>\n<\/li>\n<li dir=\"ltr\" aria-level=\"1\">\n<p dir=\"ltr\" role=\"presentation\"><a href=\"https:\/\/pessoal.icpedu.rnp.br\/public\/ajuda#v-pills-revogar\">Como revogar o certificado<\/a><\/p>\n<\/li>\n<\/ol>\n<p dir=\"ltr\">Para solicita\u00e7\u00e3o do certificado \u00e9 obrigat\u00f3rio o cadastro no CAFe. Orienta\u00e7\u00e3o dispon\u00edveis em<\/p>\n<p dir=\"ltr\"><a href=\"https:\/\/uenf.br\/dic\/ginfo\/servicos-uenf\/acesso-ao-cafe-rnp\/\"><strong>Definir senha para acesso ao CAFe &#8211; RNP<\/strong><\/a><\/p>\n","protected":false},"excerpt":{"rendered":"<p>ICPEdu \u00e9 uma plataforma de emiss\u00e3o de certificados digitais pessoais para membros de institui\u00e7\u00f5es que fazem parte da Comunidade Acad\u00eamica&#8230;<\/p>\n","protected":false},"author":12,"featured_media":0,"parent":390,"menu_order":6,"comment_status":"closed","ping_status":"closed","template":"","meta":{"footnotes":""},"class_list":["post-1322","page","type-page","status-publish","hentry"],"_links":{"self":[{"href":"https:\/\/uenf.br\/dic\/ginfo\/wp-json\/wp\/v2\/pages\/1322","targetHints":{"allow":["GET"]}}],"collection":[{"href":"https:\/\/uenf.br\/dic\/ginfo\/wp-json\/wp\/v2\/pages"}],"about":[{"href":"https:\/\/uenf.br\/dic\/ginfo\/wp-json\/wp\/v2\/types\/page"}],"author":[{"embeddable":true,"href":"https:\/\/uenf.br\/dic\/ginfo\/wp-json\/wp\/v2\/users\/12"}],"replies":[{"embeddable":true,"href":"https:\/\/uenf.br\/dic\/ginfo\/wp-json\/wp\/v2\/comments?post=1322"}],"version-history":[{"count":0,"href":"https:\/\/uenf.br\/dic\/ginfo\/wp-json\/wp\/v2\/pages\/1322\/revisions"}],"up":[{"embeddable":true,"href":"https:\/\/uenf.br\/dic\/ginfo\/wp-json\/wp\/v2\/pages\/390"}],"wp:attachment":[{"href":"https:\/\/uenf.br\/dic\/ginfo\/wp-json\/wp\/v2\/media?parent=1322"}],"curies":[{"name":"wp","href":"https:\/\/api.w.org\/{rel}","templated":true}]}}