{"id":1405,"date":"2025-07-07T14:01:05","date_gmt":"2025-07-07T14:01:05","guid":{"rendered":"https:\/\/uenf.br\/dic\/ginfo\/?page_id=1405"},"modified":"2025-07-07T14:30:27","modified_gmt":"2025-07-07T14:30:27","slug":"cadastro-do-e-mail-institucional-da-uenf","status":"publish","type":"page","link":"https:\/\/uenf.br\/dic\/ginfo\/tutoriais\/politica-do-e-mail-institucional-da-uenf\/cadastro-do-e-mail-institucional-da-uenf\/","title":{"rendered":"Cadastro do E-mail institucional da UENF"},"content":{"rendered":"\n<p>Este tutorial sobre as normas, procedimentos e responsabilidades relacionadas ao uso do e-mail institucional da UENF, conforme estabelecido pela pol\u00edtica interna.&nbsp;<\/p>\n\n\n\n<h4 class=\"wp-block-heading\"><strong>I. Cadastro de Contas de E-mail Institucional<\/strong><\/h4>\n\n\n\n<p>O processo de cria\u00e7\u00e3o de contas de e-mail institucional varia conforme o v\u00ednculo do usu\u00e1rio com a UENF:<\/p>\n\n\n\n<p><strong>Para Servidores Ativos:<\/strong><\/p>\n\n\n\n<ul class=\"wp-block-list\">\n<li><strong>Cria\u00e7\u00e3o:<\/strong> A solicita\u00e7\u00e3o de cria\u00e7\u00e3o da conta \u00e9 de responsabilidade da <strong>Ger\u00eancia de Recursos Humanos (GRH)<\/strong>, devendo ser efetuada no momento do ingresso do servidor nos quadros da UENF.<\/li>\n\n\n\n<li><strong>Dom\u00ednio:<\/strong> As contas institucionais ser\u00e3o criadas sob o dom\u00ednio <strong><code>@<a href=\"http:\/\/uenf.br\" target=\"_blank\" rel=\"noreferrer noopener\">uenf.br<\/a><\/code><\/strong>.<\/li>\n\n\n\n<li><strong>Informa\u00e7\u00f5es Necess\u00e1rias:<\/strong> O endere\u00e7o de e-mail <strong>pessoal<\/strong> informado pelo servidor \u00e0 GRH ser\u00e1 utilizado como meio exclusivo para a cria\u00e7\u00e3o da conta.<\/li>\n\n\n\n<li><strong>Responsabilidade do Servidor:<\/strong> \u00c9 de sua responsabilidade manter o e-mail pessoal atualizado junto \u00e0 GRH.<\/li>\n<\/ul>\n\n\n\n<div style=\"height:40px\" aria-hidden=\"true\" class=\"wp-block-spacer\"><\/div>\n\n\n\n<p><strong>Para Servidores Cedidos \u00e0 UENF:<\/strong><\/p>\n\n\n\n<ul class=\"wp-block-list\">\n<li><strong>Cria\u00e7\u00e3o:<\/strong> A solicita\u00e7\u00e3o de cria\u00e7\u00e3o dever\u00e1 ser realizada pela <strong>Ger\u00eancia de Recursos Humanos (GRH)<\/strong>.<\/li>\n\n\n\n<li><strong>Dom\u00ednio:<\/strong> O endere\u00e7o eletr\u00f4nico ser\u00e1 vinculado ao dom\u00ednio <strong><code>@<a href=\"http:\/\/uenf.br\" target=\"_blank\" rel=\"noreferrer noopener\">uenf.br<\/a><\/code><\/strong>.<\/li>\n\n\n\n<li><strong>Informa\u00e7\u00f5es Necess\u00e1rias:<\/strong> O endere\u00e7o de e-mail <strong>pessoal<\/strong> informado pela GRH ser\u00e1 utilizado para fins de cria\u00e7\u00e3o da conta.<br><\/li>\n<\/ul>\n\n\n\n<div style=\"height:40px\" aria-hidden=\"true\" class=\"wp-block-spacer\"><\/div>\n\n\n\n<p><strong><strong>Para Unidades ou Atividades Administrativas:<\/strong><\/strong><\/p>\n\n\n\n<ul class=\"wp-block-list\">\n<li><strong>Cria\u00e7\u00e3o:<\/strong> A solicita\u00e7\u00e3o dever\u00e1 ser <strong>formalizada por mensagem<\/strong> enviada para o endere\u00e7o eletr\u00f4nico <strong><code><a href=\"mailto:cadastros@uenf.br\" target=\"_blank\" rel=\"noreferrer noopener\">cadastros@uenf.br<\/a><\/code><\/strong>.<\/li>\n\n\n\n<li><strong>Origem da Solicita\u00e7\u00e3o:<\/strong> A mensagem deve ser enviada <strong>exclusivamente a partir da conta institucional do respons\u00e1vel<\/strong> pela unidade ou atividade administrativa requerente.<\/li>\n\n\n\n<li><strong>Informa\u00e7\u00f5es Obrigat\u00f3rias na Solicita\u00e7\u00e3o:<\/strong>\n<ul class=\"wp-block-list\">\n<li>Nome ou designa\u00e7\u00e3o da conta institucional a ser criada.<\/li>\n\n\n\n<li><strong>Identificador da conta institucional<\/strong>, conforme diretrizes do Art. 2\u00ba (ver se\u00e7\u00e3o &#8220;Padr\u00f5es para Endere\u00e7os de E-mail Institucionais&#8221; abaixo).<\/li>\n\n\n\n<li>Justificativa para a cria\u00e7\u00e3o da conta, quando couber.<\/li>\n<\/ul>\n<\/li>\n\n\n\n<li><strong>Dom\u00ednio:<\/strong> As contas criadas utilizar\u00e3o, obrigatoriamente, o dom\u00ednio <strong><code>@<a href=\"http:\/\/uenf.br\" target=\"_blank\" rel=\"noreferrer noopener\">uenf.br<\/a><\/code><\/strong>.<\/li>\n<\/ul>\n\n\n\n<div style=\"height:40px\" aria-hidden=\"true\" class=\"wp-block-spacer\"><\/div>\n\n\n\n<p><strong>Para Discentes (Alunos):<\/strong><\/p>\n\n\n\n<ul id=\"block-353fe442-5290-4a3c-b48b-572117bf0e01\" class=\"wp-block-list\">\n<li><strong>Cria\u00e7\u00e3o:<\/strong> A conta ser\u00e1 criada de forma <strong>autom\u00e1tica<\/strong> pela Diretoria de Informa\u00e7\u00e3o e Comunica\u00e7\u00e3o (DIC).<\/li>\n\n\n\n<li><strong>Dom\u00ednio:<\/strong> As contas dos discentes utilizar\u00e3o, obrigatoriamente, o dom\u00ednio <strong><code>@<a href=\"http:\/\/pq.uenf.br\" target=\"_blank\" rel=\"noreferrer noopener\">pq.uenf.br<\/a><\/code><\/strong>.<\/li>\n\n\n\n<li><strong>Informa\u00e7\u00f5es Necess\u00e1rias:<\/strong> O endere\u00e7o de e-mail <strong>pessoal<\/strong> informado no ato da matr\u00edcula, junto \u00e0 Secretaria Acad\u00eamica, ser\u00e1 utilizado como meio exclusivo para a cria\u00e7\u00e3o da conta.<\/li>\n\n\n\n<li><strong>Responsabilidade do Discente:<\/strong> \u00c9 de sua responsabilidade manter o e-mail pessoal atualizado junto \u00e0 Secretaria Acad\u00eamica.<\/li>\n<\/ul>\n\n\n\n<div style=\"height:40px\" aria-hidden=\"true\" class=\"wp-block-spacer\"><\/div>\n\n\n\n<p><strong>Para Estagi\u00e1rios:<\/strong><\/p>\n\n\n\n<ul class=\"wp-block-list\">\n<li><strong>Cria\u00e7\u00e3o:<\/strong> Unidades administrativas que possuam estagi\u00e1rios poder\u00e3o requerer a cria\u00e7\u00e3o de contas espec\u00edficas para eles.<\/li>\n\n\n\n<li><strong>Identificador:<\/strong> Devem ser observadas as diretrizes estabelecidas no Art. 2\u00ba, que preferencialmente utiliza a sigla do setor acrescida do termo <code>.estagio<\/code> (Exemplo: <code><a href=\"mailto:dic.estagio@uenf.br\" target=\"_blank\" rel=\"noreferrer noopener\">dic.estagio@uenf.br<\/a><\/code>). O dom\u00ednio ser\u00e1 <code>@<a href=\"http:\/\/uenf.br\" target=\"_blank\" rel=\"noreferrer noopener\">uenf.br<\/a><\/code>, como no exemplo.<\/li>\n<\/ul>\n\n\n\n<div style=\"height:62px\" aria-hidden=\"true\" class=\"wp-block-spacer\"><\/div>\n\n\n\n<h4 class=\"wp-block-heading\"><strong>II. Padr\u00f5es para Endere\u00e7os de E-mail Institucionais<\/strong><\/h4>\n\n\n\n<p>Os identificadores (parte anterior ao s\u00edmbolo &#8220;@&#8221;) dos e-mails institucionais dever\u00e3o seguir os seguintes crit\u00e9rios preferenciais:<\/p>\n\n\n\n<ul class=\"wp-block-list\">\n<li><strong>Para Servidores Ativos ou Cedidos, Alunos e Estagi\u00e1rios :<\/strong> Utilizar o <strong>primeiro nome e o \u00faltimo sobrenome, separados por ponto<\/strong>. <br>Exemplo: <code><a href=\"mailto:joao.silva@uenf.br\" target=\"_blank\" rel=\"noreferrer noopener\">joao.silva@uenf.br<\/a><\/code>.<\/li>\n\n\n\n<li><strong>Para Unidades ou Atividades Administrativas:<\/strong> Utilizar a <strong>sigla correspondente \u00e0 unidade ou atividade<\/strong>. <br>Exemplo: <code><a href=\"mailto:dic@uenf.br\" target=\"_blank\" rel=\"noreferrer noopener\">dic@uenf.br<\/a><\/code>.<\/li>\n\n\n\n<li><strong>Para Estagi\u00e1rios:<\/strong> Utilizar, preferencialmente, a <strong>sigla do setor acrescida do termo <code>.estagio<\/code><\/strong>. <br>Exemplo: <code><a href=\"mailto:dic.estagio@uenf.br\" target=\"_blank\" rel=\"noreferrer noopener\">dic.estagio@uenf.br<\/a><\/code>.<\/li>\n<\/ul>\n\n\n\n<p><strong>Observa\u00e7\u00f5es Importantes sobre Identificadores:<\/strong><\/p>\n\n\n\n<ul class=\"wp-block-list\">\n<li>Em casos de <strong>duplicidade<\/strong>, uso de <strong>nome social<\/strong> ou outras necessidades espec\u00edficas, a Diretoria de Inform\u00e1tica e Comunica\u00e7\u00e3o (DIC) realizar\u00e1 a an\u00e1lise e a defini\u00e7\u00e3o do identificador em conjunto com o requisitante.<\/li>\n\n\n\n<li><strong>N\u00e3o haver\u00e1 obrigatoriedade de altera\u00e7\u00e3o dos endere\u00e7os de e-mail institucionais j\u00e1 existentes<\/strong>. A altera\u00e7\u00e3o \u00e9 facultada ao respons\u00e1vel, se houver interesse, observadas as regras estabelecidas, inclusive para as contas de e-mail dos alunos.<\/li>\n<\/ul>\n","protected":false},"excerpt":{"rendered":"<p>Este tutorial sobre as normas, procedimentos e responsabilidades relacionadas ao uso do e-mail institucional da UENF, conforme estabelecido pela pol\u00edtica&#8230;<\/p>\n","protected":false},"author":12,"featured_media":0,"parent":1411,"menu_order":0,"comment_status":"closed","ping_status":"closed","template":"","meta":{"footnotes":""},"class_list":["post-1405","page","type-page","status-publish","hentry"],"_links":{"self":[{"href":"https:\/\/uenf.br\/dic\/ginfo\/wp-json\/wp\/v2\/pages\/1405","targetHints":{"allow":["GET"]}}],"collection":[{"href":"https:\/\/uenf.br\/dic\/ginfo\/wp-json\/wp\/v2\/pages"}],"about":[{"href":"https:\/\/uenf.br\/dic\/ginfo\/wp-json\/wp\/v2\/types\/page"}],"author":[{"embeddable":true,"href":"https:\/\/uenf.br\/dic\/ginfo\/wp-json\/wp\/v2\/users\/12"}],"replies":[{"embeddable":true,"href":"https:\/\/uenf.br\/dic\/ginfo\/wp-json\/wp\/v2\/comments?post=1405"}],"version-history":[{"count":0,"href":"https:\/\/uenf.br\/dic\/ginfo\/wp-json\/wp\/v2\/pages\/1405\/revisions"}],"up":[{"embeddable":true,"href":"https:\/\/uenf.br\/dic\/ginfo\/wp-json\/wp\/v2\/pages\/1411"}],"wp:attachment":[{"href":"https:\/\/uenf.br\/dic\/ginfo\/wp-json\/wp\/v2\/media?parent=1405"}],"curies":[{"name":"wp","href":"https:\/\/api.w.org\/{rel}","templated":true}]}}