{"id":1407,"date":"2025-07-07T13:59:43","date_gmt":"2025-07-07T13:59:43","guid":{"rendered":"https:\/\/uenf.br\/dic\/ginfo\/?page_id=1407"},"modified":"2025-07-07T14:00:06","modified_gmt":"2025-07-07T14:00:06","slug":"recuperacao-de-senha-do-e-mail","status":"publish","type":"page","link":"https:\/\/uenf.br\/dic\/ginfo\/tutoriais\/politica-do-e-mail-institucional-da-uenf\/recuperacao-de-senha-do-e-mail\/","title":{"rendered":"Recupera\u00e7\u00e3o de Senha do E-mail"},"content":{"rendered":"\n<ul class=\"wp-block-list\">\n<li><strong>Responsabilidade Exclusiva:<\/strong> O <strong>cadastramento e a altera\u00e7\u00e3o da senha s\u00e3o de responsabilidade exclusiva do titular da conta<\/strong> de e-mail institucional.<\/li>\n\n\n\n<li><strong>Meios de Recupera\u00e7\u00e3o de Senha:<\/strong>\n<ul class=\"wp-block-list\">\n<li><strong>Para Discentes ( Alunos ):<\/strong> O endere\u00e7o de e-mail <strong>pessoal<\/strong> informado no ato da matr\u00edcula ser\u00e1 utilizado para recupera\u00e7\u00e3o de senha.<\/li>\n\n\n\n<li><strong>Para Servidores Ativos:<\/strong> O endere\u00e7o de e-mail <strong>pessoal<\/strong> informado \u00e0 Ger\u00eancia de Recursos Humanos ser\u00e1 utilizado para recupera\u00e7\u00e3o de senha.<\/li>\n\n\n\n<li><strong>Para Servidores Cedidos:<\/strong> O endere\u00e7o de e-mail <strong>pessoal<\/strong> informado pela Ger\u00eancia de Recursos Humanos ser\u00e1 utilizado para recupera\u00e7\u00e3o de senha.<\/li>\n\n\n\n<li><strong>Para Contas de Unidades ou Atividades Administrativas:<\/strong> O endere\u00e7o de e-mail <strong>institucional do respons\u00e1vel<\/strong> pela unidade ou atividade administrativa, ou de pessoa por ele formalmente designada, ser\u00e1 utilizado para fins de cria\u00e7\u00e3o da conta e posterior recupera\u00e7\u00e3o de senha.<br><\/li>\n<\/ul>\n<\/li>\n<\/ul>\n\n\n\n<p><\/p>\n","protected":false},"excerpt":{"rendered":"","protected":false},"author":12,"featured_media":0,"parent":1411,"menu_order":0,"comment_status":"closed","ping_status":"closed","template":"","meta":{"footnotes":""},"class_list":["post-1407","page","type-page","status-publish","hentry"],"_links":{"self":[{"href":"https:\/\/uenf.br\/dic\/ginfo\/wp-json\/wp\/v2\/pages\/1407","targetHints":{"allow":["GET"]}}],"collection":[{"href":"https:\/\/uenf.br\/dic\/ginfo\/wp-json\/wp\/v2\/pages"}],"about":[{"href":"https:\/\/uenf.br\/dic\/ginfo\/wp-json\/wp\/v2\/types\/page"}],"author":[{"embeddable":true,"href":"https:\/\/uenf.br\/dic\/ginfo\/wp-json\/wp\/v2\/users\/12"}],"replies":[{"embeddable":true,"href":"https:\/\/uenf.br\/dic\/ginfo\/wp-json\/wp\/v2\/comments?post=1407"}],"version-history":[{"count":0,"href":"https:\/\/uenf.br\/dic\/ginfo\/wp-json\/wp\/v2\/pages\/1407\/revisions"}],"up":[{"embeddable":true,"href":"https:\/\/uenf.br\/dic\/ginfo\/wp-json\/wp\/v2\/pages\/1411"}],"wp:attachment":[{"href":"https:\/\/uenf.br\/dic\/ginfo\/wp-json\/wp\/v2\/media?parent=1407"}],"curies":[{"name":"wp","href":"https:\/\/api.w.org\/{rel}","templated":true}]}}