{"id":248,"date":"2011-04-12T03:25:34","date_gmt":"2011-04-12T03:25:34","guid":{"rendered":"http:\/\/www.grc.uenf.br\/wordpress\/?page_id=248"},"modified":"2025-12-08T18:50:32","modified_gmt":"2025-12-08T18:50:32","slug":"home","status":"publish","type":"page","link":"https:\/\/uenf.br\/dic\/ginfo\/","title":{"rendered":"Home"},"content":{"rendered":"\n<p>A <strong>Ger\u00eancia de Informa\u00e7\u00e3o<\/strong> \u00e9 o setor respons\u00e1vel pelo planejamento, desenvolvimento e manuten\u00e7\u00e3o de toda a parte de <span style=\"text-decoration: underline\"><strong>Tecnologia da Informa\u00e7\u00e3o<\/strong><\/span> do campus da <strong><a title=\"Site da UENF\" href=\"http:\/\/www.uenf.br\" target=\"_blank\">Universidade Estadual do Norte Fluminense &#8211; UENF<\/a><\/strong>.<\/p>\n\n\n\n<p>Algumas Atividades:<\/p>\n\n\n\n<ul class=\"wp-block-list\">\n<li>Instala\u00e7\u00e3o e manuten\u00e7\u00e3o de pontos de rede e equipamentos para a acesso a Internet via rede cabeada;<\/li>\n\n\n\n<li>Instala\u00e7\u00e3o e manuten\u00e7\u00e3o dos pontos de acesso e equipamentos para a acesso a Internet via rede sem fio;<\/li>\n\n\n\n<li>Instala\u00e7\u00e3o e manuten\u00e7\u00e3o de servi\u00e7os de e-mail, ftp, etc.<\/li>\n\n\n\n<li>Manuten\u00e7\u00e3o de Equipamentos de Inform\u00e1tica;<\/li>\n\n\n\n<li>Atendimento aos usu\u00e1rios ( Alunos, Funcion\u00e1rios e Professores );<\/li>\n\n\n\n<li>Instala\u00e7\u00e3o e manuten\u00e7\u00e3o de Servidor Web para hospedagem do Portal da UENF e sites da universidade;<\/li>\n\n\n\n<li>Confec\u00e7\u00e3o de Sites.<\/li>\n<\/ul>\n\n\n\n<p>&nbsp;<\/p>\n\n\n\n<p>&nbsp;<\/p>\n","protected":false},"excerpt":{"rendered":"<p>A Ger\u00eancia de Informa\u00e7\u00e3o \u00e9 o setor respons\u00e1vel pelo planejamento, desenvolvimento e manuten\u00e7\u00e3o de toda a parte de Tecnologia da&#8230;<\/p>\n","protected":false},"author":1,"featured_media":0,"parent":0,"menu_order":0,"comment_status":"closed","ping_status":"closed","template":"","meta":{"footnotes":""},"class_list":["post-248","page","type-page","status-publish","hentry"],"_links":{"self":[{"href":"https:\/\/uenf.br\/dic\/ginfo\/wp-json\/wp\/v2\/pages\/248","targetHints":{"allow":["GET"]}}],"collection":[{"href":"https:\/\/uenf.br\/dic\/ginfo\/wp-json\/wp\/v2\/pages"}],"about":[{"href":"https:\/\/uenf.br\/dic\/ginfo\/wp-json\/wp\/v2\/types\/page"}],"author":[{"embeddable":true,"href":"https:\/\/uenf.br\/dic\/ginfo\/wp-json\/wp\/v2\/users\/1"}],"replies":[{"embeddable":true,"href":"https:\/\/uenf.br\/dic\/ginfo\/wp-json\/wp\/v2\/comments?post=248"}],"version-history":[{"count":0,"href":"https:\/\/uenf.br\/dic\/ginfo\/wp-json\/wp\/v2\/pages\/248\/revisions"}],"wp:attachment":[{"href":"https:\/\/uenf.br\/dic\/ginfo\/wp-json\/wp\/v2\/media?parent=248"}],"curies":[{"name":"wp","href":"https:\/\/api.w.org\/{rel}","templated":true}]}}