{"id":390,"date":"2011-07-08T14:38:51","date_gmt":"2011-07-08T14:38:51","guid":{"rendered":"http:\/\/www2.grc.uenf.br\/?page_id=390"},"modified":"2020-08-13T14:43:33","modified_gmt":"2020-08-13T14:43:33","slug":"tutoriais","status":"publish","type":"page","link":"https:\/\/uenf.br\/dic\/ginfo\/tutoriais\/","title":{"rendered":"Tutoriais"},"content":{"rendered":"<ul>\n<li><a title=\"Acessar o Webmail\" href=\"http:\/\/www.uenf.br\/dic\/ginfo\/dicas\/webmail\/\"><strong>Webmail<\/strong><\/a><strong><\/strong><\/li>\n<li><strong><a href=\"http:\/\/www.uenf.br\/dic\/ginfo\/dicas\/cartilha-de-seguranca\/\">Cartilha de Seguran\u00e7a<\/a><\/strong><\/li>\n<li><strong><a href=\"http:\/\/www.uenf.br\/dic\/ginfo\/dicas\/videos-de-seguranca\/\">V\u00eddeos de Seguran\u00e7a<\/a><\/strong><\/li>\n<\/ul>\n<p>&nbsp;<\/p>\n<p>&nbsp;<\/p>\n","protected":false},"excerpt":{"rendered":"<p>Webmail Cartilha de Seguran\u00e7a V\u00eddeos de Seguran\u00e7a &nbsp; &nbsp;<\/p>\n","protected":false},"author":12,"featured_media":0,"parent":0,"menu_order":3,"comment_status":"closed","ping_status":"closed","template":"","meta":{"footnotes":""},"class_list":["post-390","page","type-page","status-publish","hentry"],"_links":{"self":[{"href":"https:\/\/uenf.br\/dic\/ginfo\/wp-json\/wp\/v2\/pages\/390","targetHints":{"allow":["GET"]}}],"collection":[{"href":"https:\/\/uenf.br\/dic\/ginfo\/wp-json\/wp\/v2\/pages"}],"about":[{"href":"https:\/\/uenf.br\/dic\/ginfo\/wp-json\/wp\/v2\/types\/page"}],"author":[{"embeddable":true,"href":"https:\/\/uenf.br\/dic\/ginfo\/wp-json\/wp\/v2\/users\/12"}],"replies":[{"embeddable":true,"href":"https:\/\/uenf.br\/dic\/ginfo\/wp-json\/wp\/v2\/comments?post=390"}],"version-history":[{"count":0,"href":"https:\/\/uenf.br\/dic\/ginfo\/wp-json\/wp\/v2\/pages\/390\/revisions"}],"wp:attachment":[{"href":"https:\/\/uenf.br\/dic\/ginfo\/wp-json\/wp\/v2\/media?parent=390"}],"curies":[{"name":"wp","href":"https:\/\/api.w.org\/{rel}","templated":true}]}}