{"id":6,"date":"2011-02-17T14:23:10","date_gmt":"2011-02-17T14:23:10","guid":{"rendered":"http:\/\/www.uenf.br\/reitoria\/grc\/"},"modified":"2025-04-14T19:41:44","modified_gmt":"2025-04-14T19:41:44","slug":"contato","status":"publish","type":"page","link":"https:\/\/uenf.br\/dic\/ginfo\/contato\/","title":{"rendered":"Contato"},"content":{"rendered":"<p><strong><span style=\"text-decoration: underline;\">Telefones dos Setores Internos<\/span>:<\/strong><\/p>\n<ul>\n<li><strong>Diretoria:<\/strong> 2739-7814 \u2013 Sala Diretor<\/li>\n<li><strong>Secret\u00e1ria:<\/strong> 2748-6052<\/li>\n<li><strong>Rede L\u00f3gica:<\/strong> 2739-7817<\/li>\n<li><strong><strong>Rede F\u00edsica e <\/strong>Hardware<\/strong>: 2739-7315<\/li>\n<li><strong>Web ( Sites da UENF ):<\/strong> 2748-6042<\/li>\n<li><strong>Atendimento aos Usu\u00e1rios:<\/strong>\n<ul>\n<li><strong>Suporte Centralizado ( CCT, CCTA, CCH, CBB, Oficinas )<\/strong>: 2739-7315<\/li>\n<\/ul>\n<\/li>\n<\/ul>\n<p>&nbsp;<\/p>\n<p><strong>Formul\u00e1rio para contato:<\/strong><\/p>\n\n<div class=\"wpcf7 no-js\" id=\"wpcf7-f751-o1\" lang=\"pt-BR\" dir=\"ltr\" data-wpcf7-id=\"751\">\n<div class=\"screen-reader-response\"><p role=\"status\" aria-live=\"polite\" aria-atomic=\"true\"><\/p> <ul><\/ul><\/div>\n<form action=\"\/dic\/ginfo\/wp-json\/wp\/v2\/pages\/6#wpcf7-f751-o1\" method=\"post\" class=\"wpcf7-form init\" aria-label=\"Formul\u00e1rios de contato\" novalidate=\"novalidate\" data-status=\"init\">\n<fieldset class=\"hidden-fields-container\"><input type=\"hidden\" name=\"_wpcf7\" value=\"751\" \/><input type=\"hidden\" name=\"_wpcf7_version\" value=\"6.1.5\" \/><input type=\"hidden\" name=\"_wpcf7_locale\" value=\"pt_BR\" \/><input type=\"hidden\" name=\"_wpcf7_unit_tag\" value=\"wpcf7-f751-o1\" \/><input type=\"hidden\" name=\"_wpcf7_container_post\" value=\"0\" \/><input type=\"hidden\" name=\"_wpcf7_posted_data_hash\" value=\"\" \/>\n<\/fieldset>\n<p>Seu nome (obrigat\u00f3rio)\n<\/p>\n<p><span class=\"wpcf7-form-control-wrap\" data-name=\"your-name\"><input size=\"40\" maxlength=\"400\" class=\"wpcf7-form-control wpcf7-text wpcf7-validates-as-required\" aria-required=\"true\" aria-invalid=\"false\" value=\"\" type=\"text\" name=\"your-name\" \/><\/span>\n<\/p>\n<p>Seu e-mail (obrigat\u00f3rio)\n<\/p>\n<p><span class=\"wpcf7-form-control-wrap\" data-name=\"your-email\"><input size=\"40\" maxlength=\"400\" class=\"wpcf7-form-control wpcf7-email wpcf7-validates-as-required wpcf7-text wpcf7-validates-as-email\" aria-required=\"true\" aria-invalid=\"false\" value=\"\" type=\"email\" name=\"your-email\" \/><\/span>\n<\/p>\n<p>Assunto\n<\/p>\n<p><span class=\"wpcf7-form-control-wrap\" data-name=\"your-subject\"><input size=\"40\" maxlength=\"400\" class=\"wpcf7-form-control wpcf7-text\" aria-invalid=\"false\" value=\"\" type=\"text\" name=\"your-subject\" \/><\/span>\n<\/p>\n<p>Sua mensagem\n<\/p>\n<p><span class=\"wpcf7-form-control-wrap\" data-name=\"your-message\"><textarea cols=\"40\" rows=\"10\" maxlength=\"2000\" class=\"wpcf7-form-control wpcf7-textarea\" aria-invalid=\"false\" name=\"your-message\"><\/textarea><\/span>\n<\/p>\n<p><input class=\"wpcf7-form-control wpcf7-submit has-spinner\" type=\"submit\" value=\"Enviar\" \/>\n<\/p><div class=\"wpcf7-response-output\" aria-hidden=\"true\"><\/div>\n<\/form>\n<\/div>\n\n","protected":false},"excerpt":{"rendered":"<p>Telefones dos Setores Internos: Diretoria: 2739-7814 \u2013 Sala Diretor Secret\u00e1ria: 2748-6052 Rede L\u00f3gica: 2739-7817 Rede F\u00edsica e Hardware: 2739-7315 Web&#8230;<\/p>\n","protected":false},"author":1,"featured_media":0,"parent":0,"menu_order":10,"comment_status":"closed","ping_status":"closed","template":"","meta":{"footnotes":""},"class_list":["post-6","page","type-page","status-publish","hentry"],"_links":{"self":[{"href":"https:\/\/uenf.br\/dic\/ginfo\/wp-json\/wp\/v2\/pages\/6","targetHints":{"allow":["GET"]}}],"collection":[{"href":"https:\/\/uenf.br\/dic\/ginfo\/wp-json\/wp\/v2\/pages"}],"about":[{"href":"https:\/\/uenf.br\/dic\/ginfo\/wp-json\/wp\/v2\/types\/page"}],"author":[{"embeddable":true,"href":"https:\/\/uenf.br\/dic\/ginfo\/wp-json\/wp\/v2\/users\/1"}],"replies":[{"embeddable":true,"href":"https:\/\/uenf.br\/dic\/ginfo\/wp-json\/wp\/v2\/comments?post=6"}],"version-history":[{"count":0,"href":"https:\/\/uenf.br\/dic\/ginfo\/wp-json\/wp\/v2\/pages\/6\/revisions"}],"wp:attachment":[{"href":"https:\/\/uenf.br\/dic\/ginfo\/wp-json\/wp\/v2\/media?parent=6"}],"curies":[{"name":"wp","href":"https:\/\/api.w.org\/{rel}","templated":true}]}}