{"id":633,"date":"2012-08-10T17:51:58","date_gmt":"2012-08-10T17:51:58","guid":{"rendered":"https:\/\/uenf.br\/dic\/ginfo\/?page_id=633"},"modified":"2025-04-16T14:18:04","modified_gmt":"2025-04-16T14:18:04","slug":"servicos","status":"publish","type":"page","link":"https:\/\/uenf.br\/dic\/ginfo\/servicos\/","title":{"rendered":"Servi\u00e7os On-line"},"content":{"rendered":"\n<ul class=\"wp-block-list\">\n<li><a href=\"http:\/\/suporte.uenf.br\/\" target=\"_blank\" rel=\"noreferrer noopener\"><strong>Solicita\u00e7\u00e3o de Servi\u00e7os de Inform\u00e1tica &#8211; DIC\/GINFO<\/strong><\/a><\/li>\n\n\n\n<li><strong><a title=\"Solicita\u00e7\u00e3o de cadastro de e-mail da UENF\" href=\"http:\/\/www.uenf.br\/dic\/ginfo\/servicos\/formularios-internos\/\">Solicita\u00e7\u00e3o de Cadastro de conta de E-Mail &#8211; GINFO<\/a><\/strong><\/li>\n\n\n\n<li><a title=\"Como acessar os peri\u00f3dicos da CAPES\" href=\"http:\/\/www.uenf.br\/dic\/ginfo\/servicos\/periodicos-capes\/\"><strong>Acessar Peri\u00f3dicos CAPES<\/strong><\/a>;<\/li>\n<\/ul>\n\n\n\n<p><\/p>\n","protected":false},"excerpt":{"rendered":"","protected":false},"author":8,"featured_media":0,"parent":0,"menu_order":1,"comment_status":"closed","ping_status":"closed","template":"","meta":{"footnotes":""},"class_list":["post-633","page","type-page","status-publish","hentry"],"_links":{"self":[{"href":"https:\/\/uenf.br\/dic\/ginfo\/wp-json\/wp\/v2\/pages\/633","targetHints":{"allow":["GET"]}}],"collection":[{"href":"https:\/\/uenf.br\/dic\/ginfo\/wp-json\/wp\/v2\/pages"}],"about":[{"href":"https:\/\/uenf.br\/dic\/ginfo\/wp-json\/wp\/v2\/types\/page"}],"author":[{"embeddable":true,"href":"https:\/\/uenf.br\/dic\/ginfo\/wp-json\/wp\/v2\/users\/8"}],"replies":[{"embeddable":true,"href":"https:\/\/uenf.br\/dic\/ginfo\/wp-json\/wp\/v2\/comments?post=633"}],"version-history":[{"count":0,"href":"https:\/\/uenf.br\/dic\/ginfo\/wp-json\/wp\/v2\/pages\/633\/revisions"}],"wp:attachment":[{"href":"https:\/\/uenf.br\/dic\/ginfo\/wp-json\/wp\/v2\/media?parent=633"}],"curies":[{"name":"wp","href":"https:\/\/api.w.org\/{rel}","templated":true}]}}