{"id":14,"date":"2012-06-14T15:27:14","date_gmt":"2012-06-14T15:27:14","guid":{"rendered":"http:\/\/uenf.br\/dic\/?page_id=14"},"modified":"2025-04-14T13:27:49","modified_gmt":"2025-04-14T13:27:49","slug":"gerencias","status":"publish","type":"page","link":"https:\/\/uenf.br\/dic\/gerencias\/","title":{"rendered":"Ger\u00eancias"},"content":{"rendered":"<div>\n<p><a href=\"http:\/\/www.uenf.br\/dic\/ginfo\" target=\"_blank\" rel=\"noopener\"><img loading=\"lazy\" decoding=\"async\" class=\"alignleft wp-image-61 size-full\" title=\"Ger\u00eancia de Informa\u00e7\u00e3o\" src=\"http:\/\/www.uenf.br\/dic\/wp-content\/uploads\/2012\/08\/Logo_GINFO_250x961.jpg\" alt=\"Ger\u00eancia de Informa\u00e7\u00e3o\" width=\"250\" height=\"96\" srcset=\"https:\/\/uenf.br\/dic\/wp-content\/uploads\/2012\/08\/Logo_GINFO_250x961.jpg 250w, https:\/\/uenf.br\/dic\/wp-content\/uploads\/2012\/08\/Logo_GINFO_250x961-150x57.jpg 150w\" sizes=\"auto, (max-width: 250px) 100vw, 250px\" \/><\/a><\/p>\n<\/div>\n<div><\/div>\n<div>\n<p>&nbsp;<\/p>\n<\/div>\n","protected":false},"excerpt":{"rendered":"<p>&nbsp;<\/p>\n","protected":false},"author":2,"featured_media":0,"parent":0,"menu_order":2,"comment_status":"closed","ping_status":"closed","template":"","meta":{"footnotes":""},"class_list":["post-14","page","type-page","status-publish","hentry"],"_links":{"self":[{"href":"https:\/\/uenf.br\/dic\/wp-json\/wp\/v2\/pages\/14","targetHints":{"allow":["GET"]}}],"collection":[{"href":"https:\/\/uenf.br\/dic\/wp-json\/wp\/v2\/pages"}],"about":[{"href":"https:\/\/uenf.br\/dic\/wp-json\/wp\/v2\/types\/page"}],"author":[{"embeddable":true,"href":"https:\/\/uenf.br\/dic\/wp-json\/wp\/v2\/users\/2"}],"replies":[{"embeddable":true,"href":"https:\/\/uenf.br\/dic\/wp-json\/wp\/v2\/comments?post=14"}],"version-history":[{"count":0,"href":"https:\/\/uenf.br\/dic\/wp-json\/wp\/v2\/pages\/14\/revisions"}],"wp:attachment":[{"href":"https:\/\/uenf.br\/dic\/wp-json\/wp\/v2\/media?parent=14"}],"curies":[{"name":"wp","href":"https:\/\/api.w.org\/{rel}","templated":true}]}}