{"id":20,"date":"2012-06-14T15:28:01","date_gmt":"2012-06-14T15:28:01","guid":{"rendered":"http:\/\/uenf.br\/dic\/?page_id=20"},"modified":"2025-04-14T13:40:12","modified_gmt":"2025-04-14T13:40:12","slug":"servicos-on-line","status":"publish","type":"page","link":"https:\/\/uenf.br\/dic\/servicos-on-line\/","title":{"rendered":"Servi\u00e7os On-line"},"content":{"rendered":"\n<ul class=\"wp-block-list\">\n<li><a href=\"http:\/\/suporte.uenf.br\/\" target=\"_blank\" rel=\"noreferrer noopener\"><strong>Solicita\u00e7\u00e3o de Servi\u00e7os de Inform\u00e1tica &#8211; DIC\/GINFO<\/strong><\/a><\/li>\n\n\n\n<li><strong><a href=\"https:\/\/uenf.br\/reitoria\/ascom\/\" target=\"_blank\" rel=\"noreferrer noopener\">Solicita\u00e7\u00e3o de Servi\u00e7os de Comunica\u00e7\u00e3o &#8211; Ascom<\/a><\/strong><\/li>\n\n\n\n<li><strong><a href=\"https:\/\/uenf.br\/prefeitura\/servicos\/solicitacao-de-manutencao\/\" target=\"_blank\" rel=\"noreferrer noopener\">Solicita\u00e7\u00e3o de Servi\u00e7os de Manuten\u00e7\u00e3o &#8211; Assessoria de Manuten\u00e7\u00e3o<\/a><\/strong><\/li>\n\n\n\n<li><strong><a href=\"https:\/\/uenf.br\/prefeitura\/astran\" target=\"_blank\" rel=\"noreferrer noopener\">Requisi\u00e7\u00e3o de Ve\u00edculos Astran &#8211; Assessoria de Transporte<\/a><\/strong><\/li>\n\n\n\n<li><strong><a href=\"https:\/\/lista.uenf.br\/\" target=\"_blank\" rel=\"noreferrer noopener\">Lista telef\u00f4nica Geral da UENF<\/a><\/strong><\/li>\n<\/ul>\n\n\n\n<p><\/p>\n","protected":false},"excerpt":{"rendered":"","protected":false},"author":2,"featured_media":0,"parent":0,"menu_order":5,"comment_status":"closed","ping_status":"closed","template":"","meta":{"footnotes":""},"class_list":["post-20","page","type-page","status-publish","hentry"],"_links":{"self":[{"href":"https:\/\/uenf.br\/dic\/wp-json\/wp\/v2\/pages\/20","targetHints":{"allow":["GET"]}}],"collection":[{"href":"https:\/\/uenf.br\/dic\/wp-json\/wp\/v2\/pages"}],"about":[{"href":"https:\/\/uenf.br\/dic\/wp-json\/wp\/v2\/types\/page"}],"author":[{"embeddable":true,"href":"https:\/\/uenf.br\/dic\/wp-json\/wp\/v2\/users\/2"}],"replies":[{"embeddable":true,"href":"https:\/\/uenf.br\/dic\/wp-json\/wp\/v2\/comments?post=20"}],"version-history":[{"count":0,"href":"https:\/\/uenf.br\/dic\/wp-json\/wp\/v2\/pages\/20\/revisions"}],"wp:attachment":[{"href":"https:\/\/uenf.br\/dic\/wp-json\/wp\/v2\/media?parent=20"}],"curies":[{"name":"wp","href":"https:\/\/api.w.org\/{rel}","templated":true}]}}