{"id":5,"date":"2012-06-05T20:02:18","date_gmt":"2012-06-05T20:02:18","guid":{"rendered":"http:\/\/uenf.br\/dic\/?page_id=2"},"modified":"2025-04-14T19:41:03","modified_gmt":"2025-04-14T19:41:03","slug":"home","status":"publish","type":"page","link":"https:\/\/uenf.br\/dic\/","title":{"rendered":"Home"},"content":{"rendered":"<p>A Diretoria de Informa\u00e7\u00e3o e Comunica\u00e7\u00e3o (DIC), criada por meio da\u00a0<a href=\"http:\/\/www.uenf.br\/dic\/wp-content\/uploads\/2012\/06\/DO-29-12-2011-p36-REPUBLICA\u00c7\u00c3O-da-Resolu\u00e7\u00e3o-CONSUNI-06-2011-estrut.-dire_1.pdf\">Resolu\u00e7\u00e3o Consuni n\u00ba 06, de 04 de novembro de 2011<\/a>,\u00a0\u00a0tem\u00a0a\u00e7\u00e3o importante na elabora\u00e7\u00e3o, proposi\u00e7\u00e3o e condu\u00e7\u00e3o de pol\u00edticas e programas da UENF nas \u00e1reas de informa\u00e7\u00e3o e comunica\u00e7\u00e3o.<\/p>\n<p>A estrutura da\u00a0DIC\/UENF congrega as atividades da\u00a0<a href=\"http:\/\/www.uenf.br\/dic\/ginfo\">Ger\u00eancia de Informa\u00e7\u00e3o (GINFO)<\/a>.<\/p>\n<p>As principais compet\u00eancias da DIC s\u00e3o:<\/p>\n<ol>\n<li>Atuar como proponente e gestora da pol\u00edtica de Informa\u00e7\u00e3o e Comunica\u00e7\u00e3o interna e externa da UENF;<\/li>\n<li>Estruturar-se de forma a propor e atender diagn\u00f3stico de necessidades que exijam solu\u00e7\u00f5es a contento nos que diz respeito a servi\u00e7os de inform\u00e1tica e comunica\u00e7\u00e3o;<\/li>\n<li>Interagir com todos os \u00f3rg\u00e3os da UENF visando ao desenvolvimento harm\u00f4nico e participativo de suas atividades para definir solu\u00e7\u00f5es que viabilizem tempestivamente o produto do diagn\u00f3stico realizado;<\/li>\n<li>\u00c0 Ger\u00eancia de Informa\u00e7\u00e3o compete planejar, coordenar, implementar e fiscalizar todas as atividades de desenvolvimento de sistemas; dar suporte a softwares e hardwares, prover manuten\u00e7\u00e3o da rede na Universidade e definir o escopo dos servi\u00e7os terceirizados pertinentes \u00e0 Diretoria;<\/li>\n<li>\u00c0 Ger\u00eancia de Comunica\u00e7\u00e3o compete planejar, coordenar, implementar e fiscalizar todas as atividades da Universidade que tratem de Rela\u00e7\u00f5es P\u00fablicas e Cerimoniais; Publicidade; Marketing; Editora\u00e7\u00e3o Eletr\u00f4nica e Assessoramento \u00e0 Reitoria em assuntos de Jornalismo e Imprensa;<\/li>\n<li>Auxiliar na regulamenta\u00e7\u00e3o e estrutura\u00e7\u00e3o da Editora da UENF.<\/li>\n<\/ol>\n<p>&nbsp;<\/p>\n<p>Diretor de Informa\u00e7\u00e3o e Comunica\u00e7\u00e3o<\/p>\n<p>&nbsp;<\/p>\n","protected":false},"excerpt":{"rendered":"<p>A Diretoria de Informa\u00e7\u00e3o e Comunica\u00e7\u00e3o (DIC), criada por meio da\u00a0Resolu\u00e7\u00e3o Consuni n\u00ba 06, de 04 de novembro de 2011,\u00a0\u00a0tem\u00a0a\u00e7\u00e3o&#8230;<\/p>\n","protected":false},"author":2,"featured_media":0,"parent":0,"menu_order":1,"comment_status":"closed","ping_status":"closed","template":"","meta":{"footnotes":""},"class_list":["post-5","page","type-page","status-publish","hentry"],"_links":{"self":[{"href":"https:\/\/uenf.br\/dic\/wp-json\/wp\/v2\/pages\/5","targetHints":{"allow":["GET"]}}],"collection":[{"href":"https:\/\/uenf.br\/dic\/wp-json\/wp\/v2\/pages"}],"about":[{"href":"https:\/\/uenf.br\/dic\/wp-json\/wp\/v2\/types\/page"}],"author":[{"embeddable":true,"href":"https:\/\/uenf.br\/dic\/wp-json\/wp\/v2\/users\/2"}],"replies":[{"embeddable":true,"href":"https:\/\/uenf.br\/dic\/wp-json\/wp\/v2\/comments?post=5"}],"version-history":[{"count":0,"href":"https:\/\/uenf.br\/dic\/wp-json\/wp\/v2\/pages\/5\/revisions"}],"wp:attachment":[{"href":"https:\/\/uenf.br\/dic\/wp-json\/wp\/v2\/media?parent=5"}],"curies":[{"name":"wp","href":"https:\/\/api.w.org\/{rel}","templated":true}]}}