{"id":134,"date":"2018-07-13T15:27:35","date_gmt":"2018-07-13T18:27:35","guid":{"rendered":"http:\/\/uenf.br\/evento\/jornadafluminensedebotanica\/?page_id=134"},"modified":"2018-08-14T22:46:59","modified_gmt":"2018-08-15T01:46:59","slug":"inscricao","status":"publish","type":"page","link":"https:\/\/uenf.br\/eventos\/jornadafluminensedebotanica\/inscricao\/","title":{"rendered":"Inscri\u00e7\u00e3o"},"content":{"rendered":"<h2><span style=\"color: #ff0000\"><strong>ATEN\u00c7\u00c3O<\/strong><\/span><\/h2>\n<p style=\"text-align: left\"><span style=\"color: #ff0000\"><strong>Nova Conta para dep\u00f3sito: <\/strong><\/span><\/p>\n<p style=\"text-align: left\"><span style=\"color: #ff0000\"><strong>Banco do Brasil &#8211; ag\u00eancia: 0428-6\u00a0 \u00a0conta corrente: 88096-5\u00a0 \u00a0Sociedade Bot\u00e2nica Brasil<\/strong><\/span><\/p>\n<p>A inscri\u00e7\u00e3o deve ser feita atrav\u00e9s do preenchimento do formul\u00e1rio em anexo<\/p>\n<p>Favor encaminhar o comprovante de pagamento, comprovante de desconto* e o formul\u00e1rio de inscri\u00e7\u00e3o para o e-mail: <span style=\"color: #ff0000\"><strong>tesouraria37jfb@gmail.com<\/strong><\/span><\/p>\n<h2><a href=\"http:\/\/uenf.br\/evento\/jornadafluminensedebotanica\/wp-content\/uploads\/sites\/2\/2018\/08\/Ficha_de_inscri\u00e7\u00e3o-da-37-JFB-6.docx\"><img loading=\"lazy\" decoding=\"async\" class=\"wp-image-159 size-full aligncenter\" src=\"http:\/\/uenf.br\/evento\/jornadafluminensedebotanica\/wp-content\/uploads\/sites\/2\/2018\/07\/Form.ins_.test1_.png\" alt=\"\" width=\"464\" height=\"95\" \/><\/a><\/h2>\n<h2><span style=\"color: #800080\"><strong>Taxas de inscri\u00e7\u00e3o<\/strong><\/span><\/h2>\n<p><img loading=\"lazy\" decoding=\"async\" class=\"size-full wp-image-252 aligncenter\" src=\"http:\/\/uenf.br\/evento\/jornadafluminensedebotanica\/wp-content\/uploads\/sites\/2\/2018\/07\/valores-sbb-modificado.jpg\" alt=\"\" width=\"960\" height=\"720\" \/><\/p>\n<p style=\"text-align: left\"><span style=\"color: #ff0000\">*<\/span> Considerar-se-\u00e1 <span style=\"color: #ff0000\"><strong>aluno(a)<\/strong><\/span> aquele(a) que apresentar carteira de estudante (ou comprovante de matr\u00edcula) de qualquer curso de gradua\u00e7\u00e3o ou de p\u00f3s-gradua\u00e7\u00e3o referente ao ano de 2018 (enviar comprovante escaneado junto com o envio da ficha de inscri\u00e7\u00e3o na Jornada).<\/p>\n<p><span style=\"color: #ff0000\">**<\/span> Considerar-se-\u00e1 <span style=\"color: #ff0000\"><strong>s\u00f3cio(a) da SBB<\/strong><\/span> aquele(a) em dia com a anuidade de 2017.<\/p>\n<p>&nbsp;<\/p>\n<h1><span style=\"color: #ff0000\"><strong>POL\u00cdTICA DE REEMBOLSO<\/strong><\/span><\/h1>\n<p>Caso haja desist\u00eancia da inscri\u00e7\u00e3o da Jornada, o cancelamento ser\u00e1 aceito quando solicitado por e-mail remetido \u00e0 Comiss\u00e3o Organizadora da 37\u00aa Jornada Fluminense de Bot\u00e2nica, at\u00e9 o dia 01 de setembro de 2018. O reembolso ser\u00e1 de 80% do valor pago, sendo o percentual de 20% retido como taxa administrativa. A import\u00e2ncia reembolsada ser\u00e1 paga sem juros e sem corre\u00e7\u00e3o monet\u00e1ria, ap\u00f3s a realiza\u00e7\u00e3o do evento.<\/p>\n<p><span style=\"color: #ff0000\"><strong>Ap\u00f3s 02 de setembro de 2018 n\u00e3o ser\u00e1 aceito pedido de reembolso<\/strong>.<\/span><\/p>\n<p>No e-mail de solicita\u00e7\u00e3o, encaminhado para: <a href=\"mailto:tesouraria37jfb@gmail.com\">tesouraria37jfb@gmail.com<\/a>, dever\u00e3o constar os dados da inscri\u00e7\u00e3o, os dados banc\u00e1rios para ressarcimento, a assinatura do requerente e c\u00f3pia da carteira de identidade do inscrito.<\/p>\n<p><span style=\"color: #ff0000\"><strong>POL\u00cdTICA DE SUBSTITUI\u00c7\u00c3O DE INSCRI\u00c7\u00c3O<\/strong><\/span><\/p>\n<p>A substitui\u00e7\u00e3o ser\u00e1 efetuada at\u00e9 a data limite de 01 de setembro de 2018. O titular da inscri\u00e7\u00e3o dever\u00e1 encaminhar uma <span style=\"color: #ff0000\"><strong>carta assinada<\/strong><\/span> (em formato digital) comunicando formalmente seu nome e dados de sua inscri\u00e7\u00e3o, juntamente com os do substituto para o e-mail da Jornada: <a href=\"mailto:tesouraria37jfb@gmail.com\">tesouraria37jfb@gmail.com<\/a><\/p>\n<p><span style=\"color: #ff0000\"><strong>Observa\u00e7\u00e3o importante:<\/strong><\/span> o substituto deve pertencer \u00e0 mesma categoria do titular da inscri\u00e7\u00e3o.<\/p>\n","protected":false},"excerpt":{"rendered":"<p>ATEN\u00c7\u00c3O Nova Conta para dep\u00f3sito: Banco do Brasil &#8211; ag\u00eancia: 0428-6\u00a0 \u00a0conta corrente: 88096-5\u00a0 \u00a0Sociedade Bot\u00e2nica Brasil A inscri\u00e7\u00e3o deve ser feita atrav\u00e9s do preenchimento do formul\u00e1rio em anexo Favor encaminhar o comprovante de pagamento, comprovante de desconto* e o formul\u00e1rio de inscri\u00e7\u00e3o para o e-mail: tesouraria37jfb@gmail.com Taxas de inscri\u00e7\u00e3o * Considerar-se-\u00e1 aluno(a) aquele(a) que [&hellip;]<\/p>\n","protected":false},"author":3,"featured_media":0,"parent":0,"menu_order":1,"comment_status":"closed","ping_status":"closed","template":"","meta":{"ocean_post_layout":"","ocean_both_sidebars_style":"","ocean_both_sidebars_content_width":0,"ocean_both_sidebars_sidebars_width":0,"ocean_sidebar":"","ocean_second_sidebar":"","ocean_disable_margins":"enable","ocean_add_body_class":"","ocean_shortcode_before_top_bar":"","ocean_shortcode_after_top_bar":"","ocean_shortcode_before_header":"","ocean_shortcode_after_header":"","ocean_has_shortcode":"","ocean_shortcode_after_title":"","ocean_shortcode_before_footer_widgets":"","ocean_shortcode_after_footer_widgets":"","ocean_shortcode_before_footer_bottom":"","ocean_shortcode_after_footer_bottom":"","ocean_display_top_bar":"default","ocean_display_header":"default","ocean_header_style":"","ocean_center_header_left_menu":"","ocean_custom_header_template":"","ocean_custom_logo":0,"ocean_custom_retina_logo":0,"ocean_custom_logo_max_width":0,"ocean_custom_logo_tablet_max_width":0,"ocean_custom_logo_mobile_max_width":0,"ocean_custom_logo_max_height":0,"ocean_custom_logo_tablet_max_height":0,"ocean_custom_logo_mobile_max_height":0,"ocean_header_custom_menu":"","ocean_menu_typo_font_family":"","ocean_menu_typo_font_subset":"","ocean_menu_typo_font_size":0,"ocean_menu_typo_font_size_tablet":0,"ocean_menu_typo_font_size_mobile":0,"ocean_menu_typo_font_size_unit":"px","ocean_menu_typo_font_weight":"","ocean_menu_typo_font_weight_tablet":"","ocean_menu_typo_font_weight_mobile":"","ocean_menu_typo_transform":"","ocean_menu_typo_transform_tablet":"","ocean_menu_typo_transform_mobile":"","ocean_menu_typo_line_height":0,"ocean_menu_typo_line_height_tablet":0,"ocean_menu_typo_line_height_mobile":0,"ocean_menu_typo_line_height_unit":"","ocean_menu_typo_spacing":0,"ocean_menu_typo_spacing_tablet":0,"ocean_menu_typo_spacing_mobile":0,"ocean_menu_typo_spacing_unit":"","ocean_menu_link_color":"","ocean_menu_link_color_hover":"","ocean_menu_link_color_active":"","ocean_menu_link_background":"","ocean_menu_link_hover_background":"","ocean_menu_link_active_background":"","ocean_menu_social_links_bg":"","ocean_menu_social_hover_links_bg":"","ocean_menu_social_links_color":"","ocean_menu_social_hover_links_color":"","ocean_disable_title":"default","ocean_disable_heading":"default","ocean_post_title":"","ocean_post_subheading":"","ocean_post_title_style":"","ocean_post_title_background_color":"","ocean_post_title_background":0,"ocean_post_title_bg_image_position":"","ocean_post_title_bg_image_attachment":"","ocean_post_title_bg_image_repeat":"","ocean_post_title_bg_image_size":"","ocean_post_title_height":0,"ocean_post_title_bg_overlay":0.5,"ocean_post_title_bg_overlay_color":"","ocean_disable_breadcrumbs":"default","ocean_breadcrumbs_color":"","ocean_breadcrumbs_separator_color":"","ocean_breadcrumbs_links_color":"","ocean_breadcrumbs_links_hover_color":"","ocean_display_footer_widgets":"default","ocean_display_footer_bottom":"default","ocean_custom_footer_template":"","footnotes":""},"class_list":["post-134","page","type-page","status-publish","hentry","entry"],"_links":{"self":[{"href":"https:\/\/uenf.br\/eventos\/jornadafluminensedebotanica\/wp-json\/wp\/v2\/pages\/134","targetHints":{"allow":["GET"]}}],"collection":[{"href":"https:\/\/uenf.br\/eventos\/jornadafluminensedebotanica\/wp-json\/wp\/v2\/pages"}],"about":[{"href":"https:\/\/uenf.br\/eventos\/jornadafluminensedebotanica\/wp-json\/wp\/v2\/types\/page"}],"author":[{"embeddable":true,"href":"https:\/\/uenf.br\/eventos\/jornadafluminensedebotanica\/wp-json\/wp\/v2\/users\/3"}],"replies":[{"embeddable":true,"href":"https:\/\/uenf.br\/eventos\/jornadafluminensedebotanica\/wp-json\/wp\/v2\/comments?post=134"}],"version-history":[{"count":0,"href":"https:\/\/uenf.br\/eventos\/jornadafluminensedebotanica\/wp-json\/wp\/v2\/pages\/134\/revisions"}],"wp:attachment":[{"href":"https:\/\/uenf.br\/eventos\/jornadafluminensedebotanica\/wp-json\/wp\/v2\/media?parent=134"}],"curies":[{"name":"wp","href":"https:\/\/api.w.org\/{rel}","templated":true}]}}