{"id":2,"date":"2018-07-05T16:03:09","date_gmt":"2018-07-05T19:03:09","guid":{"rendered":"http:\/\/uenf.br\/evento\/jornadafluminensedebotanica\/?page_id=2"},"modified":"2019-08-15T09:39:27","modified_gmt":"2019-08-15T12:39:27","slug":"apresentacao","status":"publish","type":"page","link":"https:\/\/uenf.br\/eventos\/jornadafluminensedebotanica\/","title":{"rendered":"Apresenta\u00e7\u00e3o"},"content":{"rendered":"<h1 style=\"text-align: center;\"><span style=\"color: #ff0000;\">ATEN\u00c7\u00c3O<\/span><\/h1>\n<h1><span style=\"color: #ff00ff;\"><strong>Livro de Resumos dispon\u00edvel! <a href=\"http:\/\/uenf.br\/eventos\/jornadafluminensedebotanica\/livro-programacao-e-resumos-jornada-fluminense-de-botanica-2018\/\">Clique aqui<\/a>.<\/strong><\/span><\/h1>\n<h2><\/h2>\n<h2><span style=\"color: #ff0000;\">ATEN\u00c7\u00c3O: O EVENTO EST\u00c1 SENDO REALIZADO NO <strong>CENTRO DE CONVEN\u00c7\u00d5ES DA UENF<\/strong>!<\/span><\/h2>\n<p><img loading=\"lazy\" decoding=\"async\" class=\"alignnone wp-image-681 size-full\" src=\"https:\/\/uenf.br\/eventos\/jornadafluminensedebotanica\/wp-content\/uploads\/sites\/2\/2018\/09\/apit\u00e3o.jpg\" alt=\"\" width=\"276\" height=\"183\" \/><\/p>\n<p>&nbsp;<\/p>\n<h2><span style=\"color: #800080;\"><strong>O que \u00e9 o evento?<\/strong><\/span><\/h2>\n<hr \/>\n<p>A Jornada Fluminense de Bot\u00e2nica \u00e9 uma reuni\u00e3o dos bot\u00e2nicos do estado do Rio de Janeiro promovida pela Sociedade Bot\u00e2nica do Brasil &#8211; diretoria Rio de Janeiro. Realizada anualmente por uma institui\u00e7\u00e3o de ensino superior ligada a extens\u00e3o e\/ou pesquisa em Biologia Vegetal, este ano o evento ocorrer\u00e1 de 12 a 15 de setembro, na <a href=\"http:\/\/www.uenf.br\" target=\"_blank\" rel=\"noopener noreferrer\">Universidade Estadual do Norte Fluminense Darcy Ribeiro<\/a> &#8211; UENF, localizada no munic\u00edpio de Campos dos Goytacazes, cujo o tema ser\u00e1<span style=\"color: #800080;\"> <strong>&#8220;As plantas e os seus rel\u00f3gios biol\u00f3gicos&#8221;<\/strong><span style=\"color: #000000;\">.<\/span><\/span><\/p>\n<p>O evento conta com a participa\u00e7\u00e3o e a contribui\u00e7\u00e3o do que h\u00e1 de mais expressivo na ci\u00eancia bot\u00e2nica no estado do Rio de Janeiro e tem como miss\u00e3o: divulgar os avan\u00e7os obtidos na bot\u00e2nica e apontar, recomendar e sugerir a\u00e7\u00f5es e mecanismos para a \u00e1rea ambiental fluminense, colocando a disposi\u00e7\u00e3o da comunidade cient\u00edfica e de pessoas interessadas informa\u00e7\u00f5es voltadas para a conserva\u00e7\u00e3o da natureza e dos recursos naturais, sendo assim o principal f\u00f3rum de debates sobre a\u00a0 Flora Fluminense.<\/p>\n<h2><strong><span style=\"color: #800080;\">P\u00fablico alvo<\/span><\/strong><\/h2>\n<p>O evento \u00e9 voltado a alunos, tanto de gradua\u00e7\u00e3o como de p\u00f3s-gradua\u00e7\u00e3o, professores e pesquisadores, e aberto a todos os interessados na conserva\u00e7\u00e3o e na sustentabilidade dos recursos naturais, especialmente nos componentes da flora. O Rio de Janeiro, estado com maior n\u00famero de associados da Sociedade Brasileira de Bot\u00e2nica,\u00a0 apresenta muitas institui\u00e7\u00f5es com estudantes da \u00e1rea.<\/p>\n<p>Estimativa de Participa\u00e7\u00e3o:<\/p>\n<p>Pesquisadores\/Professores<\/p>\n<ul>\n<li>Do Estado: 70<\/li>\n<li>De outras Unidades da federa\u00e7\u00e3o: 20<\/li>\n<\/ul>\n<p>Alunos de gradua\u00e7\u00e3o<\/p>\n<ul>\n<li>Do Estado: 180<\/li>\n<li>De outras Unidades da federa\u00e7\u00e3o: 40<\/li>\n<\/ul>\n<p>Alunos de P\u00f3s-gradua\u00e7\u00e3o:<\/p>\n<ul>\n<li>Do Estado: 180<\/li>\n<li>De outras Unidades da federa\u00e7\u00e3o: 30<\/li>\n<\/ul>\n<p>Estimativa de p\u00fablico: 520<\/p>\n<h2><span style=\"color: #800080;\"><strong>Objetivos do evento<\/strong><\/span><\/h2>\n<p>1. Estimular, ampliar as discuss\u00f5es e divulgar as informa\u00e7\u00f5es e os avan\u00e7os obtidos nas quest\u00f5es relacionadas \u00e0 Flora do Rio de Janeiro;<\/p>\n<p>2. Gerar produtos que concretamente possam enriquecer e subsidiar as autoridades municipais e estaduais nas tomadas de decis\u00f5es em defesa da conserva\u00e7\u00e3o da natureza e dos seus recursos;<\/p>\n<p>3. Discutir mecanismos e estrat\u00e9gias para o aprimoramento do ensino da Bot\u00e2nica na forma\u00e7\u00e3o de recursos humanos nessa \u00e1rea de conhecimento.<\/p>\n<p>4. Promover cursos visando principalmente \u00e0 atualiza\u00e7\u00e3o dos profissionais e alunos nas diversas \u00e1reas da Bot\u00e2nica.<\/p>\n<h1><\/h1>\n<h1 style=\"text-align: left;\"><span style=\"color: #800080;\"><strong>Planta s\u00edmbolo<\/strong><\/span><\/h1>\n<hr \/>\n<p style=\"text-align: left;\"><em>Barbacenia<\/em> <em>purpurea <\/em>Hook. (Velloziaceae) \u00e9 uma esp\u00e9cie rup\u00edcula terr\u00edcola, com ocorr\u00eancia em \u00e1reas de afloramento rochoso dos estados de Minas Gerais e Rio de Janeiro. No estado do Rio de Janeiro ela ocorre principalmente no Maci\u00e7o do Itaoca, um dos \u00faltimos remanescentes de Floresta Atl\u00e2ntica localizada do munic\u00edpio de Campos dos Goytacazes e que atualmente sofre amea\u00e7as constantes com atividades de turismo e encontra-se sob degrada\u00e7\u00e3o principalmente devido \u00e0s atividades de minera\u00e7\u00e3o, implanta\u00e7\u00e3o de culturas de cana-de-a\u00e7\u00facar e pastagens.<\/p>\n<figure id=\"attachment_148\" aria-describedby=\"caption-attachment-148\" style=\"width: 1280px\" class=\"wp-caption alignnone\"><img loading=\"lazy\" decoding=\"async\" class=\"wp-image-148 size-full\" src=\"https:\/\/uenf.br\/eventos\/jornadafluminensedebotanica\/wp-content\/uploads\/sites\/2\/2018\/07\/barbacenia-purpurea-foto.jpg\" alt=\"\" width=\"1280\" height=\"1218\" \/><figcaption id=\"caption-attachment-148\" class=\"wp-caption-text\">Barbacenia purpurea Hook.<\/figcaption><\/figure>\n<h2 style=\"text-align: left;\"><span style=\"color: #800080;\"><strong>Comiss\u00e3o Cient\u00edfica<\/strong><\/span><\/h2>\n<hr \/>\n<p><strong>Comiss\u00e3o Organizadora:<\/strong><\/p>\n<p>Coordenadora geral: Dra. Maura da Cunha (UENF)<br \/>\nVice-Coordenador geral: Dr. Marcelo Trindade Nascimento (UENF)<br \/>\n1\u00aa Secret\u00e1ria: Dra. \u00c2ngela Pierre Vit\u00f3ria (UENF)<br \/>\n2\u00aa Secret\u00e1ria: Dra. Ant\u00f4nia Elenir Am\u00e2ncio Oliveira (UENF)<br \/>\nTesoureira: Kathlyn Vasconcelo Gev\u00fa (UFRRJ)<\/p>\n<p><strong>Coordenadores cient\u00edficos:<\/strong><\/p>\n<p>Dra. C\u00e1tia Henriques Callado (UERJ)<br \/>\nDra. Claudia Franca Barros (JBRJ)<br \/>\nDra. Helena Regina Pinto Lima (UFRRJ)<br \/>\nDr. Sebasti\u00e3o Jos\u00e9 da Silva Neto (UERJ)<br \/>\nDra. Lana Sylvestre (UFRJ)<br \/>\nDra. Adriana Lob\u00e3o (UFF)<br \/>\nDra. Denise Espellet Klein (UNIRIO)<br \/>\nDr. Marcus Nadruz (JBRJ)<br \/>\nDra. Dora Villela (UENF)<br \/>\nDra. Mariana Machado Saavedra (UFRJ)<br \/>\nDra. Dulce Mantuano (UFRJ)<br \/>\nDra. Valdirene Moreira Gomes (UENF)<br \/>\nDra. Deborah Barroso (UENF)<br \/>\nDr. Luis Fernando Duarte Moraes (EmprapaRio)<\/p>\n<p><strong>Comiss\u00e3o de apoio:<\/strong><\/p>\n<p>Dr\u00aa Aline Alves do Nascimento (UENF)<\/p>\n<p>Dr\u00aa Camilla Ribeiro Alexandrino (UENF)<\/p>\n<p>Dr\u00aa Dalvania Pinho Domingues (UENF)<\/p>\n<p>Dr\u00aa Glaziele Campbell da Silva (UENF)<\/p>\n<p>Dr\u00aa Kathlyn Vasconcelos Gev\u00fa (UENF)<\/p>\n<p>Dr\u00aa Tatiane de Oliveira Vieira (UENF)<\/p>\n<p>Dr Warlen da Silva Costa (UENF)<\/p>\n<p>Msc Douglas Rodrigues Ribeiro (UENF)<\/p>\n<p>Msc Kayan Eudorico Ventury Baptista (UENF)<\/p>\n<p>Msc Maria Aparecida Ata\u00edde Bertonceli (UENF)<\/p>\n<p>Msc Mariana Faitanin (UENF)<\/p>\n<p>Msc Marcos Jos\u00e9 Pessoa (UENF)<\/p>\n<p>Msc Priscila Simioni (UENF)<\/p>\n<p>Msc Saulo Pireda (UENF)<\/p>\n<p>Msc Vanessa Xavier (UENF)<\/p>\n<p>Bi\u00f3loga Amanda L\u00facia Pereira Machado da Silva (UENF)<\/p>\n<p>Bi\u00f3logo Gustavo Viana Freitas (UENF)<\/p>\n","protected":false},"excerpt":{"rendered":"<p>ATEN\u00c7\u00c3O Livro de Resumos dispon\u00edvel! Clique aqui. ATEN\u00c7\u00c3O: O EVENTO EST\u00c1 SENDO REALIZADO NO CENTRO DE CONVEN\u00c7\u00d5ES DA UENF! &nbsp; O que \u00e9 o evento? A Jornada Fluminense de Bot\u00e2nica \u00e9 uma reuni\u00e3o dos bot\u00e2nicos do estado do Rio de Janeiro promovida pela Sociedade Bot\u00e2nica do Brasil &#8211; diretoria Rio de Janeiro. Realizada anualmente por [&hellip;]<\/p>\n","protected":false},"author":2,"featured_media":0,"parent":0,"menu_order":0,"comment_status":"closed","ping_status":"closed","template":"","meta":{"ocean_post_layout":"","ocean_both_sidebars_style":"","ocean_both_sidebars_content_width":0,"ocean_both_sidebars_sidebars_width":0,"ocean_sidebar":"0","ocean_second_sidebar":"0","ocean_disable_margins":"enable","ocean_add_body_class":"","ocean_shortcode_before_top_bar":"","ocean_shortcode_after_top_bar":"","ocean_shortcode_before_header":"","ocean_shortcode_after_header":"","ocean_has_shortcode":"","ocean_shortcode_after_title":"","ocean_shortcode_before_footer_widgets":"","ocean_shortcode_after_footer_widgets":"","ocean_shortcode_before_footer_bottom":"","ocean_shortcode_after_footer_bottom":"","ocean_display_top_bar":"default","ocean_display_header":"default","ocean_header_style":"","ocean_center_header_left_menu":"0","ocean_custom_header_template":"0","ocean_custom_logo":0,"ocean_custom_retina_logo":0,"ocean_custom_logo_max_width":0,"ocean_custom_logo_tablet_max_width":0,"ocean_custom_logo_mobile_max_width":0,"ocean_custom_logo_max_height":0,"ocean_custom_logo_tablet_max_height":0,"ocean_custom_logo_mobile_max_height":0,"ocean_header_custom_menu":"0","ocean_menu_typo_font_family":"0","ocean_menu_typo_font_subset":"","ocean_menu_typo_font_size":0,"ocean_menu_typo_font_size_tablet":0,"ocean_menu_typo_font_size_mobile":0,"ocean_menu_typo_font_size_unit":"px","ocean_menu_typo_font_weight":"","ocean_menu_typo_font_weight_tablet":"","ocean_menu_typo_font_weight_mobile":"","ocean_menu_typo_transform":"","ocean_menu_typo_transform_tablet":"","ocean_menu_typo_transform_mobile":"","ocean_menu_typo_line_height":0,"ocean_menu_typo_line_height_tablet":0,"ocean_menu_typo_line_height_mobile":0,"ocean_menu_typo_line_height_unit":"","ocean_menu_typo_spacing":0,"ocean_menu_typo_spacing_tablet":0,"ocean_menu_typo_spacing_mobile":0,"ocean_menu_typo_spacing_unit":"","ocean_menu_link_color":"","ocean_menu_link_color_hover":"","ocean_menu_link_color_active":"","ocean_menu_link_background":"","ocean_menu_link_hover_background":"","ocean_menu_link_active_background":"","ocean_menu_social_links_bg":"","ocean_menu_social_hover_links_bg":"","ocean_menu_social_links_color":"","ocean_menu_social_hover_links_color":"","ocean_disable_title":"default","ocean_disable_heading":"default","ocean_post_title":"","ocean_post_subheading":"","ocean_post_title_style":"","ocean_post_title_background_color":"","ocean_post_title_background":0,"ocean_post_title_bg_image_position":"","ocean_post_title_bg_image_attachment":"","ocean_post_title_bg_image_repeat":"","ocean_post_title_bg_image_size":"","ocean_post_title_height":0,"ocean_post_title_bg_overlay":0.5,"ocean_post_title_bg_overlay_color":"","ocean_disable_breadcrumbs":"default","ocean_breadcrumbs_color":"","ocean_breadcrumbs_separator_color":"","ocean_breadcrumbs_links_color":"","ocean_breadcrumbs_links_hover_color":"","ocean_display_footer_widgets":"default","ocean_display_footer_bottom":"default","ocean_custom_footer_template":"0","footnotes":""},"class_list":["post-2","page","type-page","status-publish","hentry","entry"],"_links":{"self":[{"href":"https:\/\/uenf.br\/eventos\/jornadafluminensedebotanica\/wp-json\/wp\/v2\/pages\/2","targetHints":{"allow":["GET"]}}],"collection":[{"href":"https:\/\/uenf.br\/eventos\/jornadafluminensedebotanica\/wp-json\/wp\/v2\/pages"}],"about":[{"href":"https:\/\/uenf.br\/eventos\/jornadafluminensedebotanica\/wp-json\/wp\/v2\/types\/page"}],"author":[{"embeddable":true,"href":"https:\/\/uenf.br\/eventos\/jornadafluminensedebotanica\/wp-json\/wp\/v2\/users\/2"}],"replies":[{"embeddable":true,"href":"https:\/\/uenf.br\/eventos\/jornadafluminensedebotanica\/wp-json\/wp\/v2\/comments?post=2"}],"version-history":[{"count":0,"href":"https:\/\/uenf.br\/eventos\/jornadafluminensedebotanica\/wp-json\/wp\/v2\/pages\/2\/revisions"}],"wp:attachment":[{"href":"https:\/\/uenf.br\/eventos\/jornadafluminensedebotanica\/wp-json\/wp\/v2\/media?parent=2"}],"curies":[{"name":"wp","href":"https:\/\/api.w.org\/{rel}","templated":true}]}}