{"id":205,"date":"2018-07-16T15:26:05","date_gmt":"2018-07-16T18:26:05","guid":{"rendered":"http:\/\/uenf.br\/evento\/jornadafluminensedebotanica\/?page_id=205"},"modified":"2018-07-19T11:32:19","modified_gmt":"2018-07-19T14:32:19","slug":"exposicoes","status":"publish","type":"page","link":"https:\/\/uenf.br\/eventos\/jornadafluminensedebotanica\/exposicoes\/","title":{"rendered":"Exposi\u00e7\u00f5es"},"content":{"rendered":"<h2><span style=\"color: #800080\">CONCURSO DE FOTOGRAFIA <strong>\u201cAs plantas e seu rel\u00f3gio biol\u00f3gico\u201d<\/strong><\/span><\/h2>\n<p><strong>REGULAMENTO<\/strong><\/p>\n<p><strong>1.\u00a0P\u00daBLICO ALVO<\/strong><\/p>\n<p>1.1. Graduados, P\u00f3s-graduandos e Pesquisadores\/Docentes inscritos da 37\u00ba JBF.<\/p>\n<p>1.2 . <strong>Haver\u00e1 premia\u00e7\u00e3o e certificado para o primeiro colocado em cada categoria<\/strong><\/p>\n<p>1.3. Componentes da Comiss\u00e3o Organizadora e Comiss\u00e3o Julgadora n\u00e3o poder\u00e3o se inscrever, bem como p\u00f3s-graduandos que tenham v\u00ednculo direto de orienta\u00e7\u00e3o com membros dessa comiss\u00e3o.<\/p>\n<p><strong>2.<\/strong> <strong>DA INSCRI\u00c7\u00c3O<\/strong><\/p>\n<p>2.1 A inscri\u00e7\u00e3o para o concurso ser\u00e1 realizada de 12 a 31 de agosto de 2018, com a <strong>entrega da fotografia impressa no formato 20 x 25 em papel fosco<\/strong>, juntamente com a <strong>FICHA DE INSCRI\u00c7\u00c3O<\/strong>, e os formul\u00e1rios de <strong>DECLARA\u00c7\u00c3O DE RESPONSABILIDADE SOBRE A AUTORIA DA FOTOGRAFIA \u2013 AUTORIZA\u00c7\u00c3O DE USO DE IMAGENS<\/strong>, devidamente preenchidas e assinadas. As fichas e os formul\u00e1rios estar\u00e3o dispon\u00edveis na p\u00e1gina eletr\u00f4nica da 37\u00ba Jornada Fluminense de Bot\u00e2nica (<a href=\"http:\/\/www.uenf.br\/evento\/jornadafluminensedebotanica\/\">www.uenf.br\/evento\/jornadafluminensedebotanica\/<\/a>). A entrega do material ser\u00e1 feita no seguinte endere\u00e7o: a)<strong> UENF \u2013 CBB\/LBCT P2 sala 25 \u2013 Das 9 \u00e0s 12 horas &#8211; Avenida Alberto Lamego, 2000, Parque Calif\u00f3rnia, Campos dos Goytacazes. CEP 28015-602<\/strong><\/p>\n<p>2.2. Cada participante poder\u00e1 inscrever at\u00e9 duas fotografias de sua autoria em cada categoria do concurso, que se enquadrem no tema: \u201cAs plantas e seu rel\u00f3gio biol\u00f3gico\u201d. As fotos dever\u00e3o se referir a temas relacionados \u00e0 pesquisa cient\u00edfica, ou conceito de \u201cPlantas\u201d, dentro dos crit\u00e9rios de avalia\u00e7\u00e3o do concurso. Poder\u00e3o ser utilizados programas de edi\u00e7\u00e3o de imagens, e composi\u00e7\u00e3o de imagens que ressaltem os aspectos art\u00edsticos da imagem, dentro do tema do concurso.<\/p>\n<p>2.3. As fotografias dever\u00e3o ser apresentadas como pertencentes a uma das duas categorias do concurso, escolhida pelo autor no ato da inscri\u00e7\u00e3o, a saber: a) Categoria \u201cAs Plantas\u201d \u2013 Fotografias de objetos vis\u00edveis a olho desarmado, com lentes convencionais. b) Categoria \u201cA bot\u00e2nica que n\u00e3o se v\u00ea\u201d \u2013 Fotografias obtidas com instrumentos especializados, como lentes macro, microsc\u00f3pios \u00f3pticos ou eletr\u00f4nicos, radioimagens, telesc\u00f3pios, ou qualquer outro equipamento que possibilite uma vis\u00e3o do objeto al\u00e9m das possibilidades do olho desarmado 2.4. As fotografias devem estar acompanhadas de t\u00edtulo, que dever\u00e1 sintetizar a percep\u00e7\u00e3o do autor acerca da fotografia em quest\u00e3o.<\/p>\n<p>2.5. A Comiss\u00e3o Organizadora deste concurso est\u00e1 totalmente isenta de qualquer implica\u00e7\u00e3o legal que as imagens possam motivar.<\/p>\n<p>2.6. O material apresentado, depois de efetivada a inscri\u00e7\u00e3o, n\u00e3o poder\u00e1 ser trocado ou removido, em parte ou no todo.<\/p>\n<p>2.7. O ato de inscri\u00e7\u00e3o implica na aceita\u00e7\u00e3o t\u00e1cita dos regulamentos do concurso e na afirma\u00e7\u00e3o da autoria das fotos, considerando-se \u201cautor\u201d o executor da pe\u00e7a fotogr\u00e1fica, sendo proibida a utiliza\u00e7\u00e3o de imagens executadas por outrem, que n\u00e3o o pr\u00f3prio autor, na composi\u00e7\u00e3o fotogr\u00e1fica. No caso de imagem diretamente relacionada a um projeto de pesquisa o autor assume o \u00f4nus legal da divulga\u00e7\u00e3o p\u00fablica das referidas imagens em casos que envolvam pl\u00e1gio, patentes, ou situa\u00e7\u00f5es semelhantes. Recomenda-se que os alunos de gradua\u00e7\u00e3o e p\u00f3s-gradua\u00e7\u00e3o \u00a0apresentem imagens relacionadas a projetos de pesquisa recebam autoriza\u00e7\u00e3o pr\u00e9via para a divulga\u00e7\u00e3o das imagens.<\/p>\n<p><a href=\"http:\/\/uenf.br\/evento\/jornadafluminensedebotanica\/wp-content\/uploads\/sites\/2\/2018\/07\/concurso-de-fotografias-formul\u00e1rios-final.docx\"><img loading=\"lazy\" decoding=\"async\" class=\"size-full wp-image-289 aligncenter\" src=\"http:\/\/uenf.br\/evento\/jornadafluminensedebotanica\/wp-content\/uploads\/sites\/2\/2018\/07\/Ficha-de-inscri\u00e7\u00e3o-logo.jpg\" alt=\"\" width=\"475\" height=\"139\" \/><\/a><\/p>\n<p><strong>3.<\/strong> <strong>DA SELE\u00c7\u00c3O, AVALIA\u00c7\u00c3O E DIVULGA\u00c7\u00c3O DOS RESULTADOS.<\/strong><\/p>\n<p>3.1. O material inscrito passar\u00e1 por um processo de sele\u00e7\u00e3o realizado por uma Comiss\u00e3o Julgadora composta por convidados pela Comiss\u00e3o Organizadora do concurso.<\/p>\n<p>3.2. N\u00e3o ser\u00e3o selecionadas as fotografias julgadas impr\u00f3prias pela organiza\u00e7\u00e3o do concurso, ou seja, fotos que contenham conota\u00e7\u00e3o contr\u00e1ria aos bons costumes, \u00e0 moral ou \u00e0 legisla\u00e7\u00e3o, ou incitem viol\u00eancia ou pr\u00e1ticas de atos ilegais, ou ainda, que apresentem car\u00e1ter de propaganda comercial de produtos, a crit\u00e9rio da comiss\u00e3o organizadora.<\/p>\n<p>3.3. As fotos selecionadas ser\u00e3o enviadas \u00e0 referida Comiss\u00e3o Julgadora cuja decis\u00e3o ser\u00e1 soberana. A Comiss\u00e3o Julgadora escolher\u00e1 as 3 (tr\u00eas) melhores fotos de cada categoria inscritas nesse concurso, com base nos seguintes crit\u00e9rios de avalia\u00e7\u00e3o: 1. Impacto Visual que contribui com a narrativa do tema proposto; 2. Coer\u00eancia visual com o tema proposto; 3 &#8211; Originalidade com rela\u00e7\u00e3o ao tema proposto; 4. Contribui\u00e7\u00e3o narrativa ao tema proposto. 3.4. O resultado final ser\u00e1 divulgado no dia 14 de setembro durante o encerramento da Jornada Fluminense de Bot\u00e2nica.<\/p>\n<p>3.5. S\u00f3 ser\u00e3o aceitas contesta\u00e7\u00f5es ao resultado final durante o prazo de dois dias \u00fateis ap\u00f3s a divulga\u00e7\u00e3o dos resultados. Qualquer requerimento nesse sentido dever\u00e1 ser feito no setor de protocolo da UENF e encaminhado \u00e0 comiss\u00e3o julgadora do concurso Diretoria do CBB\/UENF, que ter\u00e1 um prazo de 10 dias \u00fateis para se pronunciar.<\/p>\n<p>3.6. Todas as fotografias inscritas participar\u00e3o de uma exposi\u00e7\u00e3o durante a 37\u00ba JFB.<\/p>\n<p>3.7. Casos de pl\u00e1gio, falsa autoria ou uso n\u00e3o autorizado de imagens inseridas em projetos de pesquisa de autoria intelectual de outrem, desde que devidamente comprovados, conforme delibera\u00e7\u00e3o da Comiss\u00e3o Organizadora, implicar\u00e3o na desclassifica\u00e7\u00e3o sum\u00e1ria e no acionamento do(a) candidato para devolu\u00e7\u00e3o e\/ou ressarcimento de premia\u00e7\u00e3o deste(a) candidato(a), assim como san\u00e7\u00f5es penais cab\u00edveis. Den\u00fancias sobre tais casos s\u00f3 ser\u00e3o aceitas at\u00e9 no m\u00e1ximo dois dias \u00fateis ap\u00f3s a divulga\u00e7\u00e3o do resultado do concurso, conforme o item 3.4.<\/p>\n<p><strong>4.<\/strong> <strong>DA COMISS\u00c3O JULGADORA<\/strong><\/p>\n<p>4.1. O julgamento t\u00e9cnico ser\u00e1 realizado por uma Comiss\u00e3o julgadora composta por representantes da UENF, a serem nomeados pela Comiss\u00e3o Organizadora do concurso.<\/p>\n<p>4.2. Haver\u00e1 ainda a escolha da melhor fotografia por um j\u00fari popular. A vota\u00e7\u00e3o popular ser\u00e1 feita entre os dias 12 a 14 de Setembro durante a exposi\u00e7\u00e3o das fotografias que acontecer\u00e1 no Centro de Conven\u00e7\u00f5es da UENF.<\/p>\n<p><strong>5.<\/strong> <strong>DA PREMIA\u00c7\u00c3O<\/strong><\/p>\n<p>5.1. Ser\u00e3o premiadas as fotografias que, segundo os crit\u00e9rios classificat\u00f3rios, obtiverem a Primeira coloca\u00e7\u00e3o no quadro classificat\u00f3rio geral. A Sess\u00e3o de Premia\u00e7\u00e3o ocorrer\u00e1 durante o encerramento da 37\u00ba JFB, no dia 14 de Setembro de 2018, a partir das 18 horas.<\/p>\n<p>5.2. Os pr\u00eamios ser\u00e3o divididos em duas categorias, \u201cAs Plantas\u201d e \u201cA bot\u00e2nica que n\u00e3o se v\u00ea\u201d, sendo premiadas as melhores fotos em primeiro lugar em cada categoria.<\/p>\n<p>5.3. Pelo j\u00fari popular apenas uma fotografia ser\u00e1 premiada, independente da categoria.<\/p>\n<p><strong>6.<\/strong> <strong>OUTRAS INFORMA\u00c7\u00d5ES<\/strong><\/p>\n<p>6.1. Os inscritos neste concurso, selecionados ou n\u00e3o, autorizam a partir da entrega da ficha de inscri\u00e7\u00e3o assinada, a publica\u00e7\u00e3o de suas fotos, sem fins comerciais, em qualquer um dos meios escolhidos pelo evento para divulga\u00e7\u00e3o deste concurso, por prazo indeterminado;<\/p>\n<p>6.2. Trabalhos que n\u00e3o atenderem \u00e0s exig\u00eancias deste regulamento ser\u00e3o desclassificados;<\/p>\n<p>6.3. O procedimento e a assinatura da ficha de inscri\u00e7\u00e3o vinculam o participante \u00e0 aceita\u00e7\u00e3o deste regulamento. Os casos omissos ser\u00e3o solucionados pela Comiss\u00e3o Organizadora do concurso.<\/p>\n<p>6.4. Quaisquer d\u00favidas n\u00e3o solucionadas por este regulamento devem ser encaminhadas para a organiza\u00e7\u00e3o pelo e-mail: <a href=\"mailto:secretaria37jfb@gmail.com\">secretaria37jfb@gmail.com<\/a><\/p>\n<p>6.5. O n\u00e3o cumprimento de quaisquer das regras deste regulamento poder\u00e1 causar, a crit\u00e9rio dos organizadores, a desclassifica\u00e7\u00e3o da fotografia e do participante. O ato da inscri\u00e7\u00e3o neste concurso implica na aceita\u00e7\u00e3o de todos os itens deste regulamento.<\/p>\n<p><strong>Jo\u00e3o Carlos Aquino Almeida<\/strong><\/p>\n<p><strong>Maur\u00edcio Falc\u00e3o Aguiar<\/strong><\/p>\n<p><strong>Valdirene Moreira Gomes<\/strong><\/p>\n<p><strong>Rosana Rodrigues<\/strong><\/p>\n<p><span style=\"color: #800080\"><em>Comiss\u00e3o Organizadora\u00a0<\/em><\/span><\/p>\n","protected":false},"excerpt":{"rendered":"<p>CONCURSO DE FOTOGRAFIA \u201cAs plantas e seu rel\u00f3gio biol\u00f3gico\u201d REGULAMENTO 1.\u00a0P\u00daBLICO ALVO 1.1. Graduados, P\u00f3s-graduandos e Pesquisadores\/Docentes inscritos da 37\u00ba JBF. 1.2 . Haver\u00e1 premia\u00e7\u00e3o e certificado para o primeiro colocado em cada categoria 1.3. Componentes da Comiss\u00e3o Organizadora e Comiss\u00e3o Julgadora n\u00e3o poder\u00e3o se inscrever, bem como p\u00f3s-graduandos que tenham v\u00ednculo direto de orienta\u00e7\u00e3o [&hellip;]<\/p>\n","protected":false},"author":6,"featured_media":0,"parent":0,"menu_order":8,"comment_status":"closed","ping_status":"closed","template":"","meta":{"ocean_post_layout":"","ocean_both_sidebars_style":"","ocean_both_sidebars_content_width":0,"ocean_both_sidebars_sidebars_width":0,"ocean_sidebar":"","ocean_second_sidebar":"","ocean_disable_margins":"enable","ocean_add_body_class":"","ocean_shortcode_before_top_bar":"","ocean_shortcode_after_top_bar":"","ocean_shortcode_before_header":"","ocean_shortcode_after_header":"","ocean_has_shortcode":"","ocean_shortcode_after_title":"","ocean_shortcode_before_footer_widgets":"","ocean_shortcode_after_footer_widgets":"","ocean_shortcode_before_footer_bottom":"","ocean_shortcode_after_footer_bottom":"","ocean_display_top_bar":"default","ocean_display_header":"default","ocean_header_style":"","ocean_center_header_left_menu":"","ocean_custom_header_template":"","ocean_custom_logo":0,"ocean_custom_retina_logo":0,"ocean_custom_logo_max_width":0,"ocean_custom_logo_tablet_max_width":0,"ocean_custom_logo_mobile_max_width":0,"ocean_custom_logo_max_height":0,"ocean_custom_logo_tablet_max_height":0,"ocean_custom_logo_mobile_max_height":0,"ocean_header_custom_menu":"","ocean_menu_typo_font_family":"","ocean_menu_typo_font_subset":"","ocean_menu_typo_font_size":0,"ocean_menu_typo_font_size_tablet":0,"ocean_menu_typo_font_size_mobile":0,"ocean_menu_typo_font_size_unit":"px","ocean_menu_typo_font_weight":"","ocean_menu_typo_font_weight_tablet":"","ocean_menu_typo_font_weight_mobile":"","ocean_menu_typo_transform":"","ocean_menu_typo_transform_tablet":"","ocean_menu_typo_transform_mobile":"","ocean_menu_typo_line_height":0,"ocean_menu_typo_line_height_tablet":0,"ocean_menu_typo_line_height_mobile":0,"ocean_menu_typo_line_height_unit":"","ocean_menu_typo_spacing":0,"ocean_menu_typo_spacing_tablet":0,"ocean_menu_typo_spacing_mobile":0,"ocean_menu_typo_spacing_unit":"","ocean_menu_link_color":"","ocean_menu_link_color_hover":"","ocean_menu_link_color_active":"","ocean_menu_link_background":"","ocean_menu_link_hover_background":"","ocean_menu_link_active_background":"","ocean_menu_social_links_bg":"","ocean_menu_social_hover_links_bg":"","ocean_menu_social_links_color":"","ocean_menu_social_hover_links_color":"","ocean_disable_title":"default","ocean_disable_heading":"default","ocean_post_title":"","ocean_post_subheading":"","ocean_post_title_style":"","ocean_post_title_background_color":"","ocean_post_title_background":0,"ocean_post_title_bg_image_position":"","ocean_post_title_bg_image_attachment":"","ocean_post_title_bg_image_repeat":"","ocean_post_title_bg_image_size":"","ocean_post_title_height":0,"ocean_post_title_bg_overlay":0.5,"ocean_post_title_bg_overlay_color":"","ocean_disable_breadcrumbs":"default","ocean_breadcrumbs_color":"","ocean_breadcrumbs_separator_color":"","ocean_breadcrumbs_links_color":"","ocean_breadcrumbs_links_hover_color":"","ocean_display_footer_widgets":"default","ocean_display_footer_bottom":"default","ocean_custom_footer_template":"","footnotes":""},"class_list":["post-205","page","type-page","status-publish","hentry","entry"],"_links":{"self":[{"href":"https:\/\/uenf.br\/eventos\/jornadafluminensedebotanica\/wp-json\/wp\/v2\/pages\/205","targetHints":{"allow":["GET"]}}],"collection":[{"href":"https:\/\/uenf.br\/eventos\/jornadafluminensedebotanica\/wp-json\/wp\/v2\/pages"}],"about":[{"href":"https:\/\/uenf.br\/eventos\/jornadafluminensedebotanica\/wp-json\/wp\/v2\/types\/page"}],"author":[{"embeddable":true,"href":"https:\/\/uenf.br\/eventos\/jornadafluminensedebotanica\/wp-json\/wp\/v2\/users\/6"}],"replies":[{"embeddable":true,"href":"https:\/\/uenf.br\/eventos\/jornadafluminensedebotanica\/wp-json\/wp\/v2\/comments?post=205"}],"version-history":[{"count":0,"href":"https:\/\/uenf.br\/eventos\/jornadafluminensedebotanica\/wp-json\/wp\/v2\/pages\/205\/revisions"}],"wp:attachment":[{"href":"https:\/\/uenf.br\/eventos\/jornadafluminensedebotanica\/wp-json\/wp\/v2\/media?parent=205"}],"curies":[{"name":"wp","href":"https:\/\/api.w.org\/{rel}","templated":true}]}}