{"id":208,"date":"2018-07-16T15:30:33","date_gmt":"2018-07-16T18:30:33","guid":{"rendered":"http:\/\/uenf.br\/evento\/jornadafluminensedebotanica\/?page_id=208"},"modified":"2018-09-11T17:34:56","modified_gmt":"2018-09-11T20:34:56","slug":"submissoes-de-resumo","status":"publish","type":"page","link":"https:\/\/uenf.br\/eventos\/jornadafluminensedebotanica\/submissoes-de-resumo\/","title":{"rendered":"Submiss\u00e3o de resumos"},"content":{"rendered":"<h2 style=\"text-align: center\"><span style=\"color: #ff0000\"><strong>RESUMOS APROVADOS<\/strong><\/span><\/h2>\n<h2 style=\"text-align: left\"><strong><span style=\"color: #800080\">Clique <a href=\"http:\/\/uenf.br\/evento\/jornadafluminensedebotanica\/wp-content\/uploads\/sites\/2\/2018\/09\/CRONOGRAMA-DE-APRESENTA\u00c7\u00c3O-BANNERS-ATUALIZADO-11.09.20181.pdf\">aqui<\/a> e confira seu dia e hor\u00e1rio de apresenta\u00e7\u00e3o.<\/span><\/strong><\/h2>\n<p>&nbsp;<\/p>\n<h2><\/h2>\n<h2><span style=\"color: #ff0000\"><strong>Data limite para submiss\u00e3o de resumos: 16\/08\/2018<\/strong><\/span><\/h2>\n<h1><span style=\"color: #800080\"><strong>NORMAS PARA A SUBMISS\u00c3O DE TRABALHOS<\/strong><\/span><\/h1>\n<p>Os resumos <strong>s\u00f3 ser\u00e3o aceitos mediante o pagamento da taxa de inscri\u00e7\u00e3o<\/strong> (<strong>m\u00e1ximo de 2 trabalhos por inscri\u00e7\u00e3o<\/strong>), devem ser\u00a0\u00a0enviados para o e-mail: <strong>coordenacao37jfb@gmail.com <\/strong>e\u00a0seguir obrigatoriamente\u00a0 as normas abaixo:<\/p>\n<ul>\n<li>O resumo deve ser escrito de maneira clara e objetiva, contendo t\u00edtulo, autores, introdu\u00e7\u00e3o, m\u00e9todos, resultados e conclus\u00e3o. N\u00e3o ser\u00e3o aceito resumos de projetos.<\/li>\n<\/ul>\n<ul>\n<li>O resumo deve ser editado em Word for Windows e apresentar a seguinte formata\u00e7\u00e3o: Arial, tamanho 10, cor preta; espa\u00e7amento simples; texto justificado e utilizar it\u00e1lico nos nomes cient\u00edficos.<\/li>\n<\/ul>\n<ul>\n<li>Os resumos devem ter, no m\u00e1ximo, 300 palavras de texto, excluindo-se o cabe\u00e7alho (t\u00edtulo, autores e seus endere\u00e7os).<\/li>\n<\/ul>\n<ul>\n<li>Cabe\u00e7alho contendo: t\u00edtulo do trabalho, autores, e dados da situa\u00e7\u00e3o profissional dos autores e de suas institui\u00e7\u00f5es de trabalho. Os nomes dos autores devem ser abreviados, iniciando com o sobrenome principal seguido pelo prenome e outros sobrenomes, devem ser seguidos de n\u00famero \u00edndice, em sobrescrito, que servir\u00e1 para identificar os dados dos autores, ao final do cabe\u00e7alho. O autor respons\u00e1vel pela apresenta\u00e7\u00e3o do trabalho deve ter seu nome e e-mail\u00a0 sublinhado no texto do resumo.<\/li>\n<\/ul>\n<ul>\n<li>Os t\u00edtulos dos trabalhos devem ser curtos, objetivos e compat\u00edveis com o texto do resumo. Ap\u00f3s o t\u00edtulo, s\u00e3o colocados os dados dos autores, por ordem de autoria. Nestes dados, devem ser inclu\u00eddas as situa\u00e7\u00f5es profissionais do autor (estudante de gradua\u00e7\u00e3o, de p\u00f3s-gradua\u00e7\u00e3o, professor, pesquisador etc.), a institui\u00e7\u00e3o onde trabalha e, somente para o autor que ir\u00e1 apresentar o trabalho, o endere\u00e7o eletr\u00f4nico. Se os dados de dois ou mais autores forem os mesmos, deve-se usar o mesmo n\u00famero \u00edndice. O cabe\u00e7alho deve ter a mesma formata\u00e7\u00e3o geral, mas deve estar em negrito, incluindo as partes que precisam estar em it\u00e1lico e o t\u00edtulo em caixa alto.<\/li>\n<\/ul>\n<ul>\n<li>O texto dever\u00e1 ter um \u00fanico par\u00e1grafo e n\u00e3o deve ter figuras, gr\u00e1ficos ou tabelas. N\u00e3o deve haver cita\u00e7\u00f5es a outros trabalhos, mas se forem essenciais, devem vir com a refer\u00eancia completa, entre par\u00eanteses, logo ap\u00f3s a cita\u00e7\u00e3o (autores, ano de publica\u00e7\u00e3o, t\u00edtulo, peri\u00f3dico, volume, p\u00e1ginas ou equivalente para livros e outras formas de publica\u00e7\u00e3o). Caso os autores queiram colocar agradecimentos ou mencionarem institui\u00e7\u00f5es financiadoras, devem faz\u00ea-lo ao final do texto do resumo.<\/li>\n<\/ul>\n<ul>\n<li>O(s) autor(es) dever\u00e1(\u00e3o) escolher a sess\u00e3o de seu resumo conforme lista de <strong>sess\u00f5es t\u00e9cnicas<\/strong> em pain\u00e9is e os resumos enviados dever\u00e3o ser submetidos a avalia\u00e7\u00e3o da comiss\u00e3o de avalia\u00e7\u00e3o de resumos da Jornada. O autor respons\u00e1vel receber\u00e1 notifica\u00e7\u00e3o da aprova\u00e7\u00e3o, aprova\u00e7\u00e3o com modifica\u00e7\u00f5es ou rejei\u00e7\u00e3o do resumo para apresenta\u00e7\u00e3o via e-mail.<\/li>\n<\/ul>\n<p>&nbsp;<\/p>\n<p><span style=\"color: #800080\"><strong>SESS\u00d5ES T\u00c9CNICAS PARA APRESENTA\u00c7\u00d5ES\u00a0 ORAIS E PAIN\u00c9IS DE TRABALHOS CIENT\u00cdFICOS DURANTE O EVENTO<\/strong><\/span><\/p>\n<p style=\"text-align: left\">O resumo dever\u00e1 ser enquadrado em uma das \u00e1reas tem\u00e1ticas a seguir:<\/p>\n<ol>\n<li>Biologia Floral e Reprodutiva<\/li>\n<li>Bioqu\u00edmica, Fitoqu\u00edmica e Quimiossistem\u00e1tica<\/li>\n<li>Bot\u00e2nica Estrutural<\/li>\n<li>Cole\u00e7\u00f5es e Ilustra\u00e7\u00f5es Bot\u00e2nicas<\/li>\n<li>Conserva\u00e7\u00e3o da Natureza<\/li>\n<li>Ensino da Bot\u00e2nica<\/li>\n<li>Etnobot\u00e2nica e Bot\u00e2nica Econ\u00f4mica<\/li>\n<li>Fisiologia e Biotecnologia Vegetal<\/li>\n<li>Flor\u00edstica, Fitossociologia e Fitogeografia<\/li>\n<li>Ecologia Vegetal<\/li>\n<li>Gen\u00e9tica e Biologia Molecular de Plantas, Algas e Fungos<\/li>\n<li>Palinologia e Paleobot\u00e2nica<\/li>\n<li>Pol\u00edticas P\u00fablicas, Educa\u00e7\u00e3o Ambiental, Ecoturismo<\/li>\n<li>Sistem\u00e1tica de Gimnospermas<\/li>\n<li>Sistem\u00e1tica de Angiospermas<\/li>\n<li>Sistem\u00e1tica de Lic\u00f3fitas e Samambaias<\/li>\n<li>Sistem\u00e1tica de Bri\u00f3fitas<\/li>\n<li>Sistem\u00e1tica de Algas<\/li>\n<li>Sistem\u00e1tica de Fungos<\/li>\n<\/ol>\n<p>&nbsp;<\/p>\n<p><a href=\"http:\/\/uenf.br\/evento\/jornadafluminensedebotanica\/wp-content\/uploads\/sites\/2\/2018\/08\/modelo-para-o-resumo-3.docx\"><img loading=\"lazy\" decoding=\"async\" class=\"size-full wp-image-263 aligncenter\" src=\"http:\/\/uenf.br\/evento\/jornadafluminensedebotanica\/wp-content\/uploads\/sites\/2\/2018\/07\/MODELO-DE-RESUMO-LOGO.jpg\" alt=\"\" width=\"504\" height=\"173\" \/><\/a><\/p>\n<h2><span style=\"color: #ff0000\"><strong><u>COMO PREPARAR\u00a0O BANNER (modelo banner: <a href=\"http:\/\/uenf.br\/evento\/jornadafluminensedebotanica\/wp-content\/uploads\/sites\/2\/2018\/09\/Modelo_banner2.pptx\">clique aqui<\/a>)<\/u><\/strong><\/span><\/h2>\n<p>&nbsp;<\/p>\n<p>Os autores dever\u00e3o preparar o banner com base no resumo submetido \u00e1 Jornada.<\/p>\n<p>*Dimens\u00e3o m\u00e1xima do banner:\u00a0<span style=\"color: #ff0000\"><span style=\"color: #000000\">Largura: 60 cm e altura: 90 cm<\/span>\u00a0<\/span><\/p>\n<p>*Clareza e apresenta\u00e7\u00e3o:\u00a0O texto do banner dever\u00e1 ser leg\u00edvel a uma dist\u00e2ncia de pelo menos 1 metro. Utilizar o\u00a0<u>m\u00ednimo<\/u>\u00a0<u>de<\/u>\u00a0<u>texto<\/u>\u00a0e o m\u00e1ximo poss\u00edvel de figuras, fotos, tabelas e gr\u00e1ficos.<\/p>\n<p>*No banner dever\u00e1 constar necessariamente:<\/p>\n<p>&#8211; \u00c1rea tem\u00e1tica\u00a0 (mesma selecionada na inscri\u00e7\u00e3o);<\/p>\n<p>&#8211; T\u00edtulo id\u00eantico ao do resumo submetido;<\/p>\n<p>&#8211; Nomes dos autores e institui\u00e7\u00f5es de origem;<\/p>\n<p>&nbsp;<\/p>\n","protected":false},"excerpt":{"rendered":"<p>RESUMOS APROVADOS Clique aqui e confira seu dia e hor\u00e1rio de apresenta\u00e7\u00e3o. &nbsp; Data limite para submiss\u00e3o de resumos: 16\/08\/2018 NORMAS PARA A SUBMISS\u00c3O DE TRABALHOS Os resumos s\u00f3 ser\u00e3o aceitos mediante o pagamento da taxa de inscri\u00e7\u00e3o (m\u00e1ximo de 2 trabalhos por inscri\u00e7\u00e3o), devem ser\u00a0\u00a0enviados para o e-mail: coordenacao37jfb@gmail.com e\u00a0seguir obrigatoriamente\u00a0 as normas abaixo: [&hellip;]<\/p>\n","protected":false},"author":6,"featured_media":0,"parent":0,"menu_order":9,"comment_status":"closed","ping_status":"closed","template":"","meta":{"ocean_post_layout":"","ocean_both_sidebars_style":"","ocean_both_sidebars_content_width":0,"ocean_both_sidebars_sidebars_width":0,"ocean_sidebar":"","ocean_second_sidebar":"","ocean_disable_margins":"enable","ocean_add_body_class":"","ocean_shortcode_before_top_bar":"","ocean_shortcode_after_top_bar":"","ocean_shortcode_before_header":"","ocean_shortcode_after_header":"","ocean_has_shortcode":"","ocean_shortcode_after_title":"","ocean_shortcode_before_footer_widgets":"","ocean_shortcode_after_footer_widgets":"","ocean_shortcode_before_footer_bottom":"","ocean_shortcode_after_footer_bottom":"","ocean_display_top_bar":"default","ocean_display_header":"default","ocean_header_style":"","ocean_center_header_left_menu":"","ocean_custom_header_template":"","ocean_custom_logo":0,"ocean_custom_retina_logo":0,"ocean_custom_logo_max_width":0,"ocean_custom_logo_tablet_max_width":0,"ocean_custom_logo_mobile_max_width":0,"ocean_custom_logo_max_height":0,"ocean_custom_logo_tablet_max_height":0,"ocean_custom_logo_mobile_max_height":0,"ocean_header_custom_menu":"","ocean_menu_typo_font_family":"","ocean_menu_typo_font_subset":"","ocean_menu_typo_font_size":0,"ocean_menu_typo_font_size_tablet":0,"ocean_menu_typo_font_size_mobile":0,"ocean_menu_typo_font_size_unit":"px","ocean_menu_typo_font_weight":"","ocean_menu_typo_font_weight_tablet":"","ocean_menu_typo_font_weight_mobile":"","ocean_menu_typo_transform":"","ocean_menu_typo_transform_tablet":"","ocean_menu_typo_transform_mobile":"","ocean_menu_typo_line_height":0,"ocean_menu_typo_line_height_tablet":0,"ocean_menu_typo_line_height_mobile":0,"ocean_menu_typo_line_height_unit":"","ocean_menu_typo_spacing":0,"ocean_menu_typo_spacing_tablet":0,"ocean_menu_typo_spacing_mobile":0,"ocean_menu_typo_spacing_unit":"","ocean_menu_link_color":"","ocean_menu_link_color_hover":"","ocean_menu_link_color_active":"","ocean_menu_link_background":"","ocean_menu_link_hover_background":"","ocean_menu_link_active_background":"","ocean_menu_social_links_bg":"","ocean_menu_social_hover_links_bg":"","ocean_menu_social_links_color":"","ocean_menu_social_hover_links_color":"","ocean_disable_title":"default","ocean_disable_heading":"default","ocean_post_title":"","ocean_post_subheading":"","ocean_post_title_style":"","ocean_post_title_background_color":"","ocean_post_title_background":0,"ocean_post_title_bg_image_position":"","ocean_post_title_bg_image_attachment":"","ocean_post_title_bg_image_repeat":"","ocean_post_title_bg_image_size":"","ocean_post_title_height":0,"ocean_post_title_bg_overlay":0.5,"ocean_post_title_bg_overlay_color":"","ocean_disable_breadcrumbs":"default","ocean_breadcrumbs_color":"","ocean_breadcrumbs_separator_color":"","ocean_breadcrumbs_links_color":"","ocean_breadcrumbs_links_hover_color":"","ocean_display_footer_widgets":"default","ocean_display_footer_bottom":"default","ocean_custom_footer_template":"","footnotes":""},"class_list":["post-208","page","type-page","status-publish","hentry","entry"],"_links":{"self":[{"href":"https:\/\/uenf.br\/eventos\/jornadafluminensedebotanica\/wp-json\/wp\/v2\/pages\/208","targetHints":{"allow":["GET"]}}],"collection":[{"href":"https:\/\/uenf.br\/eventos\/jornadafluminensedebotanica\/wp-json\/wp\/v2\/pages"}],"about":[{"href":"https:\/\/uenf.br\/eventos\/jornadafluminensedebotanica\/wp-json\/wp\/v2\/types\/page"}],"author":[{"embeddable":true,"href":"https:\/\/uenf.br\/eventos\/jornadafluminensedebotanica\/wp-json\/wp\/v2\/users\/6"}],"replies":[{"embeddable":true,"href":"https:\/\/uenf.br\/eventos\/jornadafluminensedebotanica\/wp-json\/wp\/v2\/comments?post=208"}],"version-history":[{"count":0,"href":"https:\/\/uenf.br\/eventos\/jornadafluminensedebotanica\/wp-json\/wp\/v2\/pages\/208\/revisions"}],"wp:attachment":[{"href":"https:\/\/uenf.br\/eventos\/jornadafluminensedebotanica\/wp-json\/wp\/v2\/media?parent=208"}],"curies":[{"name":"wp","href":"https:\/\/api.w.org\/{rel}","templated":true}]}}