{"id":211,"date":"2018-07-16T15:31:27","date_gmt":"2018-07-16T18:31:27","guid":{"rendered":"http:\/\/uenf.br\/evento\/jornadafluminensedebotanica\/?page_id=211"},"modified":"2018-09-03T21:24:39","modified_gmt":"2018-09-04T00:24:39","slug":"premios","status":"publish","type":"page","link":"https:\/\/uenf.br\/eventos\/jornadafluminensedebotanica\/premios\/","title":{"rendered":"Pr\u00eamios &#8211; Teses e Disserta\u00e7\u00f5es"},"content":{"rendered":"<h1 style=\"text-align: center\"><span style=\"color: #800080\"><strong>NOVAS INFORMA\u00c7\u00d5ES<\/strong><\/span><\/h1>\n<p style=\"text-align: left\"><span style=\"color: #000000\">Os resumos selecionados foram:<\/span><\/p>\n<p><b>10:00 h-<\/b>\u00a0<b>Kamila da Matta Agostini.<\/b><\/p>\n<p>T\u00edtulo da Disserta\u00e7\u00e3o:\u00a0REGISTRO DE ESPOROS E GR\u00c3OS DE P\u00d3LEN NA ANT\u00c1RTICA CENTRO-OCIDENTAL E SUA ASSOCIA\u00c7\u00c3O COM CICLONES EXTRA-TROPICAIS.<\/p>\n<p><b>10:30 h-<\/b>\u00a0<b>Dhiego da Silva Oliveira<\/b>.<\/p>\n<div>\n<p>T\u00edtulo\u00a0da Disserta\u00e7\u00e3o\u00a0: CAPACIDADE ACLIMATATIVA DE MYRCIARIA FLORIBUNDA (WEST EX WILLD.) O. BERG (MYRTACEAE) EM ECOSSISTEMAS DE RESTINGA E FLORESTA ESTACIONAL SEMIDECIDUAL SOBRE AFLORAMENTO ROCHOSO<\/p>\n<p><span style=\"font-family: Arial, sans-serif\"><strong>11:00 h-<\/strong>\u00a0<\/span><b>Aline Alves do Nascimento.<\/b><\/p>\n<p>T\u00edtulo da Tese:\u00a0<span style=\"font-family: Arial, sans-serif\">HERBIVORIA FOLIAR E PERFIL METABOL\u00d4MICO DE PARES CONGEN\u00c9RICOS DE PLANTAS DE DOIS AMBIENTES CONTRASTANTES DA MATA ATL\u00c2NTICA: FLORESTA OMBR\u00d3FILA DENSA E RESTINGA<\/span><\/p>\n<p>&nbsp;<\/p>\n<\/div>\n<p><span style=\"color: #800080\"><strong>Dia: <\/strong><span style=\"color: #000000\">14\/09\/2018<\/span><\/span><\/p>\n<p><span style=\"color: #800080\"><strong>Hor\u00e1rio: <\/strong><span style=\"color: #000000\">10:00\u00a0<\/span><\/span><\/p>\n<p><span style=\"color: #800080\"><strong>LOCAL: <\/strong><span style=\"color: #000000\">Sala\u00a0<\/span><\/span><\/p>\n<p><span style=\"color: #800080\"><strong>FORMA DE APRESENTA\u00c7\u00c3O: <span style=\"color: #ff0000\">ORAL<\/span><\/strong><\/span><\/p>\n<p>&nbsp;<\/p>\n<p>&nbsp;<\/p>\n<p>&nbsp;<\/p>\n<h1><span style=\"color: #800080\"><strong>INSCRI\u00c7\u00d5ES<\/strong><\/span><\/h1>\n<p>Est\u00e3o abertas as inscri\u00e7\u00f5es para Apresenta\u00e7\u00e3o Oral de teses de doutorado e disserta\u00e7\u00f5es de mestrado defendidas no per\u00edodo entre <strong>maio de 2017 a julho de 2018<\/strong> em todas as \u00e1reas da Biologia Vegetal. As apresenta\u00e7\u00f5es ocorrer\u00e3o no simp\u00f3sio <strong><span style=\"color: #ff0000\">\u201cAtualidades em Bot\u00e2nica \u2013 Disserta\u00e7\u00f5es e Teses em Biologia Vegetal\u201d<\/span>.<\/strong><\/p>\n<p>&nbsp;<\/p>\n<ul>\n<li>Ser\u00e3o selecionados resumos de <strong>8<\/strong> teses e <strong>8<\/strong> disserta\u00e7\u00f5es e cada palestrante ter\u00e1 <strong>15<\/strong> minutos para apresenta\u00e7\u00e3o do trabalho.<\/li>\n<\/ul>\n<p>&nbsp;<\/p>\n<ul>\n<li>Os resumos n\u00e3o selecionados para Apresenta\u00e7\u00e3o Oral ser\u00e3o avaliados para apresenta\u00e7\u00e3o de p\u00f4steres nas respectivas se\u00e7\u00f5es tem\u00e1ticas.<\/li>\n<\/ul>\n<p>&nbsp;<\/p>\n<ul>\n<li>Os melhores trabalhos apresentados (tese e disserta\u00e7\u00e3o) ser\u00e3o premiados.<\/li>\n<li><strong>Para participar o interessado dever\u00e1 estar inscrito na 37\u00ba Jornada Fluminense de Bot\u00e2nica congresso e inscrever o seu resumo no site do evento at\u00e9 \u00e0s 23:00h de\u00a09 de agosto de 2018<\/strong><\/li>\n<\/ul>\n<p>&nbsp;<\/p>\n<ul>\n<li>Uma c\u00f3pia do resumo dever\u00e1 ser enviada at\u00e9\u00a0<strong> ser enviada para <\/strong>Coordenadora do Simp\u00f3sio Dra. Ant\u00f4nia Elenir Am\u00e2ncio de Oliveira<strong> para <\/strong><a href=\"mailto:coordenacao37jfb@gmail.com\"><strong>coordenacao37jfb@gmail.com<\/strong><\/a>. \u00c9\u00a0<strong>OBRIGAT\u00d3RIO <\/strong>colocar no assunto da mensagem \u201c<strong>37 JFB \u2013 RESUMO TESE\/DISSERTA\u00c7\u00c3O<\/strong>\u201d.<\/li>\n<\/ul>\n<p>&nbsp;<\/p>\n<ul>\n<li>No arquivo do resumo enviado para o Congresso dever\u00e3o constar: (1) t\u00edtulo do trabalho, (2) nome do p\u00f3s-graduando, (3) programa de p\u00f3s-gradua\u00e7\u00e3o, (4) ano de defesa, (5) corpo de resumo com at\u00e9 2.500 caracteres (incluindo espa\u00e7os), conforme normas abaixo.<\/li>\n<\/ul>\n<p>&nbsp;<\/p>\n<ul>\n<li><strong>IMPORTANTE<\/strong>: Indique ao lado da ag\u00eancia financiadora, entre par\u00eanteses, que o trabalho faz parte do simp\u00f3sio \u201cAtualidades em Bot\u00e2nica: disserta\u00e7\u00f5es e teses\u201d<\/li>\n<\/ul>\n<p><strong>\u00a0<a href=\"http:\/\/uenf.br\/evento\/jornadafluminensedebotanica\/wp-content\/uploads\/sites\/2\/2018\/08\/Modelo_apresenta\u00e7\u00e3o_tese-e-disserta\u00e7\u00f5es.pptx\"><img loading=\"lazy\" decoding=\"async\" class=\"aligncenter wp-image-296 size-full\" src=\"http:\/\/uenf.br\/evento\/jornadafluminensedebotanica\/wp-content\/uploads\/sites\/2\/2018\/07\/modelo-apresenta\u00e7\u00e3o-logo.jpg\" alt=\"\" width=\"481\" height=\"149\" \/><\/a><\/strong><\/p>\n<p>&nbsp;<\/p>\n<p><span style=\"color: #800080\"><strong>NORMAS PARA ENVIO DOS RESUMOS<\/strong><\/span><\/p>\n<p><strong>T\u00cdTULO<\/strong><\/p>\n<p>Informativo e breve, escrito em letras mai\u00fasculas e negrito, centralizado, seguido do(s) nome (s) do(s) autor (es) e sua(s) respectiva(s) institui\u00e7\u00e3o (\u00f5es), E-mail para contato deve vir ap\u00f3s as filia\u00e7\u00f5es.<\/p>\n<p>Nome cient\u00edfico, quando referido no t\u00edtulo, deve ser escrito em it\u00e1lico e vir acompanhado dos autores e do n\u00edvel taxon\u00f4mico ao qual \u00e9 subordinado, entre par\u00eanteses.<\/p>\n<p><strong>TEXTO<\/strong><\/p>\n<p>Par\u00e1grafo \u00fanico e com at\u00e9 300 palavras e estruturado com introdu\u00e7\u00e3o, metodologia, resultados, discuss\u00e3o e conclus\u00f5es. O texto do resumo \u00e9 cont\u00ednuo e subt\u00edtulos, como \u201cintrodu\u00e7\u00e3o\u201d, \u201cmetodologia\u201d etc, n\u00e3o devem ser inclu\u00eddos.<\/p>\n<p>N\u00e3o entram nessa contagem de caracteres o t\u00edtulo, nome, e-mail e institui\u00e7\u00e3o de afilia\u00e7\u00e3o dos respectivos autores.<\/p>\n<p><strong>Resumos com n\u00famero de caracteres maior que 300 palavras, n\u00e3o ser\u00e3o aceitos.<\/strong><\/p>\n<p>Nomes cient\u00edficos (esp\u00e9cie e g\u00eanero) devem ser grafados em it\u00e1lico.<\/p>\n<p>Nomes de esp\u00e9cies devem vir acompanhados do nome do respectivo autor.<\/p>\n<p>Outros grifos, tais como negrito ou sublinhado, n\u00e3o dever\u00e3o ser utilizados.<\/p>\n<p>Tabelas, gr\u00e1ficos, cita\u00e7\u00f5es ou refer\u00eancias bibliogr\u00e1ficas, n\u00e3o dever\u00e3o constar no texto.<\/p>\n<p>Institui\u00e7\u00f5es de fomento devem constar no final do texto, entre par\u00eantesis.<\/p>\n<p>&nbsp;<\/p>\n<p>Os resumos selecionados ser\u00e3o divulgados na p\u00e1gina do evento:\u00a0<a href=\"http:\/\/www.uenf.br\/evento\/jornadafluminensedebotanica\">www.uenf.br\/evento\/jornadafluminensedebotanica<\/a>.<\/p>\n","protected":false},"excerpt":{"rendered":"<p>NOVAS INFORMA\u00c7\u00d5ES Os resumos selecionados foram: 10:00 h-\u00a0Kamila da Matta Agostini. T\u00edtulo da Disserta\u00e7\u00e3o:\u00a0REGISTRO DE ESPOROS E GR\u00c3OS DE P\u00d3LEN NA ANT\u00c1RTICA CENTRO-OCIDENTAL E SUA ASSOCIA\u00c7\u00c3O COM CICLONES EXTRA-TROPICAIS. 10:30 h-\u00a0Dhiego da Silva Oliveira. T\u00edtulo\u00a0da Disserta\u00e7\u00e3o\u00a0: CAPACIDADE ACLIMATATIVA DE MYRCIARIA FLORIBUNDA (WEST EX WILLD.) O. BERG (MYRTACEAE) EM ECOSSISTEMAS DE RESTINGA E FLORESTA ESTACIONAL SEMIDECIDUAL [&hellip;]<\/p>\n","protected":false},"author":6,"featured_media":0,"parent":0,"menu_order":10,"comment_status":"closed","ping_status":"closed","template":"","meta":{"ocean_post_layout":"","ocean_both_sidebars_style":"","ocean_both_sidebars_content_width":0,"ocean_both_sidebars_sidebars_width":0,"ocean_sidebar":"","ocean_second_sidebar":"","ocean_disable_margins":"enable","ocean_add_body_class":"","ocean_shortcode_before_top_bar":"","ocean_shortcode_after_top_bar":"","ocean_shortcode_before_header":"","ocean_shortcode_after_header":"","ocean_has_shortcode":"","ocean_shortcode_after_title":"","ocean_shortcode_before_footer_widgets":"","ocean_shortcode_after_footer_widgets":"","ocean_shortcode_before_footer_bottom":"","ocean_shortcode_after_footer_bottom":"","ocean_display_top_bar":"default","ocean_display_header":"default","ocean_header_style":"","ocean_center_header_left_menu":"","ocean_custom_header_template":"","ocean_custom_logo":0,"ocean_custom_retina_logo":0,"ocean_custom_logo_max_width":0,"ocean_custom_logo_tablet_max_width":0,"ocean_custom_logo_mobile_max_width":0,"ocean_custom_logo_max_height":0,"ocean_custom_logo_tablet_max_height":0,"ocean_custom_logo_mobile_max_height":0,"ocean_header_custom_menu":"","ocean_menu_typo_font_family":"","ocean_menu_typo_font_subset":"","ocean_menu_typo_font_size":0,"ocean_menu_typo_font_size_tablet":0,"ocean_menu_typo_font_size_mobile":0,"ocean_menu_typo_font_size_unit":"px","ocean_menu_typo_font_weight":"","ocean_menu_typo_font_weight_tablet":"","ocean_menu_typo_font_weight_mobile":"","ocean_menu_typo_transform":"","ocean_menu_typo_transform_tablet":"","ocean_menu_typo_transform_mobile":"","ocean_menu_typo_line_height":0,"ocean_menu_typo_line_height_tablet":0,"ocean_menu_typo_line_height_mobile":0,"ocean_menu_typo_line_height_unit":"","ocean_menu_typo_spacing":0,"ocean_menu_typo_spacing_tablet":0,"ocean_menu_typo_spacing_mobile":0,"ocean_menu_typo_spacing_unit":"","ocean_menu_link_color":"","ocean_menu_link_color_hover":"","ocean_menu_link_color_active":"","ocean_menu_link_background":"","ocean_menu_link_hover_background":"","ocean_menu_link_active_background":"","ocean_menu_social_links_bg":"","ocean_menu_social_hover_links_bg":"","ocean_menu_social_links_color":"","ocean_menu_social_hover_links_color":"","ocean_disable_title":"default","ocean_disable_heading":"default","ocean_post_title":"","ocean_post_subheading":"","ocean_post_title_style":"","ocean_post_title_background_color":"","ocean_post_title_background":0,"ocean_post_title_bg_image_position":"","ocean_post_title_bg_image_attachment":"","ocean_post_title_bg_image_repeat":"","ocean_post_title_bg_image_size":"","ocean_post_title_height":0,"ocean_post_title_bg_overlay":0.5,"ocean_post_title_bg_overlay_color":"","ocean_disable_breadcrumbs":"default","ocean_breadcrumbs_color":"","ocean_breadcrumbs_separator_color":"","ocean_breadcrumbs_links_color":"","ocean_breadcrumbs_links_hover_color":"","ocean_display_footer_widgets":"default","ocean_display_footer_bottom":"default","ocean_custom_footer_template":"","footnotes":""},"class_list":["post-211","page","type-page","status-publish","hentry","entry"],"_links":{"self":[{"href":"https:\/\/uenf.br\/eventos\/jornadafluminensedebotanica\/wp-json\/wp\/v2\/pages\/211","targetHints":{"allow":["GET"]}}],"collection":[{"href":"https:\/\/uenf.br\/eventos\/jornadafluminensedebotanica\/wp-json\/wp\/v2\/pages"}],"about":[{"href":"https:\/\/uenf.br\/eventos\/jornadafluminensedebotanica\/wp-json\/wp\/v2\/types\/page"}],"author":[{"embeddable":true,"href":"https:\/\/uenf.br\/eventos\/jornadafluminensedebotanica\/wp-json\/wp\/v2\/users\/6"}],"replies":[{"embeddable":true,"href":"https:\/\/uenf.br\/eventos\/jornadafluminensedebotanica\/wp-json\/wp\/v2\/comments?post=211"}],"version-history":[{"count":0,"href":"https:\/\/uenf.br\/eventos\/jornadafluminensedebotanica\/wp-json\/wp\/v2\/pages\/211\/revisions"}],"wp:attachment":[{"href":"https:\/\/uenf.br\/eventos\/jornadafluminensedebotanica\/wp-json\/wp\/v2\/media?parent=211"}],"curies":[{"name":"wp","href":"https:\/\/api.w.org\/{rel}","templated":true}]}}