{"id":66,"date":"2018-07-10T12:35:07","date_gmt":"2018-07-10T15:35:07","guid":{"rendered":"http:\/\/uenf.br\/evento\/jornadafluminensedebotanica\/?page_id=66"},"modified":"2018-08-27T16:30:11","modified_gmt":"2018-08-27T19:30:11","slug":"minicursos","status":"publish","type":"page","link":"https:\/\/uenf.br\/eventos\/jornadafluminensedebotanica\/minicursos\/","title":{"rendered":"Minicursos"},"content":{"rendered":"<h3><span style=\"color: #800080\"><strong>Dia 1 &#8211; 12\/09\/2018\u00a0\u00a0<\/strong><\/span><strong><span style=\"color: #8b2ef0\">(40<em>\u00a0vagas<\/em>)<\/span><\/strong><\/h3>\n<p><strong>Hor\u00e1rio:<\/strong> 08:00 \u00e0s 12:00 e 13:30 \u00e0s 16:30<\/p>\n<p><strong>Minicurso 1:<\/strong> Sistemas agroflorestais como ferramenta de restaura\u00e7\u00e3o ecol\u00f3gica.<\/p>\n<p><strong>Palestrante:\u00a0<\/strong>Dr. Luiz Fernando Duarte de Moraes (EMBRAPA-RIO)<\/p>\n<p><strong>Local:<\/strong>\u00a0<span style=\"color: #ff0000\"><strong>Audit\u00f3rio\u00a0<\/strong><strong><em>Erythrina lysistemon<\/em><\/strong><\/span><\/p>\n<p><strong>Ementa: <\/strong>Os Sistemas Agroflorestais (SAF) na legisla\u00e7\u00e3o brasileira: oportunidades e desafios. Os tipos mais comuns de SAF: mapeamento de experi\u00eancias; gargalos e solu\u00e7\u00f5es. Os SAF na restaura\u00e7\u00e3o da paisagem florestal: agrobiodiversidade, paisagem multifuncional, princ\u00edpios e exemplos.<\/p>\n<h3><span style=\"color: #800080\"><strong>Dia 1 &#8211; 12\/09\/2018\u00a0\u00a0<\/strong><\/span><strong><span style=\"color: #8b2ef0\">(40<em>\u00a0vagas<\/em>)<\/span><\/strong><\/h3>\n<p><strong>Hor\u00e1rio:<\/strong> 08:00 \u00e0s 12:00 e 13:30 \u00e0s 16:30<\/p>\n<p><strong>Minicurso 2: <\/strong>Cole\u00e7\u00f5es bot\u00e2nicas &#8211; din\u00e2mica e aplica\u00e7\u00f5es<\/p>\n<p><strong>Palestrante:<\/strong> Dr. Marcelo da Costa Souza (UFRRJ)<\/p>\n<p><strong>Local:\u00a0<span style=\"color: #ff0000\">Sala\u00a0<em>Chrysophyllum cainito<\/em><\/span><\/strong><\/p>\n<p><strong>Ementa:\u00a0<\/strong>Conceito de cole\u00e7\u00f5es bot\u00e2nicas. Caracteriza\u00e7\u00e3o e especialidades das diferentes cole\u00e7\u00f5es. Disponibiliza\u00e7\u00e3o das informa\u00e7\u00f5es atrav\u00e9s das cole\u00e7\u00f5es virtuais. Protocolos, pol\u00edticas e din\u00e2micas das cole\u00e7\u00f5es bot\u00e2nicas. Potencial cient\u00edfico e did\u00e1tico das cole\u00e7\u00f5es bot\u00e2nicas. Cole\u00e7\u00f5es bot\u00e2nicas no contexto social e da diversidade biol\u00f3gica. Cria\u00e7\u00e3o das Redes de Herb\u00e1rios e Jardins Bot\u00e2nicos.<\/p>\n<h3><strong><span style=\"color: #800080\">Dia 1 &#8211; 12\/09\/2018<\/span>\u00a0 \u00a0 \u00a0<span style=\"color: #ff0000\">(VAGAS ESGOTADAS)\u00a0<\/span><\/strong><\/h3>\n<p><strong>Hor\u00e1rio:<\/strong> 08:00 \u00e0s 12:00 e 13:30 as 16:30<\/p>\n<p><strong>Minicurso 3:<\/strong> Preparo de amostras e histoqu\u00edmica para material vegetal<\/p>\n<p><strong>Palestrantes:<\/strong> Dr\u00aa. Kathlyn Gev\u00fa (UFRRJ) e Dr\u00aa. Camilla Ribeiro Alexandrino (UENF)<\/p>\n<p><strong>Local: <span style=\"color: #ff0000\">Sala 15, anexo do pr\u00e9dio\u00a0 do CBB\u00a0<\/span><\/strong><\/p>\n<p><strong>Ementa:\u00a0\u00a0<\/strong><span class=\"pg-1ff2\">Coleta e fixa\u00e7\u00e3o de material vegetal; processamento de amostras\u00a0 para\u00a0<\/span>observa\u00e7\u00e3o em microscopia \u00f3ptica e eletr\u00f4nica; t\u00e9cnicas histoqu\u00edmicas, de macera\u00e7\u00e3o, de\u00a0dissocia\u00e7\u00e3o e de diafaniza\u00e7\u00e3o.<\/p>\n<h3><strong><span style=\"color: #800080\">Dia 2 &#8211; 13\/09\/2018 e Dia 3 &#8211; 14\/09\/2018<\/span>\u00a0\u00a0<\/strong><strong><span style=\"color: #8b2ef0\">(40<em>\u00a0vagas<\/em>)<\/span><\/strong><\/h3>\n<p><strong>Hor\u00e1rio:<\/strong> 08:00 \u00e0s 10:00<\/p>\n<p><strong>Minicurso 4:\u00a0<\/strong>Uso de is\u00f3topos est\u00e1veis de C em estudos bot\u00e2nicos<\/p>\n<p><strong>Palestrante:<\/strong> Dr\u00aa.\u00a0 \u00c2ngela Pierre Vit\u00f3ria (UENF)<\/p>\n<p><strong>Local:\u00a0<span style=\"color: #ff0000\">Audit\u00f3rio\u00a0<em>Handroanthus<\/em>\u00a0<em>albus<\/em><\/span><\/strong><\/p>\n<p><strong>Ementa:\u00a0\u00a0<\/strong>Introdu\u00e7\u00e3o a is\u00f3topos est\u00e1veis (defini\u00e7\u00e3o e m\u00e9todos quantitativos);- Discrimina\u00e7\u00e3o isot\u00f3pica de C e s\u00edndromes fotossint\u00e9ticas (C3, C4 e CAM);\u00a0\u00a0Discrimina\u00e7\u00e3o isot\u00f3pica de C e vari\u00e1veis ambientais (irradi\u00e2ncia e temperatura);\u00a0Uso de is\u00f3topos est\u00e1veis de C como ferramenta para avaliar efici\u00eancia no uso da \u00e1gua (EUA);\u00a0Estudos com is\u00f3topos est\u00e1veis de C nos biomas brasileiros.<\/p>\n<h3><strong><span style=\"color: #800080\">Dia 2 &#8211; 13\/09\/2018 e Dia 3 &#8211; 14\/09\/2018<\/span>\u00a0<\/strong><strong>\u00a0<\/strong><strong><span style=\"color: #8b2ef0\">(40<em>\u00a0vagas<\/em>)<\/span><\/strong><\/h3>\n<p><strong>Hor\u00e1rio:<\/strong> 08:00 \u00e0s 10:00<\/p>\n<p><strong>Minicurso 5:\u00a0<\/strong>Caracter\u00edsticas funcionais: m\u00e9todos de an\u00e1lise e caracteriza\u00e7\u00e3o de respostas das plantas<\/p>\n<p><strong>Palestrante: <\/strong>Dr\u00aa Tatiane Vieira (UENF) e Msc Douglas Rodrigues (UENF)<\/p>\n<p><strong>Local:\u00a0<span style=\"color: #ff0000\">Sala\u00a0<em>Ceiba speciosa<\/em><\/span><\/strong><\/p>\n<p><strong>Ementa:\u00a0<\/strong>Introdu\u00e7\u00e3o de conceitos e aplica\u00e7\u00e3o em estudos ecol\u00f3gicos;<br \/>\nInstala\u00e7\u00e3o e apresenta\u00e7\u00e3o dos programas de an\u00e1lise (Past e SigmaPlot);<br \/>\nApresenta\u00e7\u00e3o e exemplifica\u00e7\u00e3o das an\u00e1lises a partir de um banco de dados (correla\u00e7\u00e3o, PCA, \u00cdndice de Plasticidade e Integra\u00e7\u00e3o Fenot\u00edpica);<br \/>\nInterpreta\u00e7\u00e3o dos resultados;\u00a0Conclus\u00e3o.<strong><br \/>\n<\/strong><\/p>\n<h3><strong><span style=\"color: #800080\">Dia 2 &#8211; 13\/09\/2018 e Dia 3 &#8211; 14\/09\/2018<\/span>\u00a0<\/strong><strong>\u00a0<\/strong><strong><span style=\"color: #8b2ef0\">(40<em>\u00a0vagas<\/em>)<\/span><\/strong><\/h3>\n<p><strong>Hor\u00e1rio:<\/strong> 08:00 \u00e0s 10:00<\/p>\n<p><strong>Minicurso 6:\u00a0<\/strong>Arboriza\u00e7\u00e3o urbana: gest\u00e3o e educa\u00e7\u00e3o ambiental<\/p>\n<p><strong>Palestrante:<\/strong>\u00a0Msc Paola Maia Lo Sardo<\/p>\n<p><strong>Local:\u00a0<span style=\"color: #ff0000\">Sala\u00a0<em>Paubrasilia<\/em><em>\u00a0echinata<\/em><\/span><\/strong><\/p>\n<p><strong>Ementa:\u00a0<\/strong>Princ\u00edpios b\u00e1sicos para a arboriza\u00e7\u00e3o urbana. Par\u00e2metros para arboriza\u00e7\u00e3o em vias p\u00fablicas. Sele\u00e7\u00e3o de esp\u00e9cies, plantio e podas. Envolvimento da popula\u00e7\u00e3o nos projetos de arboriza\u00e7\u00e3o urbana. Experi\u00eancias de projetos de arboriza\u00e7\u00e3o urbana. Atividade pr\u00e1tica no campus.<\/p>\n<p>&nbsp;<\/p>\n<p>&nbsp;<\/p>\n<p>&nbsp;<\/p>\n","protected":false},"excerpt":{"rendered":"<p>Dia 1 &#8211; 12\/09\/2018\u00a0\u00a0(40\u00a0vagas) Hor\u00e1rio: 08:00 \u00e0s 12:00 e 13:30 \u00e0s 16:30 Minicurso 1: Sistemas agroflorestais como ferramenta de restaura\u00e7\u00e3o ecol\u00f3gica. Palestrante:\u00a0Dr. Luiz Fernando Duarte de Moraes (EMBRAPA-RIO) Local:\u00a0Audit\u00f3rio\u00a0Erythrina lysistemon Ementa: Os Sistemas Agroflorestais (SAF) na legisla\u00e7\u00e3o brasileira: oportunidades e desafios. Os tipos mais comuns de SAF: mapeamento de experi\u00eancias; gargalos e solu\u00e7\u00f5es. Os SAF [&hellip;]<\/p>\n","protected":false},"author":1,"featured_media":0,"parent":0,"menu_order":4,"comment_status":"closed","ping_status":"closed","template":"","meta":{"ocean_post_layout":"","ocean_both_sidebars_style":"","ocean_both_sidebars_content_width":0,"ocean_both_sidebars_sidebars_width":0,"ocean_sidebar":"","ocean_second_sidebar":"","ocean_disable_margins":"enable","ocean_add_body_class":"","ocean_shortcode_before_top_bar":"","ocean_shortcode_after_top_bar":"","ocean_shortcode_before_header":"","ocean_shortcode_after_header":"","ocean_has_shortcode":"","ocean_shortcode_after_title":"","ocean_shortcode_before_footer_widgets":"","ocean_shortcode_after_footer_widgets":"","ocean_shortcode_before_footer_bottom":"","ocean_shortcode_after_footer_bottom":"","ocean_display_top_bar":"default","ocean_display_header":"default","ocean_header_style":"","ocean_center_header_left_menu":"","ocean_custom_header_template":"","ocean_custom_logo":0,"ocean_custom_retina_logo":0,"ocean_custom_logo_max_width":0,"ocean_custom_logo_tablet_max_width":0,"ocean_custom_logo_mobile_max_width":0,"ocean_custom_logo_max_height":0,"ocean_custom_logo_tablet_max_height":0,"ocean_custom_logo_mobile_max_height":0,"ocean_header_custom_menu":"","ocean_menu_typo_font_family":"","ocean_menu_typo_font_subset":"","ocean_menu_typo_font_size":0,"ocean_menu_typo_font_size_tablet":0,"ocean_menu_typo_font_size_mobile":0,"ocean_menu_typo_font_size_unit":"px","ocean_menu_typo_font_weight":"","ocean_menu_typo_font_weight_tablet":"","ocean_menu_typo_font_weight_mobile":"","ocean_menu_typo_transform":"","ocean_menu_typo_transform_tablet":"","ocean_menu_typo_transform_mobile":"","ocean_menu_typo_line_height":0,"ocean_menu_typo_line_height_tablet":0,"ocean_menu_typo_line_height_mobile":0,"ocean_menu_typo_line_height_unit":"","ocean_menu_typo_spacing":0,"ocean_menu_typo_spacing_tablet":0,"ocean_menu_typo_spacing_mobile":0,"ocean_menu_typo_spacing_unit":"","ocean_menu_link_color":"","ocean_menu_link_color_hover":"","ocean_menu_link_color_active":"","ocean_menu_link_background":"","ocean_menu_link_hover_background":"","ocean_menu_link_active_background":"","ocean_menu_social_links_bg":"","ocean_menu_social_hover_links_bg":"","ocean_menu_social_links_color":"","ocean_menu_social_hover_links_color":"","ocean_disable_title":"default","ocean_disable_heading":"default","ocean_post_title":"","ocean_post_subheading":"","ocean_post_title_style":"","ocean_post_title_background_color":"","ocean_post_title_background":0,"ocean_post_title_bg_image_position":"","ocean_post_title_bg_image_attachment":"","ocean_post_title_bg_image_repeat":"","ocean_post_title_bg_image_size":"","ocean_post_title_height":0,"ocean_post_title_bg_overlay":0.5,"ocean_post_title_bg_overlay_color":"","ocean_disable_breadcrumbs":"default","ocean_breadcrumbs_color":"","ocean_breadcrumbs_separator_color":"","ocean_breadcrumbs_links_color":"","ocean_breadcrumbs_links_hover_color":"","ocean_display_footer_widgets":"default","ocean_display_footer_bottom":"default","ocean_custom_footer_template":"","footnotes":""},"class_list":["post-66","page","type-page","status-publish","hentry","entry"],"_links":{"self":[{"href":"https:\/\/uenf.br\/eventos\/jornadafluminensedebotanica\/wp-json\/wp\/v2\/pages\/66","targetHints":{"allow":["GET"]}}],"collection":[{"href":"https:\/\/uenf.br\/eventos\/jornadafluminensedebotanica\/wp-json\/wp\/v2\/pages"}],"about":[{"href":"https:\/\/uenf.br\/eventos\/jornadafluminensedebotanica\/wp-json\/wp\/v2\/types\/page"}],"author":[{"embeddable":true,"href":"https:\/\/uenf.br\/eventos\/jornadafluminensedebotanica\/wp-json\/wp\/v2\/users\/1"}],"replies":[{"embeddable":true,"href":"https:\/\/uenf.br\/eventos\/jornadafluminensedebotanica\/wp-json\/wp\/v2\/comments?post=66"}],"version-history":[{"count":0,"href":"https:\/\/uenf.br\/eventos\/jornadafluminensedebotanica\/wp-json\/wp\/v2\/pages\/66\/revisions"}],"wp:attachment":[{"href":"https:\/\/uenf.br\/eventos\/jornadafluminensedebotanica\/wp-json\/wp\/v2\/media?parent=66"}],"curies":[{"name":"wp","href":"https:\/\/api.w.org\/{rel}","templated":true}]}}