{"id":85,"date":"2018-07-10T13:03:22","date_gmt":"2018-07-10T16:03:22","guid":{"rendered":"http:\/\/uenf.br\/evento\/jornadafluminensedebotanica\/?page_id=85"},"modified":"2018-09-04T11:32:08","modified_gmt":"2018-09-04T14:32:08","slug":"excursao","status":"publish","type":"page","link":"https:\/\/uenf.br\/eventos\/jornadafluminensedebotanica\/excursao\/","title":{"rendered":"Excurs\u00f5es"},"content":{"rendered":"<h2><span style=\"color: #ff0000\"><b>AVISO IMPORTANTE<\/b><\/span><\/h2>\n<p>As excurs\u00f5es ocorrer\u00e3o no dia <strong>15\/ 09\/ 2018 <\/strong>(s\u00e1bado), das 08:00 \u00e0s 17:00 e ter\u00e3o vagas limitadas &#8211;\u00a0<span style=\"color: #000000\"><strong>Corra e garanta j\u00e1 a sua!<\/strong><\/span><\/p>\n<p>Os valores de cada excurs\u00e3o est\u00e3o em:<\/p>\n<p><span style=\"color: #000000\">\u00c9 recomendado o uso de cal\u00e7a comprida, sapato apropriado (bota ou t\u00eanis confort\u00e1vel e\/ ou antiderrapante) e chap\u00e9u ou bon\u00e9.\u00a0<\/span><\/p>\n<p><span style=\"color: #ff0000\">As excurs\u00f5es s\u00f3 ocorrer\u00e3o com n\u00famero m\u00ednimo de 10 participantes.<\/span><\/p>\n<ul>\n<li><strong>Excurs\u00e3o 1:\u00a0<\/strong><\/li>\n<\/ul>\n<p>&#8220;<a href=\"http:\/\/www.inea.rj.gov.br\/Portal\/Agendas\/BIODIVERSIDADEEAREASPROTEGIDAS\/UnidadesdeConservacao\/INEA_008607\" target=\"_blank\" rel=\"noopener\">Esta\u00e7\u00e3o Ecol\u00f3gica Estadual de Guaxindiba<\/a>, Mata de Tabuleiro, S\u00e3o Francisco de Itabapoana&#8221;<\/p>\n<blockquote><p>A Esta\u00e7\u00e3o Ecol\u00f3gica Estadual de Guaxindiba (EEEG), antiga Mata do Carv\u00e3o, constitui uma \u00e1rea de aproximadamente 3.260 hectares, localizada no munic\u00edpio de\u00a0 S\u00e3o Francisco de Itabapoana, norte do estado do Rio de Janeiro. A esta\u00e7\u00e3o compreende um dos \u00faltimos remanescente florestais de Mata de Tabuleiro da regi\u00e3o e\u00a0 \u00e9 dotada por atribudos naturais excepcionais formada por\u00a0 \u00e1rea de mata, lagoa e reflorestamento.<\/p><\/blockquote>\n<figure id=\"attachment_179\" aria-describedby=\"caption-attachment-179\" style=\"width: 651px\" class=\"wp-caption aligncenter\"><img loading=\"lazy\" decoding=\"async\" class=\" wp-image-179\" src=\"http:\/\/uenf.br\/evento\/jornadafluminensedebotanica\/wp-content\/uploads\/sites\/2\/2018\/07\/eeeg.jpg\" alt=\"\" width=\"651\" height=\"266\" \/><figcaption id=\"caption-attachment-179\" class=\"wp-caption-text\">Esta\u00e7\u00e3o Ecol\u00f3gica Estadual de Guaxindiba, S\u00e3o Francisco de Itabapoana.<\/figcaption><\/figure>\n<p>&nbsp;<\/p>\n<ul>\n<li style=\"text-align: left\"><strong>Excurs\u00e3o 2:\u00a0<\/strong><\/li>\n<\/ul>\n<p>&#8220;<a href=\"http:\/\/www.inea.rj.gov.br\/Portal\/Agendas\/BIODIVERSIDADEEAREASPROTEGIDAS\/UnidadesdeConservacao\/INEA_008601\" target=\"_blank\" rel=\"noopener\">Parque Estadual da Lagoa do A\u00e7\u00fa<\/a> &#8211; INEA, S\u00e3o Jo\u00e3o da Barra&#8221;<\/p>\n<blockquote><p>O Parque atualmente possui uma \u00e1rea de 8.251,45 hectares, abrangendo os munic\u00edpios de Campos dos Goytacazes e S\u00e3o Jo\u00e3o da Barra. A UC \u00e9 uma \u00e1rea de prote\u00e7\u00e3o integral que assegura a preserva\u00e7\u00e3o de remanescentes de vegeta\u00e7\u00e3o nativa da Mata Atl\u00e2ntica como \u00e1rea de restinga, mangue e \u00e1reas alagadas como o banhado de Boa Vista e a Lagoa do A\u00e7\u00fa, al\u00e9m da ocorr\u00eancia de esp\u00e9cies raras, end\u00eamicas e amea\u00e7adas de extin\u00e7\u00e3o da flora e fauna.<\/p>\n<p>&nbsp;<\/p><\/blockquote>\n<figure id=\"attachment_180\" aria-describedby=\"caption-attachment-180\" style=\"width: 445px\" class=\"wp-caption aligncenter\"><img loading=\"lazy\" decoding=\"async\" class=\" wp-image-180\" src=\"http:\/\/uenf.br\/evento\/jornadafluminensedebotanica\/wp-content\/uploads\/sites\/2\/2018\/07\/PELAG.jpg\" alt=\"\" width=\"445\" height=\"334\" \/><figcaption id=\"caption-attachment-180\" class=\"wp-caption-text\">Parque Estadual da Lagoa do A\u00e7\u00fa, S\u00e3o Jo\u00e3o da Barra. (Fonte: Andr\u00e9 Ilha)<\/figcaption><\/figure>\n<ul>\n<li><strong>Excurs\u00e3o 3:<\/strong><\/li>\n<\/ul>\n<p><strong>\u00a0<\/strong>&#8220;Morro do Itaoca &#8211; APA, Campos dos Goytacazes&#8221;<\/p>\n<blockquote><p>O Maci\u00e7o do Itaoca \u00e9 um\u00a0inselberg localizado no munic\u00edpio de Campos dos Goytacazes com aproximadamente 900 hectares de Mata Atl\u00e2ntica e altura m\u00e1xima 420 m. Apresenta uma flora bastante peculiar com a ocorr\u00eancia de esp\u00e9cies end\u00eamicas, raras e amea\u00e7adas de extin\u00e7\u00e3o.<\/p>\n<p>&nbsp;<\/p><\/blockquote>\n<p><img loading=\"lazy\" decoding=\"async\" class=\" wp-image-392 aligncenter\" src=\"http:\/\/uenf.br\/evento\/jornadafluminensedebotanica\/wp-content\/uploads\/sites\/2\/2018\/07\/IMG-20180720-WA0012.jpg\" alt=\"\" width=\"497\" height=\"329\" \/><\/p>\n<ul>\n<li><strong>Excurs\u00e3o 4:\u00a0<\/strong><\/li>\n<\/ul>\n<p>&#8220;<a href=\"https:\/\/www.portodoacu.com.br\/Lists\/Projetos%20%20Gesto%20Ambiental\/DispForm.aspx?ID=1\" target=\"_blank\" rel=\"noopener\">RPPN Fazenda Caruara<\/a>, S\u00e3o Jo\u00e3o da Barra&#8221;<\/p>\n<blockquote><p>A RPPN Fazenda Caruara \u00e9 a maior unidade de conserva\u00e7\u00e3o privada do pa\u00eds com o objetivo de proteger ecossistema de restinga, al\u00e9m de abrigar por\u00e7\u00f5es de ambientes lacustres e \u00e1reas alag\u00e1veis. Oficialmente a reserva possui uma \u00e1rea de 3.844,73 hectares protegida e abriga um dos principais fragmentos de restinga preservados do Norte do estado, as lagoas de Grussa\u00ed e Iquipari que encontram-se totalmente protegida, desde suas nascentes at\u00e9 a sua foz, na praia do A\u00e7u.<\/p>\n<div><\/div>\n<\/blockquote>\n<figure id=\"attachment_181\" aria-describedby=\"caption-attachment-181\" style=\"width: 450px\" class=\"wp-caption aligncenter\"><img loading=\"lazy\" decoding=\"async\" class=\" wp-image-181\" src=\"http:\/\/uenf.br\/evento\/jornadafluminensedebotanica\/wp-content\/uploads\/sites\/2\/2018\/07\/Caruara.jpg\" alt=\"\" width=\"450\" height=\"253\" \/><figcaption id=\"caption-attachment-181\" class=\"wp-caption-text\">RPPN Fazenda Caruara, S\u00e3o Jo\u00e3o da Barra<\/figcaption><\/figure>\n","protected":false},"excerpt":{"rendered":"<p>AVISO IMPORTANTE As excurs\u00f5es ocorrer\u00e3o no dia 15\/ 09\/ 2018 (s\u00e1bado), das 08:00 \u00e0s 17:00 e ter\u00e3o vagas limitadas &#8211;\u00a0Corra e garanta j\u00e1 a sua! Os valores de cada excurs\u00e3o est\u00e3o em: \u00c9 recomendado o uso de cal\u00e7a comprida, sapato apropriado (bota ou t\u00eanis confort\u00e1vel e\/ ou antiderrapante) e chap\u00e9u ou bon\u00e9.\u00a0 As excurs\u00f5es s\u00f3 [&hellip;]<\/p>\n","protected":false},"author":1,"featured_media":0,"parent":0,"menu_order":5,"comment_status":"closed","ping_status":"closed","template":"","meta":{"ocean_post_layout":"","ocean_both_sidebars_style":"","ocean_both_sidebars_content_width":0,"ocean_both_sidebars_sidebars_width":0,"ocean_sidebar":"","ocean_second_sidebar":"","ocean_disable_margins":"enable","ocean_add_body_class":"","ocean_shortcode_before_top_bar":"","ocean_shortcode_after_top_bar":"","ocean_shortcode_before_header":"","ocean_shortcode_after_header":"","ocean_has_shortcode":"","ocean_shortcode_after_title":"","ocean_shortcode_before_footer_widgets":"","ocean_shortcode_after_footer_widgets":"","ocean_shortcode_before_footer_bottom":"","ocean_shortcode_after_footer_bottom":"","ocean_display_top_bar":"default","ocean_display_header":"default","ocean_header_style":"","ocean_center_header_left_menu":"","ocean_custom_header_template":"","ocean_custom_logo":0,"ocean_custom_retina_logo":0,"ocean_custom_logo_max_width":0,"ocean_custom_logo_tablet_max_width":0,"ocean_custom_logo_mobile_max_width":0,"ocean_custom_logo_max_height":0,"ocean_custom_logo_tablet_max_height":0,"ocean_custom_logo_mobile_max_height":0,"ocean_header_custom_menu":"","ocean_menu_typo_font_family":"","ocean_menu_typo_font_subset":"","ocean_menu_typo_font_size":0,"ocean_menu_typo_font_size_tablet":0,"ocean_menu_typo_font_size_mobile":0,"ocean_menu_typo_font_size_unit":"px","ocean_menu_typo_font_weight":"","ocean_menu_typo_font_weight_tablet":"","ocean_menu_typo_font_weight_mobile":"","ocean_menu_typo_transform":"","ocean_menu_typo_transform_tablet":"","ocean_menu_typo_transform_mobile":"","ocean_menu_typo_line_height":0,"ocean_menu_typo_line_height_tablet":0,"ocean_menu_typo_line_height_mobile":0,"ocean_menu_typo_line_height_unit":"","ocean_menu_typo_spacing":0,"ocean_menu_typo_spacing_tablet":0,"ocean_menu_typo_spacing_mobile":0,"ocean_menu_typo_spacing_unit":"","ocean_menu_link_color":"","ocean_menu_link_color_hover":"","ocean_menu_link_color_active":"","ocean_menu_link_background":"","ocean_menu_link_hover_background":"","ocean_menu_link_active_background":"","ocean_menu_social_links_bg":"","ocean_menu_social_hover_links_bg":"","ocean_menu_social_links_color":"","ocean_menu_social_hover_links_color":"","ocean_disable_title":"default","ocean_disable_heading":"default","ocean_post_title":"","ocean_post_subheading":"","ocean_post_title_style":"","ocean_post_title_background_color":"","ocean_post_title_background":0,"ocean_post_title_bg_image_position":"","ocean_post_title_bg_image_attachment":"","ocean_post_title_bg_image_repeat":"","ocean_post_title_bg_image_size":"","ocean_post_title_height":0,"ocean_post_title_bg_overlay":0.5,"ocean_post_title_bg_overlay_color":"","ocean_disable_breadcrumbs":"default","ocean_breadcrumbs_color":"","ocean_breadcrumbs_separator_color":"","ocean_breadcrumbs_links_color":"","ocean_breadcrumbs_links_hover_color":"","ocean_display_footer_widgets":"default","ocean_display_footer_bottom":"default","ocean_custom_footer_template":"","footnotes":""},"class_list":["post-85","page","type-page","status-publish","hentry","entry"],"_links":{"self":[{"href":"https:\/\/uenf.br\/eventos\/jornadafluminensedebotanica\/wp-json\/wp\/v2\/pages\/85","targetHints":{"allow":["GET"]}}],"collection":[{"href":"https:\/\/uenf.br\/eventos\/jornadafluminensedebotanica\/wp-json\/wp\/v2\/pages"}],"about":[{"href":"https:\/\/uenf.br\/eventos\/jornadafluminensedebotanica\/wp-json\/wp\/v2\/types\/page"}],"author":[{"embeddable":true,"href":"https:\/\/uenf.br\/eventos\/jornadafluminensedebotanica\/wp-json\/wp\/v2\/users\/1"}],"replies":[{"embeddable":true,"href":"https:\/\/uenf.br\/eventos\/jornadafluminensedebotanica\/wp-json\/wp\/v2\/comments?post=85"}],"version-history":[{"count":0,"href":"https:\/\/uenf.br\/eventos\/jornadafluminensedebotanica\/wp-json\/wp\/v2\/pages\/85\/revisions"}],"wp:attachment":[{"href":"https:\/\/uenf.br\/eventos\/jornadafluminensedebotanica\/wp-json\/wp\/v2\/media?parent=85"}],"curies":[{"name":"wp","href":"https:\/\/api.w.org\/{rel}","templated":true}]}}