{"id":193,"date":"2024-04-18T09:15:23","date_gmt":"2024-04-18T12:15:23","guid":{"rendered":"https:\/\/uenf.br\/extensao\/apoioeduenfagroecologia\/?page_id=193"},"modified":"2024-04-18T09:16:32","modified_gmt":"2024-04-18T12:16:32","slug":"livro-forragem-hidroponica-alternativa-ecologica-para-suplementacao-alimentar-na-producao-animal","status":"publish","type":"page","link":"https:\/\/uenf.br\/extensao\/apoioeduenfagroecologia\/trabalhos-publicados\/professor-fabio-coelho\/livro-forragem-hidroponica-alternativa-ecologica-para-suplementacao-alimentar-na-producao-animal\/","title":{"rendered":"LIVRO: Forragem Hidrop\u00f4nica \u2013 Alternativa ecol\u00f3gica para suplementa\u00e7\u00e3o alimentar na produ\u00e7\u00e3o animal"},"content":{"rendered":"<p><img loading=\"lazy\" decoding=\"async\" class=\"size-full wp-image-194 aligncenter\" src=\"https:\/\/uenf.br\/extensao\/apoioeduenfagroecologia\/wp-content\/uploads\/sites\/5\/2024\/04\/capa-forragem-hidroponica-209x300-1.png\" alt=\"\" width=\"209\" height=\"300\" \/><\/p>\n<p style=\"text-align: center\"><a href=\"https:\/\/drive.google.com\/file\/d\/12pvcROIez2I4khg46Lgy0fOcLOg7cZ4Z\/view\" target=\"_blank\" rel=\"noopener\">LINK DO LIVRO<\/a><\/p>\n<p>&nbsp;<\/p>\n<h3><strong>Sinopse:\u00a0<\/strong><\/h3>\n<p>O livro apresenta avan\u00e7os provenientes de pesquisas realizadas na Universidade Estadual do Norte Fluminense Darcy Ribeiro (UENF) sobre a produ\u00e7\u00e3o de forragem hidrop\u00f4nica para a alimenta\u00e7\u00e3o animal. Ao longo dos cap\u00edtulos, s\u00e3o abordados temas como as plantas utilizadas, os substratos e solu\u00e7\u00f5es nutritivas, o per\u00edodo de cultivo, a qualidade e o consumo da forragem hidrop\u00f4nica, bem como a sustentabilidade ecol\u00f3gica desse processo. Al\u00e9m disso, a obra oferece uma an\u00e1lise acess\u00edvel sobre trabalhos similares realizados em outras partes do mundo. Com o intuito de ampliar o di\u00e1logo com a comunidade, este livro \u00e9 fruto de pesquisas financiadas por importantes institui\u00e7\u00f5es e realizadas em colabora\u00e7\u00e3o com diversos profissionais e estudantes. Por fim, destaca-se a relev\u00e2ncia dessa tecnologia na manuten\u00e7\u00e3o da alimenta\u00e7\u00e3o dos animais e na produ\u00e7\u00e3o de alimentos forrageiros de qualidade em per\u00edodos de escassez de pastagens naturais.<\/p>\n<h3><strong>Autores:<\/strong><\/h3>\n<p>F\u00e1bio Cunha Coelho<br \/>\nMarco Ant\u00f4nio Piccolo<br \/>\nJocarla Ambrosim Crevelari<br \/>\nTamara Locatelli<br \/>\nLet\u00edcia Fernandes Tavares Barcelos<br \/>\nKaroll Andrea Alfonso Torres-Cordido<br \/>\nAmilly Santos Vaz<\/p>\n","protected":false},"excerpt":{"rendered":"<p>LINK DO LIVRO &nbsp; Sinopse:\u00a0 O livro apresenta avan\u00e7os provenientes de pesquisas realizadas na Universidade Estadual do Norte Fluminense Darcy Ribeiro (UENF) sobre a produ\u00e7\u00e3o de forragem hidrop\u00f4nica para a alimenta\u00e7\u00e3o animal. Ao longo dos cap\u00edtulos, s\u00e3o abordados temas como as plantas utilizadas, os substratos e solu\u00e7\u00f5es nutritivas, o per\u00edodo de cultivo, a qualidade e [&hellip;]<\/p>\n","protected":false},"author":9,"featured_media":0,"parent":60,"menu_order":4,"comment_status":"closed","ping_status":"closed","template":"","meta":{"ocean_post_layout":"","ocean_both_sidebars_style":"","ocean_both_sidebars_content_width":0,"ocean_both_sidebars_sidebars_width":0,"ocean_sidebar":"","ocean_second_sidebar":"","ocean_disable_margins":"enable","ocean_add_body_class":"","ocean_shortcode_before_top_bar":"","ocean_shortcode_after_top_bar":"","ocean_shortcode_before_header":"","ocean_shortcode_after_header":"","ocean_has_shortcode":"","ocean_shortcode_after_title":"","ocean_shortcode_before_footer_widgets":"","ocean_shortcode_after_footer_widgets":"","ocean_shortcode_before_footer_bottom":"","ocean_shortcode_after_footer_bottom":"","ocean_display_top_bar":"default","ocean_display_header":"default","ocean_header_style":"","ocean_center_header_left_menu":"","ocean_custom_header_template":"","ocean_custom_logo":0,"ocean_custom_retina_logo":0,"ocean_custom_logo_max_width":0,"ocean_custom_logo_tablet_max_width":0,"ocean_custom_logo_mobile_max_width":0,"ocean_custom_logo_max_height":0,"ocean_custom_logo_tablet_max_height":0,"ocean_custom_logo_mobile_max_height":0,"ocean_header_custom_menu":"","ocean_menu_typo_font_family":"","ocean_menu_typo_font_subset":"","ocean_menu_typo_font_size":0,"ocean_menu_typo_font_size_tablet":0,"ocean_menu_typo_font_size_mobile":0,"ocean_menu_typo_font_size_unit":"px","ocean_menu_typo_font_weight":"","ocean_menu_typo_font_weight_tablet":"","ocean_menu_typo_font_weight_mobile":"","ocean_menu_typo_transform":"","ocean_menu_typo_transform_tablet":"","ocean_menu_typo_transform_mobile":"","ocean_menu_typo_line_height":0,"ocean_menu_typo_line_height_tablet":0,"ocean_menu_typo_line_height_mobile":0,"ocean_menu_typo_line_height_unit":"","ocean_menu_typo_spacing":0,"ocean_menu_typo_spacing_tablet":0,"ocean_menu_typo_spacing_mobile":0,"ocean_menu_typo_spacing_unit":"","ocean_menu_link_color":"","ocean_menu_link_color_hover":"","ocean_menu_link_color_active":"","ocean_menu_link_background":"","ocean_menu_link_hover_background":"","ocean_menu_link_active_background":"","ocean_menu_social_links_bg":"","ocean_menu_social_hover_links_bg":"","ocean_menu_social_links_color":"","ocean_menu_social_hover_links_color":"","ocean_disable_title":"default","ocean_disable_heading":"default","ocean_post_title":"","ocean_post_subheading":"","ocean_post_title_style":"","ocean_post_title_background_color":"","ocean_post_title_background":0,"ocean_post_title_bg_image_position":"","ocean_post_title_bg_image_attachment":"","ocean_post_title_bg_image_repeat":"","ocean_post_title_bg_image_size":"","ocean_post_title_height":0,"ocean_post_title_bg_overlay":0.5,"ocean_post_title_bg_overlay_color":"","ocean_disable_breadcrumbs":"default","ocean_breadcrumbs_color":"","ocean_breadcrumbs_separator_color":"","ocean_breadcrumbs_links_color":"","ocean_breadcrumbs_links_hover_color":"","ocean_display_footer_widgets":"default","ocean_display_footer_bottom":"default","ocean_custom_footer_template":"","footnotes":""},"class_list":["post-193","page","type-page","status-publish","hentry","entry"],"_links":{"self":[{"href":"https:\/\/uenf.br\/extensao\/apoioeduenfagroecologia\/wp-json\/wp\/v2\/pages\/193","targetHints":{"allow":["GET"]}}],"collection":[{"href":"https:\/\/uenf.br\/extensao\/apoioeduenfagroecologia\/wp-json\/wp\/v2\/pages"}],"about":[{"href":"https:\/\/uenf.br\/extensao\/apoioeduenfagroecologia\/wp-json\/wp\/v2\/types\/page"}],"author":[{"embeddable":true,"href":"https:\/\/uenf.br\/extensao\/apoioeduenfagroecologia\/wp-json\/wp\/v2\/users\/9"}],"replies":[{"embeddable":true,"href":"https:\/\/uenf.br\/extensao\/apoioeduenfagroecologia\/wp-json\/wp\/v2\/comments?post=193"}],"version-history":[{"count":2,"href":"https:\/\/uenf.br\/extensao\/apoioeduenfagroecologia\/wp-json\/wp\/v2\/pages\/193\/revisions"}],"predecessor-version":[{"id":411,"href":"https:\/\/uenf.br\/extensao\/apoioeduenfagroecologia\/wp-json\/wp\/v2\/pages\/193\/revisions\/411"}],"up":[{"embeddable":true,"href":"https:\/\/uenf.br\/extensao\/apoioeduenfagroecologia\/wp-json\/wp\/v2\/pages\/60"}],"wp:attachment":[{"href":"https:\/\/uenf.br\/extensao\/apoioeduenfagroecologia\/wp-json\/wp\/v2\/media?parent=193"}],"curies":[{"name":"wp","href":"https:\/\/api.w.org\/{rel}","templated":true}]}}