{"id":412,"date":"2025-05-07T16:52:08","date_gmt":"2025-05-07T19:52:08","guid":{"rendered":"https:\/\/uenf.br\/extensao\/apoioeduenfagroecologia\/?page_id=412"},"modified":"2025-05-07T17:45:10","modified_gmt":"2025-05-07T20:45:10","slug":"livro-saude-dos-trabalhadores-rurais-relacionada-ao-uso-de-agrotoxicos","status":"publish","type":"page","link":"https:\/\/uenf.br\/extensao\/apoioeduenfagroecologia\/trabalhos-publicados\/professor-fabio-coelho\/livro-saude-dos-trabalhadores-rurais-relacionada-ao-uso-de-agrotoxicos\/","title":{"rendered":"LIVRO: Sa\u00fade dos trabalhadores rurais relacionada ao uso de Agrot\u00f3xicos."},"content":{"rendered":"<h3 data-start=\"222\" data-end=\"400\"><img loading=\"lazy\" decoding=\"async\" class=\"aligncenter wp-image-425\" src=\"https:\/\/uenf.br\/extensao\/apoioeduenfagroecologia\/wp-content\/uploads\/sites\/5\/2025\/05\/Capa-Saude-dos-trabalhadores-ruais-210x300.jpg\" alt=\"\" width=\"230\" height=\"329\" srcset=\"https:\/\/uenf.br\/extensao\/apoioeduenfagroecologia\/wp-content\/uploads\/sites\/5\/2025\/05\/Capa-Saude-dos-trabalhadores-ruais-210x300.jpg 210w, https:\/\/uenf.br\/extensao\/apoioeduenfagroecologia\/wp-content\/uploads\/sites\/5\/2025\/05\/Capa-Saude-dos-trabalhadores-ruais.jpg 447w\" sizes=\"auto, (max-width: 230px) 100vw, 230px\" \/><\/h3>\n<h3 style=\"text-align: center\" data-start=\"402\" data-end=\"986\"><strong><a href=\"https:\/\/drive.google.com\/file\/d\/1jFLGA6mMCcs0QVC45l0PGoJMWaoEbS-L\/view?usp=sharing\">LINK DO LIVRO<\/a><\/strong><\/h3>\n<h3 data-start=\"402\" data-end=\"986\"><strong data-start=\"402\" data-end=\"414\">Sinopse:<\/strong><\/h3>\n<p style=\"text-align: left\" data-start=\"402\" data-end=\"986\">Este livro analisa de forma cr\u00edtica e acess\u00edvel os impactos do uso de agrot\u00f3xicos na sa\u00fade dos trabalhadores rurais, com foco nos pa\u00edses do Sul global, especialmente o Brasil, e nos Estados Unidos. A obra re\u00fane dados, estudos de caso e reflex\u00f5es sobre os efeitos t\u00f3xicos dessas subst\u00e2ncias, como doen\u00e7as neurol\u00f3gicas, c\u00e2ncer e problemas respirat\u00f3rios, e destaca a vulnerabilidade dos agricultores diante da exposi\u00e7\u00e3o prolongada. Ao final, prop\u00f5e a agroecologia como alternativa cient\u00edfica e vi\u00e1vel para uma produ\u00e7\u00e3o agr\u00edcola mais segura, sustent\u00e1vel e livre de venenos.<\/p>\n<h3><\/h3>\n<h3><strong>Autores:\u00a0<\/strong><\/h3>\n<p>Enilce Maria Coelho<br \/>\nF\u00e1bio Cunha Coelho<br \/>\nDemetrio Ferreita de Azeredo<\/p>\n<p><strong data-start=\"387\" data-end=\"395\">Ano:<\/strong> 2024<\/p>\n<p>&nbsp;<\/p>\n<p>&nbsp;<\/p>\n<p>&nbsp;<\/p>\n<p><img decoding=\"async\" id=\"image-hover-icon\" style=\"position: absolute;width: 25px;height: 25px;cursor: pointer;left: 381.333px;top: 12.9826px;opacity: 1\" src=\"\/\/pbhpcbdjngblklnibanbkgkogjmbjeoe\/src\/public\/images\/128px.png\" \/><\/p>\n","protected":false},"excerpt":{"rendered":"<p>LINK DO LIVRO Sinopse: Este livro analisa de forma cr\u00edtica e acess\u00edvel os impactos do uso de agrot\u00f3xicos na sa\u00fade dos trabalhadores rurais, com foco nos pa\u00edses do Sul global, especialmente o Brasil, e nos Estados Unidos. A obra re\u00fane dados, estudos de caso e reflex\u00f5es sobre os efeitos t\u00f3xicos dessas subst\u00e2ncias, como doen\u00e7as neurol\u00f3gicas, [&hellip;]<\/p>\n","protected":false},"author":9,"featured_media":0,"parent":60,"menu_order":0,"comment_status":"closed","ping_status":"closed","template":"","meta":{"ocean_post_layout":"","ocean_both_sidebars_style":"","ocean_both_sidebars_content_width":0,"ocean_both_sidebars_sidebars_width":0,"ocean_sidebar":"","ocean_second_sidebar":"","ocean_disable_margins":"enable","ocean_add_body_class":"","ocean_shortcode_before_top_bar":"","ocean_shortcode_after_top_bar":"","ocean_shortcode_before_header":"","ocean_shortcode_after_header":"","ocean_has_shortcode":"","ocean_shortcode_after_title":"","ocean_shortcode_before_footer_widgets":"","ocean_shortcode_after_footer_widgets":"","ocean_shortcode_before_footer_bottom":"","ocean_shortcode_after_footer_bottom":"","ocean_display_top_bar":"default","ocean_display_header":"default","ocean_header_style":"","ocean_center_header_left_menu":"","ocean_custom_header_template":"","ocean_custom_logo":0,"ocean_custom_retina_logo":0,"ocean_custom_logo_max_width":0,"ocean_custom_logo_tablet_max_width":0,"ocean_custom_logo_mobile_max_width":0,"ocean_custom_logo_max_height":0,"ocean_custom_logo_tablet_max_height":0,"ocean_custom_logo_mobile_max_height":0,"ocean_header_custom_menu":"","ocean_menu_typo_font_family":"","ocean_menu_typo_font_subset":"","ocean_menu_typo_font_size":0,"ocean_menu_typo_font_size_tablet":0,"ocean_menu_typo_font_size_mobile":0,"ocean_menu_typo_font_size_unit":"px","ocean_menu_typo_font_weight":"","ocean_menu_typo_font_weight_tablet":"","ocean_menu_typo_font_weight_mobile":"","ocean_menu_typo_transform":"","ocean_menu_typo_transform_tablet":"","ocean_menu_typo_transform_mobile":"","ocean_menu_typo_line_height":0,"ocean_menu_typo_line_height_tablet":0,"ocean_menu_typo_line_height_mobile":0,"ocean_menu_typo_line_height_unit":"","ocean_menu_typo_spacing":0,"ocean_menu_typo_spacing_tablet":0,"ocean_menu_typo_spacing_mobile":0,"ocean_menu_typo_spacing_unit":"","ocean_menu_link_color":"","ocean_menu_link_color_hover":"","ocean_menu_link_color_active":"","ocean_menu_link_background":"","ocean_menu_link_hover_background":"","ocean_menu_link_active_background":"","ocean_menu_social_links_bg":"","ocean_menu_social_hover_links_bg":"","ocean_menu_social_links_color":"","ocean_menu_social_hover_links_color":"","ocean_disable_title":"default","ocean_disable_heading":"default","ocean_post_title":"","ocean_post_subheading":"","ocean_post_title_style":"","ocean_post_title_background_color":"","ocean_post_title_background":0,"ocean_post_title_bg_image_position":"","ocean_post_title_bg_image_attachment":"","ocean_post_title_bg_image_repeat":"","ocean_post_title_bg_image_size":"","ocean_post_title_height":0,"ocean_post_title_bg_overlay":0.5,"ocean_post_title_bg_overlay_color":"","ocean_disable_breadcrumbs":"default","ocean_breadcrumbs_color":"","ocean_breadcrumbs_separator_color":"","ocean_breadcrumbs_links_color":"","ocean_breadcrumbs_links_hover_color":"","ocean_display_footer_widgets":"default","ocean_display_footer_bottom":"default","ocean_custom_footer_template":"","footnotes":""},"class_list":["post-412","page","type-page","status-publish","hentry","entry"],"_links":{"self":[{"href":"https:\/\/uenf.br\/extensao\/apoioeduenfagroecologia\/wp-json\/wp\/v2\/pages\/412","targetHints":{"allow":["GET"]}}],"collection":[{"href":"https:\/\/uenf.br\/extensao\/apoioeduenfagroecologia\/wp-json\/wp\/v2\/pages"}],"about":[{"href":"https:\/\/uenf.br\/extensao\/apoioeduenfagroecologia\/wp-json\/wp\/v2\/types\/page"}],"author":[{"embeddable":true,"href":"https:\/\/uenf.br\/extensao\/apoioeduenfagroecologia\/wp-json\/wp\/v2\/users\/9"}],"replies":[{"embeddable":true,"href":"https:\/\/uenf.br\/extensao\/apoioeduenfagroecologia\/wp-json\/wp\/v2\/comments?post=412"}],"version-history":[{"count":9,"href":"https:\/\/uenf.br\/extensao\/apoioeduenfagroecologia\/wp-json\/wp\/v2\/pages\/412\/revisions"}],"predecessor-version":[{"id":428,"href":"https:\/\/uenf.br\/extensao\/apoioeduenfagroecologia\/wp-json\/wp\/v2\/pages\/412\/revisions\/428"}],"up":[{"embeddable":true,"href":"https:\/\/uenf.br\/extensao\/apoioeduenfagroecologia\/wp-json\/wp\/v2\/pages\/60"}],"wp:attachment":[{"href":"https:\/\/uenf.br\/extensao\/apoioeduenfagroecologia\/wp-json\/wp\/v2\/media?parent=412"}],"curies":[{"name":"wp","href":"https:\/\/api.w.org\/{rel}","templated":true}]}}