{"id":441,"date":"2025-06-04T15:39:55","date_gmt":"2025-06-04T18:39:55","guid":{"rendered":"https:\/\/uenf.br\/extensao\/apoioeduenfagroecologia\/?page_id=441"},"modified":"2025-06-04T17:10:57","modified_gmt":"2025-06-04T20:10:57","slug":"livro-producao-de-hortalicas-em-ambiente-protegido","status":"publish","type":"page","link":"https:\/\/uenf.br\/extensao\/apoioeduenfagroecologia\/trabalhos-publicados\/profa-claudia-lopes-prins\/livro\/livro-producao-de-hortalicas-em-ambiente-protegido\/","title":{"rendered":"Livro: Produ\u00e7\u00e3o de Hortali\u00e7as em Ambiente Protegido."},"content":{"rendered":"<p><img loading=\"lazy\" decoding=\"async\" class=\"size-medium wp-image-439 aligncenter\" src=\"https:\/\/uenf.br\/extensao\/apoioeduenfagroecologia\/wp-content\/uploads\/sites\/5\/2025\/06\/Capa-Livro-Hortalicas-212x300.jpg\" alt=\"\" width=\"212\" height=\"300\" srcset=\"https:\/\/uenf.br\/extensao\/apoioeduenfagroecologia\/wp-content\/uploads\/sites\/5\/2025\/06\/Capa-Livro-Hortalicas-212x300.jpg 212w, https:\/\/uenf.br\/extensao\/apoioeduenfagroecologia\/wp-content\/uploads\/sites\/5\/2025\/06\/Capa-Livro-Hortalicas.jpg 417w\" sizes=\"auto, (max-width: 212px) 100vw, 212px\" \/><\/p>\n<p>&nbsp;<\/p>\n<h3 style=\"text-align: center\" data-start=\"402\" data-end=\"986\"><strong><a href=\"https:\/\/drive.google.com\/file\/d\/1lIEgebOtXjSU3SgkdESVvU0_y7bbTY7q\/view?usp=sharing\">LINK DO LIVRO<\/a><\/strong><\/h3>\n<h3 data-start=\"402\" data-end=\"986\"><strong data-start=\"402\" data-end=\"414\">Sinopse:<\/strong><\/h3>\n<p style=\"text-align: left\" data-start=\"402\" data-end=\"986\">Este livro apresenta um guia detalhado sobre o cultivo de hortali\u00e7as em ambientes controlados. A publica\u00e7\u00e3o visa fornecer conhecimentos t\u00e9cnicos e pr\u00e1ticos para a produ\u00e7\u00e3o sustent\u00e1vel de alimentos, explorando as vantagens e particularidades do cultivo em estufas e outras estruturas protegidas. A obra \u00e9 fruto da colabora\u00e7\u00e3o entre a UENF e o programa &#8220;Apoio EdUENF Agroecologia&#8221;,\u00a0 abordando temas como a import\u00e2ncia da poliniza\u00e7\u00e3o em culturas espec\u00edficas como o pepino, oferecendo informa\u00e7\u00f5es valiosas para produtores e estudantes interessados em otimizar a produ\u00e7\u00e3o de hortali\u00e7as com qualidade e efici\u00eancia.<\/p>\n<h3><strong>Autores:\u00a0<\/strong><\/h3>\n<p>Cl\u00e1udia Lopes Prins<br \/>\nGilmara da Cruz Rangel<br \/>\nHemanuele dos Santos Silva<br \/>\nLet\u00edcia Borges da Costa<br \/>\nLia Mara da Silva Gomes<\/p>\n<p><strong data-start=\"387\" data-end=\"395\">Ano:<\/strong> 2025<\/p>\n<p>&nbsp;<\/p>\n<p><img decoding=\"async\" id=\"image-hover-icon\" style=\"position: absolute;width: 25px;height: 25px;cursor: pointer;left: 320.5px;top: 13px;opacity: 0.7\" src=\"\/\/pbhpcbdjngblklnibanbkgkogjmbjeoe\/src\/public\/images\/128px.png\" \/><\/p>\n","protected":false},"excerpt":{"rendered":"<p>&nbsp; LINK DO LIVRO Sinopse: Este livro apresenta um guia detalhado sobre o cultivo de hortali\u00e7as em ambientes controlados. A publica\u00e7\u00e3o visa fornecer conhecimentos t\u00e9cnicos e pr\u00e1ticos para a produ\u00e7\u00e3o sustent\u00e1vel de alimentos, explorando as vantagens e particularidades do cultivo em estufas e outras estruturas protegidas. A obra \u00e9 fruto da colabora\u00e7\u00e3o entre a UENF [&hellip;]<\/p>\n","protected":false},"author":9,"featured_media":0,"parent":451,"menu_order":0,"comment_status":"closed","ping_status":"closed","template":"","meta":{"ocean_post_layout":"","ocean_both_sidebars_style":"","ocean_both_sidebars_content_width":0,"ocean_both_sidebars_sidebars_width":0,"ocean_sidebar":"","ocean_second_sidebar":"","ocean_disable_margins":"enable","ocean_add_body_class":"","ocean_shortcode_before_top_bar":"","ocean_shortcode_after_top_bar":"","ocean_shortcode_before_header":"","ocean_shortcode_after_header":"","ocean_has_shortcode":"","ocean_shortcode_after_title":"","ocean_shortcode_before_footer_widgets":"","ocean_shortcode_after_footer_widgets":"","ocean_shortcode_before_footer_bottom":"","ocean_shortcode_after_footer_bottom":"","ocean_display_top_bar":"default","ocean_display_header":"default","ocean_header_style":"","ocean_center_header_left_menu":"","ocean_custom_header_template":"","ocean_custom_logo":0,"ocean_custom_retina_logo":0,"ocean_custom_logo_max_width":0,"ocean_custom_logo_tablet_max_width":0,"ocean_custom_logo_mobile_max_width":0,"ocean_custom_logo_max_height":0,"ocean_custom_logo_tablet_max_height":0,"ocean_custom_logo_mobile_max_height":0,"ocean_header_custom_menu":"","ocean_menu_typo_font_family":"","ocean_menu_typo_font_subset":"","ocean_menu_typo_font_size":0,"ocean_menu_typo_font_size_tablet":0,"ocean_menu_typo_font_size_mobile":0,"ocean_menu_typo_font_size_unit":"px","ocean_menu_typo_font_weight":"","ocean_menu_typo_font_weight_tablet":"","ocean_menu_typo_font_weight_mobile":"","ocean_menu_typo_transform":"","ocean_menu_typo_transform_tablet":"","ocean_menu_typo_transform_mobile":"","ocean_menu_typo_line_height":0,"ocean_menu_typo_line_height_tablet":0,"ocean_menu_typo_line_height_mobile":0,"ocean_menu_typo_line_height_unit":"","ocean_menu_typo_spacing":0,"ocean_menu_typo_spacing_tablet":0,"ocean_menu_typo_spacing_mobile":0,"ocean_menu_typo_spacing_unit":"","ocean_menu_link_color":"","ocean_menu_link_color_hover":"","ocean_menu_link_color_active":"","ocean_menu_link_background":"","ocean_menu_link_hover_background":"","ocean_menu_link_active_background":"","ocean_menu_social_links_bg":"","ocean_menu_social_hover_links_bg":"","ocean_menu_social_links_color":"","ocean_menu_social_hover_links_color":"","ocean_disable_title":"default","ocean_disable_heading":"default","ocean_post_title":"","ocean_post_subheading":"","ocean_post_title_style":"","ocean_post_title_background_color":"","ocean_post_title_background":0,"ocean_post_title_bg_image_position":"","ocean_post_title_bg_image_attachment":"","ocean_post_title_bg_image_repeat":"","ocean_post_title_bg_image_size":"","ocean_post_title_height":0,"ocean_post_title_bg_overlay":0.5,"ocean_post_title_bg_overlay_color":"","ocean_disable_breadcrumbs":"default","ocean_breadcrumbs_color":"","ocean_breadcrumbs_separator_color":"","ocean_breadcrumbs_links_color":"","ocean_breadcrumbs_links_hover_color":"","ocean_display_footer_widgets":"default","ocean_display_footer_bottom":"default","ocean_custom_footer_template":"","footnotes":""},"class_list":["post-441","page","type-page","status-publish","hentry","entry"],"_links":{"self":[{"href":"https:\/\/uenf.br\/extensao\/apoioeduenfagroecologia\/wp-json\/wp\/v2\/pages\/441","targetHints":{"allow":["GET"]}}],"collection":[{"href":"https:\/\/uenf.br\/extensao\/apoioeduenfagroecologia\/wp-json\/wp\/v2\/pages"}],"about":[{"href":"https:\/\/uenf.br\/extensao\/apoioeduenfagroecologia\/wp-json\/wp\/v2\/types\/page"}],"author":[{"embeddable":true,"href":"https:\/\/uenf.br\/extensao\/apoioeduenfagroecologia\/wp-json\/wp\/v2\/users\/9"}],"replies":[{"embeddable":true,"href":"https:\/\/uenf.br\/extensao\/apoioeduenfagroecologia\/wp-json\/wp\/v2\/comments?post=441"}],"version-history":[{"count":2,"href":"https:\/\/uenf.br\/extensao\/apoioeduenfagroecologia\/wp-json\/wp\/v2\/pages\/441\/revisions"}],"predecessor-version":[{"id":464,"href":"https:\/\/uenf.br\/extensao\/apoioeduenfagroecologia\/wp-json\/wp\/v2\/pages\/441\/revisions\/464"}],"up":[{"embeddable":true,"href":"https:\/\/uenf.br\/extensao\/apoioeduenfagroecologia\/wp-json\/wp\/v2\/pages\/451"}],"wp:attachment":[{"href":"https:\/\/uenf.br\/extensao\/apoioeduenfagroecologia\/wp-json\/wp\/v2\/media?parent=441"}],"curies":[{"name":"wp","href":"https:\/\/api.w.org\/{rel}","templated":true}]}}