{"id":485,"date":"2025-10-02T12:56:53","date_gmt":"2025-10-02T15:56:53","guid":{"rendered":"https:\/\/uenf.br\/extensao\/apoioeduenfagroecologia\/?page_id=485"},"modified":"2025-10-02T13:59:15","modified_gmt":"2025-10-02T16:59:15","slug":"a-grande-conquista-uenf-lanca-o-mestrado-profissional-em-agroecologia-e-desenvolvimento-rural-sustentavel","status":"publish","type":"page","link":"https:\/\/uenf.br\/extensao\/apoioeduenfagroecologia\/a-grande-conquista-uenf-lanca-o-mestrado-profissional-em-agroecologia-e-desenvolvimento-rural-sustentavel\/","title":{"rendered":"NOT\u00cdCIA &#8211; NOVO MESTRADO PROFISSIONAL EM AGROECOLOGIA E DESENVOLVIMENTO RURAL SUSTENT\u00c1VEL"},"content":{"rendered":"<h3>\ud83d\udce2 Confira o Edital Completo do Mestrado (Turma 2026\/1)<\/h3>\n<p>\u00c9 com imensa satisfa\u00e7\u00e3o que anunciamos a chegada do <strong>Mestrado Profissional em Agroecologia e Desenvolvimento Rural Sustent\u00e1vel<\/strong> na UENF!<\/p>\n<p>Ap\u00f3s um rigoroso processo, o programa foi aprovado pela CAPES em dezembro de 2024 e homologado pelo MEC em junho de 2025. Este novo curso de P\u00f3s-Gradua\u00e7\u00e3o \u00e9 um grande marco para a \u00e1rea de Ci\u00eancias Agr\u00e1rias e para a promo\u00e7\u00e3o do desenvolvimento sustent\u00e1vel. A iniciativa \u00e9 do Centro de Ci\u00eancias e Tecnologias Agropecu\u00e1rias (CCTA), com apoio do CBB e CCH.<\/p>\n<h3>\ud83d\udcc5 INSCRI\u00c7\u00d5ES: De 06\/10\/2025 a 05\/11\/2025<\/h3>\n<hr \/>\n<h3>\ud83d\udd17 <strong>Mais Informa\u00e7\u00f5es e Inscri\u00e7\u00e3o<\/strong><\/h3>\n<p><strong>Para acessar o Edital, visite a p\u00e1gina oficial do programa:<\/strong><\/p>\n<p><a href=\"https:\/\/uenf.br\/posgraduacao\/agroecologia-e-desenvolvimentorural\"><strong>https:\/\/uenf.br\/posgraduacao\/agroecologia-e-desenvolvimentorural<\/strong><\/a><\/p>\n<p>Transforme sua carreira e contribua para um futuro mais sustent\u00e1vel!<\/p>\n<hr \/>\n<h3>\ud83c\udf93 Vagas e Linhas de Pesquisa<\/h3>\n<p>O processo seletivo oferece **24 vagas** para o primeiro semestre de 2026, com foco nas seguintes linhas de pesquisa:<\/p>\n<ul>\n<li>Fundamentos em Agroecologia<\/li>\n<li>Manejo Ecol\u00f3gico do Solo<\/li>\n<li>Sa\u00fade dos Agroecossistemas<\/li>\n<li>Sociedade, Desenvolvimento e Seguran\u00e7a Alimentar<\/li>\n<\/ul>\n<h3>Exig\u00eancia Fundamental para Candidatos<\/h3>\n<p><strong>ATEN\u00c7\u00c3O:<\/strong> O candidato deve estar trabalhando ou ser encaminhado por movimentos sociais do campo no momento da inscri\u00e7\u00e3o.<\/p>\n<blockquote class=\"wp-block-quote\"><p>&#8220;O estudante precisa ser liberado pela empresa onde trabalha ou, ent\u00e3o, ser encaminhado pelos movimentos sociais do campo em que atua. Se esse movimento social indica ou encaminha esse profissional, o estudante tem sua inscri\u00e7\u00e3o aceita tamb\u00e9m.&#8221;<\/p>\n<p><cite>\u2014 Professor F\u00e1bio Cunha Coelho, Coordenador do Mestrado.<\/cite><\/p><\/blockquote>\n<p><img loading=\"lazy\" decoding=\"async\" class=\"size-medium wp-image-470 aligncenter\" src=\"https:\/\/uenf.br\/extensao\/apoioeduenfagroecologia\/wp-content\/uploads\/sites\/5\/2025\/10\/FOTO-PROFESSOR-FABIO-300x213.png\" alt=\"Foto do Professor F\u00e1bio Cunha Coelho\" width=\"300\" height=\"213\" srcset=\"https:\/\/uenf.br\/extensao\/apoioeduenfagroecologia\/wp-content\/uploads\/sites\/5\/2025\/10\/FOTO-PROFESSOR-FABIO-300x213.png 300w, https:\/\/uenf.br\/extensao\/apoioeduenfagroecologia\/wp-content\/uploads\/sites\/5\/2025\/10\/FOTO-PROFESSOR-FABIO.png 510w\" sizes=\"auto, (max-width: 300px) 100vw, 300px\" \/><\/p>\n<h3>\ud83c\udf31 Sobre o Programa e a Agroecologia<\/h3>\n<p>A Agroecologia \u00e9 uma ci\u00eancia transdisciplinar que promove agriculturas com maior base ecol\u00f3gica. Ela valoriza a biodiversidade e utiliza t\u00e9cnicas como aduba\u00e7\u00e3o verde, compostagem e cons\u00f3rcios de culturas, o que naturalmente reduz a necessidade de agrot\u00f3xicos.<\/p>\n<p>A UENF j\u00e1 aplica esses princ\u00edpios em sua \u00e1rea, utilizando o conhecimento de plantas fixadoras de nitrog\u00eanio para enriquecer o solo, garantindo a sustentabilidade e a fertilidade da produ\u00e7\u00e3o.<\/p>\n<p style=\"font-size: small;color: #666\">(Baseado em informa\u00e7\u00f5es da ASCOM\/UENF, por Wesley Machado.)<\/p>\n<p><img decoding=\"async\" id=\"image-hover-icon\" style=\"position: absolute;width: 25px;height: 25px;cursor: pointer;left: 13px;top: 914.445px;opacity: 0.7\" src=\"\/\/pbhpcbdjngblklnibanbkgkogjmbjeoe\/src\/public\/images\/128px.png\" \/><\/p>\n","protected":false},"excerpt":{"rendered":"<p>\ud83d\udce2 Confira o Edital Completo do Mestrado (Turma 2026\/1) \u00c9 com imensa satisfa\u00e7\u00e3o que anunciamos a chegada do Mestrado Profissional em Agroecologia e Desenvolvimento Rural Sustent\u00e1vel na UENF! Ap\u00f3s um rigoroso processo, o programa foi aprovado pela CAPES em dezembro de 2024 e homologado pelo MEC em junho de 2025. Este novo curso de P\u00f3s-Gradua\u00e7\u00e3o [&hellip;]<\/p>\n","protected":false},"author":9,"featured_media":0,"parent":0,"menu_order":0,"comment_status":"closed","ping_status":"closed","template":"","meta":{"ocean_post_layout":"","ocean_both_sidebars_style":"","ocean_both_sidebars_content_width":0,"ocean_both_sidebars_sidebars_width":0,"ocean_sidebar":"","ocean_second_sidebar":"","ocean_disable_margins":"enable","ocean_add_body_class":"","ocean_shortcode_before_top_bar":"","ocean_shortcode_after_top_bar":"","ocean_shortcode_before_header":"","ocean_shortcode_after_header":"","ocean_has_shortcode":"","ocean_shortcode_after_title":"","ocean_shortcode_before_footer_widgets":"","ocean_shortcode_after_footer_widgets":"","ocean_shortcode_before_footer_bottom":"","ocean_shortcode_after_footer_bottom":"","ocean_display_top_bar":"default","ocean_display_header":"default","ocean_header_style":"","ocean_center_header_left_menu":"","ocean_custom_header_template":"","ocean_custom_logo":0,"ocean_custom_retina_logo":0,"ocean_custom_logo_max_width":0,"ocean_custom_logo_tablet_max_width":0,"ocean_custom_logo_mobile_max_width":0,"ocean_custom_logo_max_height":0,"ocean_custom_logo_tablet_max_height":0,"ocean_custom_logo_mobile_max_height":0,"ocean_header_custom_menu":"","ocean_menu_typo_font_family":"","ocean_menu_typo_font_subset":"","ocean_menu_typo_font_size":0,"ocean_menu_typo_font_size_tablet":0,"ocean_menu_typo_font_size_mobile":0,"ocean_menu_typo_font_size_unit":"px","ocean_menu_typo_font_weight":"","ocean_menu_typo_font_weight_tablet":"","ocean_menu_typo_font_weight_mobile":"","ocean_menu_typo_transform":"","ocean_menu_typo_transform_tablet":"","ocean_menu_typo_transform_mobile":"","ocean_menu_typo_line_height":0,"ocean_menu_typo_line_height_tablet":0,"ocean_menu_typo_line_height_mobile":0,"ocean_menu_typo_line_height_unit":"","ocean_menu_typo_spacing":0,"ocean_menu_typo_spacing_tablet":0,"ocean_menu_typo_spacing_mobile":0,"ocean_menu_typo_spacing_unit":"","ocean_menu_link_color":"","ocean_menu_link_color_hover":"","ocean_menu_link_color_active":"","ocean_menu_link_background":"","ocean_menu_link_hover_background":"","ocean_menu_link_active_background":"","ocean_menu_social_links_bg":"","ocean_menu_social_hover_links_bg":"","ocean_menu_social_links_color":"","ocean_menu_social_hover_links_color":"","ocean_disable_title":"default","ocean_disable_heading":"default","ocean_post_title":"","ocean_post_subheading":"","ocean_post_title_style":"","ocean_post_title_background_color":"","ocean_post_title_background":0,"ocean_post_title_bg_image_position":"","ocean_post_title_bg_image_attachment":"","ocean_post_title_bg_image_repeat":"","ocean_post_title_bg_image_size":"","ocean_post_title_height":0,"ocean_post_title_bg_overlay":0.5,"ocean_post_title_bg_overlay_color":"","ocean_disable_breadcrumbs":"default","ocean_breadcrumbs_color":"","ocean_breadcrumbs_separator_color":"","ocean_breadcrumbs_links_color":"","ocean_breadcrumbs_links_hover_color":"","ocean_display_footer_widgets":"default","ocean_display_footer_bottom":"default","ocean_custom_footer_template":"","footnotes":""},"class_list":["post-485","page","type-page","status-publish","hentry","entry"],"_links":{"self":[{"href":"https:\/\/uenf.br\/extensao\/apoioeduenfagroecologia\/wp-json\/wp\/v2\/pages\/485","targetHints":{"allow":["GET"]}}],"collection":[{"href":"https:\/\/uenf.br\/extensao\/apoioeduenfagroecologia\/wp-json\/wp\/v2\/pages"}],"about":[{"href":"https:\/\/uenf.br\/extensao\/apoioeduenfagroecologia\/wp-json\/wp\/v2\/types\/page"}],"author":[{"embeddable":true,"href":"https:\/\/uenf.br\/extensao\/apoioeduenfagroecologia\/wp-json\/wp\/v2\/users\/9"}],"replies":[{"embeddable":true,"href":"https:\/\/uenf.br\/extensao\/apoioeduenfagroecologia\/wp-json\/wp\/v2\/comments?post=485"}],"version-history":[{"count":19,"href":"https:\/\/uenf.br\/extensao\/apoioeduenfagroecologia\/wp-json\/wp\/v2\/pages\/485\/revisions"}],"predecessor-version":[{"id":493,"href":"https:\/\/uenf.br\/extensao\/apoioeduenfagroecologia\/wp-json\/wp\/v2\/pages\/485\/revisions\/493"}],"wp:attachment":[{"href":"https:\/\/uenf.br\/extensao\/apoioeduenfagroecologia\/wp-json\/wp\/v2\/media?parent=485"}],"curies":[{"name":"wp","href":"https:\/\/api.w.org\/{rel}","templated":true}]}}