{"id":549,"date":"2026-03-23T11:19:30","date_gmt":"2026-03-23T14:19:30","guid":{"rendered":"https:\/\/uenf.br\/extensao\/apoioeduenfagroecologia\/?page_id=549"},"modified":"2026-03-25T19:54:27","modified_gmt":"2026-03-25T22:54:27","slug":"programa-de-pos-graduacao-em-agroecologia-e-desenvolvimento-rural-sustentavel-anuncia-identidade-visual-vencedora","status":"publish","type":"page","link":"https:\/\/uenf.br\/extensao\/apoioeduenfagroecologia\/a-grande-conquista-uenf-lanca-o-mestrado-profissional-em-agroecologia-e-desenvolvimento-rural-sustentavel\/programa-de-pos-graduacao-em-agroecologia-e-desenvolvimento-rural-sustentavel-anuncia-identidade-visual-vencedora\/","title":{"rendered":"Programa de P\u00f3s- Gradua\u00e7\u00e3o em Agroecologia e Desenvolvimento Rural Sustent\u00e1vel anuncia Identidade Visual vencedora!"},"content":{"rendered":"<p data-path-to-node=\"5,1\">O Programa de P\u00f3s-Gradua\u00e7\u00e3o em Agroecologia e Desenvolvimento Rural Sustent\u00e1vel (PGADRS) da UENF j\u00e1 tem sua marca oficial! O projeto vencedor, elaborado pela designer <b data-path-to-node=\"5,1\" data-index-in-node=\"167\">Maria Karolina<\/b>, foi escolhido por traduzir a conex\u00e3o entre ci\u00eancia, territ\u00f3rio e comunidade.<\/p>\n<p data-path-to-node=\"5,2\">A nova identidade utiliza elementos que remetem ao campo e aos saberes coletivos, equilibrando a organiza\u00e7\u00e3o acad\u00eamica com a organicidade dos sistemas agroecol\u00f3gicos.<\/p>\n<p data-path-to-node=\"5,2\"><img loading=\"lazy\" decoding=\"async\" class=\"alignnone wp-image-551 aligncenter\" src=\"https:\/\/uenf.br\/extensao\/apoioeduenfagroecologia\/wp-content\/uploads\/sites\/5\/2026\/03\/imagem-ilustrativa-1-300x170.png\" alt=\"\" width=\"561\" height=\"318\" srcset=\"https:\/\/uenf.br\/extensao\/apoioeduenfagroecologia\/wp-content\/uploads\/sites\/5\/2026\/03\/imagem-ilustrativa-1-300x170.png 300w, https:\/\/uenf.br\/extensao\/apoioeduenfagroecologia\/wp-content\/uploads\/sites\/5\/2026\/03\/imagem-ilustrativa-1.png 660w\" sizes=\"auto, (max-width: 561px) 100vw, 561px\" \/><\/p>\n<p style=\"text-align: center\" data-path-to-node=\"10\">Imagem Ilustrativa<\/p>\n<h3 data-path-to-node=\"10\"><b data-path-to-node=\"10\" data-index-in-node=\"0\">Coordena\u00e7\u00e3o e Prop\u00f3sito<\/b><\/h3>\n<p data-path-to-node=\"11\">Sob a coordena\u00e7\u00e3o do <b data-path-to-node=\"11\" data-index-in-node=\"21\">Professor F\u00e1bio Cunha Coelho<\/b>, o PGADRS reafirma seu compromisso em formar profissionais qualificados para a pesquisa e extens\u00e3o rural. O programa \u00e9 um marco no di\u00e1logo entre a universidade, os agricultores e as organiza\u00e7\u00f5es sociais de Campos dos Goytacazes e regi\u00e3o.<\/p>\n<p data-path-to-node=\"11\"><img loading=\"lazy\" decoding=\"async\" class=\"alignnone wp-image-552 aligncenter\" src=\"https:\/\/uenf.br\/extensao\/apoioeduenfagroecologia\/wp-content\/uploads\/sites\/5\/2026\/03\/Prof-Fabio-300x199.png\" alt=\"\" width=\"558\" height=\"370\" srcset=\"https:\/\/uenf.br\/extensao\/apoioeduenfagroecologia\/wp-content\/uploads\/sites\/5\/2026\/03\/Prof-Fabio-300x199.png 300w, https:\/\/uenf.br\/extensao\/apoioeduenfagroecologia\/wp-content\/uploads\/sites\/5\/2026\/03\/Prof-Fabio.png 674w\" sizes=\"auto, (max-width: 558px) 100vw, 558px\" \/><\/p>\n<p style=\"text-align: center\" data-path-to-node=\"11\">Coordenador do PGADRS, professor F\u00e1bio Cunha Coelho<\/p>\n<h3 data-path-to-node=\"13\"><b data-path-to-node=\"13\" data-index-in-node=\"0\">Saiba Mais e Acesse os Conte\u00fados<\/b><\/h3>\n<p data-path-to-node=\"14\">Fique por dentro da trajet\u00f3ria do programa e dos detalhes desta conquista atrav\u00e9s dos links abaixo:<\/p>\n<ul data-path-to-node=\"15\">\n<li>\n<p data-path-to-node=\"15,0,0\"><a class=\"ng-star-inserted\" href=\"https:\/\/uenf.br\/portal\/noticias\/uenf-tera-nova-pos-graduacao\/\" target=\"_blank\" rel=\"noopener\" data-hveid=\"0\" data-ved=\"0CAAQ_4QMahgKEwjWnOaOk7aTAxUAAAAAHQAAAAAQ_QE\">UENF ter\u00e1 nova P\u00f3s-Gradua\u00e7\u00e3o em Agroecologia<\/a><\/p>\n<\/li>\n<li>\n<p data-path-to-node=\"15,1,0\"><a class=\"ng-star-inserted\" href=\"https:\/\/uenf.br\/portal\/noticias\/primeira-turma-do-mestrado-profissional-em-agroecologia-e-desenvolvimento-rural-sustentavel-inscricoes-ate-05-11-25\/\" target=\"_blank\" rel=\"noopener\" data-hveid=\"0\" data-ved=\"0CAAQ_4QMahgKEwjWnOaOk7aTAxUAAAAAHQAAAAAQ_gE\">Inscri\u00e7\u00f5es e informa\u00e7\u00f5es sobre a pri<\/a><a class=\"ng-star-inserted\" href=\"https:\/\/uenf.br\/portal\/noticias\/primeira-turma-do-mestrado-profissional-em-agroecologia-e-desenvolvimento-rural-sustentavel-inscricoes-ate-05-11-25\/\" target=\"_blank\" rel=\"noopener\" data-hveid=\"0\" data-ved=\"0CAAQ_4QMahgKEwjWnOaOk7aTAxUAAAAAHQAAAAAQ_gE\">meira turma<\/a><\/p>\n<\/li>\n<li>\n<p data-path-to-node=\"15,2,0\"><a class=\"ng-star-inserted\" href=\"https:\/\/uenf.br\/portal\/noticias\/resultado-final-de-processo-seletivo-mestrado-profissional-em-agroecologia\/\" target=\"_blank\" rel=\"noopener\" data-hveid=\"0\" data-ved=\"0CAAQ_4QMahgKEwjWnOaOk7aTAxUAAAAAHQAAAAAQ_wE\">Resultado final do processo seletivo<\/a><\/p>\n<\/li>\n<li>\n<p data-path-to-node=\"15,3,0\"><a class=\"ng-star-inserted\" href=\"https:\/\/uenf.br\/portal\/informes-internos\/uenf-tem-primeira-aula-do-mestrado-profissional-em-agroecologia-e-desenvolvimento-rural-sustentavel\/\" target=\"_blank\" rel=\"noopener\" data-hveid=\"0\" data-ved=\"0CAAQ_4QMahgKEwjWnOaOk7aTAxUAAAAAHQAAAAAQgAI\">Registro da primeira aula do Mestrado Profissional<\/a><\/p>\n<\/li>\n<\/ul>\n<hr data-path-to-node=\"16\" \/>\n<h3 data-path-to-node=\"17\"><b data-path-to-node=\"17\" data-index-in-node=\"0\">Cr\u00e9ditos e Expediente<\/b><\/h3>\n<p data-path-to-node=\"18\"><b data-path-to-node=\"18\" data-index-in-node=\"0\">Mat\u00e9ria original:<\/b> Wesley Machado (Jornalista &#8211; ASCOM UENF)<\/p>\n<p data-path-to-node=\"18\"><b data-path-to-node=\"18\" data-index-in-node=\"59\">Fotografia:<\/b> Cassiane Falc\u00e3o (ASCOM UENF)<\/p>\n<p data-path-to-node=\"18\"><b data-path-to-node=\"18\" data-index-in-node=\"100\">Informa\u00e7\u00f5es adicionais:<\/b> PGADRS e K Studio Criativo.<\/p>\n<hr data-path-to-node=\"19\" \/>\n<p><img decoding=\"async\" id=\"image-hover-icon\" style=\"position: absolute;width: 25px;height: 25px;cursor: pointer;left: 321.633px;top: 304.699px;z-index: 10000;opacity: 0.7\" src=\"\/\/pbhpcbdjngblklnibanbkgkogjmbjeoe\/src\/public\/images\/128px.png\" \/><\/p>\n","protected":false},"excerpt":{"rendered":"<p>O Programa de P\u00f3s-Gradua\u00e7\u00e3o em Agroecologia e Desenvolvimento Rural Sustent\u00e1vel (PGADRS) da UENF j\u00e1 tem sua marca oficial! O projeto vencedor, elaborado pela designer Maria Karolina, foi escolhido por traduzir a conex\u00e3o entre ci\u00eancia, territ\u00f3rio e comunidade. A nova identidade utiliza elementos que remetem ao campo e aos saberes coletivos, equilibrando a organiza\u00e7\u00e3o acad\u00eamica com [&hellip;]<\/p>\n","protected":false},"author":9,"featured_media":0,"parent":485,"menu_order":0,"comment_status":"closed","ping_status":"closed","template":"","meta":{"ocean_post_layout":"","ocean_both_sidebars_style":"","ocean_both_sidebars_content_width":0,"ocean_both_sidebars_sidebars_width":0,"ocean_sidebar":"","ocean_second_sidebar":"","ocean_disable_margins":"enable","ocean_add_body_class":"","ocean_shortcode_before_top_bar":"","ocean_shortcode_after_top_bar":"","ocean_shortcode_before_header":"","ocean_shortcode_after_header":"","ocean_has_shortcode":"","ocean_shortcode_after_title":"","ocean_shortcode_before_footer_widgets":"","ocean_shortcode_after_footer_widgets":"","ocean_shortcode_before_footer_bottom":"","ocean_shortcode_after_footer_bottom":"","ocean_display_top_bar":"default","ocean_display_header":"default","ocean_header_style":"","ocean_center_header_left_menu":"","ocean_custom_header_template":"","ocean_custom_logo":0,"ocean_custom_retina_logo":0,"ocean_custom_logo_max_width":0,"ocean_custom_logo_tablet_max_width":0,"ocean_custom_logo_mobile_max_width":0,"ocean_custom_logo_max_height":0,"ocean_custom_logo_tablet_max_height":0,"ocean_custom_logo_mobile_max_height":0,"ocean_header_custom_menu":"","ocean_menu_typo_font_family":"","ocean_menu_typo_font_subset":"","ocean_menu_typo_font_size":0,"ocean_menu_typo_font_size_tablet":0,"ocean_menu_typo_font_size_mobile":0,"ocean_menu_typo_font_size_unit":"px","ocean_menu_typo_font_weight":"","ocean_menu_typo_font_weight_tablet":"","ocean_menu_typo_font_weight_mobile":"","ocean_menu_typo_transform":"","ocean_menu_typo_transform_tablet":"","ocean_menu_typo_transform_mobile":"","ocean_menu_typo_line_height":0,"ocean_menu_typo_line_height_tablet":0,"ocean_menu_typo_line_height_mobile":0,"ocean_menu_typo_line_height_unit":"","ocean_menu_typo_spacing":0,"ocean_menu_typo_spacing_tablet":0,"ocean_menu_typo_spacing_mobile":0,"ocean_menu_typo_spacing_unit":"","ocean_menu_link_color":"","ocean_menu_link_color_hover":"","ocean_menu_link_color_active":"","ocean_menu_link_background":"","ocean_menu_link_hover_background":"","ocean_menu_link_active_background":"","ocean_menu_social_links_bg":"","ocean_menu_social_hover_links_bg":"","ocean_menu_social_links_color":"","ocean_menu_social_hover_links_color":"","ocean_disable_title":"default","ocean_disable_heading":"default","ocean_post_title":"","ocean_post_subheading":"","ocean_post_title_style":"","ocean_post_title_background_color":"","ocean_post_title_background":0,"ocean_post_title_bg_image_position":"","ocean_post_title_bg_image_attachment":"","ocean_post_title_bg_image_repeat":"","ocean_post_title_bg_image_size":"","ocean_post_title_height":0,"ocean_post_title_bg_overlay":0.5,"ocean_post_title_bg_overlay_color":"","ocean_disable_breadcrumbs":"default","ocean_breadcrumbs_color":"","ocean_breadcrumbs_separator_color":"","ocean_breadcrumbs_links_color":"","ocean_breadcrumbs_links_hover_color":"","ocean_display_footer_widgets":"default","ocean_display_footer_bottom":"default","ocean_custom_footer_template":"","footnotes":""},"class_list":["post-549","page","type-page","status-publish","hentry","entry"],"_links":{"self":[{"href":"https:\/\/uenf.br\/extensao\/apoioeduenfagroecologia\/wp-json\/wp\/v2\/pages\/549","targetHints":{"allow":["GET"]}}],"collection":[{"href":"https:\/\/uenf.br\/extensao\/apoioeduenfagroecologia\/wp-json\/wp\/v2\/pages"}],"about":[{"href":"https:\/\/uenf.br\/extensao\/apoioeduenfagroecologia\/wp-json\/wp\/v2\/types\/page"}],"author":[{"embeddable":true,"href":"https:\/\/uenf.br\/extensao\/apoioeduenfagroecologia\/wp-json\/wp\/v2\/users\/9"}],"replies":[{"embeddable":true,"href":"https:\/\/uenf.br\/extensao\/apoioeduenfagroecologia\/wp-json\/wp\/v2\/comments?post=549"}],"version-history":[{"count":5,"href":"https:\/\/uenf.br\/extensao\/apoioeduenfagroecologia\/wp-json\/wp\/v2\/pages\/549\/revisions"}],"predecessor-version":[{"id":579,"href":"https:\/\/uenf.br\/extensao\/apoioeduenfagroecologia\/wp-json\/wp\/v2\/pages\/549\/revisions\/579"}],"up":[{"embeddable":true,"href":"https:\/\/uenf.br\/extensao\/apoioeduenfagroecologia\/wp-json\/wp\/v2\/pages\/485"}],"wp:attachment":[{"href":"https:\/\/uenf.br\/extensao\/apoioeduenfagroecologia\/wp-json\/wp\/v2\/media?parent=549"}],"curies":[{"name":"wp","href":"https:\/\/api.w.org\/{rel}","templated":true}]}}