{"id":62,"date":"2024-03-05T09:23:20","date_gmt":"2024-03-05T12:23:20","guid":{"rendered":"https:\/\/uenf.br\/extensao\/apoioeduenfagroecologia\/?page_id=62"},"modified":"2024-03-05T10:43:24","modified_gmt":"2024-03-05T13:43:24","slug":"livro-forragem-hidroponica","status":"publish","type":"page","link":"https:\/\/uenf.br\/extensao\/apoioeduenfagroecologia\/trabalhos-publicados\/professor-fabio-coelho\/livro-forragem-hidroponica\/","title":{"rendered":"LIVRO &#8211; Doen\u00e7a de Alzheimer Resultado de uma forte afinidade entre cobre e molibd\u00eanio?"},"content":{"rendered":"<h3><img loading=\"lazy\" decoding=\"async\" class=\"size-full wp-image-71 aligncenter\" src=\"https:\/\/uenf.br\/extensao\/apoioeduenfagroecologia\/wp-content\/uploads\/sites\/5\/2024\/03\/capa-alzheimer-210x300-1.png\" alt=\"\" width=\"210\" height=\"300\" \/><\/h3>\n<h3 style=\"text-align: center\"><a href=\"https:\/\/drive.google.com\/file\/d\/1IUsNfy0eqf4Gl6LA85iQpjnZcIMvTDy9\/view\" target=\"_blank\" rel=\"noopener\">LINK DO LIVRO<\/a><\/h3>\n<h3><strong>Sinopse:\u00a0<\/strong><\/h3>\n<p>O livro \u201cDoen\u00e7a de Alzheimer: Resultado de uma forte afinidade entre cobre e molibd\u00eanio?\u201d explora minuciosamente as rela\u00e7\u00f5es entre o cobre (Cu), o molibd\u00eanio (Mo) e a doen\u00e7a de Alzheimer (DA). Os autores investigam a hip\u00f3tese de que a intera\u00e7\u00e3o entre esses elementos qu\u00edmicos pode desempenhar um papel crucial no desenvolvimento da DA, devido ao antagonismo entre Cu e Mo na nutri\u00e7\u00e3o. Al\u00e9m de revisar estudos que demonstram o aumento do teor de cobre n\u00e3o ligado \u00e0 prote\u00edna ceruloplasmina (nCp-Cu) no sangue em rela\u00e7\u00e3o \u00e0 DA, o livro tamb\u00e9m explora novas perspectivas, como a poss\u00edvel influ\u00eancia do uso de cobre na agricultura e a rela\u00e7\u00e3o entre o aumento do teor de cobre durante o envelhecimento e a diminui\u00e7\u00e3o da atividade de enzimas dependentes de Mo. Dividido em dois grandes t\u00f3picos, o livro examina a rela\u00e7\u00e3o entre o cobre na agricultura e a DA, bem como as conex\u00f5es entre o metabolismo de Cu, S e Mo na doen\u00e7a. Os cap\u00edtulos abordam desde o uso de cobre na agricultura at\u00e9 estrat\u00e9gias agroecol\u00f3gicas para reduzir seu uso, passando pela an\u00e1lise da dishomeostase do cobre em doen\u00e7as como a de Wilson e a DA. Al\u00e9m disso, os autores exploram a hip\u00f3tese de que defici\u00eancias no metabolismo do molibd\u00eanio e baixas atividades enzim\u00e1ticas podem estar associadas ao desenvolvimento da DA, levantando a quest\u00e3o da suplementa\u00e7\u00e3o com Mo como poss\u00edvel preven\u00e7\u00e3o da doen\u00e7a. Com mais de 300 refer\u00eancias bibliogr\u00e1ficas consultadas e uma abordagem cr\u00edtica e reflexiva, este livro oferece uma an\u00e1lise aprofundada e atualizada das complexas intera\u00e7\u00f5es entre cobre, molibd\u00eanio e a doen\u00e7a de Alzheimer, fornecendo insights valiosos para pesquisadores, profissionais de sa\u00fade e interessados no campo da neuroci\u00eancia e da nutri\u00e7\u00e3o.<\/p>\n<h3><strong>Autores:<\/strong><\/h3>\n<p>F\u00e1bio Cunha Coelho<br \/>\nRosanna Squitti<br \/>\nGiselle Cerchiaro<br \/>\nSheila Esp\u00edrito Santo Ara\u00fajo<br \/>\nMariacarla Ventriglia<br \/>\nJo\u00e3o Paulo Lima Daher<br \/>\nAnna-Camilla Moonen<br \/>\nGustavo Fialho Coelho<br \/>\nSilvia Almeida Cardoso<br \/>\nArthur Giraldi Guimar\u00e3es<br \/>\nSalim Kanaan<br \/>\nMarinete Pinheiro Carrera<br \/>\nLuisa B. Maia<\/p>\n<p>&nbsp;<\/p>\n<p>&nbsp;<\/p>\n","protected":false},"excerpt":{"rendered":"<p>LINK DO LIVRO Sinopse:\u00a0 O livro \u201cDoen\u00e7a de Alzheimer: Resultado de uma forte afinidade entre cobre e molibd\u00eanio?\u201d explora minuciosamente as rela\u00e7\u00f5es entre o cobre (Cu), o molibd\u00eanio (Mo) e a doen\u00e7a de Alzheimer (DA). Os autores investigam a hip\u00f3tese de que a intera\u00e7\u00e3o entre esses elementos qu\u00edmicos pode desempenhar um papel crucial no desenvolvimento [&hellip;]<\/p>\n","protected":false},"author":9,"featured_media":0,"parent":60,"menu_order":1,"comment_status":"closed","ping_status":"closed","template":"","meta":{"ocean_post_layout":"","ocean_both_sidebars_style":"","ocean_both_sidebars_content_width":0,"ocean_both_sidebars_sidebars_width":0,"ocean_sidebar":"","ocean_second_sidebar":"","ocean_disable_margins":"enable","ocean_add_body_class":"","ocean_shortcode_before_top_bar":"","ocean_shortcode_after_top_bar":"","ocean_shortcode_before_header":"","ocean_shortcode_after_header":"","ocean_has_shortcode":"","ocean_shortcode_after_title":"","ocean_shortcode_before_footer_widgets":"","ocean_shortcode_after_footer_widgets":"","ocean_shortcode_before_footer_bottom":"","ocean_shortcode_after_footer_bottom":"","ocean_display_top_bar":"default","ocean_display_header":"default","ocean_header_style":"","ocean_center_header_left_menu":"","ocean_custom_header_template":"","ocean_custom_logo":0,"ocean_custom_retina_logo":0,"ocean_custom_logo_max_width":0,"ocean_custom_logo_tablet_max_width":0,"ocean_custom_logo_mobile_max_width":0,"ocean_custom_logo_max_height":0,"ocean_custom_logo_tablet_max_height":0,"ocean_custom_logo_mobile_max_height":0,"ocean_header_custom_menu":"","ocean_menu_typo_font_family":"","ocean_menu_typo_font_subset":"","ocean_menu_typo_font_size":0,"ocean_menu_typo_font_size_tablet":0,"ocean_menu_typo_font_size_mobile":0,"ocean_menu_typo_font_size_unit":"px","ocean_menu_typo_font_weight":"","ocean_menu_typo_font_weight_tablet":"","ocean_menu_typo_font_weight_mobile":"","ocean_menu_typo_transform":"","ocean_menu_typo_transform_tablet":"","ocean_menu_typo_transform_mobile":"","ocean_menu_typo_line_height":0,"ocean_menu_typo_line_height_tablet":0,"ocean_menu_typo_line_height_mobile":0,"ocean_menu_typo_line_height_unit":"","ocean_menu_typo_spacing":0,"ocean_menu_typo_spacing_tablet":0,"ocean_menu_typo_spacing_mobile":0,"ocean_menu_typo_spacing_unit":"","ocean_menu_link_color":"","ocean_menu_link_color_hover":"","ocean_menu_link_color_active":"","ocean_menu_link_background":"","ocean_menu_link_hover_background":"","ocean_menu_link_active_background":"","ocean_menu_social_links_bg":"","ocean_menu_social_hover_links_bg":"","ocean_menu_social_links_color":"","ocean_menu_social_hover_links_color":"","ocean_disable_title":"default","ocean_disable_heading":"default","ocean_post_title":"","ocean_post_subheading":"","ocean_post_title_style":"","ocean_post_title_background_color":"","ocean_post_title_background":0,"ocean_post_title_bg_image_position":"","ocean_post_title_bg_image_attachment":"","ocean_post_title_bg_image_repeat":"","ocean_post_title_bg_image_size":"","ocean_post_title_height":0,"ocean_post_title_bg_overlay":0.5,"ocean_post_title_bg_overlay_color":"","ocean_disable_breadcrumbs":"default","ocean_breadcrumbs_color":"","ocean_breadcrumbs_separator_color":"","ocean_breadcrumbs_links_color":"","ocean_breadcrumbs_links_hover_color":"","ocean_display_footer_widgets":"default","ocean_display_footer_bottom":"default","ocean_custom_footer_template":"","footnotes":""},"class_list":["post-62","page","type-page","status-publish","hentry","entry"],"_links":{"self":[{"href":"https:\/\/uenf.br\/extensao\/apoioeduenfagroecologia\/wp-json\/wp\/v2\/pages\/62","targetHints":{"allow":["GET"]}}],"collection":[{"href":"https:\/\/uenf.br\/extensao\/apoioeduenfagroecologia\/wp-json\/wp\/v2\/pages"}],"about":[{"href":"https:\/\/uenf.br\/extensao\/apoioeduenfagroecologia\/wp-json\/wp\/v2\/types\/page"}],"author":[{"embeddable":true,"href":"https:\/\/uenf.br\/extensao\/apoioeduenfagroecologia\/wp-json\/wp\/v2\/users\/9"}],"replies":[{"embeddable":true,"href":"https:\/\/uenf.br\/extensao\/apoioeduenfagroecologia\/wp-json\/wp\/v2\/comments?post=62"}],"version-history":[{"count":6,"href":"https:\/\/uenf.br\/extensao\/apoioeduenfagroecologia\/wp-json\/wp\/v2\/pages\/62\/revisions"}],"predecessor-version":[{"id":82,"href":"https:\/\/uenf.br\/extensao\/apoioeduenfagroecologia\/wp-json\/wp\/v2\/pages\/62\/revisions\/82"}],"up":[{"embeddable":true,"href":"https:\/\/uenf.br\/extensao\/apoioeduenfagroecologia\/wp-json\/wp\/v2\/pages\/60"}],"wp:attachment":[{"href":"https:\/\/uenf.br\/extensao\/apoioeduenfagroecologia\/wp-json\/wp\/v2\/media?parent=62"}],"curies":[{"name":"wp","href":"https:\/\/api.w.org\/{rel}","templated":true}]}}