{"id":302,"date":"2013-10-31T14:13:42","date_gmt":"2013-10-31T14:13:42","guid":{"rendered":"http:\/\/www.uenf.br\/dic\/editora\/?page_id=2"},"modified":"2023-12-21T17:45:34","modified_gmt":"2023-12-21T20:45:34","slug":"apresentacao","status":"publish","type":"page","link":"https:\/\/uenf.br\/extensao\/editora\/","title":{"rendered":"Apresenta\u00e7\u00e3o &#8211; O que \u00e9 a EdUENF?"},"content":{"rendered":"<p><img loading=\"lazy\" decoding=\"async\" class=\"wp-image-350 aligncenter\" src=\"https:\/\/uenf.br\/extensao\/editora\/wp-content\/uploads\/sites\/2\/2021\/09\/assinaturas-eduenf-300x51.png\" alt=\"\" width=\"588\" height=\"100\" srcset=\"https:\/\/uenf.br\/extensao\/editora\/wp-content\/uploads\/sites\/2\/2021\/09\/assinaturas-eduenf-300x51.png 300w, https:\/\/uenf.br\/extensao\/editora\/wp-content\/uploads\/sites\/2\/2021\/09\/assinaturas-eduenf-1024x174.png 1024w, https:\/\/uenf.br\/extensao\/editora\/wp-content\/uploads\/sites\/2\/2021\/09\/assinaturas-eduenf-768x130.png 768w, https:\/\/uenf.br\/extensao\/editora\/wp-content\/uploads\/sites\/2\/2021\/09\/assinaturas-eduenf-1536x261.png 1536w, https:\/\/uenf.br\/extensao\/editora\/wp-content\/uploads\/sites\/2\/2021\/09\/assinaturas-eduenf-2048x348.png 2048w\" sizes=\"auto, (max-width: 588px) 100vw, 588px\" \/><\/p>\n<p>Criada em 2003, a Editora da Universidade Estadual do Norte Fluminense Darcy Ribeiro teve seu vigor renovado em 2012, com a forma\u00e7\u00e3o do Conselho Editorial respons\u00e1vel pelo processo de elabora\u00e7\u00e3o do Regimento Interno da EdUENF, sob a condu\u00e7\u00e3o do Prof. S\u00e9rgio Arruda de Moura, ent\u00e3o o editor-chefe. Aquele documento, que vale como a verdadeira certid\u00e3o de nascimento da editora, foi aprovado pelo Conselho Acad\u00eamico da UENF em 6 de setembro de 2013 e publicado no Di\u00e1rio Oficial do Estado do Rio de Janeiro em 18 de mar\u00e7o de 2014. O Regimento Interno reza que a EdUENF \u201ctem por finalidade promover obras de natureza acad\u00eamica, apoiando o ensino, a pesquisa e a extens\u00e3o da universidade, norteada pelo crit\u00e9rio de qualidade, em conson\u00e2ncia com o Regimento e o Estatuto da UENF\u201d (D.O.R.J 18\/03\/14, p.23). A editora se prop\u00f5e a direcionar suas atividades para obras de conte\u00fado did\u00e1tico, cient\u00edfico, art\u00edstico, filos\u00f3fico e de divulga\u00e7\u00e3o cultural e extensionista. At\u00e9 o momento, cerca de 45 publica\u00e7\u00f5es levam o ISBN da EdUENF.<\/p>\n<p>Em 8 de janeiro de 2016, o Magn\u00edfico Reitor da UENF Lu\u00eds C\u00e9zar Passoni, designou o Prof. Dr. Leonardo Rog\u00e9rio Miguel para exercer o cargo de editor-chefe (D.O.R.J, 14\/01\/2016, p.12). Em 18 de janeiro de 2023, o Magn\u00edfico Reitor Raul Pal\u00e1cio designou, como editora-chefe, a Profa. Da. K\u00e1tia Valevski Sales Fernandes (D.O.R.J., 25\/01\/2023, p. 28). Os demais membros do atual Conselho Editorial s\u00e3o:<\/p>\n<p>Prof<sup>a.<\/sup> Dr<sup>a.<\/sup>. Maura Cunha (Centro de Bioci\u00eancias e Biotecnologia)<\/p>\n<p>Prof. Dr. S\u00e9rgio Arruda de Moura (Centro de Ci\u00eancias do Homem)<\/p>\n<p>Prof<sup>a.<\/sup> Dr<sup>a.<\/sup>. Cl\u00e1udia Lopes Prins (Centro de Ci\u00eancias e Tecnologias Agropecu\u00e1rias)<\/p>\n<p>Prof. Dr. Roberto Trindade F. J\u00fanior (Centro de Ci\u00eancia e Tecnol\u00f3gica)<\/p>\n<p>TNS Ana Bianca Rocha Miranda (representante dos Servidores T\u00e9cnico-Administrativos)<\/p>\n<p>N\u00e3o obstante as severas e restritivas condi\u00e7\u00f5es or\u00e7ament\u00e1rias que sofre, a EdUENF procura atuar, ainda que modestamente, no cumprimento da tarefa de difundir conhecimentos produzidos em seu meio acad\u00eamico-cient\u00edfico. A EdUENF se centra na din\u00e2mica interlocutiva t\u00edpica da Universidade enquanto um dos instrumentos de apoio \u00e0 sua atividade-fim, que \u00e9 formar profissionais de alto n\u00edvel, n\u00e3o apenas em termos t\u00e9cnico-cient\u00edficos, como tamb\u00e9m human\u00edsticos e culturais. Esta atividade se desdobra em tr\u00eas: no <strong>Ensino<\/strong>, na <strong>Pesquisa<\/strong> e na <strong>Extens\u00e3o<\/strong>. A unidade entre as tr\u00eas atividades, ou miss\u00f5es, consiste no pr\u00f3prio esp\u00edrito da Universidade, a tr\u00edade fundamental da vida acad\u00eamica.<\/p>\n","protected":false},"excerpt":{"rendered":"<p>Criada em 2003, a Editora da Universidade Estadual do Norte Fluminense Darcy Ribeiro teve seu vigor renovado em 2012, com a forma\u00e7\u00e3o do Conselho Editorial respons\u00e1vel pelo processo de elabora\u00e7\u00e3o do Regimento Interno da EdUENF, sob a condu\u00e7\u00e3o do Prof. S\u00e9rgio Arruda de Moura, ent\u00e3o o editor-chefe. Aquele documento, que vale como a verdadeira certid\u00e3o [&hellip;]<\/p>\n","protected":false},"author":2,"featured_media":0,"parent":0,"menu_order":1,"comment_status":"open","ping_status":"closed","template":"","meta":{"ocean_post_layout":"","ocean_both_sidebars_style":"","ocean_both_sidebars_content_width":0,"ocean_both_sidebars_sidebars_width":0,"ocean_sidebar":"","ocean_second_sidebar":"","ocean_disable_margins":"enable","ocean_add_body_class":"","ocean_shortcode_before_top_bar":"","ocean_shortcode_after_top_bar":"","ocean_shortcode_before_header":"","ocean_shortcode_after_header":"","ocean_has_shortcode":"","ocean_shortcode_after_title":"","ocean_shortcode_before_footer_widgets":"","ocean_shortcode_after_footer_widgets":"","ocean_shortcode_before_footer_bottom":"","ocean_shortcode_after_footer_bottom":"","ocean_display_top_bar":"default","ocean_display_header":"default","ocean_header_style":"","ocean_center_header_left_menu":"","ocean_custom_header_template":"","ocean_custom_logo":0,"ocean_custom_retina_logo":0,"ocean_custom_logo_max_width":0,"ocean_custom_logo_tablet_max_width":0,"ocean_custom_logo_mobile_max_width":0,"ocean_custom_logo_max_height":0,"ocean_custom_logo_tablet_max_height":0,"ocean_custom_logo_mobile_max_height":0,"ocean_header_custom_menu":"","ocean_menu_typo_font_family":"","ocean_menu_typo_font_subset":"","ocean_menu_typo_font_size":0,"ocean_menu_typo_font_size_tablet":0,"ocean_menu_typo_font_size_mobile":0,"ocean_menu_typo_font_size_unit":"px","ocean_menu_typo_font_weight":"","ocean_menu_typo_font_weight_tablet":"","ocean_menu_typo_font_weight_mobile":"","ocean_menu_typo_transform":"","ocean_menu_typo_transform_tablet":"","ocean_menu_typo_transform_mobile":"","ocean_menu_typo_line_height":0,"ocean_menu_typo_line_height_tablet":0,"ocean_menu_typo_line_height_mobile":0,"ocean_menu_typo_line_height_unit":"","ocean_menu_typo_spacing":0,"ocean_menu_typo_spacing_tablet":0,"ocean_menu_typo_spacing_mobile":0,"ocean_menu_typo_spacing_unit":"","ocean_menu_link_color":"","ocean_menu_link_color_hover":"","ocean_menu_link_color_active":"","ocean_menu_link_background":"","ocean_menu_link_hover_background":"","ocean_menu_link_active_background":"","ocean_menu_social_links_bg":"","ocean_menu_social_hover_links_bg":"","ocean_menu_social_links_color":"","ocean_menu_social_hover_links_color":"","ocean_disable_title":"default","ocean_disable_heading":"default","ocean_post_title":"","ocean_post_subheading":"","ocean_post_title_style":"","ocean_post_title_background_color":"","ocean_post_title_background":0,"ocean_post_title_bg_image_position":"","ocean_post_title_bg_image_attachment":"","ocean_post_title_bg_image_repeat":"","ocean_post_title_bg_image_size":"","ocean_post_title_height":0,"ocean_post_title_bg_overlay":0.5,"ocean_post_title_bg_overlay_color":"","ocean_disable_breadcrumbs":"default","ocean_breadcrumbs_color":"","ocean_breadcrumbs_separator_color":"","ocean_breadcrumbs_links_color":"","ocean_breadcrumbs_links_hover_color":"","ocean_display_footer_widgets":"default","ocean_display_footer_bottom":"default","ocean_custom_footer_template":"","footnotes":""},"class_list":["post-302","page","type-page","status-publish","hentry","entry"],"_links":{"self":[{"href":"https:\/\/uenf.br\/extensao\/editora\/wp-json\/wp\/v2\/pages\/302","targetHints":{"allow":["GET"]}}],"collection":[{"href":"https:\/\/uenf.br\/extensao\/editora\/wp-json\/wp\/v2\/pages"}],"about":[{"href":"https:\/\/uenf.br\/extensao\/editora\/wp-json\/wp\/v2\/types\/page"}],"author":[{"embeddable":true,"href":"https:\/\/uenf.br\/extensao\/editora\/wp-json\/wp\/v2\/users\/2"}],"replies":[{"embeddable":true,"href":"https:\/\/uenf.br\/extensao\/editora\/wp-json\/wp\/v2\/comments?post=302"}],"version-history":[{"count":5,"href":"https:\/\/uenf.br\/extensao\/editora\/wp-json\/wp\/v2\/pages\/302\/revisions"}],"predecessor-version":[{"id":497,"href":"https:\/\/uenf.br\/extensao\/editora\/wp-json\/wp\/v2\/pages\/302\/revisions\/497"}],"wp:attachment":[{"href":"https:\/\/uenf.br\/extensao\/editora\/wp-json\/wp\/v2\/media?parent=302"}],"curies":[{"name":"wp","href":"https:\/\/api.w.org\/{rel}","templated":true}]}}