{"id":158,"date":"2014-08-04T18:27:05","date_gmt":"2014-08-04T18:27:05","guid":{"rendered":"http:\/\/uenf.br\/reitoria\/escolaextensao\/?page_id=158"},"modified":"2014-08-04T18:27:05","modified_gmt":"2014-08-04T18:27:05","slug":"noticias","status":"publish","type":"page","link":"https:\/\/uenf.br\/extensao\/escolaextensao\/noticias\/","title":{"rendered":"Not\u00edcias"},"content":{"rendered":"<p><span style=\"color: #ffff00\"><a href=\"http:\/\/www.stf.jus.br\/portal\/cms\/verNoticiaDetalhe.asp?idConteudo=341686\">UNIVERSIDADES P\u00daBLICAS PODEM COBRAR POR CURSOS DE ESPECIALIZA\u00c7\u00c3O<\/a><\/span><\/p>\n<p><a title=\"UENF PODER\u00c1 TER P\u00d3S EM ADMINISTRA\u00c7\u00c3O FAZEND\u00c1RIA\" href=\"http:\/\/www.uenf.br\/portal\/index.php\/br\/p%C3%B3s-administra%C3%A7%C3%A3o-fazendaria.html\"><strong><span style=\"color: #3366ff\">UENF PODER\u00c1 TER P\u00d3S EM ADMINISTRA\u00c7\u00c3O FAZEND\u00c1RIA<\/span><\/strong><\/a><\/p>\n<p><a title=\"PONTE ENTRE ACADEMIA E PODER P\u00daBLICO\" href=\"http:\/\/www.uenf.br\/portal\/index.php\/br\/revista-eco-ponte-entre-academia-e-poder-publico.html\"><strong><span style=\"color: #3366ff\">PONTE ENTRE ACADEMIA E PODER P\u00daBLICO<\/span><\/strong><\/a><\/p>\n<p><a title=\"1\u00aa EDI\u00c7\u00c3O DA REVISTA ECO\" href=\"http:\/\/issuu.com\/uenf2\/docs\/eco-ano-01-numero-01-fev-2013\"><strong><span style=\"color: #3366ff\">1\u00aa EDI\u00c7\u00c3O DA REVISTA ECO<\/span><\/strong><\/a><\/p>\n<p><a title=\"CAF\u00c9 COM CI\u00caNCIA NO LAN\u00c7AMENTO DA REVISTA ECO\" href=\"http:\/\/www.uenf.br\/portal\/index.php\/br\/vitrine-para-novas-politicas-publicas.html\"><strong><span style=\"color: #3366ff\">CAF\u00c9 COM CI\u00caNCIA NO LAN\u00c7AMENTO DA REVISTA ECO<\/span><\/strong><\/a><\/p>\n<p><a title=\"ESPECIALIZA\u00c7\u00c3O EM PETR\u00d3LEO E G\u00c1S\" href=\"http:\/\/www.uenf.br\/portal\/index.php\/br\/especializacao-em-petroleo-e-gas.html\"><strong><span style=\"color: #3366ff\">ESPECIALIZA\u00c7\u00c3O EM PETR\u00d3LEO E G\u00c1S<\/span><\/strong><\/a><\/p>\n<p><a title=\"ESCOLA DE EXTENS\u00c3O: REGIMENTO PUBLICADO\" href=\"http:\/\/www.uenf.br\/portal\/index.php\/br\/escola-de-extens%C3%A3o-regimento-publicado.html\"><strong><span style=\"color: #3366ff\">ESCOLA DE EXTENS\u00c3O: REGIMENTO PUBLICADO<\/span><\/strong><\/a><\/p>\n<p><a title=\"UENF NO CAMINHO CERTO\" href=\"http:\/\/www.uenf.br\/portal\/index.php\/br\/uenf-no-caminho-certo.html\"><strong><span style=\"color: #3366ff\">UENF NO CAMINHO CERTO<\/span><\/strong><\/a><\/p>\n<p><a title=\"ESCOLA DE EXTENS\u00c3O DA UENF J\u00c1 FUNCIONA\" href=\"http:\/\/www.uenf.br\/portal\/index.php\/br\/escola-de-extensao-da-uenf-ja-funciona.html\"><strong><span style=\"color: #3366ff\">ESCOLA DE EXTENS\u00c3O DA UENF J\u00c1 FUNCIONA<\/span><\/strong><\/a><\/p>\n<p>&nbsp;<\/p>\n","protected":false},"excerpt":{"rendered":"<p>UNIVERSIDADES P\u00daBLICAS PODEM COBRAR POR CURSOS DE ESPECIALIZA\u00c7\u00c3O UENF PODER\u00c1 TER P\u00d3S EM ADMINISTRA\u00c7\u00c3O FAZEND\u00c1RIA PONTE ENTRE ACADEMIA E PODER P\u00daBLICO 1\u00aa EDI\u00c7\u00c3O DA REVISTA ECO CAF\u00c9 COM CI\u00caNCIA NO LAN\u00c7AMENTO DA REVISTA ECO ESPECIALIZA\u00c7\u00c3O EM PETR\u00d3LEO E G\u00c1S ESCOLA DE EXTENS\u00c3O: REGIMENTO PUBLICADO UENF NO CAMINHO CERTO ESCOLA DE EXTENS\u00c3O DA UENF J\u00c1 FUNCIONA [&hellip;]<\/p>\n","protected":false},"author":2,"featured_media":0,"parent":0,"menu_order":11,"comment_status":"open","ping_status":"open","template":"","meta":{"ocean_post_layout":"","ocean_both_sidebars_style":"","ocean_both_sidebars_content_width":0,"ocean_both_sidebars_sidebars_width":0,"ocean_sidebar":"","ocean_second_sidebar":"","ocean_disable_margins":"enable","ocean_add_body_class":"","ocean_shortcode_before_top_bar":"","ocean_shortcode_after_top_bar":"","ocean_shortcode_before_header":"","ocean_shortcode_after_header":"","ocean_has_shortcode":"","ocean_shortcode_after_title":"","ocean_shortcode_before_footer_widgets":"","ocean_shortcode_after_footer_widgets":"","ocean_shortcode_before_footer_bottom":"","ocean_shortcode_after_footer_bottom":"","ocean_display_top_bar":"default","ocean_display_header":"default","ocean_header_style":"","ocean_center_header_left_menu":"","ocean_custom_header_template":"","ocean_custom_logo":0,"ocean_custom_retina_logo":0,"ocean_custom_logo_max_width":0,"ocean_custom_logo_tablet_max_width":0,"ocean_custom_logo_mobile_max_width":0,"ocean_custom_logo_max_height":0,"ocean_custom_logo_tablet_max_height":0,"ocean_custom_logo_mobile_max_height":0,"ocean_header_custom_menu":"","ocean_menu_typo_font_family":"","ocean_menu_typo_font_subset":"","ocean_menu_typo_font_size":0,"ocean_menu_typo_font_size_tablet":0,"ocean_menu_typo_font_size_mobile":0,"ocean_menu_typo_font_size_unit":"px","ocean_menu_typo_font_weight":"","ocean_menu_typo_font_weight_tablet":"","ocean_menu_typo_font_weight_mobile":"","ocean_menu_typo_transform":"","ocean_menu_typo_transform_tablet":"","ocean_menu_typo_transform_mobile":"","ocean_menu_typo_line_height":0,"ocean_menu_typo_line_height_tablet":0,"ocean_menu_typo_line_height_mobile":0,"ocean_menu_typo_line_height_unit":"","ocean_menu_typo_spacing":0,"ocean_menu_typo_spacing_tablet":0,"ocean_menu_typo_spacing_mobile":0,"ocean_menu_typo_spacing_unit":"","ocean_menu_link_color":"","ocean_menu_link_color_hover":"","ocean_menu_link_color_active":"","ocean_menu_link_background":"","ocean_menu_link_hover_background":"","ocean_menu_link_active_background":"","ocean_menu_social_links_bg":"","ocean_menu_social_hover_links_bg":"","ocean_menu_social_links_color":"","ocean_menu_social_hover_links_color":"","ocean_disable_title":"default","ocean_disable_heading":"default","ocean_post_title":"","ocean_post_subheading":"","ocean_post_title_style":"","ocean_post_title_background_color":"","ocean_post_title_background":0,"ocean_post_title_bg_image_position":"","ocean_post_title_bg_image_attachment":"","ocean_post_title_bg_image_repeat":"","ocean_post_title_bg_image_size":"","ocean_post_title_height":0,"ocean_post_title_bg_overlay":0.5,"ocean_post_title_bg_overlay_color":"","ocean_disable_breadcrumbs":"default","ocean_breadcrumbs_color":"","ocean_breadcrumbs_separator_color":"","ocean_breadcrumbs_links_color":"","ocean_breadcrumbs_links_hover_color":"","ocean_display_footer_widgets":"default","ocean_display_footer_bottom":"default","ocean_custom_footer_template":"","footnotes":""},"class_list":["post-158","page","type-page","status-publish","hentry","entry"],"_links":{"self":[{"href":"https:\/\/uenf.br\/extensao\/escolaextensao\/wp-json\/wp\/v2\/pages\/158","targetHints":{"allow":["GET"]}}],"collection":[{"href":"https:\/\/uenf.br\/extensao\/escolaextensao\/wp-json\/wp\/v2\/pages"}],"about":[{"href":"https:\/\/uenf.br\/extensao\/escolaextensao\/wp-json\/wp\/v2\/types\/page"}],"author":[{"embeddable":true,"href":"https:\/\/uenf.br\/extensao\/escolaextensao\/wp-json\/wp\/v2\/users\/2"}],"replies":[{"embeddable":true,"href":"https:\/\/uenf.br\/extensao\/escolaextensao\/wp-json\/wp\/v2\/comments?post=158"}],"version-history":[{"count":0,"href":"https:\/\/uenf.br\/extensao\/escolaextensao\/wp-json\/wp\/v2\/pages\/158\/revisions"}],"wp:attachment":[{"href":"https:\/\/uenf.br\/extensao\/escolaextensao\/wp-json\/wp\/v2\/media?parent=158"}],"curies":[{"name":"wp","href":"https:\/\/api.w.org\/{rel}","templated":true}]}}