{"id":465,"date":"2023-04-27T10:07:35","date_gmt":"2023-04-27T13:07:35","guid":{"rendered":"https:\/\/uenf.br\/extensao\/escolaextensao\/?page_id=465"},"modified":"2023-04-27T10:08:41","modified_gmt":"2023-04-27T13:08:41","slug":"lei-no-14-534-de-11-de-janeiro-de-2023","status":"publish","type":"page","link":"https:\/\/uenf.br\/extensao\/escolaextensao\/legislacao\/lei-no-14-534-de-11-de-janeiro-de-2023\/","title":{"rendered":"LEI N\u00ba 14.534, DE 11 DE JANEIRO DE 2023"},"content":{"rendered":"<p>&nbsp;<\/p>\n<p><img loading=\"lazy\" decoding=\"async\" class=\"alignnone  wp-image-296\" src=\"https:\/\/uenf.br\/extensao\/escolaextensao\/wp-content\/uploads\/sites\/3\/2018\/06\/aviso-impportante-300x137.jpg\" alt=\"\" width=\"109\" height=\"50\" srcset=\"https:\/\/uenf.br\/extensao\/escolaextensao\/wp-content\/uploads\/sites\/3\/2018\/06\/aviso-impportante-300x137.jpg 300w, https:\/\/uenf.br\/extensao\/escolaextensao\/wp-content\/uploads\/sites\/3\/2018\/06\/aviso-impportante.jpg 332w\" sizes=\"auto, (max-width: 109px) 100vw, 109px\" \/><\/p>\n<p>O presidente Luiz In\u00e1cio Lula da Silva sancionou a <a href=\"https:\/\/www.in.gov.br\/web\/dou\/-\/lei-n-14.534-de-11-de-janeiro-de-2023-457335009\" target=\"_blank\" rel=\"noopener\">Lei n\u00ba 14.534\/23<\/a>, que estabelece o n\u00famero do Cadastro de Pessoa F\u00edsica (CPF) como \u00fanico n\u00famero do registro geral em todo o pa\u00eds, de forma a ser usado para identificar o cidad\u00e3o nos bancos de dados dos servi\u00e7os p\u00fablicos.<\/p>\n","protected":false},"excerpt":{"rendered":"<p>&nbsp; O presidente Luiz In\u00e1cio Lula da Silva sancionou a Lei n\u00ba 14.534\/23, que estabelece o n\u00famero do Cadastro de Pessoa F\u00edsica (CPF) como \u00fanico n\u00famero do registro geral em todo o pa\u00eds, de forma a ser usado para identificar o cidad\u00e3o nos bancos de dados dos servi\u00e7os p\u00fablicos.<\/p>\n","protected":false},"author":7,"featured_media":0,"parent":18,"menu_order":0,"comment_status":"closed","ping_status":"closed","template":"","meta":{"ocean_post_layout":"","ocean_both_sidebars_style":"","ocean_both_sidebars_content_width":0,"ocean_both_sidebars_sidebars_width":0,"ocean_sidebar":"","ocean_second_sidebar":"","ocean_disable_margins":"enable","ocean_add_body_class":"","ocean_shortcode_before_top_bar":"","ocean_shortcode_after_top_bar":"","ocean_shortcode_before_header":"","ocean_shortcode_after_header":"","ocean_has_shortcode":"","ocean_shortcode_after_title":"","ocean_shortcode_before_footer_widgets":"","ocean_shortcode_after_footer_widgets":"","ocean_shortcode_before_footer_bottom":"","ocean_shortcode_after_footer_bottom":"","ocean_display_top_bar":"default","ocean_display_header":"default","ocean_header_style":"","ocean_center_header_left_menu":"","ocean_custom_header_template":"","ocean_custom_logo":0,"ocean_custom_retina_logo":0,"ocean_custom_logo_max_width":0,"ocean_custom_logo_tablet_max_width":0,"ocean_custom_logo_mobile_max_width":0,"ocean_custom_logo_max_height":0,"ocean_custom_logo_tablet_max_height":0,"ocean_custom_logo_mobile_max_height":0,"ocean_header_custom_menu":"","ocean_menu_typo_font_family":"","ocean_menu_typo_font_subset":"","ocean_menu_typo_font_size":0,"ocean_menu_typo_font_size_tablet":0,"ocean_menu_typo_font_size_mobile":0,"ocean_menu_typo_font_size_unit":"px","ocean_menu_typo_font_weight":"","ocean_menu_typo_font_weight_tablet":"","ocean_menu_typo_font_weight_mobile":"","ocean_menu_typo_transform":"","ocean_menu_typo_transform_tablet":"","ocean_menu_typo_transform_mobile":"","ocean_menu_typo_line_height":0,"ocean_menu_typo_line_height_tablet":0,"ocean_menu_typo_line_height_mobile":0,"ocean_menu_typo_line_height_unit":"","ocean_menu_typo_spacing":0,"ocean_menu_typo_spacing_tablet":0,"ocean_menu_typo_spacing_mobile":0,"ocean_menu_typo_spacing_unit":"","ocean_menu_link_color":"","ocean_menu_link_color_hover":"","ocean_menu_link_color_active":"","ocean_menu_link_background":"","ocean_menu_link_hover_background":"","ocean_menu_link_active_background":"","ocean_menu_social_links_bg":"","ocean_menu_social_hover_links_bg":"","ocean_menu_social_links_color":"","ocean_menu_social_hover_links_color":"","ocean_disable_title":"default","ocean_disable_heading":"default","ocean_post_title":"","ocean_post_subheading":"","ocean_post_title_style":"","ocean_post_title_background_color":"","ocean_post_title_background":0,"ocean_post_title_bg_image_position":"","ocean_post_title_bg_image_attachment":"","ocean_post_title_bg_image_repeat":"","ocean_post_title_bg_image_size":"","ocean_post_title_height":0,"ocean_post_title_bg_overlay":0.5,"ocean_post_title_bg_overlay_color":"","ocean_disable_breadcrumbs":"default","ocean_breadcrumbs_color":"","ocean_breadcrumbs_separator_color":"","ocean_breadcrumbs_links_color":"","ocean_breadcrumbs_links_hover_color":"","ocean_display_footer_widgets":"default","ocean_display_footer_bottom":"default","ocean_custom_footer_template":"","footnotes":""},"class_list":["post-465","page","type-page","status-publish","hentry","entry"],"_links":{"self":[{"href":"https:\/\/uenf.br\/extensao\/escolaextensao\/wp-json\/wp\/v2\/pages\/465","targetHints":{"allow":["GET"]}}],"collection":[{"href":"https:\/\/uenf.br\/extensao\/escolaextensao\/wp-json\/wp\/v2\/pages"}],"about":[{"href":"https:\/\/uenf.br\/extensao\/escolaextensao\/wp-json\/wp\/v2\/types\/page"}],"author":[{"embeddable":true,"href":"https:\/\/uenf.br\/extensao\/escolaextensao\/wp-json\/wp\/v2\/users\/7"}],"replies":[{"embeddable":true,"href":"https:\/\/uenf.br\/extensao\/escolaextensao\/wp-json\/wp\/v2\/comments?post=465"}],"version-history":[{"count":2,"href":"https:\/\/uenf.br\/extensao\/escolaextensao\/wp-json\/wp\/v2\/pages\/465\/revisions"}],"predecessor-version":[{"id":467,"href":"https:\/\/uenf.br\/extensao\/escolaextensao\/wp-json\/wp\/v2\/pages\/465\/revisions\/467"}],"up":[{"embeddable":true,"href":"https:\/\/uenf.br\/extensao\/escolaextensao\/wp-json\/wp\/v2\/pages\/18"}],"wp:attachment":[{"href":"https:\/\/uenf.br\/extensao\/escolaextensao\/wp-json\/wp\/v2\/media?parent=465"}],"curies":[{"name":"wp","href":"https:\/\/api.w.org\/{rel}","templated":true}]}}