{"id":18,"date":"2013-03-27T22:26:54","date_gmt":"2013-03-28T01:26:54","guid":{"rendered":"https:\/\/uenf.br\/graduacao\/administracao-publica\/?page_id=18"},"modified":"2025-09-04T11:59:43","modified_gmt":"2025-09-04T14:59:43","slug":"formularios-e-normas","status":"publish","type":"page","link":"https:\/\/uenf.br\/graduacao\/administracao-publica\/formularios-e-normas\/","title":{"rendered":"Formul\u00e1rios e Requerimentos"},"content":{"rendered":"<p><a href=\"https:\/\/uenf.br\/graduacao\/administracao-publica\/wp-content\/uploads\/sites\/4\/2024\/09\/MODELO-Formulario_Atividades-Academicas-Cientifico-Culturais-Complementares.docx\">MODELO &#8211; Formul\u00e1rio_Atividades Acad\u00eamicas Cient\u00edfico-Culturais Complementares<\/a><\/p>\n<p>&nbsp;<\/p>\n<p>O discente que desejar participar como ouvinte das bancas de defesa de MONOGRAFIA, deve preencher o formul\u00e1rio abaixo, solicitar a assinatura do membro presidente da banca e enviar juntos com os demais comprovantes para fins de contabilizar horas das Atividades Acad\u00eamicas Cient\u00edfico-Culturais Complementares.<\/p>\n<p><a href=\"https:\/\/uenf.br\/graduacao\/administracao-publica\/wp-content\/uploads\/sites\/4\/2013\/03\/declaracao-atividades-acad.docx\" rel=\"\">MODELO &#8211; Declara\u00e7\u00e3o de participa\u00e7\u00e3o em bancas de defesa (para AACC)<\/a><\/p>\n<p>&nbsp;<\/p>\n<p><a href=\"https:\/\/uenf.br\/graduacao\/administracao-publica\/wp-content\/uploads\/sites\/4\/2024\/09\/MODELO-Formulario-de-avaliacao-de-estagio.doc\">MODELO &#8211; Formul\u00e1rio de Avalia\u00e7\u00e3o de Est\u00e1gio<\/a><\/p>\n<p>&nbsp;<\/p>\n<p><a href=\"https:\/\/uenf.br\/graduacao\/administracao-publica\/wp-content\/uploads\/sites\/4\/2024\/09\/MODELO-TERMO-DE-FORMALIZACAO-DE-MONOGRAFIA.docx\">MODELO &#8211; Termo de Formaliza\u00e7\u00e3o de Orienta\u00e7\u00e3o de Monografia<\/a><\/p>\n<p>&nbsp;<\/p>\n<h4>Nada CONSTA &#8211; Secretaria Acad\u00eamica &#8211; Reitoria.<\/h4>\n<p>&nbsp;<\/p>\n","protected":false},"excerpt":{"rendered":"<p>MODELO &#8211; Formul\u00e1rio_Atividades Acad\u00eamicas Cient\u00edfico-Culturais Complementares &nbsp; O discente que desejar participar como ouvinte das bancas de defesa de MONOGRAFIA,&#8230;<\/p>\n","protected":false},"author":9,"featured_media":0,"parent":0,"menu_order":7,"comment_status":"open","ping_status":"closed","template":"","meta":{"footnotes":""},"class_list":["post-18","page","type-page","status-publish","hentry"],"_links":{"self":[{"href":"https:\/\/uenf.br\/graduacao\/administracao-publica\/wp-json\/wp\/v2\/pages\/18","targetHints":{"allow":["GET"]}}],"collection":[{"href":"https:\/\/uenf.br\/graduacao\/administracao-publica\/wp-json\/wp\/v2\/pages"}],"about":[{"href":"https:\/\/uenf.br\/graduacao\/administracao-publica\/wp-json\/wp\/v2\/types\/page"}],"author":[{"embeddable":true,"href":"https:\/\/uenf.br\/graduacao\/administracao-publica\/wp-json\/wp\/v2\/users\/9"}],"replies":[{"embeddable":true,"href":"https:\/\/uenf.br\/graduacao\/administracao-publica\/wp-json\/wp\/v2\/comments?post=18"}],"version-history":[{"count":0,"href":"https:\/\/uenf.br\/graduacao\/administracao-publica\/wp-json\/wp\/v2\/pages\/18\/revisions"}],"wp:attachment":[{"href":"https:\/\/uenf.br\/graduacao\/administracao-publica\/wp-json\/wp\/v2\/media?parent=18"}],"curies":[{"name":"wp","href":"https:\/\/api.w.org\/{rel}","templated":true}]}}