{"id":19,"date":"2021-09-01T21:00:11","date_gmt":"2021-09-02T00:00:11","guid":{"rendered":"https:\/\/uenf.br\/graduacao\/administracao-publica\/?page_id=19"},"modified":"2025-04-08T15:51:38","modified_gmt":"2025-04-08T18:51:38","slug":"monografias","status":"publish","type":"page","link":"https:\/\/uenf.br\/graduacao\/administracao-publica\/monografias\/","title":{"rendered":"Reposit\u00f3rio de Monografias"},"content":{"rendered":"<h2><strong>2024<\/strong><\/h2>\n<p><span style=\"color: #000000\"><a style=\"color: #000000\" href=\"https:\/\/uenf.br\/graduacao\/administracao-publica\/wp-content\/uploads\/sites\/4\/2025\/04\/TCC_versao-final-Rubens-Piedade-de-Souza.pdf\">RUBENS PIEDADE DE SOUZA &#8211; 11\/12\/2024<\/a><\/span><\/p>\n<p><span style=\"color: #000000\"><a style=\"color: #000000\" href=\"https:\/\/uenf.br\/graduacao\/administracao-publica\/wp-content\/uploads\/sites\/4\/2025\/04\/TCC_versao-final-Amanda-Duraes-de-Jesus.pdf\">AMANDA DUR\u00c3ES DE JESUS &#8211; 11\/12\/2024<\/a><\/span><\/p>\n<p><span style=\"color: #000000\"><a style=\"color: #000000\" href=\"https:\/\/uenf.br\/graduacao\/administracao-publica\/wp-content\/uploads\/sites\/4\/2025\/04\/TCC_versao-final-Heloise-de-Souza-Freitas.pdf\">HELO\u00cdSE DE SOUZA FREITAS &#8211; 10\/12\/2024<\/a><\/span><\/p>\n<p><span style=\"color: #000000\"><a style=\"color: #000000\" href=\"https:\/\/uenf.br\/graduacao\/administracao-publica\/wp-content\/uploads\/sites\/4\/2025\/04\/TCC_versao-final-Arthur-Souza-de-Oliveira.pdf\">ARTHUR SOUZA DE OLIVEIRA &#8211; 10\/12\/2024<\/a><\/span><\/p>\n<p><span style=\"color: #000000\"><a style=\"color: #000000\" href=\"https:\/\/uenf.br\/graduacao\/administracao-publica\/wp-content\/uploads\/sites\/4\/2025\/04\/TCC_versao-final-Heitor-Correa-Monteiro.pdf\">HEITOR CORR\u00caA MONTEIRO &#8211; 09\/12\/2024<\/a><\/span><\/p>\n<p><span style=\"color: #000000\"><a style=\"color: #000000\" href=\"https:\/\/uenf.br\/graduacao\/administracao-publica\/wp-content\/uploads\/sites\/4\/2025\/04\/TCC_versao-final-Ruth-Chagas-do-Nascimento.pdf\">RUTH CHAGAS DO NASCIMENTO &#8211; 06\/12\/2024<\/a><\/span><\/p>\n<p><span style=\"color: #000000\"><a style=\"color: #000000\" href=\"https:\/\/uenf.br\/graduacao\/administracao-publica\/wp-content\/uploads\/sites\/4\/2024\/07\/EDUARDA-MARQUES-ACCIOLI-DE-VASCONCELLOS-Monografia_versao-final.pdf\">EDUARDA MARQUES ACCIOLI DE VASCONCELLOS &#8211; 29\/06\/2024<\/a><\/span><\/p>\n<p><span style=\"color: #000000\"><a style=\"color: #000000\" href=\"https:\/\/uenf.br\/graduacao\/administracao-publica\/wp-content\/uploads\/sites\/4\/2024\/07\/SARA-MACHADO-DE-PAULA-Monografia_versao-final.pdf\">SARA MACHADO DE PAULA &#8211; 26\/06\/2024<\/a><\/span><\/p>\n<p>&nbsp;<\/p>\n<h2><strong>2023<br \/>\n<\/strong><\/h2>\n<p><a href=\"https:\/\/uenf.br\/graduacao\/administracao-publica\/wp-content\/uploads\/sites\/4\/2024\/10\/Monografia_Paula-Regis-Cordeiro-de-Araujo_06_12.pdf\">PAULA REGIS CORDEIRO DE ARA\u00daJO &#8211; 06\/12\/2023<\/a><\/p>\n<p><a href=\"https:\/\/uenf.br\/graduacao\/administracao-publica\/wp-content\/uploads\/sites\/4\/2024\/10\/Monografia_Valeria-Viana-Josuel.pdf\">VAL\u00c9RIA VIANA JOSUEL &#8211; 28\/11\/2023<\/a><\/p>\n<p><a href=\"https:\/\/uenf.br\/graduacao\/administracao-publica\/wp-content\/uploads\/sites\/4\/2024\/10\/Monografia_Marcos-Paulo-de-Almeida-Caldas_22_11.pdf\">MARCOS PAULO DE ALMEIDA CALDAS &#8211; 22\/11\/2023<\/a><\/p>\n<p><a href=\"https:\/\/uenf.br\/graduacao\/administracao-publica\/wp-content\/uploads\/sites\/4\/2024\/10\/Monografia_Caio-Miranda-Carvalho-Coutinho_21_11.pdf\">CAIO MIRANDA CARVALHO COUTINHO &#8211; 21\/11\/2023<\/a><\/p>\n<p><a href=\"https:\/\/uenf.br\/graduacao\/administracao-publica\/wp-content\/uploads\/sites\/4\/2024\/10\/Monografia_Layla-Malafaia-Pinheiro_21_11.pdf\">LAYLA MALAFAIA PINHEIRO &#8211; 21\/11\/2023<\/a><\/p>\n<p><a href=\"https:\/\/uenf.br\/graduacao\/administracao-publica\/wp-content\/uploads\/sites\/4\/2024\/10\/Monografia_Leticia-da-Silva-Gomes_21_11.pdf\">LET\u00cdCIA DA SILVA GOMES &#8211; 21\/11\/2023<\/a><\/p>\n<p><a href=\"https:\/\/uenf.br\/graduacao\/administracao-publica\/wp-content\/uploads\/sites\/4\/2024\/10\/Monografia_Jessica-Barcelos_10_07.pdf\">J\u00c9SSICA DA SILVEIRA GON\u00c7ALVES BARCELOS &#8211; 10\/07\/2023<\/a><\/p>\n<p><a href=\"https:\/\/uenf.br\/graduacao\/administracao-publica\/wp-content\/uploads\/sites\/4\/2024\/10\/Monografia-Administracao-Publica-ELIARA-impressao.pdf\">ELIARA TAVARES DE SOUZA DE PAULA &#8211; 03\/07\/2023<\/a><\/p>\n<p><a href=\"https:\/\/uenf.br\/graduacao\/administracao-publica\/wp-content\/uploads\/sites\/4\/2023\/03\/MONOGRAFIA_LARISSA-SANTOS.pdf\">LARISSA DOS SANTOS SILVA &#8211; 14\/02\/2023<\/a><\/p>\n<p><a href=\"https:\/\/uenf.br\/graduacao\/administracao-publica\/wp-content\/uploads\/sites\/4\/2023\/03\/MONOGRAFIA_PATRICIA-AZEVEDO.pdf\">PATRICIA HELENA BARBOSA AZEVEDO &#8211; 13\/02\/2023<\/a><\/p>\n<p><a href=\"https:\/\/uenf.br\/graduacao\/administracao-publica\/wp-content\/uploads\/sites\/4\/2023\/03\/MONOGRAFIA_-JULIANNE-GUIMARAES.pdf\">JULIANNE GUIMAR\u00c3ES SANTOS &#8211; 13\/01\/2023<\/a><\/p>\n<p><a href=\"https:\/\/uenf.br\/graduacao\/administracao-publica\/wp-content\/uploads\/sites\/4\/2023\/03\/MONOGRAFIA_EMILLY-BUENO.pdf\">EMILLY LEITE BUENO &#8211; 11\/01\/2023<\/a><\/p>\n<p><a href=\"https:\/\/uenf.br\/graduacao\/administracao-publica\/wp-content\/uploads\/sites\/4\/2023\/03\/MONOGRAFIA_MARIANA-HENRIQUES.pdf\">MARIANA HENRIQUES SIQUEIRA &#8211; 10\/01\/2023<\/a><\/p>\n<p>&nbsp;<\/p>\n<h2><strong>2022<\/strong><\/h2>\n<p><a href=\"https:\/\/uenf.br\/graduacao\/administracao-publica\/wp-content\/uploads\/sites\/4\/2023\/03\/MONOGRAFIA_MARIANA-POHLMANN.pdf\">MARIANA DE OLIVEIRA POHLMANN &#8211; 14\/12\/2022<\/a><\/p>\n<p><a href=\"https:\/\/uenf.br\/graduacao\/administracao-publica\/wp-content\/uploads\/sites\/4\/2023\/03\/MONOGRAFIA_PEDRO-GRAIN.pdf\">PEDRO HENRIQUE GRAIN CORREA &#8211; 12\/12\/2022<\/a><\/p>\n<p>&nbsp;<\/p>\n<h2><strong>2021<\/strong><\/h2>\n<p><a href=\"https:\/\/uenf.br\/graduacao\/administracao-publica\/wp-content\/uploads\/sites\/4\/2021\/09\/04.2021.-Alline-Viana-de-Almeida-TCC-versao-final.pdf\">ALLINE VIANA DE ALMEIDA &#8211; 28\/06\/2021<\/a><\/p>\n<p><a href=\"https:\/\/uenf.br\/graduacao\/administracao-publica\/wp-content\/uploads\/sites\/4\/2021\/09\/03.2021.-Hennrique-Vasconcellos-Netto-Bezerra-TCC-Final.pdf\">HENNRIQUE VASCONCELLOS NETTO BEZERRA &#8211; 24\/06\/2021<\/a><\/p>\n<p><a href=\"https:\/\/uenf.br\/graduacao\/administracao-publica\/wp-content\/uploads\/sites\/4\/2021\/09\/02.2021.-Lais-Santos-Silva-Freitas-TCC-final.pdf\">LA\u00cdS SANTOS SILVA FREITAS &#8211; 21\/06\/2021<\/a><\/p>\n<p><a href=\"https:\/\/uenf.br\/graduacao\/administracao-publica\/wp-content\/uploads\/sites\/4\/2021\/09\/01.2021.-Marcella-Richardelli-Moreira-Costa-Castro-Soares_TCC-versao-final.pdf\">MARCELLA RICHARDELLI MOREIRA COSTA CASTRO SOARES &#8211; 29\/04\/2021<\/a><\/p>\n<p>&nbsp;<\/p>\n<h2><strong>2020<\/strong><\/h2>\n<p><a href=\"https:\/\/uenf.br\/graduacao\/administracao-publica\/wp-content\/uploads\/sites\/4\/2021\/05\/Monografia-Versao-Final_Fernanda-Zanon-Silva-Araujo.pdf\">FERNANDA ZANON SILVA ARAUJO &#8211; 25\/11\/2020<\/a><\/p>\n<p>&nbsp;<\/p>\n<h2><strong>2019<\/strong><\/h2>\n<p><a href=\"https:\/\/uenf.br\/graduacao\/administracao-publica\/wp-content\/uploads\/sites\/4\/2021\/05\/Monografia-Versao-Final_Larissa-Dias-Pacheco.pdf\">LARISSA DIAS PACHECO &#8211; 11\/12\/2019<\/a><\/p>\n<p><a href=\"https:\/\/uenf.br\/graduacao\/administracao-publica\/wp-content\/uploads\/sites\/4\/2021\/05\/Monografia-Versao-Final_Caroline-Saboia-Rangel.pdf\">CAROLINE SABOIA RANGEL -11\/12\/2019<\/a><\/p>\n<p><a href=\"https:\/\/uenf.br\/graduacao\/administracao-publica\/wp-content\/uploads\/sites\/4\/2021\/05\/Monografia-Versao-Final_Maria-Aparecida-da-Silva-Pegoraro.pdf\">MARIA APARECIDA DA SILVA PEGORARO &#8211; 04\/12\/2019<\/a><\/p>\n<p><a href=\"https:\/\/uenf.br\/graduacao\/administracao-publica\/wp-content\/uploads\/sites\/4\/2021\/05\/Monografia-Versao-Final_Thiago-Silva-de-Oliveira.pdf\">TIAGO SILVA DE OLIVEIRA &#8211; 04\/12\/2019<\/a><\/p>\n<p><a href=\"https:\/\/uenf.br\/graduacao\/administracao-publica\/wp-content\/uploads\/sites\/4\/2021\/05\/Monografia-Versao-Final_Joao-Gabriel-Leal.pdf\">JO\u00c3O GABRIEL RIBEIRO PESSANHA LEAL &#8211; 03\/12\/2019<\/a><\/p>\n<p><a href=\"https:\/\/uenf.br\/graduacao\/administracao-publica\/wp-content\/uploads\/sites\/4\/2021\/05\/Monografia-Versao-Final_Thiago-Silva-Faria.pdf\">THIAGO SILVA FARIA &#8211; 29\/11\/2019<\/a><\/p>\n<p><a href=\"https:\/\/uenf.br\/graduacao\/administracao-publica\/wp-content\/uploads\/sites\/4\/2021\/05\/Monografia-Versao-Final_Amanda-Fernandes-de-Souza.pdf\">AMANDA FERNANDES DE SOUZA &#8211; 28\/11\/2019<\/a><\/p>\n<p><a href=\"https:\/\/uenf.br\/graduacao\/administracao-publica\/wp-content\/uploads\/sites\/4\/2021\/05\/Monografia-Versao-Final_Hisrael-Passarelli.pdf\">HISRAEL PASSARELLI ARAUJO &#8211; 25\/09\/2019<\/a><\/p>\n<p><a href=\"https:\/\/uenf.br\/graduacao\/administracao-publica\/wp-content\/uploads\/sites\/4\/2019\/05\/MONOGRAFIA-THALITA-BARRETO-SARLO.pdf\">THALITA BARRETO SARLO &#8211; 27\/02\/2019<\/a><\/p>\n<p>&nbsp;<\/p>\n<h2><strong>2018<\/strong><\/h2>\n<p><a href=\"https:\/\/uenf.br\/graduacao\/administracao-publica\/wp-content\/uploads\/sites\/4\/2019\/05\/MONOGRAFIA-Vers\u00e3o-Final-Ra\u00edzza-Quintanilha-Azeredo.pdf\">RA\u00cdZZA QUINTANILHA AZEREDO &#8211; 07\/12\/2018<\/a><\/p>\n<p><a href=\"https:\/\/uenf.br\/graduacao\/administracao-publica\/wp-content\/uploads\/sites\/4\/2019\/05\/MONOGRAFIA-Vers\u00e3o-Final-Ivan-Souza-de-Abreu.pdf\">IVAN SOUZA DE ABREU &#8211; 07\/12\/2018<\/a><\/p>\n<p><a href=\"https:\/\/uenf.br\/graduacao\/administracao-publica\/wp-content\/uploads\/sites\/4\/2019\/05\/MONOGRAFIA-VERS\u00c3O-Final-Juliana-da-Cunha-Miguel.pdf\">JULIANA DA CUNHA MIGUEL &#8211; 07\/12\/2018<\/a><\/p>\n<p><a href=\"https:\/\/uenf.br\/graduacao\/administracao-publica\/wp-content\/uploads\/sites\/4\/2019\/05\/MONOGRAFIA-Vers\u00e3o-Final-Rejane-Almeida-Alves.pdf\">REJANE ALMEIDA ALVES &#8211; 27\/11\/2018<\/a><\/p>\n<p><a href=\"https:\/\/uenf.br\/graduacao\/administracao-publica\/wp-content\/uploads\/sites\/4\/2019\/05\/MONOGRAFIA-Vers\u00e3o-Final-Tamara-Ribeiro-da-Silva.pdf\">TAMARA RIBEIRO DA SILVA &#8211; 27\/11\/2018<\/a><\/p>\n<p><a href=\"https:\/\/uenf.br\/graduacao\/administracao-publica\/wp-content\/uploads\/sites\/4\/2019\/05\/MONOGRAFIA-Vers\u00e3o-Final-Lu\u00edza-Oliveira-Marquezine.pdf\">LUIZA OLIVEIRA MARQUEZINE &#8211; 24\/11\/2018<\/a><\/p>\n<p><a href=\"https:\/\/uenf.br\/graduacao\/administracao-publica\/wp-content\/uploads\/sites\/4\/2019\/05\/MONOGRAFIA-Vers\u00e3o-Final-Sofia-Zhariff-de-Souza-Santana-Guimar\u00e3es.pdf\">SOFIA ZHARIFF DE SOUZA SANTANA GUIMAR\u00c3ES &#8211; 22\/11\/2018<\/a><\/p>\n<p><a href=\"https:\/\/uenf.br\/graduacao\/administracao-publica\/files\/2019\/05\/MOMOGRAFIA-Vers\u00e3o-Final-Alex-Fabiano-da-S.-Vasconcelos-Jr..pdf\">ALEX FABIANO DA SILVA VASXCONCELOS JR. &#8211; 22\/11\/2018<\/a><\/p>\n<p><a href=\"https:\/\/uenf.br\/graduacao\/administracao-publica\/wp-content\/uploads\/sites\/4\/2019\/05\/MONOGRAFIA-Vers\u00e3o-Final-Thiago-Chagas-de-Almeida.pdf\">THIAGO CHAGAS DE ALMEIDA &#8211; 26\/10\/2018<\/a><\/p>\n<p><a href=\"https:\/\/uenf.br\/graduacao\/administracao-publica\/wp-content\/uploads\/sites\/4\/2018\/07\/TCC-J\u00e9ssica-da-Cruz-Rangel-Queiroz.pdf\">J\u00c9SSICA CRUZ RANGEL QUEIROZ- 12\/07\/2018<\/a><\/p>\n<p><a href=\"https:\/\/uenf.br\/graduacao\/administracao-publica\/wp-content\/uploads\/sites\/4\/2018\/07\/TCC-Michely-da-Silva-Alves.pdf\">MICHELY ALVES DA SILVA &#8211; 12\/07\/2018<\/a><\/p>\n<p><a href=\"https:\/\/uenf.br\/graduacao\/administracao-publica\/wp-content\/uploads\/sites\/4\/2018\/07\/TCC-Laira-Thamys-de-Araujo-Silva.pdf\">LAIRA THAMYS DE ARAUJO SILVA &#8211; 11\/07\/2018<\/a><\/p>\n<p><a href=\"https:\/\/uenf.br\/graduacao\/administracao-publica\/wp-content\/uploads\/sites\/4\/2018\/07\/TCC-Bruna-Patriniere-da-Silva.pdf\">BRUNA PATRINIERE DA SILVA &#8211; 05\/07\/2018<\/a><\/p>\n<p>&nbsp;<\/p>\n<h2><strong>2017<\/strong><\/h2>\n<p><a href=\"https:\/\/uenf.br\/graduacao\/administracao-publica\/wp-content\/uploads\/sites\/4\/2018\/04\/JOS\u00c9_VICTOR_mono_final.pdf\">JOSE VICTOR DE PAULA FRUTUOZO &#8211; 20\/07\/2017<\/a><\/p>\n<p><a href=\"https:\/\/uenf.br\/graduacao\/administracao-publica\/wp-content\/uploads\/sites\/4\/2018\/04\/DANILO_mono_final.pdf\">DANILO BARRETO DE SOUZA &#8211; 19\/07\/2017<\/a><\/p>\n<p><a href=\"https:\/\/uenf.br\/graduacao\/administracao-publica\/wp-content\/uploads\/sites\/4\/2018\/04\/FERNANDO_mono_final.pdf\">FERNANDO ANTONIO DOS SANTOS LOPES &#8211; 06\/07\/2017<\/a><\/p>\n<p><a href=\"https:\/\/uenf.br\/graduacao\/administracao-publica\/wp-content\/uploads\/sites\/4\/2018\/04\/murilo.pdf\">MURILO NOGUEIRA DE JESUS SILVA &#8211; 04\/07\/2017<\/a><\/p>\n<p><a href=\"https:\/\/uenf.br\/graduacao\/administracao-publica\/wp-content\/uploads\/sites\/4\/2018\/04\/MONOGRAFIA-Rafaela-Nogueira-do-Nascimento.pdf\">RAFAELA NOGUEIRA DO NASCIMENTO &#8211; 03\/07\/2017<\/a><\/p>\n<p><a href=\"https:\/\/uenf.br\/graduacao\/administracao-publica\/wp-content\/uploads\/sites\/4\/2018\/04\/MONOGRAFIA-LYZANDRA-BORGES-DE-SOUZA-VERS\u00c3O-FINAL-CORRIGIDA.pdf\">LYZANDRA BORGES DE SOUZA &#8211; 03\/07\/2017<\/a><\/p>\n<p>&nbsp;<\/p>\n<h2><strong>2016<\/strong><\/h2>\n<p><a href=\"https:\/\/uenf.br\/graduacao\/administracao-publica\/wp-content\/uploads\/sites\/4\/2013\/03\/monografia-thais-final-2.pdf\">THA\u00cdS DE AZEVEDO MARIA &#8211; 20\/12\/2016<\/a><\/p>\n<p><a href=\"https:\/\/uenf.br\/graduacao\/administracao-publica\/wp-content\/uploads\/sites\/4\/2013\/03\/TCC-Vinicius-Gomes-da-Silva.pdf\">VINICIUS GOMES DA SILVA &#8211; 20\/12\/2016<\/a><\/p>\n<p><a href=\"https:\/\/uenf.br\/graduacao\/administracao-publica\/wp-content\/uploads\/sites\/4\/2013\/03\/Monografia-Amanda.pdf\">AMANDA RODRIGUES SILVA &#8211; 19\/12\/2016<\/a><\/p>\n<p><a href=\"https:\/\/uenf.br\/graduacao\/administracao-publica\/wp-content\/uploads\/sites\/4\/2013\/03\/Monografia-IULLY.pdf\">IULLY MUNIZ LEVINO &#8211; 19\/12\/2016<\/a><\/p>\n<p><a href=\"https:\/\/uenf.br\/graduacao\/administracao-publica\/wp-content\/uploads\/sites\/4\/2013\/03\/Monografia-MARIANA-MONTEIRO-DE-SOUZA.pdf\">MARIANA MONTEIRO DE SOUZA &#8211; 19\/12\/2016<\/a><\/p>\n<p><a href=\"https:\/\/uenf.br\/graduacao\/administracao-publica\/wp-content\/uploads\/sites\/4\/2013\/03\/Monografia_Roger.pdf\">ROGER FELIPE CARVALHO NUNES &#8211; 16\/12\/2016<\/a><\/p>\n<p><a href=\"https:\/\/uenf.br\/graduacao\/administracao-publica\/wp-content\/uploads\/sites\/4\/2013\/03\/J\u00daLIA-SARRUF-Pol\u00edticas-P\u00fablicas-de-Esporte-na-Regi\u00e3o-Serrana.pdf\">J\u00daLIA VIEITAS SARRUF ALHANATI &#8211; 13\/12\/2016<\/a><\/p>\n<p>&nbsp;<\/p>\n<h2>2015<\/h2>\n<p><a href=\"https:\/\/uenf.br\/graduacao\/administracao-publica\/wp-content\/uploads\/sites\/4\/2016\/03\/MONOGRAFIA-ELVIA-ALVARENGA.pdf\">ELVIA ALVARENGA FAGUNDES DA SILVA &#8211; 25\/01\/2016<\/a><\/p>\n<p><a href=\"https:\/\/uenf.br\/graduacao\/administracao-publica\/wp-content\/uploads\/sites\/4\/2016\/03\/MONOGRAFIA-vers\u00e3o-final.pdf\">SAMIRA MELLO GUIMARAES DE CARVALHO &#8211; 20\/01\/2016<\/a><\/p>\n<p><a href=\"https:\/\/uenf.br\/graduacao\/administracao-publica\/wp-content\/uploads\/sites\/4\/2016\/03\/Monografia_final.pdf\">LOHANA CHAGAS DE ALMEIDA &#8211; 20\/01\/2016<\/a><\/p>\n<p><a href=\"https:\/\/uenf.br\/graduacao\/administracao-publica\/wp-content\/uploads\/sites\/4\/2016\/03\/Monografia_Final.pdf\">MAYCON ROHEN LINHARES &#8211; 19\/01\/2016<\/a><\/p>\n","protected":false},"excerpt":{"rendered":"<p>2024 RUBENS PIEDADE DE SOUZA &#8211; 11\/12\/2024 AMANDA DUR\u00c3ES DE JESUS &#8211; 11\/12\/2024 HELO\u00cdSE DE SOUZA FREITAS &#8211; 10\/12\/2024 ARTHUR&#8230;<\/p>\n","protected":false},"author":9,"featured_media":0,"parent":0,"menu_order":8,"comment_status":"open","ping_status":"closed","template":"","meta":{"footnotes":""},"class_list":["post-19","page","type-page","status-publish","hentry"],"_links":{"self":[{"href":"https:\/\/uenf.br\/graduacao\/administracao-publica\/wp-json\/wp\/v2\/pages\/19","targetHints":{"allow":["GET"]}}],"collection":[{"href":"https:\/\/uenf.br\/graduacao\/administracao-publica\/wp-json\/wp\/v2\/pages"}],"about":[{"href":"https:\/\/uenf.br\/graduacao\/administracao-publica\/wp-json\/wp\/v2\/types\/page"}],"author":[{"embeddable":true,"href":"https:\/\/uenf.br\/graduacao\/administracao-publica\/wp-json\/wp\/v2\/users\/9"}],"replies":[{"embeddable":true,"href":"https:\/\/uenf.br\/graduacao\/administracao-publica\/wp-json\/wp\/v2\/comments?post=19"}],"version-history":[{"count":0,"href":"https:\/\/uenf.br\/graduacao\/administracao-publica\/wp-json\/wp\/v2\/pages\/19\/revisions"}],"wp:attachment":[{"href":"https:\/\/uenf.br\/graduacao\/administracao-publica\/wp-json\/wp\/v2\/media?parent=19"}],"curies":[{"name":"wp","href":"https:\/\/api.w.org\/{rel}","templated":true}]}}