{"id":2583,"date":"2023-02-13T10:57:02","date_gmt":"2023-02-13T13:57:02","guid":{"rendered":"https:\/\/uenf.br\/graduacao\/administracao-publica\/?page_id=2583"},"modified":"2023-02-13T11:04:07","modified_gmt":"2023-02-13T14:04:07","slug":"sobre-o-curso","status":"publish","type":"page","link":"https:\/\/uenf.br\/graduacao\/administracao-publica\/sobre-o-curso\/","title":{"rendered":"Sobre o curso"},"content":{"rendered":"<p><strong>Formato:<\/strong> Presencial<\/p>\n<p><strong>Turno:<\/strong> Diurno (integral)<\/p>\n<p><strong>Carga hor\u00e1ria:<\/strong> 3.151 horas.<\/p>\n<ul>\n<li>244 horas-aula em disciplinas obrigat\u00f3rias;<\/li>\n<li>136 horas-aula em disciplinas optativas<\/li>\n<li>68 horas-aula em elabora\u00e7\u00e3o de Monografia<\/li>\n<li>48 horas-aula em Atividades Curriculares Complementares<\/li>\n<li>40 horas-aula em Atividades de Imers\u00e3o<\/li>\n<li>300 horas-aula em Est\u00e1gio Supervisionado<\/li>\n<li>315 horas-aula em Atividades de Extens\u00e3o<\/li>\n<\/ul>\n<p><strong>Oferta anual:<\/strong> 20 vagas<\/p>\n<p><strong>Dura\u00e7\u00e3o m\u00ednima:<\/strong> 4 anos<\/p>\n","protected":false},"excerpt":{"rendered":"<p>Formato: Presencial Turno: Diurno (integral) Carga hor\u00e1ria: 3.151 horas. 244 horas-aula em disciplinas obrigat\u00f3rias; 136 horas-aula em disciplinas optativas 68&#8230;<\/p>\n","protected":false},"author":9,"featured_media":0,"parent":0,"menu_order":1,"comment_status":"closed","ping_status":"closed","template":"","meta":{"footnotes":""},"class_list":["post-2583","page","type-page","status-publish","hentry"],"_links":{"self":[{"href":"https:\/\/uenf.br\/graduacao\/administracao-publica\/wp-json\/wp\/v2\/pages\/2583","targetHints":{"allow":["GET"]}}],"collection":[{"href":"https:\/\/uenf.br\/graduacao\/administracao-publica\/wp-json\/wp\/v2\/pages"}],"about":[{"href":"https:\/\/uenf.br\/graduacao\/administracao-publica\/wp-json\/wp\/v2\/types\/page"}],"author":[{"embeddable":true,"href":"https:\/\/uenf.br\/graduacao\/administracao-publica\/wp-json\/wp\/v2\/users\/9"}],"replies":[{"embeddable":true,"href":"https:\/\/uenf.br\/graduacao\/administracao-publica\/wp-json\/wp\/v2\/comments?post=2583"}],"version-history":[{"count":0,"href":"https:\/\/uenf.br\/graduacao\/administracao-publica\/wp-json\/wp\/v2\/pages\/2583\/revisions"}],"wp:attachment":[{"href":"https:\/\/uenf.br\/graduacao\/administracao-publica\/wp-json\/wp\/v2\/media?parent=2583"}],"curies":[{"name":"wp","href":"https:\/\/api.w.org\/{rel}","templated":true}]}}