{"id":2585,"date":"2023-02-13T11:03:12","date_gmt":"2023-02-13T14:03:12","guid":{"rendered":"https:\/\/uenf.br\/graduacao\/administracao-publica\/?page_id=2585"},"modified":"2025-12-12T17:31:03","modified_gmt":"2025-12-12T20:31:03","slug":"formas-de-ingresso","status":"publish","type":"page","link":"https:\/\/uenf.br\/graduacao\/administracao-publica\/sobre-o-curso\/formas-de-ingresso\/","title":{"rendered":"Formas de Ingresso"},"content":{"rendered":"<p>O ingresso nos cursos de gradua\u00e7\u00e3o da Universidade Estadual do Norte\u00a0Fluminense Darcy Ribeiro (UENF) \u00e9 aberto a candidatos que tenham conclu\u00eddo o ensino m\u00e9dio ou estudos equivalentes, observados os limites de vagas pr\u00e9-estabelecidos e as\u00a0formas de sele\u00e7\u00e3o dispostas nas Normas da Gradua\u00e7\u00e3o vigentes.<\/p>\n<p>O Processo Seletivo para Matr\u00edcula Inicial, destinado a candidatos que conclu\u00edram\u00a0o ensino m\u00e9dio, ser\u00e1 realizado por meio de um ou mais dos seguintes sistemas, a crit\u00e9rio da\u00a0UENF e conforme definido em edital espec\u00edfico, aplicados de forma isolada ou combinada:<\/p>\n<p>I. UENF SISU: processo seletivo que utiliza o Sistema de Sele\u00e7\u00e3o Unificada (SISU) do Minist\u00e9rio da Educa\u00e7\u00e3o, baseado nas notas do Exame Nacional do Ensino M\u00e9dio (ENEM).<\/p>\n<p>II. UENF ENEM+: processo seletivo pr\u00f3prio que utiliza as notas do ENEM como crit\u00e9rio de classifica\u00e7\u00e3o.<\/p>\n<p>III. UENF Vestibular: processo seletivo pr\u00f3prio da universidade, com provas que\u00a0abrangem os conhecimentos desenvolvidos at\u00e9 o ensino m\u00e9dio, sem ultrapassar este n\u00edvel\u00a0de complexidade.<\/p>\n<p>IV. UENF Trilha: processo seletivo que avalia o desempenho acad\u00eamico progressivo do estudante, por meio de avalia\u00e7\u00f5es anuais com conte\u00fados espec\u00edficos de cada ano letivo do ensino m\u00e9dio, organizadas em tr\u00eas m\u00f3dulos consecutivos de provas cumulativas.<\/p>\n<p>V. UENF Ol\u00edmpica: processo seletivo destinado a estudantes com desempenho excepcional em olimp\u00edadas cient\u00edficas, competi\u00e7\u00f5es de conhecimento ou desafios acad\u00eamicos de \u00e2mbito nacional ou internacional.<\/p>\n<p>VI. UENF Diversa: processo seletivo do tipo vestibular, com possibilidade de realiza\u00e7\u00e3o em data distinta de outros processos seletivos, destinado a p\u00fablicos de a\u00e7\u00f5es afirmativas<\/p>\n<p>VII. UENF Hist\u00f3rico: processo seletivo permanente que utiliza o hist\u00f3rico escolar do ensino m\u00e9dio como crit\u00e9rio de classifica\u00e7\u00e3o.<\/p>\n<p>VIII. UENF Conex\u00e3o: sistema de ingresso da UENF que unifica os processos seletivos para as seguintes modalidades de transfer\u00eancia e reingresso:<\/p>\n<p>I \u2013 Transfer\u00eancia interna;<\/p>\n<p>II \u2013 Transfer\u00eancia externa (facultativa);<\/p>\n<p>III \u2013 Transfer\u00eancia obrigat\u00f3ria, nos termos da lei;<\/p>\n<p>IV \u2013 Reingresso para portadores de diploma de curso superior.<\/p>\n<p>VIII. UENF Global: sistema de Ingresso por Conv\u00eanios e Acordos.<\/p>\n<p>Em todas as formas de ingresso nos cursos de gradua\u00e7\u00e3o da UENF, ser\u00e1 adotada\u00a0a reserva de vagas para os benefici\u00e1rios do sistema de cotas no programa de a\u00e7\u00f5es\u00a0afirmativas, em conformidade\u00a0 com a legisla\u00e7\u00e3o estadual vigente<\/p>\n","protected":false},"excerpt":{"rendered":"<p>O ingresso nos cursos de gradua\u00e7\u00e3o da Universidade Estadual do Norte\u00a0Fluminense Darcy Ribeiro (UENF) \u00e9 aberto a candidatos que tenham&#8230;<\/p>\n","protected":false},"author":9,"featured_media":0,"parent":2583,"menu_order":3,"comment_status":"closed","ping_status":"closed","template":"","meta":{"footnotes":""},"class_list":["post-2585","page","type-page","status-publish","hentry"],"_links":{"self":[{"href":"https:\/\/uenf.br\/graduacao\/administracao-publica\/wp-json\/wp\/v2\/pages\/2585","targetHints":{"allow":["GET"]}}],"collection":[{"href":"https:\/\/uenf.br\/graduacao\/administracao-publica\/wp-json\/wp\/v2\/pages"}],"about":[{"href":"https:\/\/uenf.br\/graduacao\/administracao-publica\/wp-json\/wp\/v2\/types\/page"}],"author":[{"embeddable":true,"href":"https:\/\/uenf.br\/graduacao\/administracao-publica\/wp-json\/wp\/v2\/users\/9"}],"replies":[{"embeddable":true,"href":"https:\/\/uenf.br\/graduacao\/administracao-publica\/wp-json\/wp\/v2\/comments?post=2585"}],"version-history":[{"count":0,"href":"https:\/\/uenf.br\/graduacao\/administracao-publica\/wp-json\/wp\/v2\/pages\/2585\/revisions"}],"up":[{"embeddable":true,"href":"https:\/\/uenf.br\/graduacao\/administracao-publica\/wp-json\/wp\/v2\/pages\/2583"}],"wp:attachment":[{"href":"https:\/\/uenf.br\/graduacao\/administracao-publica\/wp-json\/wp\/v2\/media?parent=2585"}],"curies":[{"name":"wp","href":"https:\/\/api.w.org\/{rel}","templated":true}]}}