{"id":2588,"date":"2023-02-13T11:15:36","date_gmt":"2023-02-13T14:15:36","guid":{"rendered":"https:\/\/uenf.br\/graduacao\/administracao-publica\/?page_id=2588"},"modified":"2024-10-21T16:07:05","modified_gmt":"2024-10-21T19:07:05","slug":"reconhecimento","status":"publish","type":"page","link":"https:\/\/uenf.br\/graduacao\/administracao-publica\/sobre-o-curso\/reconhecimento\/","title":{"rendered":"Reconhecimento"},"content":{"rendered":"<p>Enade (2022): nota 4, destacando-se entre os dez melhores cursos de Administra\u00e7\u00e3o P\u00fablica do pa\u00eds.<\/p>\n<p>Enade (2018): nota 4, destacando-se como o sexto melhor curso de Administra\u00e7\u00e3o P\u00fablica do pa\u00eds.<\/p>\n<p>Guia do Estudante (2022): nota 3<\/p>\n<p>CPC (2018): 5,0<\/p>\n<p>&nbsp;<\/p>\n","protected":false},"excerpt":{"rendered":"<p>Enade (2022): nota 4, destacando-se entre os dez melhores cursos de Administra\u00e7\u00e3o P\u00fablica do pa\u00eds. Enade (2018): nota 4, destacando-se&#8230;<\/p>\n","protected":false},"author":9,"featured_media":0,"parent":2583,"menu_order":4,"comment_status":"closed","ping_status":"closed","template":"","meta":{"footnotes":""},"class_list":["post-2588","page","type-page","status-publish","hentry"],"_links":{"self":[{"href":"https:\/\/uenf.br\/graduacao\/administracao-publica\/wp-json\/wp\/v2\/pages\/2588","targetHints":{"allow":["GET"]}}],"collection":[{"href":"https:\/\/uenf.br\/graduacao\/administracao-publica\/wp-json\/wp\/v2\/pages"}],"about":[{"href":"https:\/\/uenf.br\/graduacao\/administracao-publica\/wp-json\/wp\/v2\/types\/page"}],"author":[{"embeddable":true,"href":"https:\/\/uenf.br\/graduacao\/administracao-publica\/wp-json\/wp\/v2\/users\/9"}],"replies":[{"embeddable":true,"href":"https:\/\/uenf.br\/graduacao\/administracao-publica\/wp-json\/wp\/v2\/comments?post=2588"}],"version-history":[{"count":0,"href":"https:\/\/uenf.br\/graduacao\/administracao-publica\/wp-json\/wp\/v2\/pages\/2588\/revisions"}],"up":[{"embeddable":true,"href":"https:\/\/uenf.br\/graduacao\/administracao-publica\/wp-json\/wp\/v2\/pages\/2583"}],"wp:attachment":[{"href":"https:\/\/uenf.br\/graduacao\/administracao-publica\/wp-json\/wp\/v2\/media?parent=2588"}],"curies":[{"name":"wp","href":"https:\/\/api.w.org\/{rel}","templated":true}]}}