{"id":2591,"date":"2023-02-13T10:58:00","date_gmt":"2023-02-13T13:58:00","guid":{"rendered":"https:\/\/uenf.br\/graduacao\/administracao-publica\/?page_id=2591"},"modified":"2025-09-04T10:12:25","modified_gmt":"2025-09-04T13:12:25","slug":"corpo-docente","status":"publish","type":"page","link":"https:\/\/uenf.br\/graduacao\/administracao-publica\/corpo-docente\/","title":{"rendered":"Corpo Docente"},"content":{"rendered":"<p><strong>Carlos Henrique Medeiros de Souza<\/strong><\/p>\n<p><strong><em>Titula\u00e7\u00e3o<\/em><\/strong><em>: D<\/em>outor em Comunica\u00e7\u00e3o e Cultura pela Universidade Federal do Rio de Janeiro (UFRJ), mestre em Educa\u00e7\u00e3o pelo Centro de Ensino Superior de Juiz de Fora (CESJF), graduado em Sistemas de Informa\u00e7\u00e3o (CESJF), em Direito (ASOEC) e graduado em Licenciatura em Pedagogia (UNISA).<\/p>\n<p><strong><em>Experi\u00eancia acad\u00eamica e profissional<\/em><\/strong><strong>:<\/strong> Professor e pesquisador da UENF desde 2017. Docente no ensino superior e pesquisador desde 1998.<\/p>\n<p><strong><em>V\u00ednculo Institucional:<\/em><\/strong> Professor associado.<\/p>\n<p><strong><em>Curr\u00edculo Lattes<\/em><\/strong><em>:<\/em><a href=\"http:\/\/lattes.cnpq.br\/5410403216989073\">http:\/\/lattes.cnpq.br\/5410403216989073<\/a><\/p>\n<p><strong>\u00a0<\/strong><\/p>\n<p><strong>David Maciel de Mello Neto<\/strong><\/p>\n<p><strong><em>Titula\u00e7\u00e3o<\/em><\/strong>: Doutor em Sociologia e Antropologia pela Universidade Federal do Rio de Janeiro (UFRJ), mestre em Sociologia e Antropologia (UFRJ) e graduado em em Ci\u00eancias Sociais (UFRJ).<\/p>\n<p><strong><em>Experi\u00eancia acad\u00eamica e profissional:<\/em><\/strong> Professor e pesquisador da UENF desde . Docente no ensino superior e pesquisadora desde .<\/p>\n<p><strong><em>V\u00ednculo Institucional:<\/em><\/strong> Professor associado.<\/p>\n<p><strong><em>Curr\u00edculo lattes:<\/em><\/strong><a href=\"http:\/\/lattes.cnpq.br\/5611482869561468\">http:\/\/lattes.cnpq.br\/5611482869561468<\/a><\/p>\n<p>&nbsp;<\/p>\n<p><strong>Denise Cunha Tavares Terra<\/strong><\/p>\n<p><strong><em>Titula\u00e7\u00e3o<\/em><\/strong>: Doutora em Geografia pela Universidade Federal do Rio de Janeiro (UFRJ), mestre em Ci\u00eancia Pol\u00edtica (IUPERJ) e graduada em Ci\u00eancias Econ\u00f4micas (UCAM\/CAMPOS).<\/p>\n<p><strong><em>Experi\u00eancia acad\u00eamica e profissional:<\/em><\/strong> Professora e pesquisadora da UENF desde 2011. Docente no ensino superior e pesquisadora desde 1986.<\/p>\n<p><strong><em>V\u00ednculo Institucional:<\/em><\/strong> Professora associada<\/p>\n<p><strong><em>Curr\u00edculo lattes:<\/em><\/strong><a href=\"http:\/\/lattes.cnpq.br\/0576326913687168\">http:\/\/lattes.cnpq.br\/0576326913687168<\/a><\/p>\n<p><strong>\u00a0<\/strong><\/p>\n<p><strong>Edson Terra Azevedo Filho<\/strong><\/p>\n<p><strong><em>Titula\u00e7\u00e3o<\/em><\/strong><em>: <\/em>Doutor em Sociologia Pol\u00edtica pela Universidade Estadual do Norte Fluminense Darcy Ribeiro (UENF), mestre em Engenharia de Produ\u00e7\u00e3o (UENF) e graduado em Administra\u00e7\u00e3o (UFF).<\/p>\n<p><strong><em>Experi\u00eancia acad\u00eamica e profissional:<\/em><\/strong> Professor e pesquisador da UENF, desde 2016. Docente no ensino superior e pesquisador desde 2008.<\/p>\n<p><strong><em>V\u00ednculo Institucional:<\/em><\/strong> Professor Associado<\/p>\n<p><strong><em>Curr\u00edculo Latttes:<\/em><\/strong><a href=\"http:\/\/lattes.cnpq.br\/7666677740215248\">http:\/\/lattes.cnpq.br\/7666677740215248<\/a><\/p>\n<p><strong>\u00a0<\/strong><\/p>\n<p><strong>Gerson Tavares do Carmo<\/strong><\/p>\n<p><strong><em>Titula\u00e7\u00e3o<\/em><\/strong><em>:<\/em> Doutor em Sociologia Pol\u00edtica pela Universidade Estadual do Norte Fluminense Darcy Ribeiro (UENF), mestre em Cogni\u00e7\u00e3o e Linguagem (UENF) e graduado em Administra\u00e7\u00e3o P\u00fablica (FGV).<\/p>\n<p><strong><em>Experi\u00eancia acad\u00eamica e profissional:<\/em><\/strong> Professor e pesquisador da UENF desde 2011. Docente no ensino superior e pesquisador desde 2008.<\/p>\n<p><strong><em>V\u00ednculo Institucional:<\/em><\/strong> Professor associado.<\/p>\n<p><strong><em>Curr\u00edculo Latttes:<\/em><\/strong><a href=\"http:\/\/lattes.cnpq.br\/4481445586961991\">http:\/\/lattes.cnpq.br\/4481445586961991<\/a><\/p>\n<p><strong>\u00a0<\/strong><\/p>\n<p><strong>Hamilton Garcia de Lima<\/strong><\/p>\n<p><strong><em>Titula\u00e7\u00e3o:<\/em><\/strong> Doutor em Hist\u00f3ria Moderna e Contempor\u00e2nea pela Universidade Federal Fluminense (UFF), mestre em Ci\u00eancia Pol\u00edtica pela Universidade Estadual de Campinas (Unicamp), graduado em Sociologia e Pol\u00edtica pela Pontif\u00edcia Universidade Cat\u00f3lica do Rio de Janeiro (PUC).<\/p>\n<p><strong><em>Experi\u00eancia acad\u00eamica e profissional:<\/em><\/strong> Professor e pesquisador da UENF desde 2008. Docente no ensino superior e pesquisador desde 1999.<\/p>\n<p><strong><em>V\u00ednculo Institucional:<\/em><\/strong> Professor associado.<\/p>\n<p><strong><em>Curr\u00edculo Latttes:<\/em><\/strong> <a href=\"http:\/\/lattes.cnpq.br\/5776672366675812\">http:\/\/lattes.cnpq.br\/5776672366675812<\/a><\/p>\n<p><strong>\u00a0<\/strong><\/p>\n<p><strong>Hugo Alberto Borsani Cardozo<\/strong><\/p>\n<p><strong><em>Titula\u00e7\u00e3o:<\/em><\/strong> Doutor em Ci\u00eancia Pol\u00edtica pelo Instituto Universit\u00e1rio de Pesquisas do Rio de Janeiro (IUPERJ), mestre em Ci\u00eancia Pol\u00edtica (IUPERJ) e graduado em Sociologia pela Universidade de La Rep\u00fablica (Uruguai).<\/p>\n<p><strong><em>Experi\u00eancia acad\u00eamica e profissional:<\/em><\/strong> Professor e pesquisador da UENF desde 2002. Docente no ensino superior e pesquisador desde 1990.<\/p>\n<p><strong><em>V\u00ednculo Institucional:<\/em><\/strong> Professor associado.<\/p>\n<p><strong><em>Curr\u00edculo Lattes:<\/em><\/strong><a href=\"http:\/\/lattes.cnpq.br\/3420231631423925\">http:\/\/lattes.cnpq.br\/3420231631423925<\/a><\/p>\n<p><em>\u00a0<\/em><\/p>\n<p><strong>Joseane de Souza<\/strong><\/p>\n<p><strong><em>Titula\u00e7\u00e3o: <\/em><\/strong>Doutora em Demografia pela Universidade Federal de Minas Gerais (UFMG), mestre em Demografia (UFMG) e graduada em Ci\u00eancias Econ\u00f4micas (UFMG).<\/p>\n<p><strong><em>Experi\u00eancia acad\u00eamica e profissional:<\/em><\/strong> Professora e pesquisadora da UENF desde 2012. Docente no ensino superior e pesquisadora desde 2000.<\/p>\n<p><strong><em>V\u00ednculo Institucional:<\/em><\/strong> Professora associada.<\/p>\n<p><strong><em>Curr\u00edculo Lattes:<\/em><\/strong><a href=\"http:\/\/lattes.cnpq.br\/1923163711990264\">http:\/\/lattes.cnpq.br\/1923163711990264<\/a><\/p>\n<p>&nbsp;<\/p>\n<p><strong>Lacir Jorge Soares<\/strong><\/p>\n<p><strong><em>Titula\u00e7\u00e3o:<\/em><\/strong> Doutor em Engenharia El\u00e9trica pela Pontif\u00edcia Universidade Cat\u00f3lica do Rio de Janeiro, mestre em Engenharia El\u00e9trica (PUC) e graduado (bacharel) em Ci\u00eancias Estat\u00edsticas pelo Instituto de Matem\u00e1tica e Estat\u00edsticas (IME).<\/p>\n<p><strong><em>Experi\u00eancia acad\u00eamica e profissional:<\/em><\/strong> Professor e pesquisador da UENF desde 2007. Docente no ensino superior e pesquisador desde 1996.<\/p>\n<p><strong><em>V\u00ednculo Institucional:<\/em><\/strong> Professor associado.<\/p>\n<p><strong><em>Curr\u00edculo Lattes:<\/em><\/strong><a href=\"http:\/\/lattes.cnpq.br\/7314560006490742\">http:\/\/lattes.cnpq.br\/7314560006490742<\/a><\/p>\n<p>&nbsp;<\/p>\n<p><strong>Leonardo Rog\u00e9rio Miguel<\/strong><\/p>\n<p><strong><em>Titula\u00e7\u00e3o:<\/em><\/strong> Doutor em Filosofia pela Universidade do Estado do Rio de Janeiro (UERJ), mestre em Filosofia (UERJ) e graduado em Filosofia (UERJ).<\/p>\n<p><strong><em>Experi\u00eancia acad\u00eamica e profissional:<\/em><\/strong> Professor e pesquisador da UENF desde 2013. Docente no ensino superior e pesquisador desde 2013.<\/p>\n<p><strong><em>V\u00ednculo Institucional:<\/em><\/strong> Professor associado.<\/p>\n<p><strong><em>Curr\u00edculo Lattes:<\/em><\/strong> <a href=\"http:\/\/lattes.cnpq.br\/0181042082872438\">http:\/\/lattes.cnpq.br\/0181042082872438<\/a><\/p>\n<p><strong>\u00a0<\/strong><\/p>\n<p><strong>Luciane Soares da Silva<\/strong><\/p>\n<p><strong><em>Titula\u00e7\u00e3o:<\/em><\/strong> Doutora em Sociologia pela Universidade Federal do Rio Grande do Sul (UFRGS), mestre em Sociologia (UFRGS) e graduada em Ci\u00eancias Sociais (UFRGS).<\/p>\n<p><strong><em>Experi\u00eancia acad\u00eamica e profissional:<\/em><\/strong> Professora e pesquisadora da UENF desde 2015. Docente no ensino superior e pesquisadora desde 2003.<\/p>\n<p><strong><em>V\u00ednculo Institucional:<\/em><\/strong> Professora associada.<\/p>\n<p><strong><em>Curr\u00edculo Lattes:<\/em><\/strong><a href=\"http:\/\/lattes.cnpq.br\/6216116041761426\">http:\/\/lattes.cnpq.br\/6216116041761426<\/a><\/p>\n<p>&nbsp;<\/p>\n<p><strong>Mauro Macedo Campos<\/strong><\/p>\n<p><strong><em>Titula\u00e7\u00e3o:<\/em><\/strong> Doutor em Ci\u00eancia Pol\u00edtica pela Universidade Federal de Minas Gerais (UFMG), mestre em Ci\u00eancias Sociais: Gest\u00e3o de Cidades (UFMG) e graduado em Ci\u00eancias Econ\u00f4micas pelo Centro Universit\u00e1rio Newton Paiva.<\/p>\n<p><strong><em>Experi\u00eancia acad\u00eamica e profissional:<\/em><\/strong> Professor e pesquisador da UENF, desde 2010. Docente no ensino superior e pesquisador desde 2005.<\/p>\n<p><strong><em>V\u00ednculo Institucional:<\/em><\/strong> Professor associado.<\/p>\n<p><strong><em>Curr\u00edculo Lattes:<\/em><\/strong><a href=\"http:\/\/lattes.cnpq.br\/9868180374193429\">http:\/\/lattes.cnpq.br\/9868180374193429<\/a><\/p>\n<p><strong>\u00a0<\/strong><\/p>\n<p><strong>Nilo Lima de Azevedo<\/strong><\/p>\n<p><strong><em>Titula\u00e7\u00e3o:<\/em><\/strong> Doutor em Sociologia Pol\u00edtica pela Universidade Estadual do Norte Fluminense Darcy Ribeiro (UENF), mestre em Ci\u00eancias Sociais pela Universidade Federal de Juiz de Fora (UFJF) e graduado em Direito pela Universidade Candido Mendes (UCAM).<\/p>\n<p><strong><em>Experi\u00eancia acad\u00eamica e profissional:<\/em><\/strong> Professor e pesquisador da UENF, desde 2014. Docente no ensino superior e pesquisador desde 2006.<\/p>\n<p><strong><em>V\u00ednculo Institucional:<\/em><\/strong> Professor associado.<\/p>\n<p><strong><em>Curr\u00edculo Lattes:<\/em><\/strong><a href=\"http:\/\/lattes.cnpq.br\/8653582069551294\">http:\/\/lattes.cnpq.br\/8653582069551294<\/a><\/p>\n<p>&nbsp;<\/p>\n<p><strong>Roberto Dutra Torres J\u00fanior<\/strong><\/p>\n<p><strong><em>Titula\u00e7\u00e3o:<\/em><\/strong> Doutor em Sociologia pela Humboldt-Universit\u00e4tZu Berlin (HUB), mestre em Pol\u00edticas Sociais pela Universidade Estadual do Norte Fluminense Darcy Ribeiro (UENF) e graduado em Ci\u00eancias Sociais (UENF).<\/p>\n<p><strong><em>Experi\u00eancia acad\u00eamica e profissional:<\/em><\/strong> Professor e pesquisador da UENF desde 2020. Docente no ensino superior e pesquisador desde 2013.<\/p>\n<p><strong><em>V\u00ednculo Institucional:<\/em><\/strong> Professor associado.<\/p>\n<p><strong><em>Curr\u00edculo Lattes:<\/em><\/strong> <a href=\"http:\/\/lattes.cnpq.br\/9879768833653743\">http:\/\/lattes.cnpq.br\/9879768833653743<\/a><\/p>\n<p><strong>\u00a0<\/strong><\/p>\n<p><strong>Rodrigo da Costa Caetano<\/strong><\/p>\n<p><strong><em>Titula\u00e7\u00e3o: <\/em><\/strong>Doutor em Geografia (UFF), Mestre em Geografia (UERJ) e graduado em Geografia (UFF).<\/p>\n<p><strong><em>Experi\u00eancia acad\u00eamica e profissional:<\/em><\/strong> Professor e pesquisador da UENF desde 2010. Docente no ensino superior e pesquisador desde 2006.<\/p>\n<p><strong><em>V\u00ednculo Institucional:<\/em><\/strong> Professor associado.<\/p>\n<p><strong><em>Curr\u00edculo Lattes:<\/em><\/strong> <a href=\"http:\/\/lattes.cnpq.br\/3574363885377539\">http:\/\/lattes.cnpq.br\/3574363885377539<\/a><\/p>\n<p><strong>\u00a0<\/strong><\/p>\n<p><strong>Simonne Teixeira<\/strong><\/p>\n<p><strong><em>Titula\u00e7\u00e3o: <\/em><\/strong>Doutora em Filosofia e Letras (Hist\u00f3ria) pela UniversitatAut\u00f2noma de Barcelona e graduada em Hist\u00f3ria pela Universidade Federal de Alagoas (UFAL)<\/p>\n<p><strong><em>Experi\u00eancia acad\u00eamica e profissional:<\/em><\/strong> Professor e pesquisador da UENF desde 1996. Docente no ensino superior e pesquisador desde 1996.<\/p>\n<p><strong><em>V\u00ednculo Institucional:<\/em><\/strong> Professor associado.<\/p>\n<p><strong><em>Curr\u00edculo Lattes:<\/em><\/strong> CV: http:\/\/lattes.cnpq.br\/7938119508337389<\/p>\n<p><strong>\u00a0<\/strong><\/p>\n<p><strong>Vitor de Moraes Peixoto<\/strong><\/p>\n<p><strong><em>Titula\u00e7\u00e3o:<\/em><\/strong> Doutor em Ci\u00eancia Pol\u00edtica pelo Instituto Universit\u00e1rio de Pesquisas do Rio de Janeiro (IUPERJ), mestre em Ci\u00eancia Pol\u00edtica (IUPERJ) e graduado em Ci\u00eancias Sociais pela Universidade Estadual do Norte Fluminense Darcy Ribeiro (UENF).<\/p>\n<p><strong><em>Experi\u00eancia acad\u00eamica e profissional:<\/em><\/strong> Professor e pesquisador da UENF desde 2011. Docente no ensino superior e pesquisador desde 2008.<\/p>\n<p><strong><em>V\u00ednculo Institucional:<\/em><\/strong> Professor associado.<\/p>\n<p><strong><em>Curr\u00edculo Lattes:<\/em><\/strong><a href=\"http:\/\/lattes.cnpq.br\/4676437210734787\">http:\/\/lattes.cnpq.br\/4676437210734787<\/a><\/p>\n","protected":false},"excerpt":{"rendered":"<p>Carlos Henrique Medeiros de Souza Titula\u00e7\u00e3o: Doutor em Comunica\u00e7\u00e3o e Cultura pela Universidade Federal do Rio de Janeiro (UFRJ), mestre&#8230;<\/p>\n","protected":false},"author":9,"featured_media":0,"parent":0,"menu_order":2,"comment_status":"closed","ping_status":"closed","template":"","meta":{"footnotes":""},"class_list":["post-2591","page","type-page","status-publish","hentry"],"_links":{"self":[{"href":"https:\/\/uenf.br\/graduacao\/administracao-publica\/wp-json\/wp\/v2\/pages\/2591","targetHints":{"allow":["GET"]}}],"collection":[{"href":"https:\/\/uenf.br\/graduacao\/administracao-publica\/wp-json\/wp\/v2\/pages"}],"about":[{"href":"https:\/\/uenf.br\/graduacao\/administracao-publica\/wp-json\/wp\/v2\/types\/page"}],"author":[{"embeddable":true,"href":"https:\/\/uenf.br\/graduacao\/administracao-publica\/wp-json\/wp\/v2\/users\/9"}],"replies":[{"embeddable":true,"href":"https:\/\/uenf.br\/graduacao\/administracao-publica\/wp-json\/wp\/v2\/comments?post=2591"}],"version-history":[{"count":0,"href":"https:\/\/uenf.br\/graduacao\/administracao-publica\/wp-json\/wp\/v2\/pages\/2591\/revisions"}],"wp:attachment":[{"href":"https:\/\/uenf.br\/graduacao\/administracao-publica\/wp-json\/wp\/v2\/media?parent=2591"}],"curies":[{"name":"wp","href":"https:\/\/api.w.org\/{rel}","templated":true}]}}