{"id":2597,"date":"2023-02-13T11:02:18","date_gmt":"2023-02-13T14:02:18","guid":{"rendered":"https:\/\/uenf.br\/graduacao\/administracao-publica\/?page_id=2597"},"modified":"2025-04-08T16:04:06","modified_gmt":"2025-04-08T19:04:06","slug":"gestao-do-curso","status":"publish","type":"page","link":"https:\/\/uenf.br\/graduacao\/administracao-publica\/sobre-o-curso\/gestao-do-curso\/","title":{"rendered":"Gest\u00e3o do curso"},"content":{"rendered":"<p><strong>COORDENA\u00c7\u00c3O<\/strong><\/p>\n<p>Coordenador: Prof. Dr. Edson Terra Azevedo Filho\u00a0 \u00a0 \u00a0 \u00a0 <a href=\"mailto:etaf@uenf.br\">etaf@uenf.br<\/a><\/p>\n<p><a href=\"https:\/\/uenf.br\/graduacao\/administracao-publica\/wp-content\/uploads\/sites\/4\/2025\/03\/27_02_25_p37_exoneracao_e_nomeacao_Mauro_Edson.pdf\">DOERJ 27\/02\/25. P\u00e1gina 37<\/a><\/p>\n<p>&nbsp;<\/p>\n<p><strong>COLEGIADO<\/strong><\/p>\n<p>Prof\u00aa Dr\u00aa Denise Cunha Tavares Terra \u00a0\u00a0\u00a0\u00a0\u00a0\u00a0\u00a0 \u00a0\u00a0\u00a0\u00a0\u00a0\u00a0\u00a0 <a href=\"mailto:deniseterra@uenf.br\">deniseterra@uenf.br<\/a><\/p>\n<p>Prof. Dr. Nilo Lima de Azevedo\u00a0 \u00a0 \u00a0 \u00a0 \u00a0 \u00a0 \u00a0 \u00a0 \u00a0 \u00a0 \u00a0 \u00a0 \u00a0 \u00a0 \u00a0 <a href=\"mailto:azevedo.nilo@uenf.br\">azevedo.nilo@uenf.br<\/a><\/p>\n<p>Prof. Dr. Leonardo Rog\u00e9rio Miguel\u00a0 \u00a0 \u00a0 \u00a0 \u00a0 \u00a0 \u00a0 \u00a0 \u00a0 \u00a0 \u00a0 \u00a0 <a href=\"mailto:lrmiguel@uenf.br\">lrmiguel@uenf.br<\/a><\/p>\n<p>Prof. Dr. Vitor de Moraes Peixoto\u00a0\u00a0\u00a0\u00a0\u00a0\u00a0\u00a0\u00a0\u00a0\u00a0\u00a0\u00a0\u00a0\u00a0\u00a0 \u00a0\u00a0\u00a0\u00a0\u00a0\u00a0\u00a0\u00a0\u00a0\u00a0 <a href=\"mailto:vpeixoto@uenf.br\">vpeixoto@uenf.br<\/a><\/p>\n<p>Davi Athayde Leite \u2013 representa\u00e7\u00e3o discente\u00a0\u00a0\u00a0\u00a0\u00a0\u00a0\u00a0\u00a0\u00a0\u00a0\u00a0 <a href=\"mailto:20211400031@pq.uenf.br\">20211400031@pq.uenf.br<\/a><\/p>\n","protected":false},"excerpt":{"rendered":"<p>COORDENA\u00c7\u00c3O Coordenador: Prof. Dr. Edson Terra Azevedo Filho\u00a0 \u00a0 \u00a0 \u00a0 etaf@uenf.br DOERJ 27\/02\/25. P\u00e1gina 37 &nbsp; COLEGIADO Prof\u00aa Dr\u00aa&#8230;<\/p>\n","protected":false},"author":9,"featured_media":0,"parent":2583,"menu_order":2,"comment_status":"closed","ping_status":"closed","template":"","meta":{"footnotes":""},"class_list":["post-2597","page","type-page","status-publish","hentry"],"_links":{"self":[{"href":"https:\/\/uenf.br\/graduacao\/administracao-publica\/wp-json\/wp\/v2\/pages\/2597","targetHints":{"allow":["GET"]}}],"collection":[{"href":"https:\/\/uenf.br\/graduacao\/administracao-publica\/wp-json\/wp\/v2\/pages"}],"about":[{"href":"https:\/\/uenf.br\/graduacao\/administracao-publica\/wp-json\/wp\/v2\/types\/page"}],"author":[{"embeddable":true,"href":"https:\/\/uenf.br\/graduacao\/administracao-publica\/wp-json\/wp\/v2\/users\/9"}],"replies":[{"embeddable":true,"href":"https:\/\/uenf.br\/graduacao\/administracao-publica\/wp-json\/wp\/v2\/comments?post=2597"}],"version-history":[{"count":0,"href":"https:\/\/uenf.br\/graduacao\/administracao-publica\/wp-json\/wp\/v2\/pages\/2597\/revisions"}],"up":[{"embeddable":true,"href":"https:\/\/uenf.br\/graduacao\/administracao-publica\/wp-json\/wp\/v2\/pages\/2583"}],"wp:attachment":[{"href":"https:\/\/uenf.br\/graduacao\/administracao-publica\/wp-json\/wp\/v2\/media?parent=2597"}],"curies":[{"name":"wp","href":"https:\/\/api.w.org\/{rel}","templated":true}]}}