{"id":2601,"date":"2023-02-13T11:01:39","date_gmt":"2023-02-13T14:01:39","guid":{"rendered":"https:\/\/uenf.br\/graduacao\/administracao-publica\/?page_id=2601"},"modified":"2026-02-26T16:50:15","modified_gmt":"2026-02-26T19:50:15","slug":"ppc-e-grade-curricular","status":"publish","type":"page","link":"https:\/\/uenf.br\/graduacao\/administracao-publica\/sobre-o-curso\/ppc-e-grade-curricular\/","title":{"rendered":"PPC e Grade Curricular"},"content":{"rendered":"<p><a href=\"https:\/\/uenf.br\/graduacao\/administracao-publica\/wp-content\/uploads\/sites\/4\/2026\/02\/Quadro-de-disciplinas-e-Pre-requisitos_PPC-2023.pdf\">Quadro de Componentes Curriculares e Pr\u00e9-requisitos_PPC 2023<\/a><\/p>\n<p><a href=\"https:\/\/uenf.br\/graduacao\/administracao-publica\/wp-content\/uploads\/sites\/4\/2026\/02\/Projeto_Pedagogico_do_Curso_de_Administracao_Publica_UENF_2023_Versao_Final_SEI.pdf\">Projeto Pedag\u00f3gico da Gradua\u00e7\u00e3o em Administra\u00e7\u00e3o P\u00fablica &#8211; 2023<\/a><\/p>\n","protected":false},"excerpt":{"rendered":"<p>Quadro de Componentes Curriculares e Pr\u00e9-requisitos_PPC 2023 Projeto Pedag\u00f3gico da Gradua\u00e7\u00e3o em Administra\u00e7\u00e3o P\u00fablica &#8211; 2023<\/p>\n","protected":false},"author":9,"featured_media":0,"parent":2583,"menu_order":1,"comment_status":"closed","ping_status":"closed","template":"","meta":{"footnotes":""},"class_list":["post-2601","page","type-page","status-publish","hentry"],"_links":{"self":[{"href":"https:\/\/uenf.br\/graduacao\/administracao-publica\/wp-json\/wp\/v2\/pages\/2601","targetHints":{"allow":["GET"]}}],"collection":[{"href":"https:\/\/uenf.br\/graduacao\/administracao-publica\/wp-json\/wp\/v2\/pages"}],"about":[{"href":"https:\/\/uenf.br\/graduacao\/administracao-publica\/wp-json\/wp\/v2\/types\/page"}],"author":[{"embeddable":true,"href":"https:\/\/uenf.br\/graduacao\/administracao-publica\/wp-json\/wp\/v2\/users\/9"}],"replies":[{"embeddable":true,"href":"https:\/\/uenf.br\/graduacao\/administracao-publica\/wp-json\/wp\/v2\/comments?post=2601"}],"version-history":[{"count":0,"href":"https:\/\/uenf.br\/graduacao\/administracao-publica\/wp-json\/wp\/v2\/pages\/2601\/revisions"}],"up":[{"embeddable":true,"href":"https:\/\/uenf.br\/graduacao\/administracao-publica\/wp-json\/wp\/v2\/pages\/2583"}],"wp:attachment":[{"href":"https:\/\/uenf.br\/graduacao\/administracao-publica\/wp-json\/wp\/v2\/media?parent=2601"}],"curies":[{"name":"wp","href":"https:\/\/api.w.org\/{rel}","templated":true}]}}