{"id":2608,"date":"2023-02-13T11:06:01","date_gmt":"2023-02-13T14:06:01","guid":{"rendered":"https:\/\/uenf.br\/graduacao\/administracao-publica\/?page_id=2608"},"modified":"2026-03-01T19:06:41","modified_gmt":"2026-03-01T22:06:41","slug":"calendario-academico","status":"publish","type":"page","link":"https:\/\/uenf.br\/graduacao\/administracao-publica\/calendario-academico\/","title":{"rendered":"2026 &#8211; Calend\u00e1rio Acad\u00eamico e Quadro de Hor\u00e1rio"},"content":{"rendered":"<p>&nbsp;<\/p>\n<p><a href=\"https:\/\/uenf.br\/graduacao\/administracao-publica\/wp-content\/uploads\/sites\/4\/2025\/12\/CalendarioAcademico2026.pdf\">Calend\u00e1rio Acad\u00eamico &#8211; 2026<\/a><\/p>\n<p>&nbsp;<\/p>\n<p><a href=\"https:\/\/uenf.br\/graduacao\/administracao-publica\/wp-content\/uploads\/sites\/4\/2026\/03\/Quadro-de-horarios-2026.1-ADMINISTRACAO-PUBLICA.pdf\">Quadro de hor\u00e1rios 2026.1 &#8211; ADMINISTRA\u00c7\u00c3O P\u00daBLICA<\/a><\/p>\n","protected":false},"excerpt":{"rendered":"<p>&nbsp; Calend\u00e1rio Acad\u00eamico &#8211; 2026 &nbsp; Quadro de hor\u00e1rios 2026.1 &#8211; ADMINISTRA\u00c7\u00c3O P\u00daBLICA<\/p>\n","protected":false},"author":9,"featured_media":0,"parent":0,"menu_order":3,"comment_status":"closed","ping_status":"closed","template":"","meta":{"footnotes":""},"class_list":["post-2608","page","type-page","status-publish","hentry"],"_links":{"self":[{"href":"https:\/\/uenf.br\/graduacao\/administracao-publica\/wp-json\/wp\/v2\/pages\/2608","targetHints":{"allow":["GET"]}}],"collection":[{"href":"https:\/\/uenf.br\/graduacao\/administracao-publica\/wp-json\/wp\/v2\/pages"}],"about":[{"href":"https:\/\/uenf.br\/graduacao\/administracao-publica\/wp-json\/wp\/v2\/types\/page"}],"author":[{"embeddable":true,"href":"https:\/\/uenf.br\/graduacao\/administracao-publica\/wp-json\/wp\/v2\/users\/9"}],"replies":[{"embeddable":true,"href":"https:\/\/uenf.br\/graduacao\/administracao-publica\/wp-json\/wp\/v2\/comments?post=2608"}],"version-history":[{"count":0,"href":"https:\/\/uenf.br\/graduacao\/administracao-publica\/wp-json\/wp\/v2\/pages\/2608\/revisions"}],"wp:attachment":[{"href":"https:\/\/uenf.br\/graduacao\/administracao-publica\/wp-json\/wp\/v2\/media?parent=2608"}],"curies":[{"name":"wp","href":"https:\/\/api.w.org\/{rel}","templated":true}]}}