{"id":2874,"date":"2025-12-12T17:18:22","date_gmt":"2025-12-12T20:18:22","guid":{"rendered":"https:\/\/uenf.br\/graduacao\/administracao-publica\/?page_id=2874"},"modified":"2026-04-08T11:47:19","modified_gmt":"2026-04-08T14:47:19","slug":"atividades-academicas-de-extensao","status":"publish","type":"page","link":"https:\/\/uenf.br\/graduacao\/administracao-publica\/sobre-o-curso\/ppc-e-grade-curricular\/atividades-academicas-de-extensao\/","title":{"rendered":"EXIG\u00caNCIAS CURRICILARES"},"content":{"rendered":"<p>O formul\u00e1rio abaixo dever\u00e1 ser preenchido com as informa\u00e7\u00f5es dos programas e categorias das Exig\u00eancias Curriculares realizadas a fim de gerar o requerimento de registro.<\/p>\n<p><a href=\"https:\/\/docs.google.com\/forms\/d\/1vAEUCSxp5FuSJn-Q8ChYzp9Di6wsP4fTJVxP1gM7Vyg\/edit\" target=\"_blank\" rel=\"noopener\">Registro de Exig\u00eancia Curricular<\/a><\/p>\n<p>Ap\u00f3s preencher o formul\u00e1rio o discente ir\u00e1 receber, no e-mail informado, um arquivo pdf (\u00fanico) do requerimento de registro de exig\u00eancia curricular.<\/p>\n<p>A este requerimento \u00e9 necess\u00e1rio combinar todos os comprovantes das atividades realizadas e encaminar ao e-mail do curso:\u00a0<a href=\"admpublica@uenf.br\">admpublica@uenf.br<\/a><\/p>\n<p>&nbsp;<\/p>\n<p><a href=\"https:\/\/uenf.br\/graduacao\/administracao-publica\/wp-content\/uploads\/sites\/4\/2026\/04\/Ficha-Equivalencia-de-Matriz-Curricular-AdmPublica-adaptacao-de-grade.doc.pdf\">Crit\u00e9rios para contabiliza\u00e7\u00e3o de carga hor\u00e1ria de AACC (Matriz Curricular 2018).<\/a><\/p>\n<p>&nbsp;<\/p>\n<p><a href=\"https:\/\/uenf.br\/graduacao\/administracao-publica\/wp-content\/uploads\/sites\/4\/2025\/12\/ACE.pdf\">Crit\u00e9rios para contabiliza\u00e7\u00e3o das horas de ACE (Matriz Curricular 2023).<\/a><\/p>\n<p>Posteriormente, \u00e9 necess\u00e1rio assinar usando a plataforma gov.br e fazer peticionamento no SEI-RJ como usu\u00e1rio Externo (Matriz Curricular 2023) em implanta\u00e7\u00e3o.<\/p>\n","protected":false},"excerpt":{"rendered":"<p>O formul\u00e1rio abaixo dever\u00e1 ser preenchido com as informa\u00e7\u00f5es dos programas e categorias das Exig\u00eancias Curriculares realizadas a fim de&#8230;<\/p>\n","protected":false},"author":9,"featured_media":0,"parent":2601,"menu_order":0,"comment_status":"closed","ping_status":"closed","template":"","meta":{"footnotes":""},"class_list":["post-2874","page","type-page","status-publish","hentry"],"_links":{"self":[{"href":"https:\/\/uenf.br\/graduacao\/administracao-publica\/wp-json\/wp\/v2\/pages\/2874","targetHints":{"allow":["GET"]}}],"collection":[{"href":"https:\/\/uenf.br\/graduacao\/administracao-publica\/wp-json\/wp\/v2\/pages"}],"about":[{"href":"https:\/\/uenf.br\/graduacao\/administracao-publica\/wp-json\/wp\/v2\/types\/page"}],"author":[{"embeddable":true,"href":"https:\/\/uenf.br\/graduacao\/administracao-publica\/wp-json\/wp\/v2\/users\/9"}],"replies":[{"embeddable":true,"href":"https:\/\/uenf.br\/graduacao\/administracao-publica\/wp-json\/wp\/v2\/comments?post=2874"}],"version-history":[{"count":0,"href":"https:\/\/uenf.br\/graduacao\/administracao-publica\/wp-json\/wp\/v2\/pages\/2874\/revisions"}],"up":[{"embeddable":true,"href":"https:\/\/uenf.br\/graduacao\/administracao-publica\/wp-json\/wp\/v2\/pages\/2601"}],"wp:attachment":[{"href":"https:\/\/uenf.br\/graduacao\/administracao-publica\/wp-json\/wp\/v2\/media?parent=2874"}],"curies":[{"name":"wp","href":"https:\/\/api.w.org\/{rel}","templated":true}]}}