{"id":39,"date":"2013-03-27T22:49:27","date_gmt":"2013-03-28T01:49:27","guid":{"rendered":"https:\/\/uenf.br\/graduacao\/administracao-publica\/?page_id=39"},"modified":"2021-09-01T21:02:12","modified_gmt":"2021-09-02T00:02:12","slug":"normas-e-resolucoes","status":"publish","type":"page","link":"https:\/\/uenf.br\/graduacao\/administracao-publica\/normas-e-resolucoes\/","title":{"rendered":"Normas e Resolu\u00e7\u00f5es"},"content":{"rendered":"<p><span style=\"color: #0000ff\"><a style=\"color: #0000ff\" href=\"http:\/\/www.uenf.br\/Uenf\/Downloads\/REITORIA_1360_1101117875.pdf\">Estatuto da UENF<\/a><\/span><\/p>\n<p><span style=\"color: #0000ff\"><a style=\"color: #0000ff\" href=\"https:\/\/uenf.br\/graduacao\/sobre\/regimento\/\">Regimento da Gradua\u00e7\u00e3o (2019)<\/a><\/span><\/p>\n<p><span style=\"color: #0000ff\"><a style=\"color: #0000ff\" href=\"https:\/\/uenf.br\/graduacao\/sobre\/normas\/\">Normas da Gradua\u00e7\u00e3o Vigente (2019)<\/a><\/span><\/p>\n<p><span style=\"color: #0000ff\"><a style=\"color: #0000ff\" href=\"http:\/\/www.planalto.gov.br\/ccivil_03\/Leis\/LEIS_2001\/L10172.htm\">PNE \u2013 Plano Nacional de Educa\u00e7\u00e3o<\/a><\/span><\/p>\n<p><span style=\"color: #0000ff\"><a style=\"color: #0000ff\" href=\"http:\/\/www.planalto.gov.br\/ccivil_03\/leis\/L9394.htm\">Lei de Diretrizes e Bases da Educa\u00e7\u00e3o<\/a><\/span><\/p>\n<p>&nbsp;<\/p>\n<p>Para mais informa\u00e7\u00f5es \u00a0\u00a0<em><strong><a href=\"https:\/\/uenf.br\/reitoria\/secacad\/\">&gt;&gt;&gt;&gt;&gt;Secretaria Acad\u00eamica&lt;&lt;&lt;&lt;&lt;<br \/>\n<\/a><\/strong><\/em><\/p>\n","protected":false},"excerpt":{"rendered":"<p>Estatuto da UENF Regimento da Gradua\u00e7\u00e3o (2019) Normas da Gradua\u00e7\u00e3o Vigente (2019) PNE \u2013 Plano Nacional de Educa\u00e7\u00e3o Lei de&#8230;<\/p>\n","protected":false},"author":9,"featured_media":0,"parent":0,"menu_order":6,"comment_status":"open","ping_status":"closed","template":"","meta":{"footnotes":""},"class_list":["post-39","page","type-page","status-publish","hentry"],"_links":{"self":[{"href":"https:\/\/uenf.br\/graduacao\/administracao-publica\/wp-json\/wp\/v2\/pages\/39","targetHints":{"allow":["GET"]}}],"collection":[{"href":"https:\/\/uenf.br\/graduacao\/administracao-publica\/wp-json\/wp\/v2\/pages"}],"about":[{"href":"https:\/\/uenf.br\/graduacao\/administracao-publica\/wp-json\/wp\/v2\/types\/page"}],"author":[{"embeddable":true,"href":"https:\/\/uenf.br\/graduacao\/administracao-publica\/wp-json\/wp\/v2\/users\/9"}],"replies":[{"embeddable":true,"href":"https:\/\/uenf.br\/graduacao\/administracao-publica\/wp-json\/wp\/v2\/comments?post=39"}],"version-history":[{"count":0,"href":"https:\/\/uenf.br\/graduacao\/administracao-publica\/wp-json\/wp\/v2\/pages\/39\/revisions"}],"wp:attachment":[{"href":"https:\/\/uenf.br\/graduacao\/administracao-publica\/wp-json\/wp\/v2\/media?parent=39"}],"curies":[{"name":"wp","href":"https:\/\/api.w.org\/{rel}","templated":true}]}}