{"id":100,"date":"2019-12-08T21:44:02","date_gmt":"2019-12-09T00:44:02","guid":{"rendered":"https:\/\/uenf.br\/graduacao\/agronomia\/?page_id=100"},"modified":"2025-06-26T15:11:10","modified_gmt":"2025-06-26T18:11:10","slug":"monografia","status":"publish","type":"page","link":"https:\/\/uenf.br\/graduacao\/agronomia\/informacoes\/monografia\/","title":{"rendered":"Trabalho de conclus\u00e3o de curso"},"content":{"rendered":"<p>O trabalho de conclus\u00e3o de curso (TCC) corresponde a uma produ\u00e7\u00e3o acad\u00eamica com o objetivo de expressar as compet\u00eancias, habilidades e os conhecimentos adquiridos pelo discente ao longo do curso de gradua\u00e7\u00e3o.<br \/>\nO TCC ser\u00e1 requisito obrigat\u00f3rio para integraliza\u00e7\u00e3o curricular, e no curso de Agronomia, deve ser ser elaborado na forma de monografia.<\/p>\n<p>Seguem informa\u00e7\u00f5es sobre a monografia:<\/p>\n<ul>\n<li>Normas das disciplinas Projeto de Monografia e Monografia &#8211; <a href=\"https:\/\/drive.google.com\/file\/d\/1sdD2YiGhU84u_ICqgCSzvJjXY_YJZxvS\/view?usp=drive_link\" target=\"_blank\" rel=\"noopener noreferrer\">clique aqui<\/a><\/li>\n<li>Modelo\u00a0 para apresenta\u00e7\u00e3o da Monografia &#8211; <a href=\"https:\/\/docs.google.com\/document\/d\/1GI5CdiBAAVhEk040Cxg0KIuRFRVIR_k5\/edit?usp=drive_link&amp;ouid=109540382294534359632&amp;rtpof=true&amp;sd=true\" target=\"_blank\" rel=\"noopener noreferrer\">clique aqui<\/a><\/li>\n<\/ul>\n<p>Coordenador: Prof. Bruno Clarkson Mattos &#8211; e-mail:clarkson@uenf.br<\/p>\n","protected":false},"excerpt":{"rendered":"<p>O trabalho de conclus\u00e3o de curso (TCC) corresponde a uma produ\u00e7\u00e3o acad\u00eamica com o objetivo de expressar as compet\u00eancias, habilidades&#8230;<\/p>\n","protected":false},"author":10,"featured_media":0,"parent":23,"menu_order":4,"comment_status":"closed","ping_status":"closed","template":"","meta":{"footnotes":""},"class_list":["post-100","page","type-page","status-publish","hentry"],"_links":{"self":[{"href":"https:\/\/uenf.br\/graduacao\/agronomia\/wp-json\/wp\/v2\/pages\/100","targetHints":{"allow":["GET"]}}],"collection":[{"href":"https:\/\/uenf.br\/graduacao\/agronomia\/wp-json\/wp\/v2\/pages"}],"about":[{"href":"https:\/\/uenf.br\/graduacao\/agronomia\/wp-json\/wp\/v2\/types\/page"}],"author":[{"embeddable":true,"href":"https:\/\/uenf.br\/graduacao\/agronomia\/wp-json\/wp\/v2\/users\/10"}],"replies":[{"embeddable":true,"href":"https:\/\/uenf.br\/graduacao\/agronomia\/wp-json\/wp\/v2\/comments?post=100"}],"version-history":[{"count":0,"href":"https:\/\/uenf.br\/graduacao\/agronomia\/wp-json\/wp\/v2\/pages\/100\/revisions"}],"up":[{"embeddable":true,"href":"https:\/\/uenf.br\/graduacao\/agronomia\/wp-json\/wp\/v2\/pages\/23"}],"wp:attachment":[{"href":"https:\/\/uenf.br\/graduacao\/agronomia\/wp-json\/wp\/v2\/media?parent=100"}],"curies":[{"name":"wp","href":"https:\/\/api.w.org\/{rel}","templated":true}]}}