{"id":166,"date":"2019-12-19T18:35:43","date_gmt":"2019-12-19T21:35:43","guid":{"rendered":"https:\/\/uenf.br\/graduacao\/agronomia\/?page_id=166"},"modified":"2025-06-26T14:48:08","modified_gmt":"2025-06-26T17:48:08","slug":"avaliacoes-do-curso","status":"publish","type":"page","link":"https:\/\/uenf.br\/graduacao\/agronomia\/apresentacao\/avaliacoes-do-curso\/","title":{"rendered":"Avalia\u00e7\u00e3o do curso"},"content":{"rendered":"<p><strong>O curso de Agronomia da UENF \u00e9 conceito 5!<\/strong><\/p>\n<p>De acordo com o Minist\u00e9rio da Educa\u00e7\u00e3o (MEC), das institui\u00e7\u00f5es de ensino superior avaliadas pelo MEC, 2,2% obtiveram nota m\u00e1xima no \u00cdndice Geral de Cursos (IGC) 2019, divulgado em abril de 2021. Entre as 2.070 institui\u00e7\u00f5es analisadas, somente 46 tiveram nota m\u00e1xima (5), sendo 16 institui\u00e7\u00f5es p\u00fablicas.<br \/>\n<strong>Entre as institui\u00e7\u00f5es com nota m\u00e1xima, destaca-se a UENF com conceito IGC 5.<\/strong><\/p>\n<p><strong>E na avalia\u00e7\u00e3o do desempenho dos estudantes, o curso de Agronomia da UENF alcan\u00e7ou o conceito m\u00e1ximo (5) no Enade 2019.<\/strong><\/p>\n<p>O Sistema Nacional de Avalia\u00e7\u00e3o da Educa\u00e7\u00e3o Superior &#8211; Sinaes \u00e9 formado por tr\u00eas componentes principais: a avalia\u00e7\u00e3o das institui\u00e7\u00f5es (IGC), dos cursos (CPC) e do desempenho dos estudantes (Enade).<br \/>\nO Sinaes avalia todos os aspectos que giram em torno desses tr\u00eas eixos, principalmente o ensino, a pesquisa, a extens\u00e3o, a responsabilidade social, o desempenho dos alunos, a gest\u00e3o da institui\u00e7\u00e3o, o corpo docente e as instala\u00e7\u00f5es. Os tr\u00eas indicadores para a avalia\u00e7\u00e3o do ensino s\u00e3o definidos como:<\/p>\n<ul>\n<li><strong>\u00cdndice Geral de Cursos (IGC):\u00a0<\/strong>\u00c9 o indicador que avalia as institui\u00e7\u00f5es de ensino superior p\u00fablicas e privadas (universidades, centros universit\u00e1rios ou faculdades), calculado com base na m\u00e9dia do CPC dos cursos nos tr\u00eas anos anteriores, al\u00e9m dos conceitos de avalia\u00e7\u00e3o da p\u00f3s-gradua\u00e7\u00e3o, que tamb\u00e9m \u00e9 trienal.<\/li>\n<li><strong>\u00a0<\/strong><strong>Conceito Preliminar de Curso (CPC):\u00a0<\/strong>Indicador dos cursos de gradua\u00e7\u00e3o, calculado a partir da nota do Enade e de outras informa\u00e7\u00f5es, como uma compara\u00e7\u00e3o entre a nota dos estudantes ingressantes e concluintes, do perfil dos professores e dados do question\u00e1rio respondido pelos participantes do Enade. Cada curso tem o CPC calculado a cada tr\u00eas anos.<\/li>\n<li><strong>Conceito Enade:<\/strong> Desempenho dos estudantes concluintes dos cursos de gradua\u00e7\u00e3o no exame aplicado pelo MEC em ciclos \u2013 os cursos s\u00e3o avaliados uma vez a cada tr\u00eas anos.<\/li>\n<\/ul>\n<p>Outras avalia\u00e7\u00f5es n\u00e3o oficiais:<\/p>\n<p>O curso de Agronomia apresenta <strong>conceito 5 <\/strong>no ranking do <strong>Guia do Estudante<\/strong> da Editora Abril -ano 2018.<\/p>\n<p>(<a href=\"https:\/\/guiadoestudante.abril.com.br\/\" target=\"_blank\" rel=\"noopener noreferrer\">guiadoestudante.ab<\/a><a href=\"https:\/\/guiadoestudante.abril.com.br\/\" target=\"_blank\" rel=\"noopener noreferrer\">ril.com.br\/<\/a>).<\/p>\n<p><img loading=\"lazy\" decoding=\"async\" class=\"wp-image-184 aligncenter\" src=\"https:\/\/uenf.br\/graduacao\/agronomia\/wp-content\/uploads\/sites\/5\/2019\/12\/selo-guia-estudante-2018-300x177.jpg\" alt=\"\" width=\"306\" height=\"181\" srcset=\"https:\/\/uenf.br\/graduacao\/agronomia\/wp-content\/uploads\/sites\/5\/2019\/12\/selo-guia-estudante-2018-300x177.jpg 300w, https:\/\/uenf.br\/graduacao\/agronomia\/wp-content\/uploads\/sites\/5\/2019\/12\/selo-guia-estudante-2018-768x453.jpg 768w, https:\/\/uenf.br\/graduacao\/agronomia\/wp-content\/uploads\/sites\/5\/2019\/12\/selo-guia-estudante-2018.jpg 810w\" sizes=\"auto, (max-width: 306px) 100vw, 306px\" \/><\/p>\n<p>O curso de Agronomia possui <strong>conceito 5 <\/strong>de acordo com os crit\u00e9rios de avalia\u00e7\u00e3o do Guia da Faculdade, parceria entre a Quero Educa\u00e7\u00e3o e o jornal O Estado de S\u00e3o Paulo &#8211; ano 2024<\/p>\n<p>https:\/\/avaliacao-de-cursos.quero.com\/faculdades\/resultado\/329692\/preview<\/p>\n<p><img loading=\"lazy\" decoding=\"async\" class=\" wp-image-561 aligncenter\" src=\"https:\/\/uenf.br\/graduacao\/agronomia\/wp-content\/uploads\/sites\/5\/2025\/06\/Guia-da-Faculdade-2024-206x300.png\" alt=\"\" width=\"293\" height=\"427\" srcset=\"https:\/\/uenf.br\/graduacao\/agronomia\/wp-content\/uploads\/sites\/5\/2025\/06\/Guia-da-Faculdade-2024-206x300.png 206w, https:\/\/uenf.br\/graduacao\/agronomia\/wp-content\/uploads\/sites\/5\/2025\/06\/Guia-da-Faculdade-2024-702x1024.png 702w, https:\/\/uenf.br\/graduacao\/agronomia\/wp-content\/uploads\/sites\/5\/2025\/06\/Guia-da-Faculdade-2024-768x1121.png 768w, https:\/\/uenf.br\/graduacao\/agronomia\/wp-content\/uploads\/sites\/5\/2025\/06\/Guia-da-Faculdade-2024.png 1024w\" sizes=\"auto, (max-width: 293px) 100vw, 293px\" \/><\/p>\n<p>&nbsp;<\/p>\n<p>&nbsp;<\/p>\n<p>&nbsp;<\/p>\n<p>&nbsp;<\/p>\n","protected":false},"excerpt":{"rendered":"<p>O curso de Agronomia da UENF \u00e9 conceito 5! De acordo com o Minist\u00e9rio da Educa\u00e7\u00e3o (MEC), das institui\u00e7\u00f5es de&#8230;<\/p>\n","protected":false},"author":10,"featured_media":0,"parent":2,"menu_order":1,"comment_status":"closed","ping_status":"closed","template":"","meta":{"footnotes":""},"class_list":["post-166","page","type-page","status-publish","hentry"],"_links":{"self":[{"href":"https:\/\/uenf.br\/graduacao\/agronomia\/wp-json\/wp\/v2\/pages\/166","targetHints":{"allow":["GET"]}}],"collection":[{"href":"https:\/\/uenf.br\/graduacao\/agronomia\/wp-json\/wp\/v2\/pages"}],"about":[{"href":"https:\/\/uenf.br\/graduacao\/agronomia\/wp-json\/wp\/v2\/types\/page"}],"author":[{"embeddable":true,"href":"https:\/\/uenf.br\/graduacao\/agronomia\/wp-json\/wp\/v2\/users\/10"}],"replies":[{"embeddable":true,"href":"https:\/\/uenf.br\/graduacao\/agronomia\/wp-json\/wp\/v2\/comments?post=166"}],"version-history":[{"count":0,"href":"https:\/\/uenf.br\/graduacao\/agronomia\/wp-json\/wp\/v2\/pages\/166\/revisions"}],"up":[{"embeddable":true,"href":"https:\/\/uenf.br\/graduacao\/agronomia\/wp-json\/wp\/v2\/pages\/2"}],"wp:attachment":[{"href":"https:\/\/uenf.br\/graduacao\/agronomia\/wp-json\/wp\/v2\/media?parent=166"}],"curies":[{"name":"wp","href":"https:\/\/api.w.org\/{rel}","templated":true}]}}