{"id":2,"date":"2012-08-28T17:42:22","date_gmt":"2012-08-28T17:42:22","guid":{"rendered":"https:\/\/uenf.br\/graduacao\/agronomia\/?page_id=2"},"modified":"2025-06-26T10:37:39","modified_gmt":"2025-06-26T13:37:39","slug":"apresentacao","status":"publish","type":"page","link":"https:\/\/uenf.br\/graduacao\/agronomia\/","title":{"rendered":"O curso de Agronomia"},"content":{"rendered":"<h3><strong><img loading=\"lazy\" decoding=\"async\" class=\"alignleft  wp-image-549\" src=\"https:\/\/uenf.br\/graduacao\/agronomia\/wp-content\/uploads\/sites\/5\/2025\/06\/MARCA-v.2-277x300.jpg\" alt=\"\" width=\"231\" height=\"250\" srcset=\"https:\/\/uenf.br\/graduacao\/agronomia\/wp-content\/uploads\/sites\/5\/2025\/06\/MARCA-v.2-277x300.jpg 277w, https:\/\/uenf.br\/graduacao\/agronomia\/wp-content\/uploads\/sites\/5\/2025\/06\/MARCA-v.2-768x831.jpg 768w, https:\/\/uenf.br\/graduacao\/agronomia\/wp-content\/uploads\/sites\/5\/2025\/06\/MARCA-v.2.jpg 838w\" sizes=\"auto, (max-width: 231px) 100vw, 231px\" \/>O curso de Agronomia<\/strong><\/h3>\n<p>O Curso de Agronomia da UENF foi fundado com a Universidade em 1993, na Resolu\u00e7\u00e3o UENF de 26 de junho de 1993, sendo reconhecido pelo Conselho Estadual de Educa\u00e7\u00e3o em 1998, no Parecer CEE 334\/1998, publicado no DOERJ de 31 de dezembro de 1998.<\/p>\n<p>O Engenheiro Agr\u00f4nomo \u00e9 o profissional que re\u00fane as condi\u00e7\u00f5es t\u00e9cnico-cient\u00edfico-human\u00edsticas para executar todas as tarefas inerentes \u00e0 produ\u00e7\u00e3o de alimentos para o homem e os animais dom\u00e9sticos, intervindo desde a defini\u00e7\u00e3o das condi\u00e7\u00f5es do plantio at\u00e9 a chegada do produto industrializado ao consumidor.<\/p>\n<p>Este profissional, cuja profiss\u00e3o est\u00e1 regulamentada pela Lei 5.194 de 24\/12\/1966, pode atuar nos setores p\u00fablicos e privados, nas atividades de planejamento, produ\u00e7\u00e3o, ensino, pesquisa e extens\u00e3o.<\/p>\n<p>&nbsp;<\/p>\n<h3>Atividades do profissional de Agronomia<\/h3>\n<p>As atividades do profissional de Agronomia s\u00e3o discriminadas segundo a Resolu\u00e7\u00e3o n\u00ba 218, de 29 de junho de 1973 do CONFEA, e para efeito de fiscaliza\u00e7\u00e3o do exerc\u00edcio profissional correspondente \u00e0 Agronomia em n\u00edvel superior e em n\u00edvel m\u00e9dio, ficam designadas as seguintes atividades:<\/p>\n<p>Supervis\u00e3o, coordena\u00e7\u00e3o e orienta\u00e7\u00e3o t\u00e9cnica;\u00a0 Estudo, planejamento, projeto e especifica\u00e7\u00e3o; Estudo de viabilidade t\u00e9cnico-econ\u00f4mica; Assist\u00eancia, assessoria e consultoria; Dire\u00e7\u00e3o de obra e servi\u00e7o t\u00e9cnico; Vistoria, per\u00edcia, avalia\u00e7\u00e3o, arbitramento, laudo e parecer t\u00e9cnico; Desempenho de cargo e fun\u00e7\u00e3o t\u00e9cnica; Ensino, pesquisa, an\u00e1lise, experimenta\u00e7\u00e3o, ensaio e divulga\u00e7\u00e3o t\u00e9cnica; extens\u00e3o; Elabora\u00e7\u00e3o de or\u00e7amento; Padroniza\u00e7\u00e3o, mensura\u00e7\u00e3o e controle de qualidade; Execu\u00e7\u00e3o de obra e servi\u00e7o t\u00e9cnico; Fiscaliza\u00e7\u00e3o de obra e servi\u00e7o t\u00e9cnico; Produ\u00e7\u00e3o t\u00e9cnica e especializada; Condu\u00e7\u00e3o de trabalho t\u00e9cnico; Condu\u00e7\u00e3o de equipe de instala\u00e7\u00e3o, montagem, opera\u00e7\u00e3o, reparo ou manuten\u00e7\u00e3o; Execu\u00e7\u00e3o de instala\u00e7\u00e3o, montagem e reparo; Opera\u00e7\u00e3o e manuten\u00e7\u00e3o de equipamento e instala\u00e7\u00e3o; Execu\u00e7\u00e3o de desenho t\u00e9cnico.<\/p>\n<p>Tais atividades s\u00e3o referentes a engenharia rural; constru\u00e7\u00f5es para fins rurais e suas instala\u00e7\u00f5es complementares; irriga\u00e7\u00e3o e drenagem para fins agr\u00edcolas; fitotecnia e zootecnia; melhoramento animal e vegetal; recursos naturais renov\u00e1veis; ecologia, agrometeorologia; defesa sanit\u00e1ria; qu\u00edmica agr\u00edcola; alimentos; tecnologia de transforma\u00e7\u00e3o (a\u00e7\u00facar, amidos, \u00f3leos, latic\u00ednios, vinhos e destilados); beneficiamento e conserva\u00e7\u00e3o dos produtos animais e vegetais; zimotecnia; agropecu\u00e1ria; edafologia; fertilizantes e corretivos; processo de cultura e de utiliza\u00e7\u00e3o de solo; microbiologia agr\u00edcola; biometria; parques e jardins; mecaniza\u00e7\u00e3o na agricultura; implementos agr\u00edcolas; nutri\u00e7\u00e3o animal; agrostologia; bromatologia e ra\u00e7\u00f5es; economia rural e cr\u00e9dito rural; seus servi\u00e7os afins e correlatos.<\/p>\n<h3><strong>Atribui\u00e7\u00f5es do Agr\u00f4nomo<\/strong><\/h3>\n<div class=\"entry clr\">\n<p>O exerc\u00edcio profissional do Agr\u00f4nomo ou Engenheiro Agr\u00f4nomo est\u00e1 regulado pelo Decreto n\u00ba 23.196, de 12 de outubro de 1933 da Presid\u00eancia da Rep\u00fablica que define como suas atribui\u00e7\u00f5es a organiza\u00e7\u00e3o, dire\u00e7\u00e3o e execu\u00e7\u00e3o dos servi\u00e7os t\u00e9cnicos oficiais, federais, estaduais e municipais, concernentes \u00e0s mat\u00e9rias e atividades seguintes:<\/p>\n<p>a) ensino agr\u00edcola em seus diferentes graus; b) experimenta\u00e7\u00f5es racionais e cient\u00edficas referentes \u00e0 agricultura, e, em geral, quaisquer demonstra\u00e7\u00f5es pr\u00e1ticas de agricultura em estabelecimentos federais, estaduais e municipais; c) propagar a difus\u00e3o de mec\u00e2nica agr\u00edcola, de processos de aduba\u00e7\u00e3o, de m\u00e9todos aperfei\u00e7oados de colheita e de beneficiamento dos produtos agr\u00edcolas, bem como de m\u00e9todos de aproveitamento industrial da produ\u00e7\u00e3o vegetal; d) estudos econ\u00f4micos relativos \u00e0 agricultura e ind\u00fastrias correlatas; e) gen\u00e9tica agr\u00edcola, produ\u00e7\u00e3o de sementes, melhoramento das plantas cultivadas e fiscaliza\u00e7\u00e3o do com\u00e9rcio de sementes, plantas vivas e partes vivas de plantas; f) fitopatologia, entomologia e microbiologia agr\u00edcolas; g) aplica\u00e7\u00e3o de medidas de defesa e de vigil\u00e2ncia sanit\u00e1ria vegetal; h) qu\u00edmica e tecnologia agr\u00edcolas; i) reflorestamento, conserva\u00e7\u00e3o, defesa, explora\u00e7\u00e3o e industrializa\u00e7\u00e3o de matas; j) administra\u00e7\u00e3o de col\u00f4nias agr\u00edcolas; l) ecologia e meteorologia agr\u00edcolas; m) fiscaliza\u00e7\u00e3o de estabelecimentos de ensino agron\u00f4mico reconhecidos, equiparados ou em via de equipara\u00e7\u00e3o; n) fiscaliza\u00e7\u00e3o de empresas agr\u00edcolas ou de ind\u00fastrias correlatas, que gozarem de favores oficiais; o) barragens em terra que n\u00e3o excedam de cinco metros de altura; p) irriga\u00e7\u00e3o e drenagem para fins agr\u00edcolas; q) estradas de rodagem de interesse local e destinadas a fins agr\u00edcolas, desde que nelas n\u00e3o existam bueiros e pontilh\u00f5es de mais de cinco metros de v\u00e3o; r) constru\u00e7\u00f5es rurais, destinadas a moradias ou fins agr\u00edcolas; s) avalia\u00e7\u00f5es e per\u00edcias relativas \u00e0s al\u00edneas anteriores; t) agrologia; u) peritagem e identifica\u00e7\u00e3o, para desembara\u00e7o em reparti\u00e7\u00f5es fiscais ou para fins judiciais, de instrumentos, utens\u00edlios e m\u00e1quinas agr\u00edcolas, sementes, plantas ou partes vivas de plantas, adubos, inseticidas, fungicidas, maquinismos e acess\u00f3rios e, bem assim, outros artigos utilizados na agricultura ou na instala\u00e7\u00e3o de ind\u00fastrias rurais e derivadas; v) determina\u00e7\u00e3o do valor locativo e venal das propriedades rurais, para fins administrativos ou judiciais, na parte que se relacione com a sua profiss\u00e3o; x) avalia\u00e7\u00e3o e peritagem das propriedades rurais, suas instala\u00e7\u00f5es, rebanhos e colheitas pendentes, para fins administrativos, judiciais ou de cr\u00e9dito; z) avalia\u00e7\u00e3o dos melhoramentos fundi\u00e1rios para os mesmos fins da al\u00ednea anterior.<\/p>\n<\/div>\n","protected":false},"excerpt":{"rendered":"<p>O curso de Agronomia O Curso de Agronomia da UENF foi fundado com a Universidade em 1993, na Resolu\u00e7\u00e3o UENF&#8230;<\/p>\n","protected":false},"author":10,"featured_media":0,"parent":0,"menu_order":1,"comment_status":"open","ping_status":"open","template":"","meta":{"footnotes":""},"class_list":["post-2","page","type-page","status-publish","hentry"],"_links":{"self":[{"href":"https:\/\/uenf.br\/graduacao\/agronomia\/wp-json\/wp\/v2\/pages\/2","targetHints":{"allow":["GET"]}}],"collection":[{"href":"https:\/\/uenf.br\/graduacao\/agronomia\/wp-json\/wp\/v2\/pages"}],"about":[{"href":"https:\/\/uenf.br\/graduacao\/agronomia\/wp-json\/wp\/v2\/types\/page"}],"author":[{"embeddable":true,"href":"https:\/\/uenf.br\/graduacao\/agronomia\/wp-json\/wp\/v2\/users\/10"}],"replies":[{"embeddable":true,"href":"https:\/\/uenf.br\/graduacao\/agronomia\/wp-json\/wp\/v2\/comments?post=2"}],"version-history":[{"count":0,"href":"https:\/\/uenf.br\/graduacao\/agronomia\/wp-json\/wp\/v2\/pages\/2\/revisions"}],"wp:attachment":[{"href":"https:\/\/uenf.br\/graduacao\/agronomia\/wp-json\/wp\/v2\/media?parent=2"}],"curies":[{"name":"wp","href":"https:\/\/api.w.org\/{rel}","templated":true}]}}