{"id":200,"date":"2019-12-23T09:15:56","date_gmt":"2019-12-23T12:15:56","guid":{"rendered":"https:\/\/uenf.br\/graduacao\/agronomia\/?page_id=200"},"modified":"2022-12-14T16:51:13","modified_gmt":"2022-12-14T19:51:13","slug":"forma-de-ingresso-no-curso","status":"publish","type":"page","link":"https:\/\/uenf.br\/graduacao\/agronomia\/apresentacao\/forma-de-ingresso-no-curso\/","title":{"rendered":"Formas de ingresso no curso"},"content":{"rendered":"<p>A UENF utiliza atualmente como forma de ingresso o Sistema de Sele\u00e7\u00e3o Unificada (SISU) e os editais de transfer\u00eancias e reingresso.<\/p>\n<p><strong>Sistema de Sele\u00e7\u00e3o Unificada (SISU)<\/strong><\/p>\n<p>Com 558 vagas, disponibilizadas em 15 cursos, a UENF se prepara para o processo seletivo anualmente utilizando o SISU para a sele\u00e7\u00e3o dos candidatos com ingresso no in\u00edcio de cada ano letivo. Ao todo s\u00e3o 304 vagas de ampla concorr\u00eancia e 254 vagas destinadas \u00e0s a\u00e7\u00f5es afirmativas. A sele\u00e7\u00e3o dos candidatos \u00e9 realizada de acordo com os resultados do Exame Nacional do Ensino M\u00e9dio (ENEM).<\/p>\n<p>As inscri\u00e7\u00f5es seguem o calend\u00e1rio definido pelo SISU e dever\u00e3o ser feitas exclusivamente pela internet no endere\u00e7o eletr\u00f4nico <a href=\"http:\/\/sisu.mec.gov.br\/\" target=\"_blank\" rel=\"noreferrer noopener\"><strong>http:\/\/sisu.mec.gov.br<\/strong><\/a>. Os candidatos devem estar atentos pois a UENF s\u00f3 tem ingresso no primeiro semestre. O resultado do processo seletivo \u00e9 divulgado no site da UENF.<\/p>\n<p>Os candidatos que n\u00e3o forem classificados na primeira chamada podem manifestar seu interesse em participar da lista de espera de acordo com o calend\u00e1rio definido na p\u00e1gina do SISU na internet.<\/p>\n<p>Todos os prazos e os procedimentos para convoca\u00e7\u00e3o dos candidatos selecionados atrav\u00e9s da lista de espera s\u00e3o divulgados no site da UENF e nas redes sociais da universidade.<\/p>\n<p>A quantidade de vagas de cada curso e a nota de corte para ingresso de cada curso podem ser verificadas no Termo de Ades\u00e3o da UENF ao processo seletivo do SISU. \u00c9 fundamental que os candidatos leiam o Termo de Ades\u00e3o para ter ci\u00eancia da documenta\u00e7\u00e3o necess\u00e1ria para a matr\u00edcula para todos os candidatos e a documenta\u00e7\u00e3o espec\u00edfica para os candidatos das A\u00e7\u00f5es Afirmativas.<\/p>\n<p><strong>O curso de Agronomia<\/strong> abre anualmente 50 vagas para ingresso no primeiro semestre de cada ano &#8211; o in\u00edcio das aulas ocorre normalmente em mar\u00e7o. A distribui\u00e7\u00e3o das vagas ocorre da seguinte forma:<\/p>\n<ul>\n<li>28 vagas de ampla concorr\u00eancia.<\/li>\n<li>2 vagas reservadas para a\u00e7\u00e3o afirmativa do tipo: candidato (s) com defici\u00eancia, ou filhos de policiais civis, militares, bombeiros militares e inspetores de seguran\u00e7a e administra\u00e7\u00e3o penitenci\u00e1ria, mortos ou incapacitados em raz\u00e3o do servi\u00e7o, com comprova\u00e7\u00e3o de car\u00eancia socioecon\u00f4mica<\/li>\n<li>10 vagas reservadas para a\u00e7\u00e3o afirmativa do tipo: candidato (s) negros ou ind\u00edgenas com comprova\u00e7\u00e3o de car\u00eancia socioecon\u00f4mica<\/li>\n<li>10 vagas reservadas para a\u00e7\u00e3o afirmativa do tipo: candidato (s) que tenham cursado, na rede p\u00fablica, os \u00faltimos quatro anos do ensino fundamental e todo o ensino m\u00e9dio e com comprova\u00e7\u00e3o de car\u00eancia socioecon\u00f4mica<\/li>\n<\/ul>\n<p>A nota de corte para ingresso \u00e9 550 pontos e o peso de cada prova \u00e9: Reda\u00e7\u00e3o &#8211; 2,00; Ci\u00eancias da Natureza e suas Tecnologias &#8211; 3,00; Ci\u00eancias Humanas e suas Tecnologias &#8211; 1,00; Linguagens, C\u00f3digos e suas Tecnologias &#8211; 1,00, Matem\u00e1tica e suas Tecnologias &#8211; 3,00.<\/p>\n<p><strong>Editais de transfer\u00eancias, reingresso e dispensa de participa\u00e7\u00e3o em processo seletivo<\/strong><\/p>\n<p>A Pr\u00f3-Reitoria de Gradua\u00e7\u00e3o da UENF (PROGRAD) publica anualmente, no segundo semestre, o Edital de Transfer\u00eancias Interna\/Externa, Reingresso e Dispensa de Participa\u00e7\u00e3o em Processo Seletivo (DPPS). As inscri\u00e7\u00f5es podem ser feitas de acordo com edital pr\u00f3prio. S\u00e3o oferecidas vagas n\u00e3o ocupadas nos cursos presenciais e semipresenciais de gradua\u00e7\u00e3o (bacharelado e licenciatura), para ingresso no primeiro per\u00edodo letivo do ano seguinte.<\/p>\n<p>As vagas poder\u00e3o ser preenchidas por mudan\u00e7a interna de curso na UENF (Transfer\u00eancia Interna), transfer\u00eancia de discentes de outras institui\u00e7\u00f5es de ensino superior (Transfer\u00eancia Externa), Reingresso (para portadores de curso superior na UENF) e Dispensa de Participa\u00e7\u00e3o em Processo Seletivo \u2013 DPPS (para portadores de diploma de cursos superiores em outras institui\u00e7\u00f5es).<\/p>\n<p>Os editais s\u00e3o publicados na p\u00e1gina <a href=\"https:\/\/uenf.br\/graduacao\/\">https:\/\/uenf.br\/graduacao\/<\/a><\/p>\n","protected":false},"excerpt":{"rendered":"<p>A UENF utiliza atualmente como forma de ingresso o Sistema de Sele\u00e7\u00e3o Unificada (SISU) e os editais de transfer\u00eancias e&#8230;<\/p>\n","protected":false},"author":10,"featured_media":0,"parent":2,"menu_order":2,"comment_status":"closed","ping_status":"closed","template":"","meta":{"footnotes":""},"class_list":["post-200","page","type-page","status-publish","hentry"],"_links":{"self":[{"href":"https:\/\/uenf.br\/graduacao\/agronomia\/wp-json\/wp\/v2\/pages\/200","targetHints":{"allow":["GET"]}}],"collection":[{"href":"https:\/\/uenf.br\/graduacao\/agronomia\/wp-json\/wp\/v2\/pages"}],"about":[{"href":"https:\/\/uenf.br\/graduacao\/agronomia\/wp-json\/wp\/v2\/types\/page"}],"author":[{"embeddable":true,"href":"https:\/\/uenf.br\/graduacao\/agronomia\/wp-json\/wp\/v2\/users\/10"}],"replies":[{"embeddable":true,"href":"https:\/\/uenf.br\/graduacao\/agronomia\/wp-json\/wp\/v2\/comments?post=200"}],"version-history":[{"count":0,"href":"https:\/\/uenf.br\/graduacao\/agronomia\/wp-json\/wp\/v2\/pages\/200\/revisions"}],"up":[{"embeddable":true,"href":"https:\/\/uenf.br\/graduacao\/agronomia\/wp-json\/wp\/v2\/pages\/2"}],"wp:attachment":[{"href":"https:\/\/uenf.br\/graduacao\/agronomia\/wp-json\/wp\/v2\/media?parent=200"}],"curies":[{"name":"wp","href":"https:\/\/api.w.org\/{rel}","templated":true}]}}