{"id":23,"date":"2017-07-30T16:43:46","date_gmt":"2017-07-30T19:43:46","guid":{"rendered":"https:\/\/uenf.br\/graduacao\/agronomia\/?page_id=23"},"modified":"2024-09-26T10:05:28","modified_gmt":"2024-09-26T13:05:28","slug":"informacoes","status":"publish","type":"page","link":"https:\/\/uenf.br\/graduacao\/agronomia\/informacoes\/","title":{"rendered":"Informa\u00e7\u00f5es para o aluno"},"content":{"rendered":"<p>Nessa se\u00e7\u00e3o, o aluno encontra as informa\u00e7\u00f5es sobre o curso,\u00a0 est\u00e1gio e monografia. Os arquivos est\u00e3o dispon\u00edveis para download nas p\u00e1ginas:<\/p>\n<ul>\n<li style=\"list-style-type: none\">\n<ul>\n<li><a href=\"https:\/\/uenf.br\/graduacao\/agronomia\/informacoes\/horarios-e-calendarios\/\">Hor\u00e1rios, calend\u00e1rios e disciplinas<\/a><\/li>\n<li><a href=\"https:\/\/uenf.br\/graduacao\/agronomia\/informacoes\/estagios\/\">Est\u00e1gio Curricular<\/a><\/li>\n<li><a href=\"https:\/\/uenf.br\/graduacao\/agronomia\/informacoes\/monografia\/\">Trabalho de Conclus\u00e3o de Curso<\/a><\/li>\n<li><a href=\"https:\/\/uenf.br\/graduacao\/agronomia\/informacoes\/atividades-academicas-tecnicas-e-cientificas\/\">Atividades Acad\u00eamicas Complementares &#8211; Matriz 2015<\/a><\/li>\n<li>Atividades Acad\u00eamicas Complementares &#8211; ACC &#8211; Matriz 2023<\/li>\n<li><a href=\"https:\/\/drive.google.com\/file\/d\/13uDloHtbiUZSskXfuFT8HI6Q2lNaJgp1\/view?usp=drive_link\">Atividades Acad\u00eamicas de Extens\u00e3o &#8211; ACE &#8211; Matriz 2023<\/a><\/li>\n<\/ul>\n<\/li>\n<\/ul>\n","protected":false},"excerpt":{"rendered":"<p>Nessa se\u00e7\u00e3o, o aluno encontra as informa\u00e7\u00f5es sobre o curso,\u00a0 est\u00e1gio e monografia. Os arquivos est\u00e3o dispon\u00edveis para download nas&#8230;<\/p>\n","protected":false},"author":10,"featured_media":0,"parent":0,"menu_order":2,"comment_status":"closed","ping_status":"closed","template":"","meta":{"footnotes":""},"class_list":["post-23","page","type-page","status-publish","hentry"],"_links":{"self":[{"href":"https:\/\/uenf.br\/graduacao\/agronomia\/wp-json\/wp\/v2\/pages\/23","targetHints":{"allow":["GET"]}}],"collection":[{"href":"https:\/\/uenf.br\/graduacao\/agronomia\/wp-json\/wp\/v2\/pages"}],"about":[{"href":"https:\/\/uenf.br\/graduacao\/agronomia\/wp-json\/wp\/v2\/types\/page"}],"author":[{"embeddable":true,"href":"https:\/\/uenf.br\/graduacao\/agronomia\/wp-json\/wp\/v2\/users\/10"}],"replies":[{"embeddable":true,"href":"https:\/\/uenf.br\/graduacao\/agronomia\/wp-json\/wp\/v2\/comments?post=23"}],"version-history":[{"count":0,"href":"https:\/\/uenf.br\/graduacao\/agronomia\/wp-json\/wp\/v2\/pages\/23\/revisions"}],"wp:attachment":[{"href":"https:\/\/uenf.br\/graduacao\/agronomia\/wp-json\/wp\/v2\/media?parent=23"}],"curies":[{"name":"wp","href":"https:\/\/api.w.org\/{rel}","templated":true}]}}