{"id":399,"date":"2022-12-14T16:59:06","date_gmt":"2022-12-14T19:59:06","guid":{"rendered":"https:\/\/uenf.br\/graduacao\/agronomia\/?page_id=399"},"modified":"2025-07-04T13:43:24","modified_gmt":"2025-07-04T16:43:24","slug":"normas-e-regimento-da-graduacao","status":"publish","type":"page","link":"https:\/\/uenf.br\/graduacao\/agronomia\/normas-e-regimento-da-graduacao\/","title":{"rendered":"Normas e Regimento da Gradua\u00e7\u00e3o"},"content":{"rendered":"<p>Informa\u00e7\u00f5es sobre Normas e Regimento da Gradua\u00e7\u00e3o da UENF<\/p>\n<p>Normas da Gradua\u00e7\u00e3o &#8211; <a href=\"https:\/\/uenf.br\/graduacao\/sobre\/normas\/\">clique aqui<\/a><\/p>\n<p>Regimento da C\u00e2mara de Gradua\u00e7\u00e3o &#8211; <a href=\"https:\/\/drive.google.com\/file\/d\/1aXVwKiydYOHTwAf7qPqU4PGveA2dh8Qp\/view?usp=drive_link\">clique aqui<\/a><\/p>\n","protected":false},"excerpt":{"rendered":"<p>Informa\u00e7\u00f5es sobre Normas e Regimento da Gradua\u00e7\u00e3o da UENF Normas da Gradua\u00e7\u00e3o &#8211; clique aqui Regimento da C\u00e2mara de Gradua\u00e7\u00e3o&#8230;<\/p>\n","protected":false},"author":10,"featured_media":0,"parent":0,"menu_order":5,"comment_status":"closed","ping_status":"closed","template":"","meta":{"footnotes":""},"class_list":["post-399","page","type-page","status-publish","hentry"],"_links":{"self":[{"href":"https:\/\/uenf.br\/graduacao\/agronomia\/wp-json\/wp\/v2\/pages\/399","targetHints":{"allow":["GET"]}}],"collection":[{"href":"https:\/\/uenf.br\/graduacao\/agronomia\/wp-json\/wp\/v2\/pages"}],"about":[{"href":"https:\/\/uenf.br\/graduacao\/agronomia\/wp-json\/wp\/v2\/types\/page"}],"author":[{"embeddable":true,"href":"https:\/\/uenf.br\/graduacao\/agronomia\/wp-json\/wp\/v2\/users\/10"}],"replies":[{"embeddable":true,"href":"https:\/\/uenf.br\/graduacao\/agronomia\/wp-json\/wp\/v2\/comments?post=399"}],"version-history":[{"count":0,"href":"https:\/\/uenf.br\/graduacao\/agronomia\/wp-json\/wp\/v2\/pages\/399\/revisions"}],"wp:attachment":[{"href":"https:\/\/uenf.br\/graduacao\/agronomia\/wp-json\/wp\/v2\/media?parent=399"}],"curies":[{"name":"wp","href":"https:\/\/api.w.org\/{rel}","templated":true}]}}