{"id":491,"date":"2024-09-24T10:41:56","date_gmt":"2024-09-24T13:41:56","guid":{"rendered":"https:\/\/uenf.br\/graduacao\/agronomia\/?page_id=491"},"modified":"2025-06-26T15:13:31","modified_gmt":"2025-06-26T18:13:31","slug":"atividades-curriculares-complementares","status":"publish","type":"page","link":"https:\/\/uenf.br\/graduacao\/agronomia\/informacoes\/atividades-curriculares-complementares\/","title":{"rendered":"Atividades Acad\u00eamicas Complementares &#8211; Matriz 2023"},"content":{"rendered":"<p>Normas da Gradua\u00e7\u00e3o 2019 &#8211; Cap. XI<\/p>\n<p>Art. 164 As Atividades Acad\u00eamicas Complementares (AAC) ter\u00e3o como<br \/>\nobjetivo o aproveitamento de atividades, habilidades, conhecimentos e<br \/>\ncompet\u00eancias desenvolvidas de forma complementar e extracurricular \u00e0<br \/>\nforma\u00e7\u00e3o do discente, inclusive aquelas adquiridas fora do ambiente<br \/>\nacad\u00eamico.<br \/>\n\u00a7 1\u00ba O PPC dever\u00e1 definir o elenco e a carga hor\u00e1ria de AAC que dever\u00e1 ser<br \/>\ncumprida pelo discente ao longo do curso.<br \/>\n\u00a7 2\u00ba A carga hor\u00e1ria de AAC definida no PPC dever\u00e1 estar em conson\u00e2ncia<br \/>\ncom as Diretrizes Curriculares Nacionais de cada curso de gradua\u00e7\u00e3o.<br \/>\n\u00a7 3\u00ba Somente poder\u00e1 colar grau o discente que tiver cumprido a totalidade da<br \/>\ncarga hor\u00e1ria de AAC definida no PPC.<br \/>\n\u00a7 4\u00ba O PPC dever\u00e1 estabelecer os crit\u00e9rios para an\u00e1lise, contabiliza\u00e7\u00e3o e<br \/>\nregistro de AAC nos assentamentos do discente.<br \/>\n\u00a7 5\u00ba Compete ao Colegiado de Curso estabelecer procedimentos para o<br \/>\nrequerimento de aproveitamento de AAC e crit\u00e9rios para deferimento da<br \/>\nsolicita\u00e7\u00e3o.<br \/>\nArt. 165 As atividades de AAC poder\u00e3o ser realizadas em diferentes formas,<br \/>\ndevendo o PPC estabelecer a carga hor\u00e1ria m\u00ednima e m\u00e1xima para cada uma<br \/>\ndelas, sendo:<br \/>\na) atividades de inicia\u00e7\u00e3o cient\u00edfica ou tecnol\u00f3gica;<br \/>\nb) atividades de inicia\u00e7\u00e3o \u00e0 doc\u00eancia;<br \/>\nc) atividades de monitoria;<br \/>\nd) atividades de extens\u00e3o;<br \/>\ne) participa\u00e7\u00e3o, mediante apresenta\u00e7\u00e3o de certificado, de cursos de idiomas,<br \/>\ncomunica\u00e7\u00e3o e express\u00e3o, inform\u00e1tica desde que n\u00e3o tenham sido<br \/>\naproveitadas como disciplinas;<br \/>\nf) publica\u00e7\u00e3o de artigos cient\u00edficos em revistas cient\u00edficas indexadas; 63g)<br \/>\npublica\u00e7\u00e3o de resumos cient\u00edficos em anais de eventos locais, nacionais ou<br \/>\ninternacionais;<br \/>\nh) participa\u00e7\u00e3o em palestras, confer\u00eancias, semanas acad\u00eamicas, semin\u00e1rios,<br \/>\nsimp\u00f3sios, congressos, feiras na \u00e1rea do curso ou afins, realizados na UENF<br \/>\nou em outras IES;<br \/>\ni) participa\u00e7\u00e3o em cursos de extens\u00e3o e atualiza\u00e7\u00e3o, na \u00e1rea de forma\u00e7\u00e3o; j)<br \/>\norganiza\u00e7\u00e3o de eventos locais ou nacionais;<br \/>\nk) participa\u00e7\u00e3o na organiza\u00e7\u00e3o de campanhas ou programas de a\u00e7\u00e3o social,<br \/>\npromovidas por \u00f3rg\u00e3os governamentais e n\u00e3o governamentais;<\/p>\n<p>l) participa\u00e7\u00e3o em empresa j\u00fanior;<br \/>\nm) representa\u00e7\u00e3o estudantil nos Colegiados da UENF;<br \/>\nn) est\u00e1gio n\u00e3o-obrigat\u00f3rio quando a carga hor\u00e1ria n\u00e3o tiver sido aproveitada<br \/>\ncomo est\u00e1gio obrigat\u00f3rio;<br \/>\no) disciplinas eletivas cursadas com aprova\u00e7\u00e3o durante a vig\u00eancia da matr\u00edcula<br \/>\ndo discente, desde que n\u00e3o tenham sido aproveitadas, e<br \/>\np) atividades que n\u00e3o estiverem contempladas nos itens anteriores poder\u00e3o ser<br \/>\ntamb\u00e9m avaliadas pelo Colegiado de Curso de acordo com crit\u00e9rios<br \/>\nestabelecidos no PPC.<br \/>\nArt. 166 A coordena\u00e7\u00e3o de AAC ser\u00e1 de responsabilidade do Coordenador de<br \/>\nCurso ou de um membro do Colegiado de Curso.<\/p>\n<p>&nbsp;<\/p>\n<p>AGRONOMIA<\/p>\n<p>Atividades Acad\u00eamicas Complementares- m\u00ednimo 68 h.<br \/>\nCoordenadora: Prof. Gabriel Ramatis Pugliese Andrade<\/p>\n","protected":false},"excerpt":{"rendered":"<p>Normas da Gradua\u00e7\u00e3o 2019 &#8211; Cap. XI Art. 164 As Atividades Acad\u00eamicas Complementares (AAC) ter\u00e3o como objetivo o aproveitamento de&#8230;<\/p>\n","protected":false},"author":10,"featured_media":0,"parent":23,"menu_order":0,"comment_status":"closed","ping_status":"closed","template":"","meta":{"footnotes":""},"class_list":["post-491","page","type-page","status-publish","hentry"],"_links":{"self":[{"href":"https:\/\/uenf.br\/graduacao\/agronomia\/wp-json\/wp\/v2\/pages\/491","targetHints":{"allow":["GET"]}}],"collection":[{"href":"https:\/\/uenf.br\/graduacao\/agronomia\/wp-json\/wp\/v2\/pages"}],"about":[{"href":"https:\/\/uenf.br\/graduacao\/agronomia\/wp-json\/wp\/v2\/types\/page"}],"author":[{"embeddable":true,"href":"https:\/\/uenf.br\/graduacao\/agronomia\/wp-json\/wp\/v2\/users\/10"}],"replies":[{"embeddable":true,"href":"https:\/\/uenf.br\/graduacao\/agronomia\/wp-json\/wp\/v2\/comments?post=491"}],"version-history":[{"count":0,"href":"https:\/\/uenf.br\/graduacao\/agronomia\/wp-json\/wp\/v2\/pages\/491\/revisions"}],"up":[{"embeddable":true,"href":"https:\/\/uenf.br\/graduacao\/agronomia\/wp-json\/wp\/v2\/pages\/23"}],"wp:attachment":[{"href":"https:\/\/uenf.br\/graduacao\/agronomia\/wp-json\/wp\/v2\/media?parent=491"}],"curies":[{"name":"wp","href":"https:\/\/api.w.org\/{rel}","templated":true}]}}