{"id":523,"date":"2024-09-26T09:58:15","date_gmt":"2024-09-26T12:58:15","guid":{"rendered":"https:\/\/uenf.br\/graduacao\/agronomia\/?page_id=523"},"modified":"2024-09-26T10:09:33","modified_gmt":"2024-09-26T13:09:33","slug":"horarios-e-calendarios","status":"publish","type":"page","link":"https:\/\/uenf.br\/graduacao\/agronomia\/informacoes\/horarios-e-calendarios\/","title":{"rendered":"Hor\u00e1rios e calend\u00e1rios"},"content":{"rendered":"<p>Para acessar os hor\u00e1rios das disciplinas, clique aqui<\/p>\n<p>Para acessar o calend\u00e1rio acad\u00eamico, <a href=\"https:\/\/drive.google.com\/file\/d\/10QKzHGONIvDIuaV-ptDQDaexvLvsiZpJ\/view?usp=sharing\">clique aqui.<\/a><\/p>\n<p>&nbsp;<\/p>\n","protected":false},"excerpt":{"rendered":"<p>Para acessar os hor\u00e1rios das disciplinas, clique aqui Para acessar o calend\u00e1rio acad\u00eamico, clique aqui. &nbsp;<\/p>\n","protected":false},"author":10,"featured_media":0,"parent":23,"menu_order":0,"comment_status":"closed","ping_status":"closed","template":"","meta":{"footnotes":""},"class_list":["post-523","page","type-page","status-publish","hentry"],"_links":{"self":[{"href":"https:\/\/uenf.br\/graduacao\/agronomia\/wp-json\/wp\/v2\/pages\/523","targetHints":{"allow":["GET"]}}],"collection":[{"href":"https:\/\/uenf.br\/graduacao\/agronomia\/wp-json\/wp\/v2\/pages"}],"about":[{"href":"https:\/\/uenf.br\/graduacao\/agronomia\/wp-json\/wp\/v2\/types\/page"}],"author":[{"embeddable":true,"href":"https:\/\/uenf.br\/graduacao\/agronomia\/wp-json\/wp\/v2\/users\/10"}],"replies":[{"embeddable":true,"href":"https:\/\/uenf.br\/graduacao\/agronomia\/wp-json\/wp\/v2\/comments?post=523"}],"version-history":[{"count":0,"href":"https:\/\/uenf.br\/graduacao\/agronomia\/wp-json\/wp\/v2\/pages\/523\/revisions"}],"up":[{"embeddable":true,"href":"https:\/\/uenf.br\/graduacao\/agronomia\/wp-json\/wp\/v2\/pages\/23"}],"wp:attachment":[{"href":"https:\/\/uenf.br\/graduacao\/agronomia\/wp-json\/wp\/v2\/media?parent=523"}],"curies":[{"name":"wp","href":"https:\/\/api.w.org\/{rel}","templated":true}]}}