{"id":551,"date":"2025-06-26T10:52:15","date_gmt":"2025-06-26T13:52:15","guid":{"rendered":"https:\/\/uenf.br\/graduacao\/agronomia\/?page_id=551"},"modified":"2025-06-26T14:30:39","modified_gmt":"2025-06-26T17:30:39","slug":"camisetas-do-curso-de-graduacao-em-agronomia","status":"publish","type":"page","link":"https:\/\/uenf.br\/graduacao\/agronomia\/camisetas-do-curso-de-graduacao-em-agronomia\/","title":{"rendered":"Camisetas do Curso de Gradua\u00e7\u00e3o em Agronomia &#8211; UENF"},"content":{"rendered":"<p>&nbsp;<\/p>\n<p><img loading=\"lazy\" decoding=\"async\" class=\"size-medium wp-image-558 alignleft\" src=\"https:\/\/uenf.br\/graduacao\/agronomia\/wp-content\/uploads\/sites\/5\/2025\/06\/IMG-20250505-WA0022-300x251.jpg\" alt=\"\" width=\"300\" height=\"251\" srcset=\"https:\/\/uenf.br\/graduacao\/agronomia\/wp-content\/uploads\/sites\/5\/2025\/06\/IMG-20250505-WA0022-300x251.jpg 300w, https:\/\/uenf.br\/graduacao\/agronomia\/wp-content\/uploads\/sites\/5\/2025\/06\/IMG-20250505-WA0022-768x644.jpg 768w, https:\/\/uenf.br\/graduacao\/agronomia\/wp-content\/uploads\/sites\/5\/2025\/06\/IMG-20250505-WA0022.jpg 940w\" sizes=\"auto, (max-width: 300px) 100vw, 300px\" \/><\/p>\n<p>&nbsp;<\/p>\n<p>&nbsp;<\/p>\n<p>&nbsp;<\/p>\n<p>Camisa polo em malha <em>piquet<\/em> .<\/p>\n<p>&nbsp;<\/p>\n<p>&nbsp;<\/p>\n<p>&nbsp;<\/p>\n<p>O modelo \u00e9 como est\u00e1 nas imagens. A encomenda atual \u00e9 para camisas na cor azul royal com os mesmos bordados. &#8211; peito , manga e costas.<\/p>\n<p><img loading=\"lazy\" decoding=\"async\" class=\"size-medium wp-image-554 aligncenter\" src=\"https:\/\/uenf.br\/graduacao\/agronomia\/wp-content\/uploads\/sites\/5\/2025\/06\/Female-Polo-Shirt-Mockup-2-300x200.jpg\" alt=\"\" width=\"300\" height=\"200\" srcset=\"https:\/\/uenf.br\/graduacao\/agronomia\/wp-content\/uploads\/sites\/5\/2025\/06\/Female-Polo-Shirt-Mockup-2-300x200.jpg 300w, https:\/\/uenf.br\/graduacao\/agronomia\/wp-content\/uploads\/sites\/5\/2025\/06\/Female-Polo-Shirt-Mockup-2-1024x683.jpg 1024w, https:\/\/uenf.br\/graduacao\/agronomia\/wp-content\/uploads\/sites\/5\/2025\/06\/Female-Polo-Shirt-Mockup-2-768x512.jpg 768w, https:\/\/uenf.br\/graduacao\/agronomia\/wp-content\/uploads\/sites\/5\/2025\/06\/Female-Polo-Shirt-Mockup-2-1536x1024.jpg 1536w, https:\/\/uenf.br\/graduacao\/agronomia\/wp-content\/uploads\/sites\/5\/2025\/06\/Female-Polo-Shirt-Mockup-2-2048x1365.jpg 2048w\" sizes=\"auto, (max-width: 300px) 100vw, 300px\" \/><\/p>\n<p><img loading=\"lazy\" decoding=\"async\" class=\"size-medium wp-image-553 aligncenter\" src=\"https:\/\/uenf.br\/graduacao\/agronomia\/wp-content\/uploads\/sites\/5\/2025\/06\/Polo-Shirt-Mockup-1-300x200.jpg\" alt=\"\" width=\"300\" height=\"200\" srcset=\"https:\/\/uenf.br\/graduacao\/agronomia\/wp-content\/uploads\/sites\/5\/2025\/06\/Polo-Shirt-Mockup-1-300x200.jpg 300w, https:\/\/uenf.br\/graduacao\/agronomia\/wp-content\/uploads\/sites\/5\/2025\/06\/Polo-Shirt-Mockup-1-1024x683.jpg 1024w, https:\/\/uenf.br\/graduacao\/agronomia\/wp-content\/uploads\/sites\/5\/2025\/06\/Polo-Shirt-Mockup-1-768x512.jpg 768w, https:\/\/uenf.br\/graduacao\/agronomia\/wp-content\/uploads\/sites\/5\/2025\/06\/Polo-Shirt-Mockup-1-1536x1024.jpg 1536w, https:\/\/uenf.br\/graduacao\/agronomia\/wp-content\/uploads\/sites\/5\/2025\/06\/Polo-Shirt-Mockup-1-2048x1365.jpg 2048w\" sizes=\"auto, (max-width: 300px) 100vw, 300px\" \/><\/p>\n<p>&nbsp;<\/p>\n<p>&nbsp;<\/p>\n<p>&nbsp;<\/p>\n<p>&nbsp;<\/p>\n","protected":false},"excerpt":{"rendered":"<p>&nbsp; &nbsp; &nbsp; &nbsp; Camisa polo em malha piquet . &nbsp; &nbsp; &nbsp; O modelo \u00e9 como est\u00e1 nas imagens&#8230;.<\/p>\n","protected":false},"author":34,"featured_media":0,"parent":0,"menu_order":8,"comment_status":"closed","ping_status":"closed","template":"","meta":{"footnotes":""},"class_list":["post-551","page","type-page","status-publish","hentry"],"_links":{"self":[{"href":"https:\/\/uenf.br\/graduacao\/agronomia\/wp-json\/wp\/v2\/pages\/551","targetHints":{"allow":["GET"]}}],"collection":[{"href":"https:\/\/uenf.br\/graduacao\/agronomia\/wp-json\/wp\/v2\/pages"}],"about":[{"href":"https:\/\/uenf.br\/graduacao\/agronomia\/wp-json\/wp\/v2\/types\/page"}],"author":[{"embeddable":true,"href":"https:\/\/uenf.br\/graduacao\/agronomia\/wp-json\/wp\/v2\/users\/34"}],"replies":[{"embeddable":true,"href":"https:\/\/uenf.br\/graduacao\/agronomia\/wp-json\/wp\/v2\/comments?post=551"}],"version-history":[{"count":0,"href":"https:\/\/uenf.br\/graduacao\/agronomia\/wp-json\/wp\/v2\/pages\/551\/revisions"}],"wp:attachment":[{"href":"https:\/\/uenf.br\/graduacao\/agronomia\/wp-json\/wp\/v2\/media?parent=551"}],"curies":[{"name":"wp","href":"https:\/\/api.w.org\/{rel}","templated":true}]}}